{"id":606057,"date":"2025-10-24T13:45:10","date_gmt":"2025-10-24T11:45:10","guid":{"rendered":"https:\/\/selleetools.com\/?post_type=product&#038;p=606057"},"modified":"2025-11-03T17:07:42","modified_gmt":"2025-11-03T16:07:42","slug":"beauty-of-joseon-ground-rice-and-honey-glow-mask-150-ml-luksusowa-maska-do-twarzy","status":"publish","type":"product","link":"https:\/\/selleetools.com\/pl\/product\/beauty-of-joseon-ground-rice-and-honey-glow-mask-150-ml-luksusowa-maska-do-twarzy\/","title":{"rendered":"Beauty of Joseon Ground Rice and Honey Glow Mask, 150 ml &#8211; Luksusowa maska do twarzy"},"content":{"rendered":"<p>Luksusowa maska do twarzy, kt\u00f3ra \u0142\u0105czy w sobie naturalne sk\u0142adniki, takie jak mielony ry\u017c i mi\u00f3d, aby zapewni\u0107 sk\u00f3rze intensywne nawil\u017cenie, od\u017cywienie oraz naturalny blask.<br \/>\nMaska oferuje kompleksow\u0105 piel\u0119gnacj\u0119 sk\u00f3ry dzi\u0119ki w\u0142a\u015bciwo\u015bciom mielonego ry\u017cu i miodu. Ry\u017c, znany z w\u0142a\u015bciwo\u015bci z\u0142uszczaj\u0105cych i nawil\u017caj\u0105cych, pomaga w delikatnym usuwaniu martwych kom\u00f3rek nask\u00f3rka, co przyczynia si\u0119 do wyg\u0142adzenia i rozja\u015bnienia sk\u00f3ry. Mi\u00f3d dzia\u0142a jako intensywny nawil\u017cacz, kt\u00f3ry zmi\u0119kcza sk\u00f3r\u0119, a tak\u017ce ma w\u0142a\u015bciwo\u015bci antybakteryjne i przeciwzapalne, wspomagaj\u0105c zdrowie sk\u00f3ry.<\/p>\n<p>Korzy\u015bci dla sk\u00f3ry:<br \/>\nNawil\u017cenie: Mi\u00f3d intensywnie nawil\u017ca sk\u00f3r\u0119, utrzymuj\u0105c jej optymalny poziom wilgoci i zapobiegaj\u0105c przesuszeniu.<br \/>\nRoz\u015bwietlenie: Maska pomaga rozja\u015bni\u0107 sk\u00f3r\u0119, nadaj\u0105c jej naturalny blask i promienno\u015b\u0107 dzi\u0119ki w\u0142a\u015bciwo\u015bciom mielonego ry\u017cu.<br \/>\nWyg\u0142adzenie: Dzi\u0119ki z\u0142uszczaj\u0105cym w\u0142a\u015bciwo\u015bciom ry\u017cu, maska poprawia tekstur\u0119 sk\u00f3ry, redukuj\u0105c widoczno\u015b\u0107 drobnych linii i nier\u00f3wno\u015bci.<br \/>\nOd\u017cywienie: Naturalne sk\u0142adniki od\u017cywiaj\u0105 sk\u00f3r\u0119, przywracaj\u0105c jej zdrowy i \u015bwie\u017cy wygl\u0105d.<\/p>\n<p>Spos\u00f3b u\u017cycia: Upewnij si\u0119, \u017ce sk\u00f3ra twarzy jest czysta i sucha przed na\u0142o\u017ceniem maski.  Na\u0142\u00f3\u017c r\u00f3wnomiern\u0105 warstw\u0119 maski na twarz, omijaj\u0105c okolice oczu. Pozostaw mask\u0119 na sk\u00f3rze przez 10-15 minut, aby sk\u0142adniki mog\u0142y wnikn\u0105\u0107 i zadzia\u0142a\u0107. Po up\u0142ywie zalecanego czasu, sp\u0142ucz mask\u0119 letni\u0105 wod\u0105, delikatnie masuj\u0105c sk\u00f3r\u0119 okr\u0119\u017cnymi ruchami, aby wspom\u00f3c z\u0142uszczanie. Delikatnie osuchaj sk\u00f3r\u0119 r\u0119cznikiem.<\/p>\n","protected":false},"excerpt":{"rendered":"<p>Luksusowa maska do twarzy, kt\u00f3ra \u0142\u0105czy w sobie naturalne sk\u0142adniki, takie jak mielony ry\u017c i mi\u00f3d, aby zapewni\u0107 sk\u00f3rze intensywne nawil\u017cenie, od\u017cywienie oraz naturalny blask. Maska oferuje kompleksow\u0105 piel\u0119gnacj\u0119 sk\u00f3ry dzi\u0119ki w\u0142a\u015bciwo\u015bciom mielonego ry\u017cu i miodu. Ry\u017c, znany z w\u0142a\u015bciwo\u015bci z\u0142uszczaj\u0105cych i nawil\u017caj\u0105cych, pomaga w delikatnym usuwaniu martwych kom\u00f3rek nask\u00f3rka, co przyczynia si\u0119 do wyg\u0142adzenia &#8230; <a title=\"Beauty of Joseon Ground Rice and Honey Glow Mask, 150 ml &#8211; Luksusowa maska do twarzy\" class=\"read-more\" href=\"https:\/\/selleetools.com\/pl\/product\/beauty-of-joseon-ground-rice-and-honey-glow-mask-150-ml-luksusowa-maska-do-twarzy\/\">Read more<span class=\"screen-reader-text\">Beauty of Joseon Ground Rice and Honey Glow Mask, 150 ml &#8211; Luksusowa maska do twarzy<\/span><\/a><\/p>\n","protected":false},"featured_media":606055,"comment_status":"open","ping_status":"closed","template":"","meta":{"_links_to":"","_links_to_target":""},"yoast_head":"<!-- This site is optimized with the Yoast SEO plugin v19.4 - https:\/\/yoast.com\/wordpress\/plugins\/seo\/ -->\n<title>Beauty of Joseon Ground Rice and Honey Glow Mask, 150 ml - Luksusowa maska do twarzy - Selleetools.com<\/title>\n<meta name=\"robots\" content=\"index, follow, max-snippet:-1, max-image-preview:large, max-video-preview:-1\" \/>\n<link rel=\"canonical\" href=\"https:\/\/admincentral.selleetools.com\/pl\/product\/beauty-of-joseon-ground-rice-and-honey-glow-mask-150-ml-luksusowa-maska-do-twarzy\/\" \/>\n<meta property=\"og:locale\" content=\"pl_PL\" \/>\n<meta property=\"og:type\" content=\"article\" \/>\n<meta property=\"og:title\" content=\"Beauty of Joseon Ground Rice and Honey Glow Mask, 150 ml - Luksusowa maska do twarzy - Selleetools.com\" \/>\n<meta property=\"og:description\" content=\"Luksusowa maska do twarzy, kt\u00f3ra \u0142\u0105czy w sobie naturalne sk\u0142adniki, takie jak mielony ry\u017c i mi\u00f3d, aby zapewni\u0107 sk\u00f3rze intensywne nawil\u017cenie, od\u017cywienie oraz naturalny blask. Maska oferuje kompleksow\u0105 piel\u0119gnacj\u0119 sk\u00f3ry dzi\u0119ki w\u0142a\u015bciwo\u015bciom mielonego ry\u017cu i miodu. Ry\u017c, znany z w\u0142a\u015bciwo\u015bci z\u0142uszczaj\u0105cych i nawil\u017caj\u0105cych, pomaga w delikatnym usuwaniu martwych kom\u00f3rek nask\u00f3rka, co przyczynia si\u0119 do wyg\u0142adzenia ... Read moreBeauty of Joseon Ground Rice and Honey Glow Mask, 150 ml &#8211; Luksusowa maska do twarzy\" \/>\n<meta property=\"og:url\" content=\"https:\/\/admincentral.selleetools.com\/pl\/product\/beauty-of-joseon-ground-rice-and-honey-glow-mask-150-ml-luksusowa-maska-do-twarzy\/\" \/>\n<meta property=\"og:site_name\" content=\"Selleetools.com\" \/>\n<meta property=\"article:modified_time\" content=\"2025-11-03T16:07:42+00:00\" \/>\n<meta property=\"og:image\" content=\"https:\/\/selleetools.com\/wp-content\/uploads\/2025\/10\/1.jpg\" \/>\n\t<meta property=\"og:image:width\" content=\"1200\" \/>\n\t<meta property=\"og:image:height\" content=\"1200\" \/>\n\t<meta property=\"og:image:type\" content=\"image\/jpeg\" \/>\n<meta name=\"twitter:card\" content=\"summary_large_image\" \/>\n<meta name=\"twitter:label1\" content=\"Est. reading time\" \/>\n\t<meta name=\"twitter:data1\" content=\"1 minuta\" \/>\n<!-- \/ Yoast SEO plugin. -->","yoast_head_json":{"title":"Beauty of Joseon Ground Rice and Honey Glow Mask, 150 ml - Luksusowa maska do twarzy - Selleetools.com","robots":{"index":"index","follow":"follow","max-snippet":"max-snippet:-1","max-image-preview":"max-image-preview:large","max-video-preview":"max-video-preview:-1"},"canonical":"https:\/\/admincentral.selleetools.com\/pl\/product\/beauty-of-joseon-ground-rice-and-honey-glow-mask-150-ml-luksusowa-maska-do-twarzy\/","og_locale":"pl_PL","og_type":"article","og_title":"Beauty of Joseon Ground Rice and Honey Glow Mask, 150 ml - Luksusowa maska do twarzy - Selleetools.com","og_description":"Luksusowa maska do twarzy, kt\u00f3ra \u0142\u0105czy w sobie naturalne sk\u0142adniki, takie jak mielony ry\u017c i mi\u00f3d, aby zapewni\u0107 sk\u00f3rze intensywne nawil\u017cenie, od\u017cywienie oraz naturalny blask. Maska oferuje kompleksow\u0105 piel\u0119gnacj\u0119 sk\u00f3ry dzi\u0119ki w\u0142a\u015bciwo\u015bciom mielonego ry\u017cu i miodu. Ry\u017c, znany z w\u0142a\u015bciwo\u015bci z\u0142uszczaj\u0105cych i nawil\u017caj\u0105cych, pomaga w delikatnym usuwaniu martwych kom\u00f3rek nask\u00f3rka, co przyczynia si\u0119 do wyg\u0142adzenia ... Read moreBeauty of Joseon Ground Rice and Honey Glow Mask, 150 ml &#8211; Luksusowa maska do twarzy","og_url":"https:\/\/admincentral.selleetools.com\/pl\/product\/beauty-of-joseon-ground-rice-and-honey-glow-mask-150-ml-luksusowa-maska-do-twarzy\/","og_site_name":"Selleetools.com","article_modified_time":"2025-11-03T16:07:42+00:00","og_image":[{"width":1200,"height":1200,"url":"https:\/\/selleetools.com\/wp-content\/uploads\/2025\/10\/1.jpg","type":"image\/jpeg"}],"twitter_card":"summary_large_image","twitter_misc":{"Est. reading time":"1 minuta"},"schema":{"@context":"https:\/\/schema.org","@graph":[{"@type":"Organization","@id":"https:\/\/selleetools.com\/#organization","name":"Selleetools","url":"https:\/\/selleetools.com\/","sameAs":[],"logo":{"@type":"ImageObject","inLanguage":"pl-PL","@id":"https:\/\/selleetools.com\/#\/schema\/logo\/image\/","url":"https:\/\/selleetools.com\/wp-content\/uploads\/2021\/10\/logo-dark.png","contentUrl":"https:\/\/selleetools.com\/wp-content\/uploads\/2021\/10\/logo-dark.png","width":320,"height":76,"caption":"Selleetools"},"image":{"@id":"https:\/\/selleetools.com\/#\/schema\/logo\/image\/"}},{"@type":"WebSite","@id":"https:\/\/selleetools.com\/#website","url":"https:\/\/selleetools.com\/","name":"Selleetools.com","description":"","publisher":{"@id":"https:\/\/selleetools.com\/#organization"},"potentialAction":[{"@type":"SearchAction","target":{"@type":"EntryPoint","urlTemplate":"https:\/\/selleetools.com\/?s={search_term_string}"},"query-input":"required name=search_term_string"}],"inLanguage":"pl-PL"},{"@type":"WebPage","@id":"https:\/\/admincentral.selleetools.com\/pl\/product\/beauty-of-joseon-ground-rice-and-honey-glow-mask-150-ml-luksusowa-maska-do-twarzy\/","url":"https:\/\/admincentral.selleetools.com\/pl\/product\/beauty-of-joseon-ground-rice-and-honey-glow-mask-150-ml-luksusowa-maska-do-twarzy\/","name":"Beauty of Joseon Ground Rice and Honey Glow Mask, 150 ml - Luksusowa maska do twarzy - Selleetools.com","isPartOf":{"@id":"https:\/\/selleetools.com\/#website"},"datePublished":"2025-10-24T11:45:10+00:00","dateModified":"2025-11-03T16:07:42+00:00","breadcrumb":{"@id":"https:\/\/admincentral.selleetools.com\/pl\/product\/beauty-of-joseon-ground-rice-and-honey-glow-mask-150-ml-luksusowa-maska-do-twarzy\/#breadcrumb"},"inLanguage":"pl-PL","potentialAction":[{"@type":"ReadAction","target":["https:\/\/admincentral.selleetools.com\/pl\/product\/beauty-of-joseon-ground-rice-and-honey-glow-mask-150-ml-luksusowa-maska-do-twarzy\/"]}]},{"@type":"BreadcrumbList","@id":"https:\/\/admincentral.selleetools.com\/pl\/product\/beauty-of-joseon-ground-rice-and-honey-glow-mask-150-ml-luksusowa-maska-do-twarzy\/#breadcrumb","itemListElement":[{"@type":"ListItem","position":1,"name":"Home","item":"https:\/\/selleetools.com\/pl\/"},{"@type":"ListItem","position":2,"name":"Katalog","item":"https:\/\/selleetools.com\/pl\/katalog\/"},{"@type":"ListItem","position":3,"name":"Beauty of Joseon Ground Rice and Honey Glow Mask, 150 ml &#8211; Luksusowa maska do twarzy"}]}]}},"_links":{"self":[{"href":"https:\/\/selleetools.com\/pl\/wp-json\/wp\/v2\/product\/606057"}],"collection":[{"href":"https:\/\/selleetools.com\/pl\/wp-json\/wp\/v2\/product"}],"about":[{"href":"https:\/\/selleetools.com\/pl\/wp-json\/wp\/v2\/types\/product"}],"replies":[{"embeddable":true,"href":"https:\/\/selleetools.com\/pl\/wp-json\/wp\/v2\/comments?post=606057"}],"wp:featuredmedia":[{"embeddable":true,"href":"https:\/\/selleetools.com\/pl\/wp-json\/wp\/v2\/media\/606055"}],"wp:attachment":[{"href":"https:\/\/selleetools.com\/pl\/wp-json\/wp\/v2\/media?parent=606057"}],"curies":[{"name":"wp","href":"https:\/\/api.w.org\/{rel}","templated":true}]}}