{"id":606054,"date":"2025-10-24T13:45:08","date_gmt":"2025-10-24T11:45:08","guid":{"rendered":"https:\/\/selleetools.com\/?post_type=product&#038;p=606054"},"modified":"2025-11-04T20:54:41","modified_gmt":"2025-11-04T19:54:41","slug":"vt-cosmetics-reedle-shot-vita-light-brightening-mask-20-sztuk-rozjasniajace-maski-w-plachcie-z-witamina-c","status":"publish","type":"product","link":"https:\/\/selleetools.com\/pl\/product\/vt-cosmetics-reedle-shot-vita-light-brightening-mask-20-sztuk-rozjasniajace-maski-w-plachcie-z-witamina-c\/","title":{"rendered":"VT Cosmetics Reedle shot Vita-light brightening mask 20 sztuk &#8211; rozja\u015bniaj\u0105ce maski w p\u0142achcie z witamin\u0105 C"},"content":{"rendered":"<p><b>VT Cosmetics Reedle Shot Vita-Light Brightening Mask, 20szt.<\/b> to rozja\u015bniaj\u0105ca maseczka w p\u0142achcie, kt\u00f3ra w innowacyjny spos\u00f3b \u0142\u0105czy dzia\u0142anie mikroskopijnych igie\u0142ek (reedle) z intensywnie rozja\u015bniaj\u0105cymi sk\u0142adnikami. Ka\u017cda maseczka jest nas\u0105czona esencj\u0105 bogat\u0105 w witamin\u0119 C i inne aktywne sk\u0142adniki, kt\u00f3re wspieraj\u0105 rozja\u015bnianie przebarwie\u0144, poprawiaj\u0105 koloryt sk\u00f3ry i przywracaj\u0105 jej zdrowy blask. Maseczka dzia\u0142a na sk\u00f3r\u0119 w spos\u00f3b delikatny, a jednocze\u015bnie skuteczny, pomagaj\u0105c uzyska\u0107 jasn\u0105, promienn\u0105 cer\u0119.<\/p>\n<p><strong>Korzy\u015bci dla sk\u00f3ry:<\/strong><\/p>\n<ul>\n<li><strong>Rozja\u015bnienie cery:<\/strong> Zawarto\u015b\u0107 witaminy C i innych sk\u0142adnik\u00f3w rozja\u015bniaj\u0105cych pomaga zredukowa\u0107 przebarwienia i poprawia og\u00f3lny koloryt sk\u00f3ry.<\/li>\n<li><strong>G\u0142adka tekstura:<\/strong> Mikroskopijne igie\u0142ki delikatnie stymuluj\u0105 sk\u00f3r\u0119, pomagaj\u0105c w lepszym przenikaniu sk\u0142adnik\u00f3w od\u017cywczych.<\/li>\n<li><strong>Intensywne nawil\u017cenie:<\/strong> Maska nawil\u017ca sk\u00f3r\u0119, sprawiaj\u0105c, \u017ce jest mi\u0119kka i g\u0142adka.<\/li>\n<li><strong>Przywr\u00f3cenie blasku:<\/strong> Sk\u00f3ra staje si\u0119 bardziej promienna, zdrowo wygl\u0105daj\u0105ca i pe\u0142na energii.<\/li>\n<li><strong>Wygodna aplikacja:<\/strong> Opakowanie zawiera 30 maseczek, idealnych do regularnego stosowania, aby systematycznie poprawia\u0107 wygl\u0105d cery.<\/li>\n<\/ul>\n<p><strong>Spos\u00f3b u\u017cycia:<\/strong><\/p>\n<ol>\n<li>Po oczyszczeniu twarzy, delikatnie wyjmij maseczk\u0119 z opakowania.<\/li>\n<li>Na\u0142\u00f3\u017c maseczk\u0119 na twarz, dostosowuj\u0105c j\u0105 do kontur\u00f3w i upewniaj\u0105c si\u0119, \u017ce dobrze przylega.<\/li>\n<li>Pozostaw na 15-20 minut, aby sk\u0142adniki aktywne mog\u0142y wch\u0142on\u0105\u0107 si\u0119 w sk\u00f3r\u0119.<\/li>\n<li>Po up\u0142ywie czasu zdejmij maseczk\u0119 i delikatnie wmasuj pozosta\u0142\u0105 esencj\u0119 w sk\u00f3r\u0119.<\/li>\n<li>Dla najlepszych efekt\u00f3w stosuj maseczk\u0119 regularnie, najlepiej 2-3 razy w tygodniu lub codziennie, aby uzyska\u0107 rozja\u015bnion\u0105 i promienn\u0105 cer\u0119.<\/li>\n<\/ol>\n","protected":false},"excerpt":{"rendered":"<p>VT Cosmetics Reedle Shot Vita-Light Brightening Mask, 20szt. to rozja\u015bniaj\u0105ca maseczka w p\u0142achcie, kt\u00f3ra w innowacyjny spos\u00f3b \u0142\u0105czy dzia\u0142anie mikroskopijnych igie\u0142ek (reedle) z intensywnie rozja\u015bniaj\u0105cymi sk\u0142adnikami. Ka\u017cda maseczka jest nas\u0105czona esencj\u0105 bogat\u0105 w witamin\u0119 C i inne aktywne sk\u0142adniki, kt\u00f3re wspieraj\u0105 rozja\u015bnianie przebarwie\u0144, poprawiaj\u0105 koloryt sk\u00f3ry i przywracaj\u0105 jej zdrowy blask. Maseczka dzia\u0142a na sk\u00f3r\u0119 &#8230; <a title=\"VT Cosmetics Reedle shot Vita-light brightening mask 20 sztuk &#8211; rozja\u015bniaj\u0105ce maski w p\u0142achcie z witamin\u0105 C\" class=\"read-more\" href=\"https:\/\/selleetools.com\/pl\/product\/vt-cosmetics-reedle-shot-vita-light-brightening-mask-20-sztuk-rozjasniajace-maski-w-plachcie-z-witamina-c\/\">Read more<span class=\"screen-reader-text\">VT Cosmetics Reedle shot Vita-light brightening mask 20 sztuk &#8211; rozja\u015bniaj\u0105ce maski w p\u0142achcie z witamin\u0105 C<\/span><\/a><\/p>\n","protected":false},"featured_media":606052,"comment_status":"open","ping_status":"closed","template":"","meta":{"_links_to":"","_links_to_target":""},"yoast_head":"<!-- This site is optimized with the Yoast SEO plugin v19.4 - https:\/\/yoast.com\/wordpress\/plugins\/seo\/ -->\n<title>VT Cosmetics Reedle shot Vita-light brightening mask 20 sztuk - rozja\u015bniaj\u0105ce maski w p\u0142achcie z witamin\u0105 C - Selleetools.com<\/title>\n<meta name=\"robots\" content=\"index, follow, max-snippet:-1, max-image-preview:large, max-video-preview:-1\" \/>\n<link rel=\"canonical\" href=\"https:\/\/admincentral.selleetools.com\/pl\/product\/vt-cosmetics-reedle-shot-vita-light-brightening-mask-20-sztuk-rozjasniajace-maski-w-plachcie-z-witamina-c\/\" \/>\n<meta property=\"og:locale\" content=\"pl_PL\" \/>\n<meta property=\"og:type\" content=\"article\" \/>\n<meta property=\"og:title\" content=\"VT Cosmetics Reedle shot Vita-light brightening mask 20 sztuk - rozja\u015bniaj\u0105ce maski w p\u0142achcie z witamin\u0105 C - Selleetools.com\" \/>\n<meta property=\"og:description\" content=\"VT Cosmetics Reedle Shot Vita-Light Brightening Mask, 20szt. to rozja\u015bniaj\u0105ca maseczka w p\u0142achcie, kt\u00f3ra w innowacyjny spos\u00f3b \u0142\u0105czy dzia\u0142anie mikroskopijnych igie\u0142ek (reedle) z intensywnie rozja\u015bniaj\u0105cymi sk\u0142adnikami. Ka\u017cda maseczka jest nas\u0105czona esencj\u0105 bogat\u0105 w witamin\u0119 C i inne aktywne sk\u0142adniki, kt\u00f3re wspieraj\u0105 rozja\u015bnianie przebarwie\u0144, poprawiaj\u0105 koloryt sk\u00f3ry i przywracaj\u0105 jej zdrowy blask. Maseczka dzia\u0142a na sk\u00f3r\u0119 ... Read moreVT Cosmetics Reedle shot Vita-light brightening mask 20 sztuk &#8211; rozja\u015bniaj\u0105ce maski w p\u0142achcie z witamin\u0105 C\" \/>\n<meta property=\"og:url\" content=\"https:\/\/admincentral.selleetools.com\/pl\/product\/vt-cosmetics-reedle-shot-vita-light-brightening-mask-20-sztuk-rozjasniajace-maski-w-plachcie-z-witamina-c\/\" \/>\n<meta property=\"og:site_name\" content=\"Selleetools.com\" \/>\n<meta property=\"article:modified_time\" content=\"2025-11-04T19:54:41+00:00\" \/>\n<meta property=\"og:image\" content=\"https:\/\/selleetools.com\/wp-content\/uploads\/2025\/10\/1.jpg\" \/>\n\t<meta property=\"og:image:width\" content=\"1200\" \/>\n\t<meta property=\"og:image:height\" content=\"1200\" \/>\n\t<meta property=\"og:image:type\" content=\"image\/jpeg\" \/>\n<meta name=\"twitter:card\" content=\"summary_large_image\" \/>\n<meta name=\"twitter:label1\" content=\"Est. reading time\" \/>\n\t<meta name=\"twitter:data1\" content=\"1 minuta\" \/>\n<!-- \/ Yoast SEO plugin. -->","yoast_head_json":{"title":"VT Cosmetics Reedle shot Vita-light brightening mask 20 sztuk - rozja\u015bniaj\u0105ce maski w p\u0142achcie z witamin\u0105 C - Selleetools.com","robots":{"index":"index","follow":"follow","max-snippet":"max-snippet:-1","max-image-preview":"max-image-preview:large","max-video-preview":"max-video-preview:-1"},"canonical":"https:\/\/admincentral.selleetools.com\/pl\/product\/vt-cosmetics-reedle-shot-vita-light-brightening-mask-20-sztuk-rozjasniajace-maski-w-plachcie-z-witamina-c\/","og_locale":"pl_PL","og_type":"article","og_title":"VT Cosmetics Reedle shot Vita-light brightening mask 20 sztuk - rozja\u015bniaj\u0105ce maski w p\u0142achcie z witamin\u0105 C - Selleetools.com","og_description":"VT Cosmetics Reedle Shot Vita-Light Brightening Mask, 20szt. to rozja\u015bniaj\u0105ca maseczka w p\u0142achcie, kt\u00f3ra w innowacyjny spos\u00f3b \u0142\u0105czy dzia\u0142anie mikroskopijnych igie\u0142ek (reedle) z intensywnie rozja\u015bniaj\u0105cymi sk\u0142adnikami. Ka\u017cda maseczka jest nas\u0105czona esencj\u0105 bogat\u0105 w witamin\u0119 C i inne aktywne sk\u0142adniki, kt\u00f3re wspieraj\u0105 rozja\u015bnianie przebarwie\u0144, poprawiaj\u0105 koloryt sk\u00f3ry i przywracaj\u0105 jej zdrowy blask. Maseczka dzia\u0142a na sk\u00f3r\u0119 ... Read moreVT Cosmetics Reedle shot Vita-light brightening mask 20 sztuk &#8211; rozja\u015bniaj\u0105ce maski w p\u0142achcie z witamin\u0105 C","og_url":"https:\/\/admincentral.selleetools.com\/pl\/product\/vt-cosmetics-reedle-shot-vita-light-brightening-mask-20-sztuk-rozjasniajace-maski-w-plachcie-z-witamina-c\/","og_site_name":"Selleetools.com","article_modified_time":"2025-11-04T19:54:41+00:00","og_image":[{"width":1200,"height":1200,"url":"https:\/\/selleetools.com\/wp-content\/uploads\/2025\/10\/1.jpg","type":"image\/jpeg"}],"twitter_card":"summary_large_image","twitter_misc":{"Est. reading time":"1 minuta"},"schema":{"@context":"https:\/\/schema.org","@graph":[{"@type":"Organization","@id":"https:\/\/selleetools.com\/#organization","name":"Selleetools","url":"https:\/\/selleetools.com\/","sameAs":[],"logo":{"@type":"ImageObject","inLanguage":"pl-PL","@id":"https:\/\/selleetools.com\/#\/schema\/logo\/image\/","url":"https:\/\/selleetools.com\/wp-content\/uploads\/2021\/10\/logo-dark.png","contentUrl":"https:\/\/selleetools.com\/wp-content\/uploads\/2021\/10\/logo-dark.png","width":320,"height":76,"caption":"Selleetools"},"image":{"@id":"https:\/\/selleetools.com\/#\/schema\/logo\/image\/"}},{"@type":"WebSite","@id":"https:\/\/selleetools.com\/#website","url":"https:\/\/selleetools.com\/","name":"Selleetools.com","description":"","publisher":{"@id":"https:\/\/selleetools.com\/#organization"},"potentialAction":[{"@type":"SearchAction","target":{"@type":"EntryPoint","urlTemplate":"https:\/\/selleetools.com\/?s={search_term_string}"},"query-input":"required name=search_term_string"}],"inLanguage":"pl-PL"},{"@type":"WebPage","@id":"https:\/\/admincentral.selleetools.com\/pl\/product\/vt-cosmetics-reedle-shot-vita-light-brightening-mask-20-sztuk-rozjasniajace-maski-w-plachcie-z-witamina-c\/","url":"https:\/\/admincentral.selleetools.com\/pl\/product\/vt-cosmetics-reedle-shot-vita-light-brightening-mask-20-sztuk-rozjasniajace-maski-w-plachcie-z-witamina-c\/","name":"VT Cosmetics Reedle shot Vita-light brightening mask 20 sztuk - rozja\u015bniaj\u0105ce maski w p\u0142achcie z witamin\u0105 C - Selleetools.com","isPartOf":{"@id":"https:\/\/selleetools.com\/#website"},"datePublished":"2025-10-24T11:45:08+00:00","dateModified":"2025-11-04T19:54:41+00:00","breadcrumb":{"@id":"https:\/\/admincentral.selleetools.com\/pl\/product\/vt-cosmetics-reedle-shot-vita-light-brightening-mask-20-sztuk-rozjasniajace-maski-w-plachcie-z-witamina-c\/#breadcrumb"},"inLanguage":"pl-PL","potentialAction":[{"@type":"ReadAction","target":["https:\/\/admincentral.selleetools.com\/pl\/product\/vt-cosmetics-reedle-shot-vita-light-brightening-mask-20-sztuk-rozjasniajace-maski-w-plachcie-z-witamina-c\/"]}]},{"@type":"BreadcrumbList","@id":"https:\/\/admincentral.selleetools.com\/pl\/product\/vt-cosmetics-reedle-shot-vita-light-brightening-mask-20-sztuk-rozjasniajace-maski-w-plachcie-z-witamina-c\/#breadcrumb","itemListElement":[{"@type":"ListItem","position":1,"name":"Home","item":"https:\/\/selleetools.com\/pl\/"},{"@type":"ListItem","position":2,"name":"Katalog","item":"https:\/\/selleetools.com\/pl\/katalog\/"},{"@type":"ListItem","position":3,"name":"VT Cosmetics Reedle shot Vita-light brightening mask 20 sztuk &#8211; rozja\u015bniaj\u0105ce maski w p\u0142achcie z witamin\u0105 C"}]}]}},"_links":{"self":[{"href":"https:\/\/selleetools.com\/pl\/wp-json\/wp\/v2\/product\/606054"}],"collection":[{"href":"https:\/\/selleetools.com\/pl\/wp-json\/wp\/v2\/product"}],"about":[{"href":"https:\/\/selleetools.com\/pl\/wp-json\/wp\/v2\/types\/product"}],"replies":[{"embeddable":true,"href":"https:\/\/selleetools.com\/pl\/wp-json\/wp\/v2\/comments?post=606054"}],"wp:featuredmedia":[{"embeddable":true,"href":"https:\/\/selleetools.com\/pl\/wp-json\/wp\/v2\/media\/606052"}],"wp:attachment":[{"href":"https:\/\/selleetools.com\/pl\/wp-json\/wp\/v2\/media?parent=606054"}],"curies":[{"name":"wp","href":"https:\/\/api.w.org\/{rel}","templated":true}]}}