{"id":606027,"date":"2025-10-24T13:44:41","date_gmt":"2025-10-24T11:44:41","guid":{"rendered":"https:\/\/selleetools.com\/?post_type=product&#038;p=606027"},"modified":"2025-11-04T20:44:16","modified_gmt":"2025-11-04T19:44:16","slug":"pyunkang-yul-intensive-ceramide-lotion-290-ml-nawilzajaca-emulsja-do-ciala","status":"publish","type":"product","link":"https:\/\/selleetools.com\/pl\/product\/pyunkang-yul-intensive-ceramide-lotion-290-ml-nawilzajaca-emulsja-do-ciala\/","title":{"rendered":"Pyunkang Yul Intensive Ceramide Lotion 290 ml &#8211; Nawil\u017caj\u0105ca emulsja do cia\u0142a"},"content":{"rendered":"<p>Pyunkang Yul Intensive Ceramide Lotion to nawil\u017caj\u0105cy preparat stworzony z my\u015bl\u0105 o piel\u0119gnacji sk\u00f3ry suchej i wra\u017cliwej. Bogata w ceramidy, ta lekka emulsja wspomaga regeneracj\u0119 bariery ochronnej sk\u00f3ry, zapewniaj\u0105c jej d\u0142ugotrwa\u0142e nawil\u017cenie oraz ochron\u0119 przed dzia\u0142aniem czynnik\u00f3w zewn\u0119trznych. Formu\u0142a bez sztucznych dodatk\u00f3w i paraben\u00f3w jest odpowiednia dla ka\u017cdego rodzaju sk\u00f3ry, w tym sk\u00f3ry sk\u0142onnej do podra\u017cnie\u0144.<\/p>\n<p> Korzy\u015bci dla sk\u00f3ry:<br \/>\n Intensywne nawil\u017cenie: Ceramidy zawarte w lotionie skutecznie zatrzymuj\u0105 wilgo\u0107, co prowadzi do d\u0142ugotrwa\u0142ego nawil\u017cenia sk\u00f3ry.<br \/>\n Regeneracja bariery sk\u00f3rnej: Wspieraj\u0105 odbudow\u0119 naturalnej bariery ochronnej, co jest kluczowe dla zdrowia i wygl\u0105du sk\u00f3ry.<br \/>\n Ochrona przed podra\u017cnieniami: Formu\u0142a minimalizuj\u0105ca ryzyko reakcji alergicznych sprawia, \u017ce produkt jest idealny dla sk\u00f3ry wra\u017cliwej.<br \/>\n Wyg\u0142adzenie i uj\u0119drnienie: Regularne stosowanie przyczynia si\u0119 do poprawy elastyczno\u015bci sk\u00f3ry oraz jej wyg\u0142adzenia.<br \/>\n Bezpiecze\u0144stwo stosowania: Bez dodatk\u00f3w chemicznych, co czyni go bezpiecznym wyborem dla ka\u017cdego.<\/p>\n<p> Spos\u00f3b u\u017cycia:<br \/>\n Oczyszczenie: Zaczynaj\u0105c od oczyszczonej sk\u00f3ry, nanie\u015b odpowiedni\u0105 ilo\u015b\u0107 lotionu na d\u0142onie.<br \/>\n Aplikacja: Delikatnie wmasuj lotion w sk\u00f3r\u0119 twarzy i szyi, a\u017c do ca\u0142kowitego wch\u0142oni\u0119cia. Mo\u017cesz r\u00f3wnie\u017c na\u0142o\u017cy\u0107 go na inne suche obszary cia\u0142a.<br \/>\n Warstwowanie: W razie potrzeby, mo\u017cesz na\u0142o\u017cy\u0107 dodatkow\u0105 warstw\u0119 lotionu dla jeszcze lepszego nawil\u017cenia.<br \/>\n Codzienna piel\u0119gnacja: Stosuj rano i wieczorem jako cz\u0119\u015b\u0107 swojej codziennej rutyny piel\u0119gnacyjnej.<\/p>\n<p> Pyunkang Yul Intensive Ceramide Lotion to idealne rozwi\u0105zanie dla tych, kt\u00f3rzy pragn\u0105 zdrowej, nawil\u017conej i pi\u0119knej sk\u00f3ry.<\/p>\n","protected":false},"excerpt":{"rendered":"<p>Pyunkang Yul Intensive Ceramide Lotion to nawil\u017caj\u0105cy preparat stworzony z my\u015bl\u0105 o piel\u0119gnacji sk\u00f3ry suchej i wra\u017cliwej. Bogata w ceramidy, ta lekka emulsja wspomaga regeneracj\u0119 bariery ochronnej sk\u00f3ry, zapewniaj\u0105c jej d\u0142ugotrwa\u0142e nawil\u017cenie oraz ochron\u0119 przed dzia\u0142aniem czynnik\u00f3w zewn\u0119trznych. Formu\u0142a bez sztucznych dodatk\u00f3w i paraben\u00f3w jest odpowiednia dla ka\u017cdego rodzaju sk\u00f3ry, w tym sk\u00f3ry sk\u0142onnej do &#8230; <a title=\"Pyunkang Yul Intensive Ceramide Lotion 290 ml &#8211; Nawil\u017caj\u0105ca emulsja do cia\u0142a\" class=\"read-more\" href=\"https:\/\/selleetools.com\/pl\/product\/pyunkang-yul-intensive-ceramide-lotion-290-ml-nawilzajaca-emulsja-do-ciala\/\">Read more<span class=\"screen-reader-text\">Pyunkang Yul Intensive Ceramide Lotion 290 ml &#8211; Nawil\u017caj\u0105ca emulsja do cia\u0142a<\/span><\/a><\/p>\n","protected":false},"featured_media":606025,"comment_status":"open","ping_status":"closed","template":"","meta":{"_links_to":"","_links_to_target":""},"yoast_head":"<!-- This site is optimized with the Yoast SEO plugin v19.4 - https:\/\/yoast.com\/wordpress\/plugins\/seo\/ -->\n<title>Pyunkang Yul Intensive Ceramide Lotion 290 ml - Nawil\u017caj\u0105ca emulsja do cia\u0142a - Selleetools.com<\/title>\n<meta name=\"robots\" content=\"index, follow, max-snippet:-1, max-image-preview:large, max-video-preview:-1\" \/>\n<link rel=\"canonical\" href=\"https:\/\/admincentral.selleetools.com\/pl\/product\/pyunkang-yul-intensive-ceramide-lotion-290-ml-nawilzajaca-emulsja-do-ciala\/\" \/>\n<meta property=\"og:locale\" content=\"pl_PL\" \/>\n<meta property=\"og:type\" content=\"article\" \/>\n<meta property=\"og:title\" content=\"Pyunkang Yul Intensive Ceramide Lotion 290 ml - Nawil\u017caj\u0105ca emulsja do cia\u0142a - Selleetools.com\" \/>\n<meta property=\"og:description\" content=\"Pyunkang Yul Intensive Ceramide Lotion to nawil\u017caj\u0105cy preparat stworzony z my\u015bl\u0105 o piel\u0119gnacji sk\u00f3ry suchej i wra\u017cliwej. Bogata w ceramidy, ta lekka emulsja wspomaga regeneracj\u0119 bariery ochronnej sk\u00f3ry, zapewniaj\u0105c jej d\u0142ugotrwa\u0142e nawil\u017cenie oraz ochron\u0119 przed dzia\u0142aniem czynnik\u00f3w zewn\u0119trznych. Formu\u0142a bez sztucznych dodatk\u00f3w i paraben\u00f3w jest odpowiednia dla ka\u017cdego rodzaju sk\u00f3ry, w tym sk\u00f3ry sk\u0142onnej do ... Read morePyunkang Yul Intensive Ceramide Lotion 290 ml &#8211; Nawil\u017caj\u0105ca emulsja do cia\u0142a\" \/>\n<meta property=\"og:url\" content=\"https:\/\/admincentral.selleetools.com\/pl\/product\/pyunkang-yul-intensive-ceramide-lotion-290-ml-nawilzajaca-emulsja-do-ciala\/\" \/>\n<meta property=\"og:site_name\" content=\"Selleetools.com\" \/>\n<meta property=\"article:modified_time\" content=\"2025-11-04T19:44:16+00:00\" \/>\n<meta property=\"og:image\" content=\"https:\/\/selleetools.com\/wp-content\/uploads\/2025\/10\/c4c7386a659db6b4ce56f5940c6f3d25.jpg\" \/>\n\t<meta property=\"og:image:width\" content=\"1200\" \/>\n\t<meta property=\"og:image:height\" content=\"1200\" \/>\n\t<meta property=\"og:image:type\" content=\"image\/jpeg\" \/>\n<meta name=\"twitter:card\" content=\"summary_large_image\" \/>\n<meta name=\"twitter:label1\" content=\"Est. reading time\" \/>\n\t<meta name=\"twitter:data1\" content=\"1 minuta\" \/>\n<!-- \/ Yoast SEO plugin. -->","yoast_head_json":{"title":"Pyunkang Yul Intensive Ceramide Lotion 290 ml - Nawil\u017caj\u0105ca emulsja do cia\u0142a - Selleetools.com","robots":{"index":"index","follow":"follow","max-snippet":"max-snippet:-1","max-image-preview":"max-image-preview:large","max-video-preview":"max-video-preview:-1"},"canonical":"https:\/\/admincentral.selleetools.com\/pl\/product\/pyunkang-yul-intensive-ceramide-lotion-290-ml-nawilzajaca-emulsja-do-ciala\/","og_locale":"pl_PL","og_type":"article","og_title":"Pyunkang Yul Intensive Ceramide Lotion 290 ml - Nawil\u017caj\u0105ca emulsja do cia\u0142a - Selleetools.com","og_description":"Pyunkang Yul Intensive Ceramide Lotion to nawil\u017caj\u0105cy preparat stworzony z my\u015bl\u0105 o piel\u0119gnacji sk\u00f3ry suchej i wra\u017cliwej. Bogata w ceramidy, ta lekka emulsja wspomaga regeneracj\u0119 bariery ochronnej sk\u00f3ry, zapewniaj\u0105c jej d\u0142ugotrwa\u0142e nawil\u017cenie oraz ochron\u0119 przed dzia\u0142aniem czynnik\u00f3w zewn\u0119trznych. Formu\u0142a bez sztucznych dodatk\u00f3w i paraben\u00f3w jest odpowiednia dla ka\u017cdego rodzaju sk\u00f3ry, w tym sk\u00f3ry sk\u0142onnej do ... Read morePyunkang Yul Intensive Ceramide Lotion 290 ml &#8211; Nawil\u017caj\u0105ca emulsja do cia\u0142a","og_url":"https:\/\/admincentral.selleetools.com\/pl\/product\/pyunkang-yul-intensive-ceramide-lotion-290-ml-nawilzajaca-emulsja-do-ciala\/","og_site_name":"Selleetools.com","article_modified_time":"2025-11-04T19:44:16+00:00","og_image":[{"width":1200,"height":1200,"url":"https:\/\/selleetools.com\/wp-content\/uploads\/2025\/10\/c4c7386a659db6b4ce56f5940c6f3d25.jpg","type":"image\/jpeg"}],"twitter_card":"summary_large_image","twitter_misc":{"Est. reading time":"1 minuta"},"schema":{"@context":"https:\/\/schema.org","@graph":[{"@type":"Organization","@id":"https:\/\/selleetools.com\/#organization","name":"Selleetools","url":"https:\/\/selleetools.com\/","sameAs":[],"logo":{"@type":"ImageObject","inLanguage":"pl-PL","@id":"https:\/\/selleetools.com\/#\/schema\/logo\/image\/","url":"https:\/\/selleetools.com\/wp-content\/uploads\/2021\/10\/logo-dark.png","contentUrl":"https:\/\/selleetools.com\/wp-content\/uploads\/2021\/10\/logo-dark.png","width":320,"height":76,"caption":"Selleetools"},"image":{"@id":"https:\/\/selleetools.com\/#\/schema\/logo\/image\/"}},{"@type":"WebSite","@id":"https:\/\/selleetools.com\/#website","url":"https:\/\/selleetools.com\/","name":"Selleetools.com","description":"","publisher":{"@id":"https:\/\/selleetools.com\/#organization"},"potentialAction":[{"@type":"SearchAction","target":{"@type":"EntryPoint","urlTemplate":"https:\/\/selleetools.com\/?s={search_term_string}"},"query-input":"required name=search_term_string"}],"inLanguage":"pl-PL"},{"@type":"WebPage","@id":"https:\/\/admincentral.selleetools.com\/pl\/product\/pyunkang-yul-intensive-ceramide-lotion-290-ml-nawilzajaca-emulsja-do-ciala\/","url":"https:\/\/admincentral.selleetools.com\/pl\/product\/pyunkang-yul-intensive-ceramide-lotion-290-ml-nawilzajaca-emulsja-do-ciala\/","name":"Pyunkang Yul Intensive Ceramide Lotion 290 ml - Nawil\u017caj\u0105ca emulsja do cia\u0142a - Selleetools.com","isPartOf":{"@id":"https:\/\/selleetools.com\/#website"},"datePublished":"2025-10-24T11:44:41+00:00","dateModified":"2025-11-04T19:44:16+00:00","breadcrumb":{"@id":"https:\/\/admincentral.selleetools.com\/pl\/product\/pyunkang-yul-intensive-ceramide-lotion-290-ml-nawilzajaca-emulsja-do-ciala\/#breadcrumb"},"inLanguage":"pl-PL","potentialAction":[{"@type":"ReadAction","target":["https:\/\/admincentral.selleetools.com\/pl\/product\/pyunkang-yul-intensive-ceramide-lotion-290-ml-nawilzajaca-emulsja-do-ciala\/"]}]},{"@type":"BreadcrumbList","@id":"https:\/\/admincentral.selleetools.com\/pl\/product\/pyunkang-yul-intensive-ceramide-lotion-290-ml-nawilzajaca-emulsja-do-ciala\/#breadcrumb","itemListElement":[{"@type":"ListItem","position":1,"name":"Home","item":"https:\/\/selleetools.com\/pl\/"},{"@type":"ListItem","position":2,"name":"Katalog","item":"https:\/\/selleetools.com\/pl\/katalog\/"},{"@type":"ListItem","position":3,"name":"Pyunkang Yul Intensive Ceramide Lotion 290 ml &#8211; Nawil\u017caj\u0105ca emulsja do cia\u0142a"}]}]}},"_links":{"self":[{"href":"https:\/\/selleetools.com\/pl\/wp-json\/wp\/v2\/product\/606027"}],"collection":[{"href":"https:\/\/selleetools.com\/pl\/wp-json\/wp\/v2\/product"}],"about":[{"href":"https:\/\/selleetools.com\/pl\/wp-json\/wp\/v2\/types\/product"}],"replies":[{"embeddable":true,"href":"https:\/\/selleetools.com\/pl\/wp-json\/wp\/v2\/comments?post=606027"}],"wp:featuredmedia":[{"embeddable":true,"href":"https:\/\/selleetools.com\/pl\/wp-json\/wp\/v2\/media\/606025"}],"wp:attachment":[{"href":"https:\/\/selleetools.com\/pl\/wp-json\/wp\/v2\/media?parent=606027"}],"curies":[{"name":"wp","href":"https:\/\/api.w.org\/{rel}","templated":true}]}}