{"id":606021,"date":"2025-10-24T13:44:36","date_gmt":"2025-10-24T11:44:36","guid":{"rendered":"https:\/\/selleetools.com\/?post_type=product&#038;p=606021"},"modified":"2025-11-04T20:44:03","modified_gmt":"2025-11-04T19:44:03","slug":"pyunkang-yul-brightening-vita-toner-150-ml-tonik-o-dzialaniu-rozswietlajacym","status":"publish","type":"product","link":"https:\/\/selleetools.com\/pl\/product\/pyunkang-yul-brightening-vita-toner-150-ml-tonik-o-dzialaniu-rozswietlajacym\/","title":{"rendered":"Pyunkang yul Brightening Vita Toner 150 ml &#8211; Tonik o dzia\u0142aniu roz\u015bwietlaj\u0105cym"},"content":{"rendered":"<p>Tonik o dzia\u0142aniu roz\u015bwietlaj\u0105cym, kt\u00f3ry zosta\u0142 zaprojektowany, aby poprawi\u0107 koloryt sk\u00f3ry i nada\u0107 jej zdrowy blask. Formu\u0142a toniku zawiera witaminy i sk\u0142adniki od\u017cywcze, kt\u00f3re wspomagaj\u0105 nawil\u017cenie oraz poprawiaj\u0105 tekstur\u0119 sk\u00f3ry. Idealny do codziennego stosowania, tonik przygotowuje sk\u00f3r\u0119 do dalszych krok\u00f3w piel\u0119gnacyjnych, pozostawiaj\u0105c j\u0105 \u015bwie\u017c\u0105 i promienn\u0105. Tonik rozja\u015bnia sk\u00f3r\u0119, redukuj\u0105c widoczno\u015b\u0107 przebarwie\u0144 i ciemnych plam, co przyczynia si\u0119 do jej jednolitego kolorytu. Zawarte w toniku sk\u0142adniki pomagaj\u0105 nawil\u017cy\u0107 sk\u00f3r\u0119, przywracaj\u0105c jej mi\u0119kko\u015b\u0107 i elastyczno\u015b\u0107. Tonik poprawia tekstur\u0119 sk\u00f3ry, wyg\u0142adzaj\u0105c j\u0105 i przygotowuj\u0105c do kolejnych krok\u00f3w piel\u0119gnacyjnych.<\/p>\n<p>Korzy\u015bci dla sk\u00f3ry:<br \/>\nJednolity koloryt: Regularne stosowanie toniku przyczynia si\u0119 do wyr\u00f3wnania kolorytu sk\u00f3ry, nadaj\u0105c jej zdrowy i promienny wygl\u0105d.<br \/>\nOd\u015bwie\u017cenie: Tonik od\u015bwie\u017ca sk\u00f3r\u0119, przywracaj\u0105c jej naturalny blask i zdrowy wygl\u0105d.<br \/>\nPrzygotowanie do piel\u0119gnacji: Tonik przygotowuje sk\u00f3r\u0119 do absorpcji kolejnych produkt\u00f3w piel\u0119gnacyjnych, takich jak serum czy krem.<\/p>\n<p>Spos\u00f3b u\u017cycia: Po oczyszczeniu twarzy na\u0142\u00f3\u017c niewielk\u0105 ilo\u015b\u0107 toniku na wacik lub d\u0142onie. Delikatnie wklep tonik w sk\u00f3r\u0119 twarzy, omijaj\u0105c okolice oczu. Tonik stosuj rano i wieczorem, jako drugi krok w rutynie piel\u0119gnacyjnej, po oczyszczeniu sk\u00f3ry.<\/p>\n","protected":false},"excerpt":{"rendered":"<p>Tonik o dzia\u0142aniu roz\u015bwietlaj\u0105cym, kt\u00f3ry zosta\u0142 zaprojektowany, aby poprawi\u0107 koloryt sk\u00f3ry i nada\u0107 jej zdrowy blask. Formu\u0142a toniku zawiera witaminy i sk\u0142adniki od\u017cywcze, kt\u00f3re wspomagaj\u0105 nawil\u017cenie oraz poprawiaj\u0105 tekstur\u0119 sk\u00f3ry. Idealny do codziennego stosowania, tonik przygotowuje sk\u00f3r\u0119 do dalszych krok\u00f3w piel\u0119gnacyjnych, pozostawiaj\u0105c j\u0105 \u015bwie\u017c\u0105 i promienn\u0105. Tonik rozja\u015bnia sk\u00f3r\u0119, redukuj\u0105c widoczno\u015b\u0107 przebarwie\u0144 i ciemnych plam, &#8230; <a title=\"Pyunkang yul Brightening Vita Toner 150 ml &#8211; Tonik o dzia\u0142aniu roz\u015bwietlaj\u0105cym\" class=\"read-more\" href=\"https:\/\/selleetools.com\/pl\/product\/pyunkang-yul-brightening-vita-toner-150-ml-tonik-o-dzialaniu-rozswietlajacym\/\">Read more<span class=\"screen-reader-text\">Pyunkang yul Brightening Vita Toner 150 ml &#8211; Tonik o dzia\u0142aniu roz\u015bwietlaj\u0105cym<\/span><\/a><\/p>\n","protected":false},"featured_media":606019,"comment_status":"open","ping_status":"closed","template":"","meta":{"_links_to":"","_links_to_target":""},"yoast_head":"<!-- This site is optimized with the Yoast SEO plugin v19.4 - https:\/\/yoast.com\/wordpress\/plugins\/seo\/ -->\n<title>Pyunkang yul Brightening Vita Toner 150 ml - Tonik o dzia\u0142aniu roz\u015bwietlaj\u0105cym - Selleetools.com<\/title>\n<meta name=\"robots\" content=\"index, follow, max-snippet:-1, max-image-preview:large, max-video-preview:-1\" \/>\n<link rel=\"canonical\" href=\"https:\/\/admincentral.selleetools.com\/product\/pyunkang-yul-brightening-vita-toner-150-ml-tonik-o-dzialaniu-rozswietlajacym\/\" \/>\n<meta property=\"og:locale\" content=\"pl_PL\" \/>\n<meta property=\"og:type\" content=\"article\" \/>\n<meta property=\"og:title\" content=\"Pyunkang yul Brightening Vita Toner 150 ml - Tonik o dzia\u0142aniu roz\u015bwietlaj\u0105cym - Selleetools.com\" \/>\n<meta property=\"og:description\" content=\"Tonik o dzia\u0142aniu roz\u015bwietlaj\u0105cym, kt\u00f3ry zosta\u0142 zaprojektowany, aby poprawi\u0107 koloryt sk\u00f3ry i nada\u0107 jej zdrowy blask. Formu\u0142a toniku zawiera witaminy i sk\u0142adniki od\u017cywcze, kt\u00f3re wspomagaj\u0105 nawil\u017cenie oraz poprawiaj\u0105 tekstur\u0119 sk\u00f3ry. Idealny do codziennego stosowania, tonik przygotowuje sk\u00f3r\u0119 do dalszych krok\u00f3w piel\u0119gnacyjnych, pozostawiaj\u0105c j\u0105 \u015bwie\u017c\u0105 i promienn\u0105. Tonik rozja\u015bnia sk\u00f3r\u0119, redukuj\u0105c widoczno\u015b\u0107 przebarwie\u0144 i ciemnych plam, ... Read morePyunkang yul Brightening Vita Toner 150 ml &#8211; Tonik o dzia\u0142aniu roz\u015bwietlaj\u0105cym\" \/>\n<meta property=\"og:url\" content=\"https:\/\/admincentral.selleetools.com\/product\/pyunkang-yul-brightening-vita-toner-150-ml-tonik-o-dzialaniu-rozswietlajacym\/\" \/>\n<meta property=\"og:site_name\" content=\"Selleetools.com\" \/>\n<meta property=\"article:modified_time\" content=\"2025-11-04T19:44:03+00:00\" \/>\n<meta property=\"og:image\" content=\"https:\/\/selleetools.com\/wp-content\/uploads\/2025\/10\/d325e251346de7b755b311d549a41781.jpg\" \/>\n\t<meta property=\"og:image:width\" content=\"1200\" \/>\n\t<meta property=\"og:image:height\" content=\"1200\" \/>\n\t<meta property=\"og:image:type\" content=\"image\/jpeg\" \/>\n<meta name=\"twitter:card\" content=\"summary_large_image\" \/>\n<meta name=\"twitter:label1\" content=\"Est. reading time\" \/>\n\t<meta name=\"twitter:data1\" content=\"1 minuta\" \/>\n<!-- \/ Yoast SEO plugin. -->","yoast_head_json":{"title":"Pyunkang yul Brightening Vita Toner 150 ml - Tonik o dzia\u0142aniu roz\u015bwietlaj\u0105cym - Selleetools.com","robots":{"index":"index","follow":"follow","max-snippet":"max-snippet:-1","max-image-preview":"max-image-preview:large","max-video-preview":"max-video-preview:-1"},"canonical":"https:\/\/admincentral.selleetools.com\/product\/pyunkang-yul-brightening-vita-toner-150-ml-tonik-o-dzialaniu-rozswietlajacym\/","og_locale":"pl_PL","og_type":"article","og_title":"Pyunkang yul Brightening Vita Toner 150 ml - Tonik o dzia\u0142aniu roz\u015bwietlaj\u0105cym - Selleetools.com","og_description":"Tonik o dzia\u0142aniu roz\u015bwietlaj\u0105cym, kt\u00f3ry zosta\u0142 zaprojektowany, aby poprawi\u0107 koloryt sk\u00f3ry i nada\u0107 jej zdrowy blask. Formu\u0142a toniku zawiera witaminy i sk\u0142adniki od\u017cywcze, kt\u00f3re wspomagaj\u0105 nawil\u017cenie oraz poprawiaj\u0105 tekstur\u0119 sk\u00f3ry. Idealny do codziennego stosowania, tonik przygotowuje sk\u00f3r\u0119 do dalszych krok\u00f3w piel\u0119gnacyjnych, pozostawiaj\u0105c j\u0105 \u015bwie\u017c\u0105 i promienn\u0105. Tonik rozja\u015bnia sk\u00f3r\u0119, redukuj\u0105c widoczno\u015b\u0107 przebarwie\u0144 i ciemnych plam, ... Read morePyunkang yul Brightening Vita Toner 150 ml &#8211; Tonik o dzia\u0142aniu roz\u015bwietlaj\u0105cym","og_url":"https:\/\/admincentral.selleetools.com\/product\/pyunkang-yul-brightening-vita-toner-150-ml-tonik-o-dzialaniu-rozswietlajacym\/","og_site_name":"Selleetools.com","article_modified_time":"2025-11-04T19:44:03+00:00","og_image":[{"width":1200,"height":1200,"url":"https:\/\/selleetools.com\/wp-content\/uploads\/2025\/10\/d325e251346de7b755b311d549a41781.jpg","type":"image\/jpeg"}],"twitter_card":"summary_large_image","twitter_misc":{"Est. reading time":"1 minuta"},"schema":{"@context":"https:\/\/schema.org","@graph":[{"@type":"Organization","@id":"https:\/\/selleetools.com\/#organization","name":"Selleetools","url":"https:\/\/selleetools.com\/","sameAs":[],"logo":{"@type":"ImageObject","inLanguage":"pl-PL","@id":"https:\/\/selleetools.com\/#\/schema\/logo\/image\/","url":"https:\/\/selleetools.com\/wp-content\/uploads\/2021\/10\/logo-dark.png","contentUrl":"https:\/\/selleetools.com\/wp-content\/uploads\/2021\/10\/logo-dark.png","width":320,"height":76,"caption":"Selleetools"},"image":{"@id":"https:\/\/selleetools.com\/#\/schema\/logo\/image\/"}},{"@type":"WebSite","@id":"https:\/\/selleetools.com\/#website","url":"https:\/\/selleetools.com\/","name":"Selleetools.com","description":"","publisher":{"@id":"https:\/\/selleetools.com\/#organization"},"potentialAction":[{"@type":"SearchAction","target":{"@type":"EntryPoint","urlTemplate":"https:\/\/selleetools.com\/?s={search_term_string}"},"query-input":"required name=search_term_string"}],"inLanguage":"pl-PL"},{"@type":"WebPage","@id":"https:\/\/admincentral.selleetools.com\/product\/pyunkang-yul-brightening-vita-toner-150-ml-tonik-o-dzialaniu-rozswietlajacym\/","url":"https:\/\/admincentral.selleetools.com\/product\/pyunkang-yul-brightening-vita-toner-150-ml-tonik-o-dzialaniu-rozswietlajacym\/","name":"Pyunkang yul Brightening Vita Toner 150 ml - Tonik o dzia\u0142aniu roz\u015bwietlaj\u0105cym - Selleetools.com","isPartOf":{"@id":"https:\/\/selleetools.com\/#website"},"datePublished":"2025-10-24T11:44:36+00:00","dateModified":"2025-11-04T19:44:03+00:00","breadcrumb":{"@id":"https:\/\/admincentral.selleetools.com\/product\/pyunkang-yul-brightening-vita-toner-150-ml-tonik-o-dzialaniu-rozswietlajacym\/#breadcrumb"},"inLanguage":"pl-PL","potentialAction":[{"@type":"ReadAction","target":["https:\/\/admincentral.selleetools.com\/product\/pyunkang-yul-brightening-vita-toner-150-ml-tonik-o-dzialaniu-rozswietlajacym\/"]}]},{"@type":"BreadcrumbList","@id":"https:\/\/admincentral.selleetools.com\/product\/pyunkang-yul-brightening-vita-toner-150-ml-tonik-o-dzialaniu-rozswietlajacym\/#breadcrumb","itemListElement":[{"@type":"ListItem","position":1,"name":"Home","item":"https:\/\/selleetools.com\/pl\/"},{"@type":"ListItem","position":2,"name":"Katalog","item":"https:\/\/selleetools.com\/pl\/katalog\/"},{"@type":"ListItem","position":3,"name":"Pyunkang yul Brightening Vita Toner 150 ml &#8211; Tonik o dzia\u0142aniu roz\u015bwietlaj\u0105cym"}]}]}},"_links":{"self":[{"href":"https:\/\/selleetools.com\/pl\/wp-json\/wp\/v2\/product\/606021"}],"collection":[{"href":"https:\/\/selleetools.com\/pl\/wp-json\/wp\/v2\/product"}],"about":[{"href":"https:\/\/selleetools.com\/pl\/wp-json\/wp\/v2\/types\/product"}],"replies":[{"embeddable":true,"href":"https:\/\/selleetools.com\/pl\/wp-json\/wp\/v2\/comments?post=606021"}],"wp:featuredmedia":[{"embeddable":true,"href":"https:\/\/selleetools.com\/pl\/wp-json\/wp\/v2\/media\/606019"}],"wp:attachment":[{"href":"https:\/\/selleetools.com\/pl\/wp-json\/wp\/v2\/media?parent=606021"}],"curies":[{"name":"wp","href":"https:\/\/api.w.org\/{rel}","templated":true}]}}