{"id":606018,"date":"2025-10-24T13:44:34","date_gmt":"2025-10-24T11:44:34","guid":{"rendered":"https:\/\/selleetools.com\/?post_type=product&#038;p=606018"},"modified":"2025-11-04T20:43:52","modified_gmt":"2025-11-04T19:43:52","slug":"pyunkang-yul-brightening-radiance-cream-50-ml-rozswietlajacy-krem-do-twarzy","status":"publish","type":"product","link":"https:\/\/selleetools.com\/pl\/product\/pyunkang-yul-brightening-radiance-cream-50-ml-rozswietlajacy-krem-do-twarzy\/","title":{"rendered":"Pyunkang Yul Brightening Radiance Cream 50 ml &#8211; roz\u015bwietlaj\u0105cy krem do twarzy"},"content":{"rendered":"<p>Pyunkang Yul Brightening Radiance Cream, 50ml<br \/>\nRoz\u015bwietlaj\u0105cy krem do twarzy, kt\u00f3ry zosta\u0142 stworzony, aby przywr\u00f3ci\u0107 sk\u00f3rze naturalny blask i promienno\u015b\u0107. Ten luksusowy krem \u0142\u0105czy w sobie sk\u0142adniki aktywne, kt\u00f3re poprawiaj\u0105 koloryt sk\u00f3ry, redukuj\u0105 przebarwienia oraz zapewniaj\u0105 intensywne nawil\u017cenie. Idealny dla os\u00f3b szukaj\u0105cych sposobu na rozja\u015bnienie sk\u00f3ry i nadanie jej zdrowego, \u015bwie\u017cego wygl\u0105du.<br \/>\nKrem poprawia naturalny blask sk\u00f3ry, nadaj\u0105c jej promienny i zdrowy wygl\u0105d. Pomaga wyr\u00f3wna\u0107 koloryt sk\u00f3ry, zmniejszaj\u0105c widoczno\u015b\u0107 przebarwie\u0144 i ciemnych plam. G\u0142\u0119bokie nawil\u017cenie, kt\u00f3re utrzymuje sk\u00f3r\u0119 mi\u0119kk\u0105, elastyczn\u0105 i dobrze nawodnion\u0105.<\/p>\n<p>Korzy\u015bci dla sk\u00f3ry:<br \/>\nJednolity koloryt: Regularne stosowanie kremu pomaga wyr\u00f3wna\u0107 koloryt sk\u00f3ry, co przyczynia si\u0119 do jej jednolitego i \u015bwie\u017cego wygl\u0105du.<br \/>\nZdrowy blask: Krem nadaje sk\u00f3rze naturalny blask, przywracaj\u0105c jej promienny i zdrowy wygl\u0105d.<br \/>\nOchrona i piel\u0119gnacja: Formu\u0142a kremu wzmacnia barier\u0119 ochronn\u0105 sk\u00f3ry, chroni\u0105c j\u0105 przed szkodliwymi czynnikami zewn\u0119trznymi i utrzymuj\u0105c jej optymalny poziom nawil\u017cenia.<\/p>\n<p>Spos\u00f3b u\u017cycia: Na oczyszczon\u0105 sk\u00f3r\u0119 twarzy, na\u0142\u00f3\u017c odpowiedni\u0105 ilo\u015b\u0107 kremu. Delikatnie wmasuj krem w sk\u00f3r\u0119, wykonuj\u0105c okr\u0119\u017cne ruchy, a\u017c do ca\u0142kowitego wch\u0142oni\u0119cia. Krem mo\u017cna stosowa\u0107 rano i wieczorem jako ostatni krok w rutynie piel\u0119gnacyjnej, po na\u0142o\u017ceniu serum.<\/p>\n","protected":false},"excerpt":{"rendered":"<p>Pyunkang Yul Brightening Radiance Cream, 50ml Roz\u015bwietlaj\u0105cy krem do twarzy, kt\u00f3ry zosta\u0142 stworzony, aby przywr\u00f3ci\u0107 sk\u00f3rze naturalny blask i promienno\u015b\u0107. Ten luksusowy krem \u0142\u0105czy w sobie sk\u0142adniki aktywne, kt\u00f3re poprawiaj\u0105 koloryt sk\u00f3ry, redukuj\u0105 przebarwienia oraz zapewniaj\u0105 intensywne nawil\u017cenie. Idealny dla os\u00f3b szukaj\u0105cych sposobu na rozja\u015bnienie sk\u00f3ry i nadanie jej zdrowego, \u015bwie\u017cego wygl\u0105du. Krem poprawia naturalny &#8230; <a title=\"Pyunkang Yul Brightening Radiance Cream 50 ml &#8211; roz\u015bwietlaj\u0105cy krem do twarzy\" class=\"read-more\" href=\"https:\/\/selleetools.com\/pl\/product\/pyunkang-yul-brightening-radiance-cream-50-ml-rozswietlajacy-krem-do-twarzy\/\">Read more<span class=\"screen-reader-text\">Pyunkang Yul Brightening Radiance Cream 50 ml &#8211; roz\u015bwietlaj\u0105cy krem do twarzy<\/span><\/a><\/p>\n","protected":false},"featured_media":606016,"comment_status":"open","ping_status":"closed","template":"","meta":{"_links_to":"","_links_to_target":""},"yoast_head":"<!-- This site is optimized with the Yoast SEO plugin v19.4 - https:\/\/yoast.com\/wordpress\/plugins\/seo\/ -->\n<title>Pyunkang Yul Brightening Radiance Cream 50 ml - roz\u015bwietlaj\u0105cy krem do twarzy - Selleetools.com<\/title>\n<meta name=\"robots\" content=\"index, follow, max-snippet:-1, max-image-preview:large, max-video-preview:-1\" \/>\n<link rel=\"canonical\" href=\"https:\/\/selleetools.com\/pl\/product\/pyunkang-yul-brightening-radiance-cream-50-ml-rozswietlajacy-krem-do-twarzy\/\" \/>\n<meta property=\"og:locale\" content=\"pl_PL\" \/>\n<meta property=\"og:type\" content=\"article\" \/>\n<meta property=\"og:title\" content=\"Pyunkang Yul Brightening Radiance Cream 50 ml - roz\u015bwietlaj\u0105cy krem do twarzy - Selleetools.com\" \/>\n<meta property=\"og:description\" content=\"Pyunkang Yul Brightening Radiance Cream, 50ml Roz\u015bwietlaj\u0105cy krem do twarzy, kt\u00f3ry zosta\u0142 stworzony, aby przywr\u00f3ci\u0107 sk\u00f3rze naturalny blask i promienno\u015b\u0107. Ten luksusowy krem \u0142\u0105czy w sobie sk\u0142adniki aktywne, kt\u00f3re poprawiaj\u0105 koloryt sk\u00f3ry, redukuj\u0105 przebarwienia oraz zapewniaj\u0105 intensywne nawil\u017cenie. Idealny dla os\u00f3b szukaj\u0105cych sposobu na rozja\u015bnienie sk\u00f3ry i nadanie jej zdrowego, \u015bwie\u017cego wygl\u0105du. Krem poprawia naturalny ... Read morePyunkang Yul Brightening Radiance Cream 50 ml &#8211; roz\u015bwietlaj\u0105cy krem do twarzy\" \/>\n<meta property=\"og:url\" content=\"https:\/\/selleetools.com\/pl\/product\/pyunkang-yul-brightening-radiance-cream-50-ml-rozswietlajacy-krem-do-twarzy\/\" \/>\n<meta property=\"og:site_name\" content=\"Selleetools.com\" \/>\n<meta property=\"article:modified_time\" content=\"2025-11-04T19:43:52+00:00\" \/>\n<meta property=\"og:image\" content=\"https:\/\/selleetools.com\/wp-content\/uploads\/2025\/10\/bad631ae449877d5f75b7fda3692d8fc.jpg\" \/>\n\t<meta property=\"og:image:width\" content=\"1200\" \/>\n\t<meta property=\"og:image:height\" content=\"1200\" \/>\n\t<meta property=\"og:image:type\" content=\"image\/jpeg\" \/>\n<meta name=\"twitter:card\" content=\"summary_large_image\" \/>\n<meta name=\"twitter:label1\" content=\"Est. reading time\" \/>\n\t<meta name=\"twitter:data1\" content=\"1 minuta\" \/>\n<!-- \/ Yoast SEO plugin. -->","yoast_head_json":{"title":"Pyunkang Yul Brightening Radiance Cream 50 ml - roz\u015bwietlaj\u0105cy krem do twarzy - Selleetools.com","robots":{"index":"index","follow":"follow","max-snippet":"max-snippet:-1","max-image-preview":"max-image-preview:large","max-video-preview":"max-video-preview:-1"},"canonical":"https:\/\/selleetools.com\/pl\/product\/pyunkang-yul-brightening-radiance-cream-50-ml-rozswietlajacy-krem-do-twarzy\/","og_locale":"pl_PL","og_type":"article","og_title":"Pyunkang Yul Brightening Radiance Cream 50 ml - roz\u015bwietlaj\u0105cy krem do twarzy - Selleetools.com","og_description":"Pyunkang Yul Brightening Radiance Cream, 50ml Roz\u015bwietlaj\u0105cy krem do twarzy, kt\u00f3ry zosta\u0142 stworzony, aby przywr\u00f3ci\u0107 sk\u00f3rze naturalny blask i promienno\u015b\u0107. Ten luksusowy krem \u0142\u0105czy w sobie sk\u0142adniki aktywne, kt\u00f3re poprawiaj\u0105 koloryt sk\u00f3ry, redukuj\u0105 przebarwienia oraz zapewniaj\u0105 intensywne nawil\u017cenie. Idealny dla os\u00f3b szukaj\u0105cych sposobu na rozja\u015bnienie sk\u00f3ry i nadanie jej zdrowego, \u015bwie\u017cego wygl\u0105du. Krem poprawia naturalny ... Read morePyunkang Yul Brightening Radiance Cream 50 ml &#8211; roz\u015bwietlaj\u0105cy krem do twarzy","og_url":"https:\/\/selleetools.com\/pl\/product\/pyunkang-yul-brightening-radiance-cream-50-ml-rozswietlajacy-krem-do-twarzy\/","og_site_name":"Selleetools.com","article_modified_time":"2025-11-04T19:43:52+00:00","og_image":[{"width":1200,"height":1200,"url":"https:\/\/selleetools.com\/wp-content\/uploads\/2025\/10\/bad631ae449877d5f75b7fda3692d8fc.jpg","type":"image\/jpeg"}],"twitter_card":"summary_large_image","twitter_misc":{"Est. reading time":"1 minuta"},"schema":{"@context":"https:\/\/schema.org","@graph":[{"@type":"Organization","@id":"https:\/\/selleetools.com\/#organization","name":"Selleetools","url":"https:\/\/selleetools.com\/","sameAs":[],"logo":{"@type":"ImageObject","inLanguage":"pl-PL","@id":"https:\/\/selleetools.com\/#\/schema\/logo\/image\/","url":"https:\/\/selleetools.com\/wp-content\/uploads\/2021\/10\/logo-dark.png","contentUrl":"https:\/\/selleetools.com\/wp-content\/uploads\/2021\/10\/logo-dark.png","width":320,"height":76,"caption":"Selleetools"},"image":{"@id":"https:\/\/selleetools.com\/#\/schema\/logo\/image\/"}},{"@type":"WebSite","@id":"https:\/\/selleetools.com\/#website","url":"https:\/\/selleetools.com\/","name":"Selleetools.com","description":"","publisher":{"@id":"https:\/\/selleetools.com\/#organization"},"potentialAction":[{"@type":"SearchAction","target":{"@type":"EntryPoint","urlTemplate":"https:\/\/selleetools.com\/?s={search_term_string}"},"query-input":"required name=search_term_string"}],"inLanguage":"pl-PL"},{"@type":"WebPage","@id":"https:\/\/selleetools.com\/pl\/product\/pyunkang-yul-brightening-radiance-cream-50-ml-rozswietlajacy-krem-do-twarzy\/","url":"https:\/\/selleetools.com\/pl\/product\/pyunkang-yul-brightening-radiance-cream-50-ml-rozswietlajacy-krem-do-twarzy\/","name":"Pyunkang Yul Brightening Radiance Cream 50 ml - roz\u015bwietlaj\u0105cy krem do twarzy - Selleetools.com","isPartOf":{"@id":"https:\/\/selleetools.com\/#website"},"datePublished":"2025-10-24T11:44:34+00:00","dateModified":"2025-11-04T19:43:52+00:00","breadcrumb":{"@id":"https:\/\/selleetools.com\/pl\/product\/pyunkang-yul-brightening-radiance-cream-50-ml-rozswietlajacy-krem-do-twarzy\/#breadcrumb"},"inLanguage":"pl-PL","potentialAction":[{"@type":"ReadAction","target":["https:\/\/selleetools.com\/pl\/product\/pyunkang-yul-brightening-radiance-cream-50-ml-rozswietlajacy-krem-do-twarzy\/"]}]},{"@type":"BreadcrumbList","@id":"https:\/\/selleetools.com\/pl\/product\/pyunkang-yul-brightening-radiance-cream-50-ml-rozswietlajacy-krem-do-twarzy\/#breadcrumb","itemListElement":[{"@type":"ListItem","position":1,"name":"Home","item":"https:\/\/selleetools.com\/pl\/"},{"@type":"ListItem","position":2,"name":"Katalog","item":"https:\/\/selleetools.com\/pl\/katalog\/"},{"@type":"ListItem","position":3,"name":"Pyunkang Yul Brightening Radiance Cream 50 ml &#8211; roz\u015bwietlaj\u0105cy krem do twarzy"}]}]}},"_links":{"self":[{"href":"https:\/\/selleetools.com\/pl\/wp-json\/wp\/v2\/product\/606018"}],"collection":[{"href":"https:\/\/selleetools.com\/pl\/wp-json\/wp\/v2\/product"}],"about":[{"href":"https:\/\/selleetools.com\/pl\/wp-json\/wp\/v2\/types\/product"}],"replies":[{"embeddable":true,"href":"https:\/\/selleetools.com\/pl\/wp-json\/wp\/v2\/comments?post=606018"}],"wp:featuredmedia":[{"embeddable":true,"href":"https:\/\/selleetools.com\/pl\/wp-json\/wp\/v2\/media\/606016"}],"wp:attachment":[{"href":"https:\/\/selleetools.com\/pl\/wp-json\/wp\/v2\/media?parent=606018"}],"curies":[{"name":"wp","href":"https:\/\/api.w.org\/{rel}","templated":true}]}}