{"id":606012,"date":"2025-10-24T13:44:29","date_gmt":"2025-10-24T11:44:29","guid":{"rendered":"https:\/\/selleetools.com\/?post_type=product&#038;p=606012"},"modified":"2025-11-03T17:07:51","modified_gmt":"2025-11-03T16:07:51","slug":"tirtir-mask-fit-red-cushion-24n-latte-18-g-podklad-w-formie-cushion","status":"publish","type":"product","link":"https:\/\/selleetools.com\/pl\/product\/tirtir-mask-fit-red-cushion-24n-latte-18-g-podklad-w-formie-cushion\/","title":{"rendered":"TIRTIR Mask Fit Red Cushion 24N Latte 18 g &#8211; Podk\u0142ad w formie cushion"},"content":{"rendered":"<p><b>TIRTIR Mask Fit Red Cushion 24N Latte, 18g<\/b> to innowacyjny podk\u0142ad, kt\u00f3ry \u0142\u0105czy w sobie funkcje piel\u0119gnacyjne i makija\u017cowe. Zainspirowany trendami korea\u0144skiej piel\u0119gnacji sk\u00f3ry, ten podk\u0142ad w formie cushion zapewnia lekki, naturalny efekt, jednocze\u015bnie dbaj\u0105c o zdrowie i kondycj\u0119 sk\u00f3ry. Dzi\u0119ki zastosowaniu sk\u0142adnik\u00f3w od\u017cywczych, takich jak ekstrakty ro\u015blinne i witaminy, produkt dzia\u0142a nie tylko na powierzchni, ale r\u00f3wnie\u017c w g\u0142\u0119bszych warstwach sk\u00f3ry.<\/p>\n<p><b>Korzy\u015bci dla sk\u00f3ry:<\/b><\/p>\n<p>Nawil\u017cenie: Formu\u0142a bogata w nawil\u017caj\u0105ce sk\u0142adniki zapewnia odpowiedni poziom wilgoci, co sprawia, \u017ce sk\u00f3ra wygl\u0105da \u015bwie\u017co i promiennie.<\/p>\n<p>Redukcja niedoskona\u0142o\u015bci: Dzi\u0119ki w\u0142a\u015bciwo\u015bciom kryj\u0105cym, podk\u0142ad maskuje drobne niedoskona\u0142o\u015bci, zaczerwienienia i nier\u00f3wno\u015bci, daj\u0105c efekt g\u0142adkiej cery.<\/p>\n<p>D\u0142ugotrwa\u0142y efekt: Specjalna formu\u0142a zapewnia trwa\u0142o\u015b\u0107 makija\u017cu przez wiele godzin, nie powoduj\u0105c efektu maski.<\/p>\n<p><b>Spos\u00f3b u\u017cycia:<\/b><\/p>\n<p>Przygotowanie sk\u00f3ry: Przed na\u0142o\u017ceniem podk\u0142adu, nale\u017cy dok\u0142adnie oczy\u015bci\u0107 i nawil\u017cy\u0107 sk\u00f3r\u0119 odpowiednimi kosmetykami.<\/p>\n<p>Aplikacja: Przy u\u017cyciu aplikatora (g\u0105beczki) lub palc\u00f3w, na\u0142\u00f3\u017c podk\u0142ad na twarz, zaczynaj\u0105c od \u015brodka i rozprowadzaj\u0105c go na zewn\u0105trz. Dostosuj ilo\u015b\u0107 produktu do po\u017c\u0105danego poziomu krycia.<\/p>\n<p>Wyko\u0144czenie: Aby uzyska\u0107 naturalny efekt, delikatnie wklep podk\u0142ad w sk\u00f3r\u0119. Mo\u017cesz tak\u017ce u\u017cy\u0107 pudru matuj\u0105cego, aby utrwali\u0107 makija\u017c na d\u0142u\u017cej.<\/p>\n<p>TIRTIR Mask Fit Red Cushion 24N Latte to idealne rozwi\u0105zanie dla os\u00f3b szukaj\u0105cych lekkiego podk\u0142adu, kt\u00f3ry jednocze\u015bnie piel\u0119gnuje sk\u00f3r\u0119, daj\u0105c jej zdrowy i promienny wygl\u0105d.<\/p>\n","protected":false},"excerpt":{"rendered":"<p>TIRTIR Mask Fit Red Cushion 24N Latte, 18g to innowacyjny podk\u0142ad, kt\u00f3ry \u0142\u0105czy w sobie funkcje piel\u0119gnacyjne i makija\u017cowe. Zainspirowany trendami korea\u0144skiej piel\u0119gnacji sk\u00f3ry, ten podk\u0142ad w formie cushion zapewnia lekki, naturalny efekt, jednocze\u015bnie dbaj\u0105c o zdrowie i kondycj\u0119 sk\u00f3ry. Dzi\u0119ki zastosowaniu sk\u0142adnik\u00f3w od\u017cywczych, takich jak ekstrakty ro\u015blinne i witaminy, produkt dzia\u0142a nie tylko na &#8230; <a title=\"TIRTIR Mask Fit Red Cushion 24N Latte 18 g &#8211; Podk\u0142ad w formie cushion\" class=\"read-more\" href=\"https:\/\/selleetools.com\/pl\/product\/tirtir-mask-fit-red-cushion-24n-latte-18-g-podklad-w-formie-cushion\/\">Read more<span class=\"screen-reader-text\">TIRTIR Mask Fit Red Cushion 24N Latte 18 g &#8211; Podk\u0142ad w formie cushion<\/span><\/a><\/p>\n","protected":false},"featured_media":606008,"comment_status":"open","ping_status":"closed","template":"","meta":{"_links_to":"","_links_to_target":""},"yoast_head":"<!-- This site is optimized with the Yoast SEO plugin v19.4 - https:\/\/yoast.com\/wordpress\/plugins\/seo\/ -->\n<title>TIRTIR Mask Fit Red Cushion 24N Latte 18 g - Podk\u0142ad w formie cushion - Selleetools.com<\/title>\n<meta name=\"robots\" content=\"index, follow, max-snippet:-1, max-image-preview:large, max-video-preview:-1\" \/>\n<link rel=\"canonical\" href=\"https:\/\/admincentral.selleetools.com\/pl\/product\/tirtir-mask-fit-red-cushion-24n-latte-18-g-podklad-w-formie-cushion\/\" \/>\n<meta property=\"og:locale\" content=\"pl_PL\" \/>\n<meta property=\"og:type\" content=\"article\" \/>\n<meta property=\"og:title\" content=\"TIRTIR Mask Fit Red Cushion 24N Latte 18 g - Podk\u0142ad w formie cushion - Selleetools.com\" \/>\n<meta property=\"og:description\" content=\"TIRTIR Mask Fit Red Cushion 24N Latte, 18g to innowacyjny podk\u0142ad, kt\u00f3ry \u0142\u0105czy w sobie funkcje piel\u0119gnacyjne i makija\u017cowe. Zainspirowany trendami korea\u0144skiej piel\u0119gnacji sk\u00f3ry, ten podk\u0142ad w formie cushion zapewnia lekki, naturalny efekt, jednocze\u015bnie dbaj\u0105c o zdrowie i kondycj\u0119 sk\u00f3ry. Dzi\u0119ki zastosowaniu sk\u0142adnik\u00f3w od\u017cywczych, takich jak ekstrakty ro\u015blinne i witaminy, produkt dzia\u0142a nie tylko na ... Read moreTIRTIR Mask Fit Red Cushion 24N Latte 18 g &#8211; Podk\u0142ad w formie cushion\" \/>\n<meta property=\"og:url\" content=\"https:\/\/admincentral.selleetools.com\/pl\/product\/tirtir-mask-fit-red-cushion-24n-latte-18-g-podklad-w-formie-cushion\/\" \/>\n<meta property=\"og:site_name\" content=\"Selleetools.com\" \/>\n<meta property=\"article:modified_time\" content=\"2025-11-03T16:07:51+00:00\" \/>\n<meta property=\"og:image\" content=\"https:\/\/selleetools.com\/wp-content\/uploads\/2025\/10\/568367147cf21f3bec58bb12c6746e08.jpg\" \/>\n\t<meta property=\"og:image:width\" content=\"1000\" \/>\n\t<meta property=\"og:image:height\" content=\"1000\" \/>\n\t<meta property=\"og:image:type\" content=\"image\/jpeg\" \/>\n<meta name=\"twitter:card\" content=\"summary_large_image\" \/>\n<meta name=\"twitter:label1\" content=\"Est. reading time\" \/>\n\t<meta name=\"twitter:data1\" content=\"1 minuta\" \/>\n<!-- \/ Yoast SEO plugin. -->","yoast_head_json":{"title":"TIRTIR Mask Fit Red Cushion 24N Latte 18 g - Podk\u0142ad w formie cushion - Selleetools.com","robots":{"index":"index","follow":"follow","max-snippet":"max-snippet:-1","max-image-preview":"max-image-preview:large","max-video-preview":"max-video-preview:-1"},"canonical":"https:\/\/admincentral.selleetools.com\/pl\/product\/tirtir-mask-fit-red-cushion-24n-latte-18-g-podklad-w-formie-cushion\/","og_locale":"pl_PL","og_type":"article","og_title":"TIRTIR Mask Fit Red Cushion 24N Latte 18 g - Podk\u0142ad w formie cushion - Selleetools.com","og_description":"TIRTIR Mask Fit Red Cushion 24N Latte, 18g to innowacyjny podk\u0142ad, kt\u00f3ry \u0142\u0105czy w sobie funkcje piel\u0119gnacyjne i makija\u017cowe. Zainspirowany trendami korea\u0144skiej piel\u0119gnacji sk\u00f3ry, ten podk\u0142ad w formie cushion zapewnia lekki, naturalny efekt, jednocze\u015bnie dbaj\u0105c o zdrowie i kondycj\u0119 sk\u00f3ry. Dzi\u0119ki zastosowaniu sk\u0142adnik\u00f3w od\u017cywczych, takich jak ekstrakty ro\u015blinne i witaminy, produkt dzia\u0142a nie tylko na ... Read moreTIRTIR Mask Fit Red Cushion 24N Latte 18 g &#8211; Podk\u0142ad w formie cushion","og_url":"https:\/\/admincentral.selleetools.com\/pl\/product\/tirtir-mask-fit-red-cushion-24n-latte-18-g-podklad-w-formie-cushion\/","og_site_name":"Selleetools.com","article_modified_time":"2025-11-03T16:07:51+00:00","og_image":[{"width":1000,"height":1000,"url":"https:\/\/selleetools.com\/wp-content\/uploads\/2025\/10\/568367147cf21f3bec58bb12c6746e08.jpg","type":"image\/jpeg"}],"twitter_card":"summary_large_image","twitter_misc":{"Est. reading time":"1 minuta"},"schema":{"@context":"https:\/\/schema.org","@graph":[{"@type":"Organization","@id":"https:\/\/selleetools.com\/#organization","name":"Selleetools","url":"https:\/\/selleetools.com\/","sameAs":[],"logo":{"@type":"ImageObject","inLanguage":"pl-PL","@id":"https:\/\/selleetools.com\/#\/schema\/logo\/image\/","url":"https:\/\/selleetools.com\/wp-content\/uploads\/2021\/10\/logo-dark.png","contentUrl":"https:\/\/selleetools.com\/wp-content\/uploads\/2021\/10\/logo-dark.png","width":320,"height":76,"caption":"Selleetools"},"image":{"@id":"https:\/\/selleetools.com\/#\/schema\/logo\/image\/"}},{"@type":"WebSite","@id":"https:\/\/selleetools.com\/#website","url":"https:\/\/selleetools.com\/","name":"Selleetools.com","description":"","publisher":{"@id":"https:\/\/selleetools.com\/#organization"},"potentialAction":[{"@type":"SearchAction","target":{"@type":"EntryPoint","urlTemplate":"https:\/\/selleetools.com\/?s={search_term_string}"},"query-input":"required name=search_term_string"}],"inLanguage":"pl-PL"},{"@type":"WebPage","@id":"https:\/\/admincentral.selleetools.com\/pl\/product\/tirtir-mask-fit-red-cushion-24n-latte-18-g-podklad-w-formie-cushion\/","url":"https:\/\/admincentral.selleetools.com\/pl\/product\/tirtir-mask-fit-red-cushion-24n-latte-18-g-podklad-w-formie-cushion\/","name":"TIRTIR Mask Fit Red Cushion 24N Latte 18 g - Podk\u0142ad w formie cushion - Selleetools.com","isPartOf":{"@id":"https:\/\/selleetools.com\/#website"},"datePublished":"2025-10-24T11:44:29+00:00","dateModified":"2025-11-03T16:07:51+00:00","breadcrumb":{"@id":"https:\/\/admincentral.selleetools.com\/pl\/product\/tirtir-mask-fit-red-cushion-24n-latte-18-g-podklad-w-formie-cushion\/#breadcrumb"},"inLanguage":"pl-PL","potentialAction":[{"@type":"ReadAction","target":["https:\/\/admincentral.selleetools.com\/pl\/product\/tirtir-mask-fit-red-cushion-24n-latte-18-g-podklad-w-formie-cushion\/"]}]},{"@type":"BreadcrumbList","@id":"https:\/\/admincentral.selleetools.com\/pl\/product\/tirtir-mask-fit-red-cushion-24n-latte-18-g-podklad-w-formie-cushion\/#breadcrumb","itemListElement":[{"@type":"ListItem","position":1,"name":"Home","item":"https:\/\/selleetools.com\/pl\/"},{"@type":"ListItem","position":2,"name":"Katalog","item":"https:\/\/selleetools.com\/pl\/katalog\/"},{"@type":"ListItem","position":3,"name":"TIRTIR Mask Fit Red Cushion 24N Latte 18 g &#8211; Podk\u0142ad w formie cushion"}]}]}},"_links":{"self":[{"href":"https:\/\/selleetools.com\/pl\/wp-json\/wp\/v2\/product\/606012"}],"collection":[{"href":"https:\/\/selleetools.com\/pl\/wp-json\/wp\/v2\/product"}],"about":[{"href":"https:\/\/selleetools.com\/pl\/wp-json\/wp\/v2\/types\/product"}],"replies":[{"embeddable":true,"href":"https:\/\/selleetools.com\/pl\/wp-json\/wp\/v2\/comments?post=606012"}],"wp:featuredmedia":[{"embeddable":true,"href":"https:\/\/selleetools.com\/pl\/wp-json\/wp\/v2\/media\/606008"}],"wp:attachment":[{"href":"https:\/\/selleetools.com\/pl\/wp-json\/wp\/v2\/media?parent=606012"}],"curies":[{"name":"wp","href":"https:\/\/api.w.org\/{rel}","templated":true}]}}