{"id":605997,"date":"2025-10-24T13:44:18","date_gmt":"2025-10-24T11:44:18","guid":{"rendered":"https:\/\/selleetools.com\/?post_type=product&#038;p=605997"},"modified":"2025-11-03T17:07:52","modified_gmt":"2025-11-03T16:07:52","slug":"biodance-hydro-cera-nol-real-deep-mask-34-g-nawilzajaca-maseczka-do-twarzy","status":"publish","type":"product","link":"https:\/\/selleetools.com\/pl\/product\/biodance-hydro-cera-nol-real-deep-mask-34-g-nawilzajaca-maseczka-do-twarzy\/","title":{"rendered":"BIODANCE Hydro Cera-nol Real Deep Mask 34 g &#8211; nawil\u017caj\u0105ca maseczka do twarzy"},"content":{"rendered":"<p><b>BIODANCE Hydro Cera-nol Real Deep Mask, 34g<\/b> to wyj\u0105tkowa maseczka w p\u0142achcie, stworzona z my\u015bl\u0105 o intensywnym nawil\u017ceniu i odbudowie bariery ochronnej sk\u00f3ry. Zawiera ceramidy oraz panthenol, kt\u00f3re wsp\u00f3lnie wzmacniaj\u0105 i regeneruj\u0105 sk\u00f3r\u0119, chroni\u0105c j\u0105 przed utrat\u0105 wilgoci. Maseczka idealnie sprawdza si\u0119 w piel\u0119gnacji sk\u00f3ry suchej, odwodnionej oraz wra\u017cliwej.<\/p>\n<p><strong>Korzy\u015bci dla sk\u00f3ry:<\/strong><\/p>\n<ul>\n<li>G\u0142\u0119bokie nawil\u017cenie i d\u0142ugotrwa\u0142e zatrzymanie wilgoci.<\/li>\n<li>Wzmocnienie naturalnej bariery ochronnej sk\u00f3ry.<\/li>\n<li>Zmniejszenie podra\u017cnie\u0144 i zaczerwienie\u0144.<\/li>\n<li>Regeneracja suchej i szorstkiej sk\u00f3ry, przywracaj\u0105c jej mi\u0119kko\u015b\u0107.<\/li>\n<li>Poprawa elastyczno\u015bci i g\u0142adko\u015bci sk\u00f3ry.<\/li>\n<\/ul>\n<p><strong>Spos\u00f3b u\u017cycia:<\/strong><\/p>\n<ol>\n<li>Dok\u0142adnie oczy\u015b\u0107 sk\u00f3r\u0119 twarzy i osusz j\u0105 r\u0119cznikiem.<\/li>\n<li>Delikatnie roz\u0142\u00f3\u017c maseczk\u0119 na twarzy, dopasowuj\u0105c j\u0105 do kontur\u00f3w.<\/li>\n<li>Pozostaw na sk\u00f3rze przez 15-20 minut, aby sk\u0142adniki aktywne mog\u0142y wnikn\u0105\u0107 w g\u0142\u0119bsze warstwy sk\u00f3ry.<\/li>\n<li>Po zdj\u0119ciu maseczki, wmasuj pozosta\u0142e serum w sk\u00f3r\u0119, nie sp\u0142ukuj.<\/li>\n<li>Dla najlepszych efekt\u00f3w, stosuj maseczk\u0119 1-2 razy w tygodniu jako cz\u0119\u015b\u0107 intensywnej kuracji nawil\u017caj\u0105co-regeneruj\u0105cej.<\/li>\n<\/ol>\n","protected":false},"excerpt":{"rendered":"<p>BIODANCE Hydro Cera-nol Real Deep Mask, 34g to wyj\u0105tkowa maseczka w p\u0142achcie, stworzona z my\u015bl\u0105 o intensywnym nawil\u017ceniu i odbudowie bariery ochronnej sk\u00f3ry. Zawiera ceramidy oraz panthenol, kt\u00f3re wsp\u00f3lnie wzmacniaj\u0105 i regeneruj\u0105 sk\u00f3r\u0119, chroni\u0105c j\u0105 przed utrat\u0105 wilgoci. Maseczka idealnie sprawdza si\u0119 w piel\u0119gnacji sk\u00f3ry suchej, odwodnionej oraz wra\u017cliwej. Korzy\u015bci dla sk\u00f3ry: G\u0142\u0119bokie nawil\u017cenie i &#8230; <a title=\"BIODANCE Hydro Cera-nol Real Deep Mask 34 g &#8211; nawil\u017caj\u0105ca maseczka do twarzy\" class=\"read-more\" href=\"https:\/\/selleetools.com\/pl\/product\/biodance-hydro-cera-nol-real-deep-mask-34-g-nawilzajaca-maseczka-do-twarzy\/\">Read more<span class=\"screen-reader-text\">BIODANCE Hydro Cera-nol Real Deep Mask 34 g &#8211; nawil\u017caj\u0105ca maseczka do twarzy<\/span><\/a><\/p>\n","protected":false},"featured_media":605995,"comment_status":"open","ping_status":"closed","template":"","meta":{"_links_to":"","_links_to_target":""},"yoast_head":"<!-- This site is optimized with the Yoast SEO plugin v19.4 - https:\/\/yoast.com\/wordpress\/plugins\/seo\/ -->\n<title>BIODANCE Hydro Cera-nol Real Deep Mask 34 g - nawil\u017caj\u0105ca maseczka do twarzy - Selleetools.com<\/title>\n<meta name=\"robots\" content=\"index, follow, max-snippet:-1, max-image-preview:large, max-video-preview:-1\" \/>\n<link rel=\"canonical\" href=\"https:\/\/admincentral.selleetools.com\/pl\/product\/biodance-hydro-cera-nol-real-deep-mask-34-g-nawilzajaca-maseczka-do-twarzy\/\" \/>\n<meta property=\"og:locale\" content=\"pl_PL\" \/>\n<meta property=\"og:type\" content=\"article\" \/>\n<meta property=\"og:title\" content=\"BIODANCE Hydro Cera-nol Real Deep Mask 34 g - nawil\u017caj\u0105ca maseczka do twarzy - Selleetools.com\" \/>\n<meta property=\"og:description\" content=\"BIODANCE Hydro Cera-nol Real Deep Mask, 34g to wyj\u0105tkowa maseczka w p\u0142achcie, stworzona z my\u015bl\u0105 o intensywnym nawil\u017ceniu i odbudowie bariery ochronnej sk\u00f3ry. Zawiera ceramidy oraz panthenol, kt\u00f3re wsp\u00f3lnie wzmacniaj\u0105 i regeneruj\u0105 sk\u00f3r\u0119, chroni\u0105c j\u0105 przed utrat\u0105 wilgoci. Maseczka idealnie sprawdza si\u0119 w piel\u0119gnacji sk\u00f3ry suchej, odwodnionej oraz wra\u017cliwej. Korzy\u015bci dla sk\u00f3ry: G\u0142\u0119bokie nawil\u017cenie i ... Read moreBIODANCE Hydro Cera-nol Real Deep Mask 34 g &#8211; nawil\u017caj\u0105ca maseczka do twarzy\" \/>\n<meta property=\"og:url\" content=\"https:\/\/admincentral.selleetools.com\/pl\/product\/biodance-hydro-cera-nol-real-deep-mask-34-g-nawilzajaca-maseczka-do-twarzy\/\" \/>\n<meta property=\"og:site_name\" content=\"Selleetools.com\" \/>\n<meta property=\"article:modified_time\" content=\"2025-11-03T16:07:52+00:00\" \/>\n<meta property=\"og:image\" content=\"https:\/\/selleetools.com\/wp-content\/uploads\/2025\/10\/db0efaad133866c439dac9036113168c.jpg\" \/>\n\t<meta property=\"og:image:width\" content=\"1200\" \/>\n\t<meta property=\"og:image:height\" content=\"1200\" \/>\n\t<meta property=\"og:image:type\" content=\"image\/jpeg\" \/>\n<meta name=\"twitter:card\" content=\"summary_large_image\" \/>\n<meta name=\"twitter:label1\" content=\"Est. reading time\" \/>\n\t<meta name=\"twitter:data1\" content=\"1 minuta\" \/>\n<!-- \/ Yoast SEO plugin. -->","yoast_head_json":{"title":"BIODANCE Hydro Cera-nol Real Deep Mask 34 g - nawil\u017caj\u0105ca maseczka do twarzy - Selleetools.com","robots":{"index":"index","follow":"follow","max-snippet":"max-snippet:-1","max-image-preview":"max-image-preview:large","max-video-preview":"max-video-preview:-1"},"canonical":"https:\/\/admincentral.selleetools.com\/pl\/product\/biodance-hydro-cera-nol-real-deep-mask-34-g-nawilzajaca-maseczka-do-twarzy\/","og_locale":"pl_PL","og_type":"article","og_title":"BIODANCE Hydro Cera-nol Real Deep Mask 34 g - nawil\u017caj\u0105ca maseczka do twarzy - Selleetools.com","og_description":"BIODANCE Hydro Cera-nol Real Deep Mask, 34g to wyj\u0105tkowa maseczka w p\u0142achcie, stworzona z my\u015bl\u0105 o intensywnym nawil\u017ceniu i odbudowie bariery ochronnej sk\u00f3ry. Zawiera ceramidy oraz panthenol, kt\u00f3re wsp\u00f3lnie wzmacniaj\u0105 i regeneruj\u0105 sk\u00f3r\u0119, chroni\u0105c j\u0105 przed utrat\u0105 wilgoci. Maseczka idealnie sprawdza si\u0119 w piel\u0119gnacji sk\u00f3ry suchej, odwodnionej oraz wra\u017cliwej. Korzy\u015bci dla sk\u00f3ry: G\u0142\u0119bokie nawil\u017cenie i ... Read moreBIODANCE Hydro Cera-nol Real Deep Mask 34 g &#8211; nawil\u017caj\u0105ca maseczka do twarzy","og_url":"https:\/\/admincentral.selleetools.com\/pl\/product\/biodance-hydro-cera-nol-real-deep-mask-34-g-nawilzajaca-maseczka-do-twarzy\/","og_site_name":"Selleetools.com","article_modified_time":"2025-11-03T16:07:52+00:00","og_image":[{"width":1200,"height":1200,"url":"https:\/\/selleetools.com\/wp-content\/uploads\/2025\/10\/db0efaad133866c439dac9036113168c.jpg","type":"image\/jpeg"}],"twitter_card":"summary_large_image","twitter_misc":{"Est. reading time":"1 minuta"},"schema":{"@context":"https:\/\/schema.org","@graph":[{"@type":"Organization","@id":"https:\/\/selleetools.com\/#organization","name":"Selleetools","url":"https:\/\/selleetools.com\/","sameAs":[],"logo":{"@type":"ImageObject","inLanguage":"pl-PL","@id":"https:\/\/selleetools.com\/#\/schema\/logo\/image\/","url":"https:\/\/selleetools.com\/wp-content\/uploads\/2021\/10\/logo-dark.png","contentUrl":"https:\/\/selleetools.com\/wp-content\/uploads\/2021\/10\/logo-dark.png","width":320,"height":76,"caption":"Selleetools"},"image":{"@id":"https:\/\/selleetools.com\/#\/schema\/logo\/image\/"}},{"@type":"WebSite","@id":"https:\/\/selleetools.com\/#website","url":"https:\/\/selleetools.com\/","name":"Selleetools.com","description":"","publisher":{"@id":"https:\/\/selleetools.com\/#organization"},"potentialAction":[{"@type":"SearchAction","target":{"@type":"EntryPoint","urlTemplate":"https:\/\/selleetools.com\/?s={search_term_string}"},"query-input":"required name=search_term_string"}],"inLanguage":"pl-PL"},{"@type":"WebPage","@id":"https:\/\/admincentral.selleetools.com\/pl\/product\/biodance-hydro-cera-nol-real-deep-mask-34-g-nawilzajaca-maseczka-do-twarzy\/","url":"https:\/\/admincentral.selleetools.com\/pl\/product\/biodance-hydro-cera-nol-real-deep-mask-34-g-nawilzajaca-maseczka-do-twarzy\/","name":"BIODANCE Hydro Cera-nol Real Deep Mask 34 g - nawil\u017caj\u0105ca maseczka do twarzy - Selleetools.com","isPartOf":{"@id":"https:\/\/selleetools.com\/#website"},"datePublished":"2025-10-24T11:44:18+00:00","dateModified":"2025-11-03T16:07:52+00:00","breadcrumb":{"@id":"https:\/\/admincentral.selleetools.com\/pl\/product\/biodance-hydro-cera-nol-real-deep-mask-34-g-nawilzajaca-maseczka-do-twarzy\/#breadcrumb"},"inLanguage":"pl-PL","potentialAction":[{"@type":"ReadAction","target":["https:\/\/admincentral.selleetools.com\/pl\/product\/biodance-hydro-cera-nol-real-deep-mask-34-g-nawilzajaca-maseczka-do-twarzy\/"]}]},{"@type":"BreadcrumbList","@id":"https:\/\/admincentral.selleetools.com\/pl\/product\/biodance-hydro-cera-nol-real-deep-mask-34-g-nawilzajaca-maseczka-do-twarzy\/#breadcrumb","itemListElement":[{"@type":"ListItem","position":1,"name":"Home","item":"https:\/\/selleetools.com\/pl\/"},{"@type":"ListItem","position":2,"name":"Katalog","item":"https:\/\/selleetools.com\/pl\/katalog\/"},{"@type":"ListItem","position":3,"name":"BIODANCE Hydro Cera-nol Real Deep Mask 34 g &#8211; nawil\u017caj\u0105ca maseczka do twarzy"}]}]}},"_links":{"self":[{"href":"https:\/\/selleetools.com\/pl\/wp-json\/wp\/v2\/product\/605997"}],"collection":[{"href":"https:\/\/selleetools.com\/pl\/wp-json\/wp\/v2\/product"}],"about":[{"href":"https:\/\/selleetools.com\/pl\/wp-json\/wp\/v2\/types\/product"}],"replies":[{"embeddable":true,"href":"https:\/\/selleetools.com\/pl\/wp-json\/wp\/v2\/comments?post=605997"}],"wp:featuredmedia":[{"embeddable":true,"href":"https:\/\/selleetools.com\/pl\/wp-json\/wp\/v2\/media\/605995"}],"wp:attachment":[{"href":"https:\/\/selleetools.com\/pl\/wp-json\/wp\/v2\/media?parent=605997"}],"curies":[{"name":"wp","href":"https:\/\/api.w.org\/{rel}","templated":true}]}}