{"id":605994,"date":"2025-10-24T13:44:15","date_gmt":"2025-10-24T11:44:15","guid":{"rendered":"https:\/\/selleetools.com\/?post_type=product&#038;p=605994"},"modified":"2025-11-04T20:54:30","modified_gmt":"2025-11-04T19:54:30","slug":"biodance-bio-collagen-real-deep-mask-34-g-kolagenowa-maska-do-twarzy","status":"publish","type":"product","link":"https:\/\/selleetools.com\/pl\/product\/biodance-bio-collagen-real-deep-mask-34-g-kolagenowa-maska-do-twarzy\/","title":{"rendered":"BIODANCE Bio-Collagen Real Deep Mask, 34 g &#8211; kolagenowa maska do twarzy"},"content":{"rendered":"<p><b>BIODANCE Bio-Collagen Real Deep Mask, 34g <\/b>to luksusowa maseczka w p\u0142achcie, kt\u00f3ra intensywnie nawil\u017ca i regeneruje sk\u00f3r\u0119. Wykonana z naturalnych sk\u0142adnik\u00f3w, bogata w bio-kolagen, g\u0142\u0119boko od\u017cywia i wspomaga odbudow\u0119 sk\u00f3ry, nadaj\u0105c jej j\u0119drno\u015b\u0107 i elastyczno\u015b\u0107. Idealna do wszystkich typ\u00f3w cery, szczeg\u00f3lnie polecana dla sk\u00f3ry zm\u0119czonej i pozbawionej blasku.<\/p>\n<p><strong>Korzy\u015bci dla sk\u00f3ry:<\/strong><\/p>\n<ul>\n<li>G\u0142\u0119bokie nawil\u017cenie i od\u017cywienie.<\/li>\n<li>Zwi\u0119kszenie elastyczno\u015bci i j\u0119drno\u015bci sk\u00f3ry.<\/li>\n<li>Redukcja widoczno\u015bci drobnych zmarszczek i linii.<\/li>\n<li>Przywr\u00f3cenie sk\u00f3rze zdrowego, promiennego wygl\u0105du.<\/li>\n<li>Kojenie podra\u017cnie\u0144 i regeneracja nask\u00f3rka.<\/li>\n<\/ul>\n<p><b>Spos\u00f3b u\u017cycia:<\/b><\/p>\n<ol>\n<li>Oczy\u015b\u0107 sk\u00f3r\u0119 twarzy i osusz j\u0105 delikatnie r\u0119cznikiem.<\/li>\n<li>Na\u0142\u00f3\u017c maseczk\u0119 na twarz, dopasowuj\u0105c j\u0105 do kontur\u00f3w.<\/li>\n<li>Pozostaw na sk\u00f3rze na 3-4 godziny, aby sk\u0142adniki aktywne mog\u0142y si\u0119 wch\u0142on\u0105\u0107.<\/li>\n<li>Po zdj\u0119ciu maseczki, wmasuj resztki serum w sk\u00f3r\u0119, nie sp\u0142ukuj.<\/li>\n<li>Dla optymalnych rezultat\u00f3w, stosuj maseczk\u0119 1-2 razy w tygodniu, jako cz\u0119\u015b\u0107 intensywnej kuracji piel\u0119gnacyjnej.<\/li>\n<\/ol>\n","protected":false},"excerpt":{"rendered":"<p>BIODANCE Bio-Collagen Real Deep Mask, 34g to luksusowa maseczka w p\u0142achcie, kt\u00f3ra intensywnie nawil\u017ca i regeneruje sk\u00f3r\u0119. Wykonana z naturalnych sk\u0142adnik\u00f3w, bogata w bio-kolagen, g\u0142\u0119boko od\u017cywia i wspomaga odbudow\u0119 sk\u00f3ry, nadaj\u0105c jej j\u0119drno\u015b\u0107 i elastyczno\u015b\u0107. Idealna do wszystkich typ\u00f3w cery, szczeg\u00f3lnie polecana dla sk\u00f3ry zm\u0119czonej i pozbawionej blasku. Korzy\u015bci dla sk\u00f3ry: G\u0142\u0119bokie nawil\u017cenie i od\u017cywienie. &#8230; <a title=\"BIODANCE Bio-Collagen Real Deep Mask, 34 g &#8211; kolagenowa maska do twarzy\" class=\"read-more\" href=\"https:\/\/selleetools.com\/pl\/product\/biodance-bio-collagen-real-deep-mask-34-g-kolagenowa-maska-do-twarzy\/\">Read more<span class=\"screen-reader-text\">BIODANCE Bio-Collagen Real Deep Mask, 34 g &#8211; kolagenowa maska do twarzy<\/span><\/a><\/p>\n","protected":false},"featured_media":605992,"comment_status":"open","ping_status":"closed","template":"","meta":{"_links_to":"","_links_to_target":""},"yoast_head":"<!-- This site is optimized with the Yoast SEO plugin v19.4 - https:\/\/yoast.com\/wordpress\/plugins\/seo\/ -->\n<title>BIODANCE Bio-Collagen Real Deep Mask, 34 g - kolagenowa maska do twarzy - Selleetools.com<\/title>\n<meta name=\"robots\" content=\"index, follow, max-snippet:-1, max-image-preview:large, max-video-preview:-1\" \/>\n<link rel=\"canonical\" href=\"https:\/\/selleetools.com\/pl\/product\/biodance-bio-collagen-real-deep-mask-34-g-kolagenowa-maska-do-twarzy\/\" \/>\n<meta property=\"og:locale\" content=\"pl_PL\" \/>\n<meta property=\"og:type\" content=\"article\" \/>\n<meta property=\"og:title\" content=\"BIODANCE Bio-Collagen Real Deep Mask, 34 g - kolagenowa maska do twarzy - Selleetools.com\" \/>\n<meta property=\"og:description\" content=\"BIODANCE Bio-Collagen Real Deep Mask, 34g to luksusowa maseczka w p\u0142achcie, kt\u00f3ra intensywnie nawil\u017ca i regeneruje sk\u00f3r\u0119. Wykonana z naturalnych sk\u0142adnik\u00f3w, bogata w bio-kolagen, g\u0142\u0119boko od\u017cywia i wspomaga odbudow\u0119 sk\u00f3ry, nadaj\u0105c jej j\u0119drno\u015b\u0107 i elastyczno\u015b\u0107. Idealna do wszystkich typ\u00f3w cery, szczeg\u00f3lnie polecana dla sk\u00f3ry zm\u0119czonej i pozbawionej blasku. Korzy\u015bci dla sk\u00f3ry: G\u0142\u0119bokie nawil\u017cenie i od\u017cywienie. ... Read moreBIODANCE Bio-Collagen Real Deep Mask, 34 g &#8211; kolagenowa maska do twarzy\" \/>\n<meta property=\"og:url\" content=\"https:\/\/selleetools.com\/pl\/product\/biodance-bio-collagen-real-deep-mask-34-g-kolagenowa-maska-do-twarzy\/\" \/>\n<meta property=\"og:site_name\" content=\"Selleetools.com\" \/>\n<meta property=\"article:modified_time\" content=\"2025-11-04T19:54:30+00:00\" \/>\n<meta property=\"og:image\" content=\"https:\/\/selleetools.com\/wp-content\/uploads\/2025\/10\/b71554da73fb049cfe6f74e6b6a5ad40.jpg\" \/>\n\t<meta property=\"og:image:width\" content=\"1200\" \/>\n\t<meta property=\"og:image:height\" content=\"1200\" \/>\n\t<meta property=\"og:image:type\" content=\"image\/jpeg\" \/>\n<meta name=\"twitter:card\" content=\"summary_large_image\" \/>\n<meta name=\"twitter:label1\" content=\"Est. reading time\" \/>\n\t<meta name=\"twitter:data1\" content=\"1 minuta\" \/>\n<!-- \/ Yoast SEO plugin. -->","yoast_head_json":{"title":"BIODANCE Bio-Collagen Real Deep Mask, 34 g - kolagenowa maska do twarzy - Selleetools.com","robots":{"index":"index","follow":"follow","max-snippet":"max-snippet:-1","max-image-preview":"max-image-preview:large","max-video-preview":"max-video-preview:-1"},"canonical":"https:\/\/selleetools.com\/pl\/product\/biodance-bio-collagen-real-deep-mask-34-g-kolagenowa-maska-do-twarzy\/","og_locale":"pl_PL","og_type":"article","og_title":"BIODANCE Bio-Collagen Real Deep Mask, 34 g - kolagenowa maska do twarzy - Selleetools.com","og_description":"BIODANCE Bio-Collagen Real Deep Mask, 34g to luksusowa maseczka w p\u0142achcie, kt\u00f3ra intensywnie nawil\u017ca i regeneruje sk\u00f3r\u0119. Wykonana z naturalnych sk\u0142adnik\u00f3w, bogata w bio-kolagen, g\u0142\u0119boko od\u017cywia i wspomaga odbudow\u0119 sk\u00f3ry, nadaj\u0105c jej j\u0119drno\u015b\u0107 i elastyczno\u015b\u0107. Idealna do wszystkich typ\u00f3w cery, szczeg\u00f3lnie polecana dla sk\u00f3ry zm\u0119czonej i pozbawionej blasku. Korzy\u015bci dla sk\u00f3ry: G\u0142\u0119bokie nawil\u017cenie i od\u017cywienie. ... Read moreBIODANCE Bio-Collagen Real Deep Mask, 34 g &#8211; kolagenowa maska do twarzy","og_url":"https:\/\/selleetools.com\/pl\/product\/biodance-bio-collagen-real-deep-mask-34-g-kolagenowa-maska-do-twarzy\/","og_site_name":"Selleetools.com","article_modified_time":"2025-11-04T19:54:30+00:00","og_image":[{"width":1200,"height":1200,"url":"https:\/\/selleetools.com\/wp-content\/uploads\/2025\/10\/b71554da73fb049cfe6f74e6b6a5ad40.jpg","type":"image\/jpeg"}],"twitter_card":"summary_large_image","twitter_misc":{"Est. reading time":"1 minuta"},"schema":{"@context":"https:\/\/schema.org","@graph":[{"@type":"Organization","@id":"https:\/\/selleetools.com\/#organization","name":"Selleetools","url":"https:\/\/selleetools.com\/","sameAs":[],"logo":{"@type":"ImageObject","inLanguage":"pl-PL","@id":"https:\/\/selleetools.com\/#\/schema\/logo\/image\/","url":"https:\/\/selleetools.com\/wp-content\/uploads\/2021\/10\/logo-dark.png","contentUrl":"https:\/\/selleetools.com\/wp-content\/uploads\/2021\/10\/logo-dark.png","width":320,"height":76,"caption":"Selleetools"},"image":{"@id":"https:\/\/selleetools.com\/#\/schema\/logo\/image\/"}},{"@type":"WebSite","@id":"https:\/\/selleetools.com\/#website","url":"https:\/\/selleetools.com\/","name":"Selleetools.com","description":"","publisher":{"@id":"https:\/\/selleetools.com\/#organization"},"potentialAction":[{"@type":"SearchAction","target":{"@type":"EntryPoint","urlTemplate":"https:\/\/selleetools.com\/?s={search_term_string}"},"query-input":"required name=search_term_string"}],"inLanguage":"pl-PL"},{"@type":"WebPage","@id":"https:\/\/selleetools.com\/pl\/product\/biodance-bio-collagen-real-deep-mask-34-g-kolagenowa-maska-do-twarzy\/","url":"https:\/\/selleetools.com\/pl\/product\/biodance-bio-collagen-real-deep-mask-34-g-kolagenowa-maska-do-twarzy\/","name":"BIODANCE Bio-Collagen Real Deep Mask, 34 g - kolagenowa maska do twarzy - Selleetools.com","isPartOf":{"@id":"https:\/\/selleetools.com\/#website"},"datePublished":"2025-10-24T11:44:15+00:00","dateModified":"2025-11-04T19:54:30+00:00","breadcrumb":{"@id":"https:\/\/selleetools.com\/pl\/product\/biodance-bio-collagen-real-deep-mask-34-g-kolagenowa-maska-do-twarzy\/#breadcrumb"},"inLanguage":"pl-PL","potentialAction":[{"@type":"ReadAction","target":["https:\/\/selleetools.com\/pl\/product\/biodance-bio-collagen-real-deep-mask-34-g-kolagenowa-maska-do-twarzy\/"]}]},{"@type":"BreadcrumbList","@id":"https:\/\/selleetools.com\/pl\/product\/biodance-bio-collagen-real-deep-mask-34-g-kolagenowa-maska-do-twarzy\/#breadcrumb","itemListElement":[{"@type":"ListItem","position":1,"name":"Home","item":"https:\/\/selleetools.com\/pl\/"},{"@type":"ListItem","position":2,"name":"Katalog","item":"https:\/\/selleetools.com\/pl\/katalog\/"},{"@type":"ListItem","position":3,"name":"BIODANCE Bio-Collagen Real Deep Mask, 34 g &#8211; kolagenowa maska do twarzy"}]}]}},"_links":{"self":[{"href":"https:\/\/selleetools.com\/pl\/wp-json\/wp\/v2\/product\/605994"}],"collection":[{"href":"https:\/\/selleetools.com\/pl\/wp-json\/wp\/v2\/product"}],"about":[{"href":"https:\/\/selleetools.com\/pl\/wp-json\/wp\/v2\/types\/product"}],"replies":[{"embeddable":true,"href":"https:\/\/selleetools.com\/pl\/wp-json\/wp\/v2\/comments?post=605994"}],"wp:featuredmedia":[{"embeddable":true,"href":"https:\/\/selleetools.com\/pl\/wp-json\/wp\/v2\/media\/605992"}],"wp:attachment":[{"href":"https:\/\/selleetools.com\/pl\/wp-json\/wp\/v2\/media?parent=605994"}],"curies":[{"name":"wp","href":"https:\/\/api.w.org\/{rel}","templated":true}]}}