{"id":605991,"date":"2025-10-24T13:44:13","date_gmt":"2025-10-24T11:44:13","guid":{"rendered":"https:\/\/selleetools.com\/?post_type=product&#038;p=605991"},"modified":"2025-11-04T20:43:17","modified_gmt":"2025-11-04T19:43:17","slug":"biodance-first-synergy-toner-150-ml-wielofunkcyjny-tonik-do-twarzy","status":"publish","type":"product","link":"https:\/\/selleetools.com\/pl\/product\/biodance-first-synergy-toner-150-ml-wielofunkcyjny-tonik-do-twarzy\/","title":{"rendered":"BIODANCE First Synergy Toner, 150 ml &#8211; wielofunkcyjny tonik do twarzy"},"content":{"rendered":"<p>BIODANCE First Synergy Toner to wielofunkcyjny tonik do twarzy, kt\u00f3ry zapewnia intensywne nawil\u017cenie, \u0142agodzenie oraz wsparcie dla bariery ochronnej sk\u00f3ry ju\u017c od pierwszego kroku piel\u0119gnacji. Lekka, szybko wch\u0142aniaj\u0105ca si\u0119 formu\u0142a zawiera kompleks sk\u0142adnik\u00f3w nawil\u017caj\u0105cych i koj\u0105cych, dzi\u0119ki czemu idealnie przygotowuje sk\u00f3r\u0119 na kolejne etapy piel\u0119gnacji. Tonik sprawdzi si\u0119 w przypadku ka\u017cdego typu cery, r\u00f3wnie\u017c wra\u017cliwej i odwodnionej.<\/p>\n<p>Korzy\u015bci dla sk\u00f3ry:<br \/>\nDog\u0142\u0119bnie nawil\u017ca i przywraca r\u00f3wnowag\u0119 hydrolipidow\u0105<br \/>\n\u0141agodzi podra\u017cnienia i wzmacnia barier\u0119 ochronn\u0105<br \/>\nWyg\u0142adza i poprawia elastyczno\u015b\u0107 sk\u00f3ry<br \/>\nPrzygotowuje sk\u00f3r\u0119 do lepszego wch\u0142aniania kolejnych kosmetyk\u00f3w<br \/>\nOd\u015bwie\u017ca i przywraca sk\u00f3rze zdrowy, promienny wygl\u0105d<\/p>\n<p>Spos\u00f3b u\u017cycia: Po oczyszczeniu sk\u00f3ry, nanie\u015b odpowiedni\u0105 ilo\u015b\u0107 toniku na d\u0142onie lub p\u0142atek kosmetyczny i delikatnie wklep w twarz oraz szyj\u0119. Stosuj rano i wieczorem jako pierwszy krok piel\u0119gnacyjny po oczyszczaniu.<\/p>\n","protected":false},"excerpt":{"rendered":"<p>BIODANCE First Synergy Toner to wielofunkcyjny tonik do twarzy, kt\u00f3ry zapewnia intensywne nawil\u017cenie, \u0142agodzenie oraz wsparcie dla bariery ochronnej sk\u00f3ry ju\u017c od pierwszego kroku piel\u0119gnacji. Lekka, szybko wch\u0142aniaj\u0105ca si\u0119 formu\u0142a zawiera kompleks sk\u0142adnik\u00f3w nawil\u017caj\u0105cych i koj\u0105cych, dzi\u0119ki czemu idealnie przygotowuje sk\u00f3r\u0119 na kolejne etapy piel\u0119gnacji. Tonik sprawdzi si\u0119 w przypadku ka\u017cdego typu cery, r\u00f3wnie\u017c wra\u017cliwej &#8230; <a title=\"BIODANCE First Synergy Toner, 150 ml &#8211; wielofunkcyjny tonik do twarzy\" class=\"read-more\" href=\"https:\/\/selleetools.com\/pl\/product\/biodance-first-synergy-toner-150-ml-wielofunkcyjny-tonik-do-twarzy\/\">Read more<span class=\"screen-reader-text\">BIODANCE First Synergy Toner, 150 ml &#8211; wielofunkcyjny tonik do twarzy<\/span><\/a><\/p>\n","protected":false},"featured_media":605989,"comment_status":"open","ping_status":"closed","template":"","meta":{"_links_to":"","_links_to_target":""},"yoast_head":"<!-- This site is optimized with the Yoast SEO plugin v19.4 - https:\/\/yoast.com\/wordpress\/plugins\/seo\/ -->\n<title>BIODANCE First Synergy Toner, 150 ml - wielofunkcyjny tonik do twarzy - Selleetools.com<\/title>\n<meta name=\"robots\" content=\"index, follow, max-snippet:-1, max-image-preview:large, max-video-preview:-1\" \/>\n<link rel=\"canonical\" href=\"https:\/\/selleetools.com\/pl\/product\/biodance-first-synergy-toner-150-ml-wielofunkcyjny-tonik-do-twarzy\/\" \/>\n<meta property=\"og:locale\" content=\"pl_PL\" \/>\n<meta property=\"og:type\" content=\"article\" \/>\n<meta property=\"og:title\" content=\"BIODANCE First Synergy Toner, 150 ml - wielofunkcyjny tonik do twarzy - Selleetools.com\" \/>\n<meta property=\"og:description\" content=\"BIODANCE First Synergy Toner to wielofunkcyjny tonik do twarzy, kt\u00f3ry zapewnia intensywne nawil\u017cenie, \u0142agodzenie oraz wsparcie dla bariery ochronnej sk\u00f3ry ju\u017c od pierwszego kroku piel\u0119gnacji. Lekka, szybko wch\u0142aniaj\u0105ca si\u0119 formu\u0142a zawiera kompleks sk\u0142adnik\u00f3w nawil\u017caj\u0105cych i koj\u0105cych, dzi\u0119ki czemu idealnie przygotowuje sk\u00f3r\u0119 na kolejne etapy piel\u0119gnacji. Tonik sprawdzi si\u0119 w przypadku ka\u017cdego typu cery, r\u00f3wnie\u017c wra\u017cliwej ... Read moreBIODANCE First Synergy Toner, 150 ml &#8211; wielofunkcyjny tonik do twarzy\" \/>\n<meta property=\"og:url\" content=\"https:\/\/selleetools.com\/pl\/product\/biodance-first-synergy-toner-150-ml-wielofunkcyjny-tonik-do-twarzy\/\" \/>\n<meta property=\"og:site_name\" content=\"Selleetools.com\" \/>\n<meta property=\"article:modified_time\" content=\"2025-11-04T19:43:17+00:00\" \/>\n<meta property=\"og:image\" content=\"https:\/\/selleetools.com\/wp-content\/uploads\/2025\/10\/1.jpg\" \/>\n\t<meta property=\"og:image:width\" content=\"1200\" \/>\n\t<meta property=\"og:image:height\" content=\"1200\" \/>\n\t<meta property=\"og:image:type\" content=\"image\/jpeg\" \/>\n<meta name=\"twitter:card\" content=\"summary_large_image\" \/>\n<meta name=\"twitter:label1\" content=\"Est. reading time\" \/>\n\t<meta name=\"twitter:data1\" content=\"1 minuta\" \/>\n<!-- \/ Yoast SEO plugin. -->","yoast_head_json":{"title":"BIODANCE First Synergy Toner, 150 ml - wielofunkcyjny tonik do twarzy - Selleetools.com","robots":{"index":"index","follow":"follow","max-snippet":"max-snippet:-1","max-image-preview":"max-image-preview:large","max-video-preview":"max-video-preview:-1"},"canonical":"https:\/\/selleetools.com\/pl\/product\/biodance-first-synergy-toner-150-ml-wielofunkcyjny-tonik-do-twarzy\/","og_locale":"pl_PL","og_type":"article","og_title":"BIODANCE First Synergy Toner, 150 ml - wielofunkcyjny tonik do twarzy - Selleetools.com","og_description":"BIODANCE First Synergy Toner to wielofunkcyjny tonik do twarzy, kt\u00f3ry zapewnia intensywne nawil\u017cenie, \u0142agodzenie oraz wsparcie dla bariery ochronnej sk\u00f3ry ju\u017c od pierwszego kroku piel\u0119gnacji. Lekka, szybko wch\u0142aniaj\u0105ca si\u0119 formu\u0142a zawiera kompleks sk\u0142adnik\u00f3w nawil\u017caj\u0105cych i koj\u0105cych, dzi\u0119ki czemu idealnie przygotowuje sk\u00f3r\u0119 na kolejne etapy piel\u0119gnacji. Tonik sprawdzi si\u0119 w przypadku ka\u017cdego typu cery, r\u00f3wnie\u017c wra\u017cliwej ... Read moreBIODANCE First Synergy Toner, 150 ml &#8211; wielofunkcyjny tonik do twarzy","og_url":"https:\/\/selleetools.com\/pl\/product\/biodance-first-synergy-toner-150-ml-wielofunkcyjny-tonik-do-twarzy\/","og_site_name":"Selleetools.com","article_modified_time":"2025-11-04T19:43:17+00:00","og_image":[{"width":1200,"height":1200,"url":"https:\/\/selleetools.com\/wp-content\/uploads\/2025\/10\/1.jpg","type":"image\/jpeg"}],"twitter_card":"summary_large_image","twitter_misc":{"Est. reading time":"1 minuta"},"schema":{"@context":"https:\/\/schema.org","@graph":[{"@type":"Organization","@id":"https:\/\/selleetools.com\/#organization","name":"Selleetools","url":"https:\/\/selleetools.com\/","sameAs":[],"logo":{"@type":"ImageObject","inLanguage":"pl-PL","@id":"https:\/\/selleetools.com\/#\/schema\/logo\/image\/","url":"https:\/\/selleetools.com\/wp-content\/uploads\/2021\/10\/logo-dark.png","contentUrl":"https:\/\/selleetools.com\/wp-content\/uploads\/2021\/10\/logo-dark.png","width":320,"height":76,"caption":"Selleetools"},"image":{"@id":"https:\/\/selleetools.com\/#\/schema\/logo\/image\/"}},{"@type":"WebSite","@id":"https:\/\/selleetools.com\/#website","url":"https:\/\/selleetools.com\/","name":"Selleetools.com","description":"","publisher":{"@id":"https:\/\/selleetools.com\/#organization"},"potentialAction":[{"@type":"SearchAction","target":{"@type":"EntryPoint","urlTemplate":"https:\/\/selleetools.com\/?s={search_term_string}"},"query-input":"required name=search_term_string"}],"inLanguage":"pl-PL"},{"@type":"WebPage","@id":"https:\/\/selleetools.com\/pl\/product\/biodance-first-synergy-toner-150-ml-wielofunkcyjny-tonik-do-twarzy\/","url":"https:\/\/selleetools.com\/pl\/product\/biodance-first-synergy-toner-150-ml-wielofunkcyjny-tonik-do-twarzy\/","name":"BIODANCE First Synergy Toner, 150 ml - wielofunkcyjny tonik do twarzy - Selleetools.com","isPartOf":{"@id":"https:\/\/selleetools.com\/#website"},"datePublished":"2025-10-24T11:44:13+00:00","dateModified":"2025-11-04T19:43:17+00:00","breadcrumb":{"@id":"https:\/\/selleetools.com\/pl\/product\/biodance-first-synergy-toner-150-ml-wielofunkcyjny-tonik-do-twarzy\/#breadcrumb"},"inLanguage":"pl-PL","potentialAction":[{"@type":"ReadAction","target":["https:\/\/selleetools.com\/pl\/product\/biodance-first-synergy-toner-150-ml-wielofunkcyjny-tonik-do-twarzy\/"]}]},{"@type":"BreadcrumbList","@id":"https:\/\/selleetools.com\/pl\/product\/biodance-first-synergy-toner-150-ml-wielofunkcyjny-tonik-do-twarzy\/#breadcrumb","itemListElement":[{"@type":"ListItem","position":1,"name":"Home","item":"https:\/\/selleetools.com\/pl\/"},{"@type":"ListItem","position":2,"name":"Katalog","item":"https:\/\/selleetools.com\/pl\/katalog\/"},{"@type":"ListItem","position":3,"name":"BIODANCE First Synergy Toner, 150 ml &#8211; wielofunkcyjny tonik do twarzy"}]}]}},"_links":{"self":[{"href":"https:\/\/selleetools.com\/pl\/wp-json\/wp\/v2\/product\/605991"}],"collection":[{"href":"https:\/\/selleetools.com\/pl\/wp-json\/wp\/v2\/product"}],"about":[{"href":"https:\/\/selleetools.com\/pl\/wp-json\/wp\/v2\/types\/product"}],"replies":[{"embeddable":true,"href":"https:\/\/selleetools.com\/pl\/wp-json\/wp\/v2\/comments?post=605991"}],"wp:featuredmedia":[{"embeddable":true,"href":"https:\/\/selleetools.com\/pl\/wp-json\/wp\/v2\/media\/605989"}],"wp:attachment":[{"href":"https:\/\/selleetools.com\/pl\/wp-json\/wp\/v2\/media?parent=605991"}],"curies":[{"name":"wp","href":"https:\/\/api.w.org\/{rel}","templated":true}]}}