{"id":605955,"date":"2025-10-24T13:43:46","date_gmt":"2025-10-24T11:43:46","guid":{"rendered":"https:\/\/selleetools.com\/?post_type=product&#038;p=605955"},"modified":"2025-11-03T17:07:57","modified_gmt":"2025-11-03T16:07:57","slug":"anua-niacinamide-10-txa-4-serum-30-ml-serum-na-przebarwienia","status":"publish","type":"product","link":"https:\/\/selleetools.com\/pl\/product\/anua-niacinamide-10-txa-4-serum-30-ml-serum-na-przebarwienia\/","title":{"rendered":"ANUA NIACINAMIDE 10% + TXA 4% SERUM 30 ml &#8211; serum na przebarwienia"},"content":{"rendered":"<p><b>ANUA Niacinamide 10% + TXA 4% Serum<\/b> to silnie dzia\u0142aj\u0105ce serum do twarzy, stworzone z my\u015bl\u0105 o poprawie wygl\u0105du sk\u00f3ry poprzez redukcj\u0119 przebarwie\u0144, wyr\u00f3wnanie kolorytu oraz zmniejszenie widoczno\u015bci niedoskona\u0142o\u015bci. Formu\u0142a zawiera 10% niacynamidu i 4% kwasu traneksamowego (TXA), kt\u00f3re razem dzia\u0142aj\u0105 na popraw\u0119 tekstury sk\u00f3ry oraz redukcj\u0119 widoczno\u015bci ciemnych plam i przebarwie\u0144.\u00a0<\/p>\n<div><b>Korzy\u015bci dla sk\u00f3ry:\u00a0<\/b><\/div>\n<div>Redukcja przebarwie\u0144: Niacynamid i kwas traneksamowy wsp\u00f3lnie dzia\u0142aj\u0105 na zmniejszenie widoczno\u015bci plam pigmentacyjnych, wyr\u00f3wnuj\u0105c koloryt sk\u00f3ry.\u00a0<\/div>\n<div>Wyr\u00f3wnanie kolorytu: Serum skutecznie minimalizuje zaczerwienienia i inne nier\u00f3wno\u015bci w kolorycie sk\u00f3ry, przywracaj\u0105c jej zdrowy, jednolity wygl\u0105d.\u00a0<\/div>\n<div>Poprawa tekstury: Pomaga wyg\u0142adzi\u0107 sk\u00f3r\u0119, zmniejszaj\u0105c widoczno\u015b\u0107 por\u00f3w i poprawiaj\u0105c jej og\u00f3ln\u0105 struktur\u0119.\u00a0<\/div>\n<div>Dzia\u0142anie przeciwzapalne: Serum \u0142agodzi stany zapalne, co jest szczeg\u00f3lnie korzystne dla os\u00f3b z tr\u0105dzikiem lub sk\u00f3r\u0105 sk\u0142onn\u0105 do podra\u017cnie\u0144.\u00a0<\/div>\n<div><b>Spos\u00f3b u\u017cycia:<\/b> Na oczyszczon\u0105 i stonizowan\u0105 sk\u00f3r\u0119 zaaplikuj 2-3 krople serum na twarz i delikatnie wmasuj w sk\u00f3r\u0119, koncentruj\u0105c si\u0119 na obszarach wymagaj\u0105cych szczeg\u00f3lnej uwagi, takich jak miejsca z przebarwieniami czy zaczerwienieniami. Je\u015bli stosujesz serum rano, zako\u0144cz swoj\u0105 rutyn\u0119 aplikacj\u0105 kremu z filtrem przeciws\u0142onecznym, aby chroni\u0107 sk\u00f3r\u0119 przed promieniami UV.<\/div>\n","protected":false},"excerpt":{"rendered":"<p>ANUA Niacinamide 10% + TXA 4% Serum to silnie dzia\u0142aj\u0105ce serum do twarzy, stworzone z my\u015bl\u0105 o poprawie wygl\u0105du sk\u00f3ry poprzez redukcj\u0119 przebarwie\u0144, wyr\u00f3wnanie kolorytu oraz zmniejszenie widoczno\u015bci niedoskona\u0142o\u015bci. Formu\u0142a zawiera 10% niacynamidu i 4% kwasu traneksamowego (TXA), kt\u00f3re razem dzia\u0142aj\u0105 na popraw\u0119 tekstury sk\u00f3ry oraz redukcj\u0119 widoczno\u015bci ciemnych plam i przebarwie\u0144.\u00a0 Korzy\u015bci dla sk\u00f3ry:\u00a0 &#8230; <a title=\"ANUA NIACINAMIDE 10% + TXA 4% SERUM 30 ml &#8211; serum na przebarwienia\" class=\"read-more\" href=\"https:\/\/selleetools.com\/pl\/product\/anua-niacinamide-10-txa-4-serum-30-ml-serum-na-przebarwienia\/\">Read more<span class=\"screen-reader-text\">ANUA NIACINAMIDE 10% + TXA 4% SERUM 30 ml &#8211; serum na przebarwienia<\/span><\/a><\/p>\n","protected":false},"featured_media":605953,"comment_status":"open","ping_status":"closed","template":"","meta":{"_links_to":"","_links_to_target":""},"yoast_head":"<!-- This site is optimized with the Yoast SEO plugin v19.4 - https:\/\/yoast.com\/wordpress\/plugins\/seo\/ -->\n<title>ANUA NIACINAMIDE 10% + TXA 4% SERUM 30 ml - serum na przebarwienia - Selleetools.com<\/title>\n<meta name=\"robots\" content=\"index, follow, max-snippet:-1, max-image-preview:large, max-video-preview:-1\" \/>\n<link rel=\"canonical\" href=\"https:\/\/admincentral.selleetools.com\/pl\/product\/anua-niacinamide-10-txa-4-serum-30-ml-serum-na-przebarwienia\/\" \/>\n<meta property=\"og:locale\" content=\"pl_PL\" \/>\n<meta property=\"og:type\" content=\"article\" \/>\n<meta property=\"og:title\" content=\"ANUA NIACINAMIDE 10% + TXA 4% SERUM 30 ml - serum na przebarwienia - Selleetools.com\" \/>\n<meta property=\"og:description\" content=\"ANUA Niacinamide 10% + TXA 4% Serum to silnie dzia\u0142aj\u0105ce serum do twarzy, stworzone z my\u015bl\u0105 o poprawie wygl\u0105du sk\u00f3ry poprzez redukcj\u0119 przebarwie\u0144, wyr\u00f3wnanie kolorytu oraz zmniejszenie widoczno\u015bci niedoskona\u0142o\u015bci. Formu\u0142a zawiera 10% niacynamidu i 4% kwasu traneksamowego (TXA), kt\u00f3re razem dzia\u0142aj\u0105 na popraw\u0119 tekstury sk\u00f3ry oraz redukcj\u0119 widoczno\u015bci ciemnych plam i przebarwie\u0144.\u00a0 Korzy\u015bci dla sk\u00f3ry:\u00a0 ... Read moreANUA NIACINAMIDE 10% + TXA 4% SERUM 30 ml &#8211; serum na przebarwienia\" \/>\n<meta property=\"og:url\" content=\"https:\/\/admincentral.selleetools.com\/pl\/product\/anua-niacinamide-10-txa-4-serum-30-ml-serum-na-przebarwienia\/\" \/>\n<meta property=\"og:site_name\" content=\"Selleetools.com\" \/>\n<meta property=\"article:modified_time\" content=\"2025-11-03T16:07:57+00:00\" \/>\n<meta property=\"og:image\" content=\"https:\/\/selleetools.com\/wp-content\/uploads\/2025\/10\/cf52ba053ae123c229ebe4ff95827dda.png\" \/>\n\t<meta property=\"og:image:width\" content=\"1200\" \/>\n\t<meta property=\"og:image:height\" content=\"1200\" \/>\n\t<meta property=\"og:image:type\" content=\"image\/png\" \/>\n<meta name=\"twitter:card\" content=\"summary_large_image\" \/>\n<meta name=\"twitter:label1\" content=\"Est. reading time\" \/>\n\t<meta name=\"twitter:data1\" content=\"1 minuta\" \/>\n<!-- \/ Yoast SEO plugin. -->","yoast_head_json":{"title":"ANUA NIACINAMIDE 10% + TXA 4% SERUM 30 ml - serum na przebarwienia - Selleetools.com","robots":{"index":"index","follow":"follow","max-snippet":"max-snippet:-1","max-image-preview":"max-image-preview:large","max-video-preview":"max-video-preview:-1"},"canonical":"https:\/\/admincentral.selleetools.com\/pl\/product\/anua-niacinamide-10-txa-4-serum-30-ml-serum-na-przebarwienia\/","og_locale":"pl_PL","og_type":"article","og_title":"ANUA NIACINAMIDE 10% + TXA 4% SERUM 30 ml - serum na przebarwienia - Selleetools.com","og_description":"ANUA Niacinamide 10% + TXA 4% Serum to silnie dzia\u0142aj\u0105ce serum do twarzy, stworzone z my\u015bl\u0105 o poprawie wygl\u0105du sk\u00f3ry poprzez redukcj\u0119 przebarwie\u0144, wyr\u00f3wnanie kolorytu oraz zmniejszenie widoczno\u015bci niedoskona\u0142o\u015bci. Formu\u0142a zawiera 10% niacynamidu i 4% kwasu traneksamowego (TXA), kt\u00f3re razem dzia\u0142aj\u0105 na popraw\u0119 tekstury sk\u00f3ry oraz redukcj\u0119 widoczno\u015bci ciemnych plam i przebarwie\u0144.\u00a0 Korzy\u015bci dla sk\u00f3ry:\u00a0 ... Read moreANUA NIACINAMIDE 10% + TXA 4% SERUM 30 ml &#8211; serum na przebarwienia","og_url":"https:\/\/admincentral.selleetools.com\/pl\/product\/anua-niacinamide-10-txa-4-serum-30-ml-serum-na-przebarwienia\/","og_site_name":"Selleetools.com","article_modified_time":"2025-11-03T16:07:57+00:00","og_image":[{"width":1200,"height":1200,"url":"https:\/\/selleetools.com\/wp-content\/uploads\/2025\/10\/cf52ba053ae123c229ebe4ff95827dda.png","type":"image\/png"}],"twitter_card":"summary_large_image","twitter_misc":{"Est. reading time":"1 minuta"},"schema":{"@context":"https:\/\/schema.org","@graph":[{"@type":"Organization","@id":"https:\/\/selleetools.com\/#organization","name":"Selleetools","url":"https:\/\/selleetools.com\/","sameAs":[],"logo":{"@type":"ImageObject","inLanguage":"pl-PL","@id":"https:\/\/selleetools.com\/#\/schema\/logo\/image\/","url":"https:\/\/selleetools.com\/wp-content\/uploads\/2021\/10\/logo-dark.png","contentUrl":"https:\/\/selleetools.com\/wp-content\/uploads\/2021\/10\/logo-dark.png","width":320,"height":76,"caption":"Selleetools"},"image":{"@id":"https:\/\/selleetools.com\/#\/schema\/logo\/image\/"}},{"@type":"WebSite","@id":"https:\/\/selleetools.com\/#website","url":"https:\/\/selleetools.com\/","name":"Selleetools.com","description":"","publisher":{"@id":"https:\/\/selleetools.com\/#organization"},"potentialAction":[{"@type":"SearchAction","target":{"@type":"EntryPoint","urlTemplate":"https:\/\/selleetools.com\/?s={search_term_string}"},"query-input":"required name=search_term_string"}],"inLanguage":"pl-PL"},{"@type":"WebPage","@id":"https:\/\/admincentral.selleetools.com\/pl\/product\/anua-niacinamide-10-txa-4-serum-30-ml-serum-na-przebarwienia\/","url":"https:\/\/admincentral.selleetools.com\/pl\/product\/anua-niacinamide-10-txa-4-serum-30-ml-serum-na-przebarwienia\/","name":"ANUA NIACINAMIDE 10% + TXA 4% SERUM 30 ml - serum na przebarwienia - Selleetools.com","isPartOf":{"@id":"https:\/\/selleetools.com\/#website"},"datePublished":"2025-10-24T11:43:46+00:00","dateModified":"2025-11-03T16:07:57+00:00","breadcrumb":{"@id":"https:\/\/admincentral.selleetools.com\/pl\/product\/anua-niacinamide-10-txa-4-serum-30-ml-serum-na-przebarwienia\/#breadcrumb"},"inLanguage":"pl-PL","potentialAction":[{"@type":"ReadAction","target":["https:\/\/admincentral.selleetools.com\/pl\/product\/anua-niacinamide-10-txa-4-serum-30-ml-serum-na-przebarwienia\/"]}]},{"@type":"BreadcrumbList","@id":"https:\/\/admincentral.selleetools.com\/pl\/product\/anua-niacinamide-10-txa-4-serum-30-ml-serum-na-przebarwienia\/#breadcrumb","itemListElement":[{"@type":"ListItem","position":1,"name":"Home","item":"https:\/\/selleetools.com\/pl\/"},{"@type":"ListItem","position":2,"name":"Katalog","item":"https:\/\/selleetools.com\/pl\/katalog\/"},{"@type":"ListItem","position":3,"name":"ANUA NIACINAMIDE 10% + TXA 4% SERUM 30 ml &#8211; serum na przebarwienia"}]}]}},"_links":{"self":[{"href":"https:\/\/selleetools.com\/pl\/wp-json\/wp\/v2\/product\/605955"}],"collection":[{"href":"https:\/\/selleetools.com\/pl\/wp-json\/wp\/v2\/product"}],"about":[{"href":"https:\/\/selleetools.com\/pl\/wp-json\/wp\/v2\/types\/product"}],"replies":[{"embeddable":true,"href":"https:\/\/selleetools.com\/pl\/wp-json\/wp\/v2\/comments?post=605955"}],"wp:featuredmedia":[{"embeddable":true,"href":"https:\/\/selleetools.com\/pl\/wp-json\/wp\/v2\/media\/605953"}],"wp:attachment":[{"href":"https:\/\/selleetools.com\/pl\/wp-json\/wp\/v2\/media?parent=605955"}],"curies":[{"name":"wp","href":"https:\/\/api.w.org\/{rel}","templated":true}]}}