{"id":605952,"date":"2025-10-24T13:43:44","date_gmt":"2025-10-24T11:43:44","guid":{"rendered":"https:\/\/selleetools.com\/?post_type=product&#038;p=605952"},"modified":"2025-11-03T17:07:58","modified_gmt":"2025-11-03T16:07:58","slug":"tirtir-mask-fit-red-mini-cushion-25n-mocha-4-5-g-podklad-w-formie-cushion","status":"publish","type":"product","link":"https:\/\/selleetools.com\/pl\/product\/tirtir-mask-fit-red-mini-cushion-25n-mocha-4-5-g-podklad-w-formie-cushion\/","title":{"rendered":"TIRTIR MASK FIT RED MINI CUSHION 25N MOCHA 4.5 g &#8211; Podk\u0142ad w formie cushion"},"content":{"rendered":"<p>TIRTIR Mini Mask Fit Red Mini Cushion w odcieniu 25N Mocha to kompaktowy cushion, kt\u00f3ry zapewnia sk\u00f3rze nieskazitelne wyko\u0144czenie, jednocze\u015bnie nawil\u017caj\u0105c sk\u00f3r\u0119. Produkt \u0142\u0105czy w sobie zalety podk\u0142adu, korektora i piel\u0119gnacji, oferuj\u0105c lekkie, ale d\u0142ugotrwa\u0142e krycie, kt\u00f3re doskonale maskuje niedoskona\u0142o\u015bci, wyr\u00f3wnuje koloryt sk\u00f3ry i nadaje jej naturalny, promienny wygl\u0105d. Odcie\u0144 25N Mocha jest idealny dla os\u00f3b o \u015bredniej karnacji z neutralnymi tonami.<\/p>\n<p><b>Korzy\u015bci dla sk\u00f3ry:<\/b><\/p>\n<p>Lekka formu\u0142a: Cushion zapewnia lekkie, ale skuteczne krycie, kt\u00f3re nie obci\u0105\u017ca sk\u00f3ry i pozwala jej oddycha\u0107.<\/p>\n<p>Nawil\u017cenie: Produkt zawiera sk\u0142adniki nawil\u017caj\u0105ce, kt\u00f3re pomagaj\u0105 utrzyma\u0107 odpowiedni poziom wilgoci w sk\u00f3rze, zapobiegaj\u0105c jej przesuszeniu.<\/p>\n<p>D\u0142ugotrwa\u0142e krycie: Mask Fit Red Mini Cushion oferuje d\u0142ugotrwa\u0142e krycie, kt\u00f3re utrzymuje si\u0119 przez ca\u0142y dzie\u0144, nie wymagaj\u0105c cz\u0119stych poprawek.<\/p>\n<p>Naturalny wygl\u0105d: Odcie\u0144 25N Mocha nadaje sk\u00f3rze naturalny wygl\u0105d, kt\u00f3ry doskonale wtapia si\u0119 w sk\u00f3r\u0119, zapewniaj\u0105c efekt zdrowej, promiennej cery.<\/p>\n<p><b>Spos\u00f3b u\u017cycia:<\/b>\u00a0<span style=\"color: var(--gray-800);\">Zacznij od oczyszczenia i nawil\u017cenia sk\u00f3ry twarzy.\u00a0<\/span><span style=\"color: var(--gray-800);\">Otw\u00f3rz kompakt, delikatnie wci\u015bnij aplikator w poduszk\u0119, aby pobra\u0107 odpowiedni\u0105 ilo\u015b\u0107 produktu.\u00a0<\/span><span style=\"color: var(--gray-800);\">Aplikator u\u017cyj, aby delikatnie wklepa\u0107 podk\u0142ad na sk\u00f3r\u0119 twarzy, zaczynaj\u0105c od \u015brodka twarzy i kieruj\u0105c si\u0119 na zewn\u0105trz, a\u017c do uzyskania po\u017c\u0105danego krycia.\u00a0<\/span><span style=\"color: var(--gray-800);\">Je\u015bli potrzebujesz wi\u0119kszego krycia, mo\u017cesz na\u0142o\u017cy\u0107 dodatkow\u0105 warstw\u0119 produktu na obszary wymagaj\u0105ce intensywniejszego pokrycia.<\/span><span style=\"color: var(--gray-800);\">\u00a0Cushion mo\u017cna nosi\u0107 ze sob\u0105 w torebce, aby w razie potrzeby szybko od\u015bwie\u017cy\u0107 makija\u017c w ci\u0105gu dnia.<\/span><\/p>\n","protected":false},"excerpt":{"rendered":"<p>TIRTIR Mini Mask Fit Red Mini Cushion w odcieniu 25N Mocha to kompaktowy cushion, kt\u00f3ry zapewnia sk\u00f3rze nieskazitelne wyko\u0144czenie, jednocze\u015bnie nawil\u017caj\u0105c sk\u00f3r\u0119. Produkt \u0142\u0105czy w sobie zalety podk\u0142adu, korektora i piel\u0119gnacji, oferuj\u0105c lekkie, ale d\u0142ugotrwa\u0142e krycie, kt\u00f3re doskonale maskuje niedoskona\u0142o\u015bci, wyr\u00f3wnuje koloryt sk\u00f3ry i nadaje jej naturalny, promienny wygl\u0105d. Odcie\u0144 25N Mocha jest idealny dla &#8230; <a title=\"TIRTIR MASK FIT RED MINI CUSHION 25N MOCHA 4.5 g &#8211; Podk\u0142ad w formie cushion\" class=\"read-more\" href=\"https:\/\/selleetools.com\/pl\/product\/tirtir-mask-fit-red-mini-cushion-25n-mocha-4-5-g-podklad-w-formie-cushion\/\">Read more<span class=\"screen-reader-text\">TIRTIR MASK FIT RED MINI CUSHION 25N MOCHA 4.5 g &#8211; Podk\u0142ad w formie cushion<\/span><\/a><\/p>\n","protected":false},"featured_media":605948,"comment_status":"open","ping_status":"closed","template":"","meta":{"_links_to":"","_links_to_target":""},"yoast_head":"<!-- This site is optimized with the Yoast SEO plugin v19.4 - https:\/\/yoast.com\/wordpress\/plugins\/seo\/ -->\n<title>TIRTIR MASK FIT RED MINI CUSHION 25N MOCHA 4.5 g - Podk\u0142ad w formie cushion - Selleetools.com<\/title>\n<meta name=\"robots\" content=\"index, follow, max-snippet:-1, max-image-preview:large, max-video-preview:-1\" \/>\n<link rel=\"canonical\" href=\"https:\/\/admincentral.selleetools.com\/product\/tirtir-mask-fit-red-mini-cushion-25n-mocha-4-5-g-podklad-w-formie-cushion\/\" \/>\n<meta property=\"og:locale\" content=\"pl_PL\" \/>\n<meta property=\"og:type\" content=\"article\" \/>\n<meta property=\"og:title\" content=\"TIRTIR MASK FIT RED MINI CUSHION 25N MOCHA 4.5 g - Podk\u0142ad w formie cushion - Selleetools.com\" \/>\n<meta property=\"og:description\" content=\"TIRTIR Mini Mask Fit Red Mini Cushion w odcieniu 25N Mocha to kompaktowy cushion, kt\u00f3ry zapewnia sk\u00f3rze nieskazitelne wyko\u0144czenie, jednocze\u015bnie nawil\u017caj\u0105c sk\u00f3r\u0119. Produkt \u0142\u0105czy w sobie zalety podk\u0142adu, korektora i piel\u0119gnacji, oferuj\u0105c lekkie, ale d\u0142ugotrwa\u0142e krycie, kt\u00f3re doskonale maskuje niedoskona\u0142o\u015bci, wyr\u00f3wnuje koloryt sk\u00f3ry i nadaje jej naturalny, promienny wygl\u0105d. Odcie\u0144 25N Mocha jest idealny dla ... Read moreTIRTIR MASK FIT RED MINI CUSHION 25N MOCHA 4.5 g &#8211; Podk\u0142ad w formie cushion\" \/>\n<meta property=\"og:url\" content=\"https:\/\/admincentral.selleetools.com\/product\/tirtir-mask-fit-red-mini-cushion-25n-mocha-4-5-g-podklad-w-formie-cushion\/\" \/>\n<meta property=\"og:site_name\" content=\"Selleetools.com\" \/>\n<meta property=\"article:modified_time\" content=\"2025-11-03T16:07:58+00:00\" \/>\n<meta property=\"og:image\" content=\"https:\/\/selleetools.com\/wp-content\/uploads\/2025\/10\/191b7f6ba00fe59a022e67fcb608c3f7.png\" \/>\n\t<meta property=\"og:image:width\" content=\"3000\" \/>\n\t<meta property=\"og:image:height\" content=\"3000\" \/>\n\t<meta property=\"og:image:type\" content=\"image\/png\" \/>\n<meta name=\"twitter:card\" content=\"summary_large_image\" \/>\n<meta name=\"twitter:label1\" content=\"Est. reading time\" \/>\n\t<meta name=\"twitter:data1\" content=\"1 minuta\" \/>\n<!-- \/ Yoast SEO plugin. -->","yoast_head_json":{"title":"TIRTIR MASK FIT RED MINI CUSHION 25N MOCHA 4.5 g - Podk\u0142ad w formie cushion - Selleetools.com","robots":{"index":"index","follow":"follow","max-snippet":"max-snippet:-1","max-image-preview":"max-image-preview:large","max-video-preview":"max-video-preview:-1"},"canonical":"https:\/\/admincentral.selleetools.com\/product\/tirtir-mask-fit-red-mini-cushion-25n-mocha-4-5-g-podklad-w-formie-cushion\/","og_locale":"pl_PL","og_type":"article","og_title":"TIRTIR MASK FIT RED MINI CUSHION 25N MOCHA 4.5 g - Podk\u0142ad w formie cushion - Selleetools.com","og_description":"TIRTIR Mini Mask Fit Red Mini Cushion w odcieniu 25N Mocha to kompaktowy cushion, kt\u00f3ry zapewnia sk\u00f3rze nieskazitelne wyko\u0144czenie, jednocze\u015bnie nawil\u017caj\u0105c sk\u00f3r\u0119. Produkt \u0142\u0105czy w sobie zalety podk\u0142adu, korektora i piel\u0119gnacji, oferuj\u0105c lekkie, ale d\u0142ugotrwa\u0142e krycie, kt\u00f3re doskonale maskuje niedoskona\u0142o\u015bci, wyr\u00f3wnuje koloryt sk\u00f3ry i nadaje jej naturalny, promienny wygl\u0105d. Odcie\u0144 25N Mocha jest idealny dla ... Read moreTIRTIR MASK FIT RED MINI CUSHION 25N MOCHA 4.5 g &#8211; Podk\u0142ad w formie cushion","og_url":"https:\/\/admincentral.selleetools.com\/product\/tirtir-mask-fit-red-mini-cushion-25n-mocha-4-5-g-podklad-w-formie-cushion\/","og_site_name":"Selleetools.com","article_modified_time":"2025-11-03T16:07:58+00:00","og_image":[{"width":3000,"height":3000,"url":"https:\/\/selleetools.com\/wp-content\/uploads\/2025\/10\/191b7f6ba00fe59a022e67fcb608c3f7.png","type":"image\/png"}],"twitter_card":"summary_large_image","twitter_misc":{"Est. reading time":"1 minuta"},"schema":{"@context":"https:\/\/schema.org","@graph":[{"@type":"Organization","@id":"https:\/\/selleetools.com\/#organization","name":"Selleetools","url":"https:\/\/selleetools.com\/","sameAs":[],"logo":{"@type":"ImageObject","inLanguage":"pl-PL","@id":"https:\/\/selleetools.com\/#\/schema\/logo\/image\/","url":"https:\/\/selleetools.com\/wp-content\/uploads\/2021\/10\/logo-dark.png","contentUrl":"https:\/\/selleetools.com\/wp-content\/uploads\/2021\/10\/logo-dark.png","width":320,"height":76,"caption":"Selleetools"},"image":{"@id":"https:\/\/selleetools.com\/#\/schema\/logo\/image\/"}},{"@type":"WebSite","@id":"https:\/\/selleetools.com\/#website","url":"https:\/\/selleetools.com\/","name":"Selleetools.com","description":"","publisher":{"@id":"https:\/\/selleetools.com\/#organization"},"potentialAction":[{"@type":"SearchAction","target":{"@type":"EntryPoint","urlTemplate":"https:\/\/selleetools.com\/?s={search_term_string}"},"query-input":"required name=search_term_string"}],"inLanguage":"pl-PL"},{"@type":"WebPage","@id":"https:\/\/admincentral.selleetools.com\/product\/tirtir-mask-fit-red-mini-cushion-25n-mocha-4-5-g-podklad-w-formie-cushion\/","url":"https:\/\/admincentral.selleetools.com\/product\/tirtir-mask-fit-red-mini-cushion-25n-mocha-4-5-g-podklad-w-formie-cushion\/","name":"TIRTIR MASK FIT RED MINI CUSHION 25N MOCHA 4.5 g - Podk\u0142ad w formie cushion - Selleetools.com","isPartOf":{"@id":"https:\/\/selleetools.com\/#website"},"datePublished":"2025-10-24T11:43:44+00:00","dateModified":"2025-11-03T16:07:58+00:00","breadcrumb":{"@id":"https:\/\/admincentral.selleetools.com\/product\/tirtir-mask-fit-red-mini-cushion-25n-mocha-4-5-g-podklad-w-formie-cushion\/#breadcrumb"},"inLanguage":"pl-PL","potentialAction":[{"@type":"ReadAction","target":["https:\/\/admincentral.selleetools.com\/product\/tirtir-mask-fit-red-mini-cushion-25n-mocha-4-5-g-podklad-w-formie-cushion\/"]}]},{"@type":"BreadcrumbList","@id":"https:\/\/admincentral.selleetools.com\/product\/tirtir-mask-fit-red-mini-cushion-25n-mocha-4-5-g-podklad-w-formie-cushion\/#breadcrumb","itemListElement":[{"@type":"ListItem","position":1,"name":"Home","item":"https:\/\/selleetools.com\/pl\/"},{"@type":"ListItem","position":2,"name":"Katalog","item":"https:\/\/selleetools.com\/pl\/katalog\/"},{"@type":"ListItem","position":3,"name":"TIRTIR MASK FIT RED MINI CUSHION 25N MOCHA 4.5 g &#8211; Podk\u0142ad w formie cushion"}]}]}},"_links":{"self":[{"href":"https:\/\/selleetools.com\/pl\/wp-json\/wp\/v2\/product\/605952"}],"collection":[{"href":"https:\/\/selleetools.com\/pl\/wp-json\/wp\/v2\/product"}],"about":[{"href":"https:\/\/selleetools.com\/pl\/wp-json\/wp\/v2\/types\/product"}],"replies":[{"embeddable":true,"href":"https:\/\/selleetools.com\/pl\/wp-json\/wp\/v2\/comments?post=605952"}],"wp:featuredmedia":[{"embeddable":true,"href":"https:\/\/selleetools.com\/pl\/wp-json\/wp\/v2\/media\/605948"}],"wp:attachment":[{"href":"https:\/\/selleetools.com\/pl\/wp-json\/wp\/v2\/media?parent=605952"}],"curies":[{"name":"wp","href":"https:\/\/api.w.org\/{rel}","templated":true}]}}