{"id":605912,"date":"2025-10-24T13:43:18","date_gmt":"2025-10-24T11:43:18","guid":{"rendered":"https:\/\/selleetools.com\/?post_type=product&#038;p=605912"},"modified":"2026-01-12T14:00:14","modified_gmt":"2026-01-12T13:00:14","slug":"vt-cosmetics-reedle-shot-ex-vitamin-modeling-pack-25-g-modelujaca-maska-algowa-z-witaminami","status":"publish","type":"product","link":"https:\/\/selleetools.com\/pl\/product\/vt-cosmetics-reedle-shot-ex-vitamin-modeling-pack-25-g-modelujaca-maska-algowa-z-witaminami\/","title":{"rendered":"VT Cosmetics Reedle Shot EX Vitamin Modeling Pack, 25 g &#8211; Modeluj\u0105ca maska algowa z witaminami"},"content":{"rendered":"<p>VT Cosmetics &#8211; Reedle Shot EX Vitamin Modeling Pack to zaawansowany kosmetyk piel\u0119gnacyjny, kt\u00f3ry pomaga poprawi\u0107 kondycj\u0119 sk\u00f3ry, zapewniaj\u0105c jej natychmiastowe nawil\u017cenie i od\u017cywienie. Produkt ten jest szczeg\u00f3lnie polecany osobom z matow\u0105 i zm\u0119czon\u0105 cer\u0105, poniewa\u017c zawiera bogactwo witamin, kt\u00f3re pomagaj\u0105 roz\u015bwietli\u0107 i ujednolici\u0107 koloryt sk\u00f3ry.<\/p>\n<p>Korzy\u015bci dla sk\u00f3ry:<br \/>\nIntensywne nawil\u017cenie: Formu\u0142a maski dostarcza g\u0142\u0119bokiego nawil\u017cenia, co sprawia, \u017ce sk\u00f3ra staje si\u0119 mi\u0119kka i elastyczna.<br \/>\nRozja\u015bnianie sk\u00f3ry: Zawarte w produkcie witaminy pomagaj\u0105 rozja\u015bni\u0107 przebarwienia i poprawi\u0107 koloryt sk\u00f3ry.<br \/>\nOd\u017cywienie: Sk\u0142adniki aktywne maski dostarczaj\u0105 sk\u00f3rze niezb\u0119dnych sk\u0142adnik\u00f3w od\u017cywczych, poprawiaj\u0105c jej og\u00f3lny stan.<br \/>\nUj\u0119drnianie: Regularne stosowanie maski pomaga poprawi\u0107 j\u0119drno\u015b\u0107 sk\u00f3ry i zmniejszy\u0107 widoczno\u015b\u0107 drobnych zmarszczek.<\/p>\n<p>Spos\u00f3b u\u017cycia:<br \/>\nOczy\u015b\u0107 dok\u0142adnie sk\u00f3r\u0119 twarzy, aby usun\u0105\u0107 zanieczyszczenia i makija\u017c.<br \/>\nOtw\u00f3rz opakowanie i wyjmij zawarto\u015b\u0107. Do\u0142\u0105czony proszek zmieszaj z odpowiedni\u0105 ilo\u015bci\u0105 wody, aby uzyska\u0107 g\u0142adk\u0105 past\u0119.<br \/>\nNa\u0142\u00f3\u017c r\u00f3wnomiernie na twarz, omijaj\u0105c okolice oczu i ust.<br \/>\nPozostaw mask\u0119 na sk\u00f3rze na oko\u0142o 15-20 minut, a\u017c ca\u0142kowicie wyschnie.<br \/>\nDelikatnie zdejmij mask\u0119, zaczynaj\u0105c od brzeg\u00f3w, a nast\u0119pnie przemyj twarz letni\u0105 wod\u0105.<\/p>\n<p>Ten luksusowy kosmetyk zapewni Twojej sk\u00f3rze od\u017cywienie, nawil\u017cenie i blask, jakiego potrzebujesz, aby czu\u0107 si\u0119 i wygl\u0105da\u0107 m\u0142odo oraz promiennie.<\/p>\n","protected":false},"excerpt":{"rendered":"<p>VT Cosmetics &#8211; Reedle Shot EX Vitamin Modeling Pack to zaawansowany kosmetyk piel\u0119gnacyjny, kt\u00f3ry pomaga poprawi\u0107 kondycj\u0119 sk\u00f3ry, zapewniaj\u0105c jej natychmiastowe nawil\u017cenie i od\u017cywienie. Produkt ten jest szczeg\u00f3lnie polecany osobom z matow\u0105 i zm\u0119czon\u0105 cer\u0105, poniewa\u017c zawiera bogactwo witamin, kt\u00f3re pomagaj\u0105 roz\u015bwietli\u0107 i ujednolici\u0107 koloryt sk\u00f3ry. Korzy\u015bci dla sk\u00f3ry: Intensywne nawil\u017cenie: Formu\u0142a maski dostarcza g\u0142\u0119bokiego &#8230; <a title=\"VT Cosmetics Reedle Shot EX Vitamin Modeling Pack, 25 g &#8211; Modeluj\u0105ca maska algowa z witaminami\" class=\"read-more\" href=\"https:\/\/selleetools.com\/pl\/product\/vt-cosmetics-reedle-shot-ex-vitamin-modeling-pack-25-g-modelujaca-maska-algowa-z-witaminami\/\">Read more<span class=\"screen-reader-text\">VT Cosmetics Reedle Shot EX Vitamin Modeling Pack, 25 g &#8211; Modeluj\u0105ca maska algowa z witaminami<\/span><\/a><\/p>\n","protected":false},"featured_media":605910,"comment_status":"open","ping_status":"closed","template":"","meta":{"_links_to":"","_links_to_target":""},"yoast_head":"<!-- This site is optimized with the Yoast SEO plugin v19.4 - https:\/\/yoast.com\/wordpress\/plugins\/seo\/ -->\n<title>VT Cosmetics Reedle Shot EX Vitamin Modeling Pack, 25 g - Modeluj\u0105ca maska algowa z witaminami - Selleetools.com<\/title>\n<meta name=\"robots\" content=\"index, follow, max-snippet:-1, max-image-preview:large, max-video-preview:-1\" \/>\n<link rel=\"canonical\" href=\"https:\/\/selleetools.com\/pl\/product\/vt-cosmetics-reedle-shot-ex-vitamin-modeling-pack-25-g-modelujaca-maska-algowa-z-witaminami\/\" \/>\n<meta property=\"og:locale\" content=\"pl_PL\" \/>\n<meta property=\"og:type\" content=\"article\" \/>\n<meta property=\"og:title\" content=\"VT Cosmetics Reedle Shot EX Vitamin Modeling Pack, 25 g - Modeluj\u0105ca maska algowa z witaminami - Selleetools.com\" \/>\n<meta property=\"og:description\" content=\"VT Cosmetics &#8211; Reedle Shot EX Vitamin Modeling Pack to zaawansowany kosmetyk piel\u0119gnacyjny, kt\u00f3ry pomaga poprawi\u0107 kondycj\u0119 sk\u00f3ry, zapewniaj\u0105c jej natychmiastowe nawil\u017cenie i od\u017cywienie. Produkt ten jest szczeg\u00f3lnie polecany osobom z matow\u0105 i zm\u0119czon\u0105 cer\u0105, poniewa\u017c zawiera bogactwo witamin, kt\u00f3re pomagaj\u0105 roz\u015bwietli\u0107 i ujednolici\u0107 koloryt sk\u00f3ry. Korzy\u015bci dla sk\u00f3ry: Intensywne nawil\u017cenie: Formu\u0142a maski dostarcza g\u0142\u0119bokiego ... Read moreVT Cosmetics Reedle Shot EX Vitamin Modeling Pack, 25 g &#8211; Modeluj\u0105ca maska algowa z witaminami\" \/>\n<meta property=\"og:url\" content=\"https:\/\/selleetools.com\/pl\/product\/vt-cosmetics-reedle-shot-ex-vitamin-modeling-pack-25-g-modelujaca-maska-algowa-z-witaminami\/\" \/>\n<meta property=\"og:site_name\" content=\"Selleetools.com\" \/>\n<meta property=\"article:modified_time\" content=\"2026-01-12T13:00:14+00:00\" \/>\n<meta property=\"og:image\" content=\"https:\/\/selleetools.com\/wp-content\/uploads\/2025\/10\/a59c19a0676e881f19dab82b2b2b9606.jpg\" \/>\n\t<meta property=\"og:image:width\" content=\"600\" \/>\n\t<meta property=\"og:image:height\" content=\"600\" \/>\n\t<meta property=\"og:image:type\" content=\"image\/jpeg\" \/>\n<meta name=\"twitter:card\" content=\"summary_large_image\" \/>\n<meta name=\"twitter:label1\" content=\"Est. reading time\" \/>\n\t<meta name=\"twitter:data1\" content=\"1 minuta\" \/>\n<!-- \/ Yoast SEO plugin. -->","yoast_head_json":{"title":"VT Cosmetics Reedle Shot EX Vitamin Modeling Pack, 25 g - Modeluj\u0105ca maska algowa z witaminami - Selleetools.com","robots":{"index":"index","follow":"follow","max-snippet":"max-snippet:-1","max-image-preview":"max-image-preview:large","max-video-preview":"max-video-preview:-1"},"canonical":"https:\/\/selleetools.com\/pl\/product\/vt-cosmetics-reedle-shot-ex-vitamin-modeling-pack-25-g-modelujaca-maska-algowa-z-witaminami\/","og_locale":"pl_PL","og_type":"article","og_title":"VT Cosmetics Reedle Shot EX Vitamin Modeling Pack, 25 g - Modeluj\u0105ca maska algowa z witaminami - Selleetools.com","og_description":"VT Cosmetics &#8211; Reedle Shot EX Vitamin Modeling Pack to zaawansowany kosmetyk piel\u0119gnacyjny, kt\u00f3ry pomaga poprawi\u0107 kondycj\u0119 sk\u00f3ry, zapewniaj\u0105c jej natychmiastowe nawil\u017cenie i od\u017cywienie. Produkt ten jest szczeg\u00f3lnie polecany osobom z matow\u0105 i zm\u0119czon\u0105 cer\u0105, poniewa\u017c zawiera bogactwo witamin, kt\u00f3re pomagaj\u0105 roz\u015bwietli\u0107 i ujednolici\u0107 koloryt sk\u00f3ry. Korzy\u015bci dla sk\u00f3ry: Intensywne nawil\u017cenie: Formu\u0142a maski dostarcza g\u0142\u0119bokiego ... Read moreVT Cosmetics Reedle Shot EX Vitamin Modeling Pack, 25 g &#8211; Modeluj\u0105ca maska algowa z witaminami","og_url":"https:\/\/selleetools.com\/pl\/product\/vt-cosmetics-reedle-shot-ex-vitamin-modeling-pack-25-g-modelujaca-maska-algowa-z-witaminami\/","og_site_name":"Selleetools.com","article_modified_time":"2026-01-12T13:00:14+00:00","og_image":[{"width":600,"height":600,"url":"https:\/\/selleetools.com\/wp-content\/uploads\/2025\/10\/a59c19a0676e881f19dab82b2b2b9606.jpg","type":"image\/jpeg"}],"twitter_card":"summary_large_image","twitter_misc":{"Est. reading time":"1 minuta"},"schema":{"@context":"https:\/\/schema.org","@graph":[{"@type":"Organization","@id":"https:\/\/selleetools.com\/#organization","name":"Selleetools","url":"https:\/\/selleetools.com\/","sameAs":[],"logo":{"@type":"ImageObject","inLanguage":"pl-PL","@id":"https:\/\/selleetools.com\/#\/schema\/logo\/image\/","url":"https:\/\/selleetools.com\/wp-content\/uploads\/2021\/10\/logo-dark.png","contentUrl":"https:\/\/selleetools.com\/wp-content\/uploads\/2021\/10\/logo-dark.png","width":320,"height":76,"caption":"Selleetools"},"image":{"@id":"https:\/\/selleetools.com\/#\/schema\/logo\/image\/"}},{"@type":"WebSite","@id":"https:\/\/selleetools.com\/#website","url":"https:\/\/selleetools.com\/","name":"Selleetools.com","description":"","publisher":{"@id":"https:\/\/selleetools.com\/#organization"},"potentialAction":[{"@type":"SearchAction","target":{"@type":"EntryPoint","urlTemplate":"https:\/\/selleetools.com\/?s={search_term_string}"},"query-input":"required name=search_term_string"}],"inLanguage":"pl-PL"},{"@type":"WebPage","@id":"https:\/\/selleetools.com\/pl\/product\/vt-cosmetics-reedle-shot-ex-vitamin-modeling-pack-25-g-modelujaca-maska-algowa-z-witaminami\/","url":"https:\/\/selleetools.com\/pl\/product\/vt-cosmetics-reedle-shot-ex-vitamin-modeling-pack-25-g-modelujaca-maska-algowa-z-witaminami\/","name":"VT Cosmetics Reedle Shot EX Vitamin Modeling Pack, 25 g - Modeluj\u0105ca maska algowa z witaminami - Selleetools.com","isPartOf":{"@id":"https:\/\/selleetools.com\/#website"},"datePublished":"2025-10-24T11:43:18+00:00","dateModified":"2026-01-12T13:00:14+00:00","breadcrumb":{"@id":"https:\/\/selleetools.com\/pl\/product\/vt-cosmetics-reedle-shot-ex-vitamin-modeling-pack-25-g-modelujaca-maska-algowa-z-witaminami\/#breadcrumb"},"inLanguage":"pl-PL","potentialAction":[{"@type":"ReadAction","target":["https:\/\/selleetools.com\/pl\/product\/vt-cosmetics-reedle-shot-ex-vitamin-modeling-pack-25-g-modelujaca-maska-algowa-z-witaminami\/"]}]},{"@type":"BreadcrumbList","@id":"https:\/\/selleetools.com\/pl\/product\/vt-cosmetics-reedle-shot-ex-vitamin-modeling-pack-25-g-modelujaca-maska-algowa-z-witaminami\/#breadcrumb","itemListElement":[{"@type":"ListItem","position":1,"name":"Home","item":"https:\/\/selleetools.com\/pl\/"},{"@type":"ListItem","position":2,"name":"Katalog","item":"https:\/\/selleetools.com\/pl\/katalog\/"},{"@type":"ListItem","position":3,"name":"VT Cosmetics Reedle Shot EX Vitamin Modeling Pack, 25 g &#8211; Modeluj\u0105ca maska algowa z witaminami"}]}]}},"_links":{"self":[{"href":"https:\/\/selleetools.com\/pl\/wp-json\/wp\/v2\/product\/605912"}],"collection":[{"href":"https:\/\/selleetools.com\/pl\/wp-json\/wp\/v2\/product"}],"about":[{"href":"https:\/\/selleetools.com\/pl\/wp-json\/wp\/v2\/types\/product"}],"replies":[{"embeddable":true,"href":"https:\/\/selleetools.com\/pl\/wp-json\/wp\/v2\/comments?post=605912"}],"wp:featuredmedia":[{"embeddable":true,"href":"https:\/\/selleetools.com\/pl\/wp-json\/wp\/v2\/media\/605910"}],"wp:attachment":[{"href":"https:\/\/selleetools.com\/pl\/wp-json\/wp\/v2\/media?parent=605912"}],"curies":[{"name":"wp","href":"https:\/\/api.w.org\/{rel}","templated":true}]}}