{"id":605909,"date":"2025-10-24T13:43:16","date_gmt":"2025-10-24T11:43:16","guid":{"rendered":"https:\/\/selleetools.com\/?post_type=product&#038;p=605909"},"modified":"2026-01-12T14:00:14","modified_gmt":"2026-01-12T13:00:14","slug":"vt-cosmetics-reedle-shot-ex-cica-modeling-pack-25-g-modelujaca-maska-algowa-z-wakrota-azjatycka","status":"publish","type":"product","link":"https:\/\/selleetools.com\/pl\/product\/vt-cosmetics-reedle-shot-ex-cica-modeling-pack-25-g-modelujaca-maska-algowa-z-wakrota-azjatycka\/","title":{"rendered":"VT Cosmetics Reedle Shot EX Cica Modeling Pack, 25 g &#8211; Modeluj\u0105ca maska algowa z w\u0105krot\u0105 azjatyck\u0105"},"content":{"rendered":"<p>VT Cosmetics Reedle Shot EX Cica Modeling Pack to zaawansowana maska modeluj\u0105ca przeznaczona do intensywnej piel\u0119gnacji sk\u00f3ry. Formu\u0142a oparta na ekstrakcie z Centella Asiatica (Cica) oferuje szereg korzy\u015bci, kt\u00f3re wspomagaj\u0105 regeneracj\u0119, \u0142agodz\u0105 podra\u017cnienia i wzmacniaj\u0105 barier\u0119 ochronn\u0105 sk\u00f3ry. Maska dzia\u0142a koj\u0105co na sk\u00f3r\u0119, redukuje zaczerwienienia oraz nawil\u017ca, pozostawiaj\u0105c cer\u0119 g\u0142adk\u0105, j\u0119drn\u0105 i promienn\u0105.<\/p>\n<p>Korzy\u015bci:<br \/>\nRegeneracja sk\u00f3ry: Ekstrakt z Cica wspomaga odbudow\u0119 uszkodzonej sk\u00f3ry, przyspieszaj\u0105c procesy regeneracyjne.<br \/>\n\u0141agodzenie podra\u017cnie\u0144: Formu\u0142a koi sk\u00f3r\u0119, zmniejszaj\u0105c zaczerwienienia i podra\u017cnienia.<br \/>\nWzmacnianie bariery ochronnej: Regularne stosowanie maski poprawia odporno\u015b\u0107 sk\u00f3ry na czynniki zewn\u0119trzne.<br \/>\nNawil\u017cenie: G\u0142\u0119bokie nawil\u017cenie sprawia, \u017ce sk\u00f3ra staje si\u0119 bardziej elastyczna i g\u0142adka.<br \/>\nPoprawa wygl\u0105du sk\u00f3ry: Sk\u00f3ra wygl\u0105da zdrowo, jest roz\u015bwietlona i ma bardziej jednolity koloryt.<\/p>\n<p>Spos\u00f3b u\u017cycia:<br \/>\nPrzygotowanie: Oczy\u015b\u0107 twarz i osusz j\u0105 r\u0119cznikiem.<br \/>\nAplikacja: Wymieszaj odpowiedni\u0105 ilo\u015b\u0107 proszku z wod\u0105, aby uzyska\u0107 jednolit\u0105 konsystencj\u0119.<br \/>\nNak\u0142adanie: Na\u0142\u00f3\u017c mask\u0119 r\u00f3wnomiernie na twarz, omijaj\u0105c okolice oczu i ust.<br \/>\nCzas dzia\u0142ania: Pozostaw mask\u0119 na sk\u00f3rze przez 15-20 minut.<br \/>\nUsuni\u0119cie: Delikatnie usu\u0144 mask\u0119, zaczynaj\u0105c od kraw\u0119dzi. Przemyj twarz letni\u0105 wod\u0105, aby usun\u0105\u0107 resztki produktu.<br \/>\nZako\u0144czenie: Na\u0142\u00f3\u017c ulubiony krem nawil\u017caj\u0105cy lub serum, aby zamkn\u0105\u0107 piel\u0119gnacj\u0119.<\/p>\n<p>VT Cosmetics Reedle Shot EX Cica Modeling Pack to idealne rozwi\u0105zanie dla os\u00f3b poszukuj\u0105cych skutecznej i intensywnej piel\u0119gnacji sk\u00f3ry w domowym zaciszu. Dzi\u0119ki zaawansowanej formule, twoja sk\u00f3ra stanie si\u0119 zdrowsza, bardziej odporna i pe\u0142na blasku.<\/p>\n","protected":false},"excerpt":{"rendered":"<p>VT Cosmetics Reedle Shot EX Cica Modeling Pack to zaawansowana maska modeluj\u0105ca przeznaczona do intensywnej piel\u0119gnacji sk\u00f3ry. Formu\u0142a oparta na ekstrakcie z Centella Asiatica (Cica) oferuje szereg korzy\u015bci, kt\u00f3re wspomagaj\u0105 regeneracj\u0119, \u0142agodz\u0105 podra\u017cnienia i wzmacniaj\u0105 barier\u0119 ochronn\u0105 sk\u00f3ry. Maska dzia\u0142a koj\u0105co na sk\u00f3r\u0119, redukuje zaczerwienienia oraz nawil\u017ca, pozostawiaj\u0105c cer\u0119 g\u0142adk\u0105, j\u0119drn\u0105 i promienn\u0105. Korzy\u015bci: Regeneracja &#8230; <a title=\"VT Cosmetics Reedle Shot EX Cica Modeling Pack, 25 g &#8211; Modeluj\u0105ca maska algowa z w\u0105krot\u0105 azjatyck\u0105\" class=\"read-more\" href=\"https:\/\/selleetools.com\/pl\/product\/vt-cosmetics-reedle-shot-ex-cica-modeling-pack-25-g-modelujaca-maska-algowa-z-wakrota-azjatycka\/\">Read more<span class=\"screen-reader-text\">VT Cosmetics Reedle Shot EX Cica Modeling Pack, 25 g &#8211; Modeluj\u0105ca maska algowa z w\u0105krot\u0105 azjatyck\u0105<\/span><\/a><\/p>\n","protected":false},"featured_media":605905,"comment_status":"open","ping_status":"closed","template":"","meta":{"_links_to":"","_links_to_target":""},"yoast_head":"<!-- This site is optimized with the Yoast SEO plugin v19.4 - https:\/\/yoast.com\/wordpress\/plugins\/seo\/ -->\n<title>VT Cosmetics Reedle Shot EX Cica Modeling Pack, 25 g - Modeluj\u0105ca maska algowa z w\u0105krot\u0105 azjatyck\u0105 - Selleetools.com<\/title>\n<meta name=\"robots\" content=\"index, follow, max-snippet:-1, max-image-preview:large, max-video-preview:-1\" \/>\n<link rel=\"canonical\" href=\"https:\/\/admincentral.selleetools.com\/product\/vt-cosmetics-reedle-shot-ex-cica-modeling-pack-25-g-modelujaca-maska-algowa-z-wakrota-azjatycka\/\" \/>\n<meta property=\"og:locale\" content=\"pl_PL\" \/>\n<meta property=\"og:type\" content=\"article\" \/>\n<meta property=\"og:title\" content=\"VT Cosmetics Reedle Shot EX Cica Modeling Pack, 25 g - Modeluj\u0105ca maska algowa z w\u0105krot\u0105 azjatyck\u0105 - Selleetools.com\" \/>\n<meta property=\"og:description\" content=\"VT Cosmetics Reedle Shot EX Cica Modeling Pack to zaawansowana maska modeluj\u0105ca przeznaczona do intensywnej piel\u0119gnacji sk\u00f3ry. Formu\u0142a oparta na ekstrakcie z Centella Asiatica (Cica) oferuje szereg korzy\u015bci, kt\u00f3re wspomagaj\u0105 regeneracj\u0119, \u0142agodz\u0105 podra\u017cnienia i wzmacniaj\u0105 barier\u0119 ochronn\u0105 sk\u00f3ry. Maska dzia\u0142a koj\u0105co na sk\u00f3r\u0119, redukuje zaczerwienienia oraz nawil\u017ca, pozostawiaj\u0105c cer\u0119 g\u0142adk\u0105, j\u0119drn\u0105 i promienn\u0105. Korzy\u015bci: Regeneracja ... Read moreVT Cosmetics Reedle Shot EX Cica Modeling Pack, 25 g &#8211; Modeluj\u0105ca maska algowa z w\u0105krot\u0105 azjatyck\u0105\" \/>\n<meta property=\"og:url\" content=\"https:\/\/admincentral.selleetools.com\/product\/vt-cosmetics-reedle-shot-ex-cica-modeling-pack-25-g-modelujaca-maska-algowa-z-wakrota-azjatycka\/\" \/>\n<meta property=\"og:site_name\" content=\"Selleetools.com\" \/>\n<meta property=\"article:modified_time\" content=\"2026-01-12T13:00:14+00:00\" \/>\n<meta property=\"og:image\" content=\"https:\/\/selleetools.com\/wp-content\/uploads\/2025\/10\/a02a6811b7c08e4e1edfb198345ccc92.jpg\" \/>\n\t<meta property=\"og:image:width\" content=\"400\" \/>\n\t<meta property=\"og:image:height\" content=\"400\" \/>\n\t<meta property=\"og:image:type\" content=\"image\/jpeg\" \/>\n<meta name=\"twitter:card\" content=\"summary_large_image\" \/>\n<meta name=\"twitter:label1\" content=\"Est. reading time\" \/>\n\t<meta name=\"twitter:data1\" content=\"1 minuta\" \/>\n<!-- \/ Yoast SEO plugin. -->","yoast_head_json":{"title":"VT Cosmetics Reedle Shot EX Cica Modeling Pack, 25 g - Modeluj\u0105ca maska algowa z w\u0105krot\u0105 azjatyck\u0105 - Selleetools.com","robots":{"index":"index","follow":"follow","max-snippet":"max-snippet:-1","max-image-preview":"max-image-preview:large","max-video-preview":"max-video-preview:-1"},"canonical":"https:\/\/admincentral.selleetools.com\/product\/vt-cosmetics-reedle-shot-ex-cica-modeling-pack-25-g-modelujaca-maska-algowa-z-wakrota-azjatycka\/","og_locale":"pl_PL","og_type":"article","og_title":"VT Cosmetics Reedle Shot EX Cica Modeling Pack, 25 g - Modeluj\u0105ca maska algowa z w\u0105krot\u0105 azjatyck\u0105 - Selleetools.com","og_description":"VT Cosmetics Reedle Shot EX Cica Modeling Pack to zaawansowana maska modeluj\u0105ca przeznaczona do intensywnej piel\u0119gnacji sk\u00f3ry. Formu\u0142a oparta na ekstrakcie z Centella Asiatica (Cica) oferuje szereg korzy\u015bci, kt\u00f3re wspomagaj\u0105 regeneracj\u0119, \u0142agodz\u0105 podra\u017cnienia i wzmacniaj\u0105 barier\u0119 ochronn\u0105 sk\u00f3ry. Maska dzia\u0142a koj\u0105co na sk\u00f3r\u0119, redukuje zaczerwienienia oraz nawil\u017ca, pozostawiaj\u0105c cer\u0119 g\u0142adk\u0105, j\u0119drn\u0105 i promienn\u0105. Korzy\u015bci: Regeneracja ... Read moreVT Cosmetics Reedle Shot EX Cica Modeling Pack, 25 g &#8211; Modeluj\u0105ca maska algowa z w\u0105krot\u0105 azjatyck\u0105","og_url":"https:\/\/admincentral.selleetools.com\/product\/vt-cosmetics-reedle-shot-ex-cica-modeling-pack-25-g-modelujaca-maska-algowa-z-wakrota-azjatycka\/","og_site_name":"Selleetools.com","article_modified_time":"2026-01-12T13:00:14+00:00","og_image":[{"width":400,"height":400,"url":"https:\/\/selleetools.com\/wp-content\/uploads\/2025\/10\/a02a6811b7c08e4e1edfb198345ccc92.jpg","type":"image\/jpeg"}],"twitter_card":"summary_large_image","twitter_misc":{"Est. reading time":"1 minuta"},"schema":{"@context":"https:\/\/schema.org","@graph":[{"@type":"Organization","@id":"https:\/\/selleetools.com\/#organization","name":"Selleetools","url":"https:\/\/selleetools.com\/","sameAs":[],"logo":{"@type":"ImageObject","inLanguage":"pl-PL","@id":"https:\/\/selleetools.com\/#\/schema\/logo\/image\/","url":"https:\/\/selleetools.com\/wp-content\/uploads\/2021\/10\/logo-dark.png","contentUrl":"https:\/\/selleetools.com\/wp-content\/uploads\/2021\/10\/logo-dark.png","width":320,"height":76,"caption":"Selleetools"},"image":{"@id":"https:\/\/selleetools.com\/#\/schema\/logo\/image\/"}},{"@type":"WebSite","@id":"https:\/\/selleetools.com\/#website","url":"https:\/\/selleetools.com\/","name":"Selleetools.com","description":"","publisher":{"@id":"https:\/\/selleetools.com\/#organization"},"potentialAction":[{"@type":"SearchAction","target":{"@type":"EntryPoint","urlTemplate":"https:\/\/selleetools.com\/?s={search_term_string}"},"query-input":"required name=search_term_string"}],"inLanguage":"pl-PL"},{"@type":"WebPage","@id":"https:\/\/admincentral.selleetools.com\/product\/vt-cosmetics-reedle-shot-ex-cica-modeling-pack-25-g-modelujaca-maska-algowa-z-wakrota-azjatycka\/","url":"https:\/\/admincentral.selleetools.com\/product\/vt-cosmetics-reedle-shot-ex-cica-modeling-pack-25-g-modelujaca-maska-algowa-z-wakrota-azjatycka\/","name":"VT Cosmetics Reedle Shot EX Cica Modeling Pack, 25 g - Modeluj\u0105ca maska algowa z w\u0105krot\u0105 azjatyck\u0105 - Selleetools.com","isPartOf":{"@id":"https:\/\/selleetools.com\/#website"},"datePublished":"2025-10-24T11:43:16+00:00","dateModified":"2026-01-12T13:00:14+00:00","breadcrumb":{"@id":"https:\/\/admincentral.selleetools.com\/product\/vt-cosmetics-reedle-shot-ex-cica-modeling-pack-25-g-modelujaca-maska-algowa-z-wakrota-azjatycka\/#breadcrumb"},"inLanguage":"pl-PL","potentialAction":[{"@type":"ReadAction","target":["https:\/\/admincentral.selleetools.com\/product\/vt-cosmetics-reedle-shot-ex-cica-modeling-pack-25-g-modelujaca-maska-algowa-z-wakrota-azjatycka\/"]}]},{"@type":"BreadcrumbList","@id":"https:\/\/admincentral.selleetools.com\/product\/vt-cosmetics-reedle-shot-ex-cica-modeling-pack-25-g-modelujaca-maska-algowa-z-wakrota-azjatycka\/#breadcrumb","itemListElement":[{"@type":"ListItem","position":1,"name":"Home","item":"https:\/\/selleetools.com\/pl\/"},{"@type":"ListItem","position":2,"name":"Katalog","item":"https:\/\/selleetools.com\/pl\/katalog\/"},{"@type":"ListItem","position":3,"name":"VT Cosmetics Reedle Shot EX Cica Modeling Pack, 25 g &#8211; Modeluj\u0105ca maska algowa z w\u0105krot\u0105 azjatyck\u0105"}]}]}},"_links":{"self":[{"href":"https:\/\/selleetools.com\/pl\/wp-json\/wp\/v2\/product\/605909"}],"collection":[{"href":"https:\/\/selleetools.com\/pl\/wp-json\/wp\/v2\/product"}],"about":[{"href":"https:\/\/selleetools.com\/pl\/wp-json\/wp\/v2\/types\/product"}],"replies":[{"embeddable":true,"href":"https:\/\/selleetools.com\/pl\/wp-json\/wp\/v2\/comments?post=605909"}],"wp:featuredmedia":[{"embeddable":true,"href":"https:\/\/selleetools.com\/pl\/wp-json\/wp\/v2\/media\/605905"}],"wp:attachment":[{"href":"https:\/\/selleetools.com\/pl\/wp-json\/wp\/v2\/media?parent=605909"}],"curies":[{"name":"wp","href":"https:\/\/api.w.org\/{rel}","templated":true}]}}