{"id":605898,"date":"2025-10-24T13:43:05","date_gmt":"2025-10-24T11:43:05","guid":{"rendered":"https:\/\/selleetools.com\/?post_type=product&#038;p=605898"},"modified":"2025-11-04T20:22:09","modified_gmt":"2025-11-04T19:22:09","slug":"tocobo-cica-calming-aqua-pad-60-ea-kojaco-nawilzajace-platki-do-twarzy","status":"publish","type":"product","link":"https:\/\/selleetools.com\/pl\/product\/tocobo-cica-calming-aqua-pad-60-ea-kojaco-nawilzajace-platki-do-twarzy\/","title":{"rendered":"TOCOBO CICA CALMING AQUA PAD 60 EA &#8211; Koj\u0105co-nawil\u017caj\u0105ce p\u0142atki do twarzy"},"content":{"rendered":"<p>Tocobo Cica Calming Aqua Pad to tonik w postaci nas\u0105czonych pad\u00f3w, kt\u00f3ry skutecznie nawil\u017ca, koi i \u0142agodzi podra\u017cnion\u0105 sk\u00f3r\u0119. Zawiera kompleks Cica, Multi-Hyaluronic Acid oraz ekstrakt z aloesu, kt\u00f3re wsp\u00f3\u0142dzia\u0142aj\u0105 w celu przywr\u00f3cenia r\u00f3wnowagi sk\u00f3rze, poprawiaj\u0105c jej struktur\u0119 oraz nawil\u017cenie. Pady posiadaj\u0105 powierzchni\u0119 z wyt\u0142oczonymi kroplami wody, co u\u0142atwia precyzyjne oczyszczanie i wyg\u0142adzanie sk\u00f3ry. Idealne do codziennej piel\u0119gnacji sk\u00f3ry wra\u017cliwej, sk\u0142onnej do podra\u017cnie\u0144 i zaczerwienie\u0144.<\/p>\n<p>Korzy\u015bci dla sk\u00f3ry:<br \/>\nIntensywne nawil\u017cenie i ukojenie sk\u00f3ry, szczeg\u00f3lnie wra\u017cliwej i podra\u017cnionej<br \/>\nRedukcja zaczerwienie\u0144 i \u0142agodzenie podra\u017cnie\u0144<br \/>\nPoprawa tekstury sk\u00f3ry i wyg\u0142adzenie powierzchni sk\u00f3ry<br \/>\nOczyszczenie i od\u015bwie\u017cenie sk\u00f3ry po oczyszczaniu<br \/>\nOchrona przed utrat\u0105 wilgoci oraz wzmocnienie bariery sk\u00f3rnej <\/p>\n<p>Spos\u00f3b u\u017cycia: Po oczyszczeniu twarzy, u\u017cyj strony wyt\u0142oczonej pad\u00f3w do wyg\u0142adzenia tekstury sk\u00f3ry. Nast\u0119pnie, u\u017cyj g\u0142adkiej strony, aby na\u0142o\u017cy\u0107 pad na twarz jak maseczk\u0119, aby nawil\u017cy\u0107 i ukoi\u0107 sk\u00f3r\u0119. Stosuj rano i wieczorem.<\/p>\n","protected":false},"excerpt":{"rendered":"<p>Tocobo Cica Calming Aqua Pad to tonik w postaci nas\u0105czonych pad\u00f3w, kt\u00f3ry skutecznie nawil\u017ca, koi i \u0142agodzi podra\u017cnion\u0105 sk\u00f3r\u0119. Zawiera kompleks Cica, Multi-Hyaluronic Acid oraz ekstrakt z aloesu, kt\u00f3re wsp\u00f3\u0142dzia\u0142aj\u0105 w celu przywr\u00f3cenia r\u00f3wnowagi sk\u00f3rze, poprawiaj\u0105c jej struktur\u0119 oraz nawil\u017cenie. Pady posiadaj\u0105 powierzchni\u0119 z wyt\u0142oczonymi kroplami wody, co u\u0142atwia precyzyjne oczyszczanie i wyg\u0142adzanie sk\u00f3ry. Idealne &#8230; <a title=\"TOCOBO CICA CALMING AQUA PAD 60 EA &#8211; Koj\u0105co-nawil\u017caj\u0105ce p\u0142atki do twarzy\" class=\"read-more\" href=\"https:\/\/selleetools.com\/pl\/product\/tocobo-cica-calming-aqua-pad-60-ea-kojaco-nawilzajace-platki-do-twarzy\/\">Read more<span class=\"screen-reader-text\">TOCOBO CICA CALMING AQUA PAD 60 EA &#8211; Koj\u0105co-nawil\u017caj\u0105ce p\u0142atki do twarzy<\/span><\/a><\/p>\n","protected":false},"featured_media":605896,"comment_status":"open","ping_status":"closed","template":"","meta":{"_links_to":"","_links_to_target":""},"yoast_head":"<!-- This site is optimized with the Yoast SEO plugin v19.4 - https:\/\/yoast.com\/wordpress\/plugins\/seo\/ -->\n<title>TOCOBO CICA CALMING AQUA PAD 60 EA - Koj\u0105co-nawil\u017caj\u0105ce p\u0142atki do twarzy - Selleetools.com<\/title>\n<meta name=\"robots\" content=\"index, follow, max-snippet:-1, max-image-preview:large, max-video-preview:-1\" \/>\n<link rel=\"canonical\" href=\"https:\/\/selleetools.com\/pl\/product\/tocobo-cica-calming-aqua-pad-60-ea-kojaco-nawilzajace-platki-do-twarzy\/\" \/>\n<meta property=\"og:locale\" content=\"pl_PL\" \/>\n<meta property=\"og:type\" content=\"article\" \/>\n<meta property=\"og:title\" content=\"TOCOBO CICA CALMING AQUA PAD 60 EA - Koj\u0105co-nawil\u017caj\u0105ce p\u0142atki do twarzy - Selleetools.com\" \/>\n<meta property=\"og:description\" content=\"Tocobo Cica Calming Aqua Pad to tonik w postaci nas\u0105czonych pad\u00f3w, kt\u00f3ry skutecznie nawil\u017ca, koi i \u0142agodzi podra\u017cnion\u0105 sk\u00f3r\u0119. Zawiera kompleks Cica, Multi-Hyaluronic Acid oraz ekstrakt z aloesu, kt\u00f3re wsp\u00f3\u0142dzia\u0142aj\u0105 w celu przywr\u00f3cenia r\u00f3wnowagi sk\u00f3rze, poprawiaj\u0105c jej struktur\u0119 oraz nawil\u017cenie. Pady posiadaj\u0105 powierzchni\u0119 z wyt\u0142oczonymi kroplami wody, co u\u0142atwia precyzyjne oczyszczanie i wyg\u0142adzanie sk\u00f3ry. Idealne ... Read moreTOCOBO CICA CALMING AQUA PAD 60 EA &#8211; Koj\u0105co-nawil\u017caj\u0105ce p\u0142atki do twarzy\" \/>\n<meta property=\"og:url\" content=\"https:\/\/selleetools.com\/pl\/product\/tocobo-cica-calming-aqua-pad-60-ea-kojaco-nawilzajace-platki-do-twarzy\/\" \/>\n<meta property=\"og:site_name\" content=\"Selleetools.com\" \/>\n<meta property=\"article:modified_time\" content=\"2025-11-04T19:22:09+00:00\" \/>\n<meta property=\"og:image\" content=\"https:\/\/selleetools.com\/wp-content\/uploads\/2025\/10\/dbee7595691d822cc7faf4b480ca2727.jpg\" \/>\n\t<meta property=\"og:image:width\" content=\"1200\" \/>\n\t<meta property=\"og:image:height\" content=\"1200\" \/>\n\t<meta property=\"og:image:type\" content=\"image\/jpeg\" \/>\n<meta name=\"twitter:card\" content=\"summary_large_image\" \/>\n<meta name=\"twitter:label1\" content=\"Est. reading time\" \/>\n\t<meta name=\"twitter:data1\" content=\"1 minuta\" \/>\n<!-- \/ Yoast SEO plugin. -->","yoast_head_json":{"title":"TOCOBO CICA CALMING AQUA PAD 60 EA - Koj\u0105co-nawil\u017caj\u0105ce p\u0142atki do twarzy - Selleetools.com","robots":{"index":"index","follow":"follow","max-snippet":"max-snippet:-1","max-image-preview":"max-image-preview:large","max-video-preview":"max-video-preview:-1"},"canonical":"https:\/\/selleetools.com\/pl\/product\/tocobo-cica-calming-aqua-pad-60-ea-kojaco-nawilzajace-platki-do-twarzy\/","og_locale":"pl_PL","og_type":"article","og_title":"TOCOBO CICA CALMING AQUA PAD 60 EA - Koj\u0105co-nawil\u017caj\u0105ce p\u0142atki do twarzy - Selleetools.com","og_description":"Tocobo Cica Calming Aqua Pad to tonik w postaci nas\u0105czonych pad\u00f3w, kt\u00f3ry skutecznie nawil\u017ca, koi i \u0142agodzi podra\u017cnion\u0105 sk\u00f3r\u0119. Zawiera kompleks Cica, Multi-Hyaluronic Acid oraz ekstrakt z aloesu, kt\u00f3re wsp\u00f3\u0142dzia\u0142aj\u0105 w celu przywr\u00f3cenia r\u00f3wnowagi sk\u00f3rze, poprawiaj\u0105c jej struktur\u0119 oraz nawil\u017cenie. Pady posiadaj\u0105 powierzchni\u0119 z wyt\u0142oczonymi kroplami wody, co u\u0142atwia precyzyjne oczyszczanie i wyg\u0142adzanie sk\u00f3ry. Idealne ... Read moreTOCOBO CICA CALMING AQUA PAD 60 EA &#8211; Koj\u0105co-nawil\u017caj\u0105ce p\u0142atki do twarzy","og_url":"https:\/\/selleetools.com\/pl\/product\/tocobo-cica-calming-aqua-pad-60-ea-kojaco-nawilzajace-platki-do-twarzy\/","og_site_name":"Selleetools.com","article_modified_time":"2025-11-04T19:22:09+00:00","og_image":[{"width":1200,"height":1200,"url":"https:\/\/selleetools.com\/wp-content\/uploads\/2025\/10\/dbee7595691d822cc7faf4b480ca2727.jpg","type":"image\/jpeg"}],"twitter_card":"summary_large_image","twitter_misc":{"Est. reading time":"1 minuta"},"schema":{"@context":"https:\/\/schema.org","@graph":[{"@type":"Organization","@id":"https:\/\/selleetools.com\/#organization","name":"Selleetools","url":"https:\/\/selleetools.com\/","sameAs":[],"logo":{"@type":"ImageObject","inLanguage":"pl-PL","@id":"https:\/\/selleetools.com\/#\/schema\/logo\/image\/","url":"https:\/\/selleetools.com\/wp-content\/uploads\/2021\/10\/logo-dark.png","contentUrl":"https:\/\/selleetools.com\/wp-content\/uploads\/2021\/10\/logo-dark.png","width":320,"height":76,"caption":"Selleetools"},"image":{"@id":"https:\/\/selleetools.com\/#\/schema\/logo\/image\/"}},{"@type":"WebSite","@id":"https:\/\/selleetools.com\/#website","url":"https:\/\/selleetools.com\/","name":"Selleetools.com","description":"","publisher":{"@id":"https:\/\/selleetools.com\/#organization"},"potentialAction":[{"@type":"SearchAction","target":{"@type":"EntryPoint","urlTemplate":"https:\/\/selleetools.com\/?s={search_term_string}"},"query-input":"required name=search_term_string"}],"inLanguage":"pl-PL"},{"@type":"WebPage","@id":"https:\/\/selleetools.com\/pl\/product\/tocobo-cica-calming-aqua-pad-60-ea-kojaco-nawilzajace-platki-do-twarzy\/","url":"https:\/\/selleetools.com\/pl\/product\/tocobo-cica-calming-aqua-pad-60-ea-kojaco-nawilzajace-platki-do-twarzy\/","name":"TOCOBO CICA CALMING AQUA PAD 60 EA - Koj\u0105co-nawil\u017caj\u0105ce p\u0142atki do twarzy - Selleetools.com","isPartOf":{"@id":"https:\/\/selleetools.com\/#website"},"datePublished":"2025-10-24T11:43:05+00:00","dateModified":"2025-11-04T19:22:09+00:00","breadcrumb":{"@id":"https:\/\/selleetools.com\/pl\/product\/tocobo-cica-calming-aqua-pad-60-ea-kojaco-nawilzajace-platki-do-twarzy\/#breadcrumb"},"inLanguage":"pl-PL","potentialAction":[{"@type":"ReadAction","target":["https:\/\/selleetools.com\/pl\/product\/tocobo-cica-calming-aqua-pad-60-ea-kojaco-nawilzajace-platki-do-twarzy\/"]}]},{"@type":"BreadcrumbList","@id":"https:\/\/selleetools.com\/pl\/product\/tocobo-cica-calming-aqua-pad-60-ea-kojaco-nawilzajace-platki-do-twarzy\/#breadcrumb","itemListElement":[{"@type":"ListItem","position":1,"name":"Home","item":"https:\/\/selleetools.com\/pl\/"},{"@type":"ListItem","position":2,"name":"Katalog","item":"https:\/\/selleetools.com\/pl\/katalog\/"},{"@type":"ListItem","position":3,"name":"TOCOBO CICA CALMING AQUA PAD 60 EA &#8211; Koj\u0105co-nawil\u017caj\u0105ce p\u0142atki do twarzy"}]}]}},"_links":{"self":[{"href":"https:\/\/selleetools.com\/pl\/wp-json\/wp\/v2\/product\/605898"}],"collection":[{"href":"https:\/\/selleetools.com\/pl\/wp-json\/wp\/v2\/product"}],"about":[{"href":"https:\/\/selleetools.com\/pl\/wp-json\/wp\/v2\/types\/product"}],"replies":[{"embeddable":true,"href":"https:\/\/selleetools.com\/pl\/wp-json\/wp\/v2\/comments?post=605898"}],"wp:featuredmedia":[{"embeddable":true,"href":"https:\/\/selleetools.com\/pl\/wp-json\/wp\/v2\/media\/605896"}],"wp:attachment":[{"href":"https:\/\/selleetools.com\/pl\/wp-json\/wp\/v2\/media?parent=605898"}],"curies":[{"name":"wp","href":"https:\/\/api.w.org\/{rel}","templated":true}]}}