{"id":605702,"date":"2025-10-24T13:40:40","date_gmt":"2025-10-24T11:40:40","guid":{"rendered":"https:\/\/selleetools.com\/?post_type=product&#038;p=605702"},"modified":"2026-02-11T17:22:57","modified_gmt":"2026-02-11T16:22:57","slug":"romnd-better-than-palette-09-dreamy-lilac-garden-8-g-paleta-cieni-do-powiek","status":"publish","type":"product","link":"https:\/\/selleetools.com\/pl\/product\/romnd-better-than-palette-09-dreamy-lilac-garden-8-g-paleta-cieni-do-powiek\/","title":{"rendered":"rom&#038;nd Better Than Palette 09 Dreamy Lilac Garden 8 g &#8211; Paleta cieni do powiek"},"content":{"rendered":"<p>rom&#038;nd Better Than Palette 09 Dreamy Lilac Garden to wyj\u0105tkowa paleta cieni do powiek, kt\u00f3ra przeniesie Ci\u0119 do zaczarowanego ogrodu pe\u0142nego subtelnych odcieni fioletu i r\u00f3\u017cu. Ta paleta oferuje 9 starannie dobranych kolor\u00f3w o r\u00f3\u017cnych wyko\u0144czeniach: matowych, satynowych i b\u0142yszcz\u0105cych, kt\u00f3re doskonale komponuj\u0105 si\u0119 ze sob\u0105, umo\u017cliwiaj\u0105c stworzenie zar\u00f3wno delikatnych, jak i bardziej intensywnych makija\u017cy.<\/p>\n<p>Korzy\u015bci dla sk\u00f3ry:<br \/>\nCienie w tej palecie zawieraj\u0105 sk\u0142adniki, kt\u00f3re s\u0105 delikatne dla sk\u00f3ry powiek i nie podra\u017cniaj\u0105 jej, nawet przy d\u0142ugotrwa\u0142ym noszeniu. Formu\u0142a jest opracowana tak, aby zapewni\u0107 wygod\u0119 i trwa\u0142o\u015b\u0107, a tak\u017ce \u0142atwo\u015b\u0107 w aplikacji oraz blendowaniu, co sprawia, \u017ce makija\u017c jest prosty do wykonania.<\/p>\n<p>Spos\u00f3b u\u017cycia:<br \/>\nNa\u0142\u00f3\u017c wybrany cie\u0144 na powieki za pomoc\u0105 p\u0119dzelka lub palca, rozprowadzaj\u0105c go r\u00f3wnomiernie. Aby uzyska\u0107 bardziej intensywny efekt, na\u0142\u00f3\u017c kilka warstw cienia lub u\u017cyj odcieni w r\u00f3\u017cnych kombinacjach. Mo\u017cesz r\u00f3wnie\u017c \u0142\u0105czy\u0107 matowe i b\u0142yszcz\u0105ce kolory, aby uzyska\u0107 ciekawy efekt i podkre\u015bli\u0107 swoje spojrzenie. Paleta jest idealna do codziennego u\u017cytku, jak i na specjalne okazje, gdzie chcesz zab\u0142ysn\u0105\u0107 eleganckim makija\u017cem.<\/p>\n","protected":false},"excerpt":{"rendered":"<p>rom&#038;nd Better Than Palette 09 Dreamy Lilac Garden to wyj\u0105tkowa paleta cieni do powiek, kt\u00f3ra przeniesie Ci\u0119 do zaczarowanego ogrodu pe\u0142nego subtelnych odcieni fioletu i r\u00f3\u017cu. Ta paleta oferuje 9 starannie dobranych kolor\u00f3w o r\u00f3\u017cnych wyko\u0144czeniach: matowych, satynowych i b\u0142yszcz\u0105cych, kt\u00f3re doskonale komponuj\u0105 si\u0119 ze sob\u0105, umo\u017cliwiaj\u0105c stworzenie zar\u00f3wno delikatnych, jak i bardziej intensywnych makija\u017cy. &#8230; <a title=\"rom&#038;nd Better Than Palette 09 Dreamy Lilac Garden 8 g &#8211; Paleta cieni do powiek\" class=\"read-more\" href=\"https:\/\/selleetools.com\/pl\/product\/romnd-better-than-palette-09-dreamy-lilac-garden-8-g-paleta-cieni-do-powiek\/\">Read more<span class=\"screen-reader-text\">rom&#038;nd Better Than Palette 09 Dreamy Lilac Garden 8 g &#8211; Paleta cieni do powiek<\/span><\/a><\/p>\n","protected":false},"featured_media":605698,"comment_status":"open","ping_status":"closed","template":"","meta":{"_links_to":"","_links_to_target":""},"yoast_head":"<!-- This site is optimized with the Yoast SEO plugin v19.4 - https:\/\/yoast.com\/wordpress\/plugins\/seo\/ -->\n<title>rom&amp;nd Better Than Palette 09 Dreamy Lilac Garden 8 g - Paleta cieni do powiek - Selleetools.com<\/title>\n<meta name=\"robots\" content=\"index, follow, max-snippet:-1, max-image-preview:large, max-video-preview:-1\" \/>\n<link rel=\"canonical\" href=\"https:\/\/selleetools.com\/pl\/product\/romnd-better-than-palette-09-dreamy-lilac-garden-8-g-paleta-cieni-do-powiek\/\" \/>\n<meta property=\"og:locale\" content=\"pl_PL\" \/>\n<meta property=\"og:type\" content=\"article\" \/>\n<meta property=\"og:title\" content=\"rom&amp;nd Better Than Palette 09 Dreamy Lilac Garden 8 g - Paleta cieni do powiek - Selleetools.com\" \/>\n<meta property=\"og:description\" content=\"rom&#038;nd Better Than Palette 09 Dreamy Lilac Garden to wyj\u0105tkowa paleta cieni do powiek, kt\u00f3ra przeniesie Ci\u0119 do zaczarowanego ogrodu pe\u0142nego subtelnych odcieni fioletu i r\u00f3\u017cu. Ta paleta oferuje 9 starannie dobranych kolor\u00f3w o r\u00f3\u017cnych wyko\u0144czeniach: matowych, satynowych i b\u0142yszcz\u0105cych, kt\u00f3re doskonale komponuj\u0105 si\u0119 ze sob\u0105, umo\u017cliwiaj\u0105c stworzenie zar\u00f3wno delikatnych, jak i bardziej intensywnych makija\u017cy. ... Read morerom&#038;nd Better Than Palette 09 Dreamy Lilac Garden 8 g &#8211; Paleta cieni do powiek\" \/>\n<meta property=\"og:url\" content=\"https:\/\/selleetools.com\/pl\/product\/romnd-better-than-palette-09-dreamy-lilac-garden-8-g-paleta-cieni-do-powiek\/\" \/>\n<meta property=\"og:site_name\" content=\"Selleetools.com\" \/>\n<meta property=\"article:modified_time\" content=\"2026-02-11T16:22:57+00:00\" \/>\n<meta property=\"og:image\" content=\"https:\/\/selleetools.com\/wp-content\/uploads\/2025\/10\/f40cf6d2cf5777ae63ffea65a3602921.jpg\" \/>\n\t<meta property=\"og:image:width\" content=\"1500\" \/>\n\t<meta property=\"og:image:height\" content=\"1500\" \/>\n\t<meta property=\"og:image:type\" content=\"image\/jpeg\" \/>\n<meta name=\"twitter:card\" content=\"summary_large_image\" \/>\n<meta name=\"twitter:label1\" content=\"Est. reading time\" \/>\n\t<meta name=\"twitter:data1\" content=\"1 minuta\" \/>\n<!-- \/ Yoast SEO plugin. -->","yoast_head_json":{"title":"rom&nd Better Than Palette 09 Dreamy Lilac Garden 8 g - Paleta cieni do powiek - Selleetools.com","robots":{"index":"index","follow":"follow","max-snippet":"max-snippet:-1","max-image-preview":"max-image-preview:large","max-video-preview":"max-video-preview:-1"},"canonical":"https:\/\/selleetools.com\/pl\/product\/romnd-better-than-palette-09-dreamy-lilac-garden-8-g-paleta-cieni-do-powiek\/","og_locale":"pl_PL","og_type":"article","og_title":"rom&nd Better Than Palette 09 Dreamy Lilac Garden 8 g - Paleta cieni do powiek - Selleetools.com","og_description":"rom&#038;nd Better Than Palette 09 Dreamy Lilac Garden to wyj\u0105tkowa paleta cieni do powiek, kt\u00f3ra przeniesie Ci\u0119 do zaczarowanego ogrodu pe\u0142nego subtelnych odcieni fioletu i r\u00f3\u017cu. Ta paleta oferuje 9 starannie dobranych kolor\u00f3w o r\u00f3\u017cnych wyko\u0144czeniach: matowych, satynowych i b\u0142yszcz\u0105cych, kt\u00f3re doskonale komponuj\u0105 si\u0119 ze sob\u0105, umo\u017cliwiaj\u0105c stworzenie zar\u00f3wno delikatnych, jak i bardziej intensywnych makija\u017cy. ... Read morerom&#038;nd Better Than Palette 09 Dreamy Lilac Garden 8 g &#8211; Paleta cieni do powiek","og_url":"https:\/\/selleetools.com\/pl\/product\/romnd-better-than-palette-09-dreamy-lilac-garden-8-g-paleta-cieni-do-powiek\/","og_site_name":"Selleetools.com","article_modified_time":"2026-02-11T16:22:57+00:00","og_image":[{"width":1500,"height":1500,"url":"https:\/\/selleetools.com\/wp-content\/uploads\/2025\/10\/f40cf6d2cf5777ae63ffea65a3602921.jpg","type":"image\/jpeg"}],"twitter_card":"summary_large_image","twitter_misc":{"Est. reading time":"1 minuta"},"schema":{"@context":"https:\/\/schema.org","@graph":[{"@type":"Organization","@id":"https:\/\/selleetools.com\/#organization","name":"Selleetools","url":"https:\/\/selleetools.com\/","sameAs":[],"logo":{"@type":"ImageObject","inLanguage":"pl-PL","@id":"https:\/\/selleetools.com\/#\/schema\/logo\/image\/","url":"https:\/\/selleetools.com\/wp-content\/uploads\/2021\/10\/logo-dark.png","contentUrl":"https:\/\/selleetools.com\/wp-content\/uploads\/2021\/10\/logo-dark.png","width":320,"height":76,"caption":"Selleetools"},"image":{"@id":"https:\/\/selleetools.com\/#\/schema\/logo\/image\/"}},{"@type":"WebSite","@id":"https:\/\/selleetools.com\/#website","url":"https:\/\/selleetools.com\/","name":"Selleetools.com","description":"","publisher":{"@id":"https:\/\/selleetools.com\/#organization"},"potentialAction":[{"@type":"SearchAction","target":{"@type":"EntryPoint","urlTemplate":"https:\/\/selleetools.com\/?s={search_term_string}"},"query-input":"required name=search_term_string"}],"inLanguage":"pl-PL"},{"@type":"WebPage","@id":"https:\/\/selleetools.com\/pl\/product\/romnd-better-than-palette-09-dreamy-lilac-garden-8-g-paleta-cieni-do-powiek\/","url":"https:\/\/selleetools.com\/pl\/product\/romnd-better-than-palette-09-dreamy-lilac-garden-8-g-paleta-cieni-do-powiek\/","name":"rom&nd Better Than Palette 09 Dreamy Lilac Garden 8 g - Paleta cieni do powiek - Selleetools.com","isPartOf":{"@id":"https:\/\/selleetools.com\/#website"},"datePublished":"2025-10-24T11:40:40+00:00","dateModified":"2026-02-11T16:22:57+00:00","breadcrumb":{"@id":"https:\/\/selleetools.com\/pl\/product\/romnd-better-than-palette-09-dreamy-lilac-garden-8-g-paleta-cieni-do-powiek\/#breadcrumb"},"inLanguage":"pl-PL","potentialAction":[{"@type":"ReadAction","target":["https:\/\/selleetools.com\/pl\/product\/romnd-better-than-palette-09-dreamy-lilac-garden-8-g-paleta-cieni-do-powiek\/"]}]},{"@type":"BreadcrumbList","@id":"https:\/\/selleetools.com\/pl\/product\/romnd-better-than-palette-09-dreamy-lilac-garden-8-g-paleta-cieni-do-powiek\/#breadcrumb","itemListElement":[{"@type":"ListItem","position":1,"name":"Home","item":"https:\/\/selleetools.com\/pl\/"},{"@type":"ListItem","position":2,"name":"Katalog","item":"https:\/\/selleetools.com\/pl\/katalog\/"},{"@type":"ListItem","position":3,"name":"rom&#038;nd Better Than Palette 09 Dreamy Lilac Garden 8 g &#8211; Paleta cieni do powiek"}]}]}},"_links":{"self":[{"href":"https:\/\/selleetools.com\/pl\/wp-json\/wp\/v2\/product\/605702"}],"collection":[{"href":"https:\/\/selleetools.com\/pl\/wp-json\/wp\/v2\/product"}],"about":[{"href":"https:\/\/selleetools.com\/pl\/wp-json\/wp\/v2\/types\/product"}],"replies":[{"embeddable":true,"href":"https:\/\/selleetools.com\/pl\/wp-json\/wp\/v2\/comments?post=605702"}],"wp:featuredmedia":[{"embeddable":true,"href":"https:\/\/selleetools.com\/pl\/wp-json\/wp\/v2\/media\/605698"}],"wp:attachment":[{"href":"https:\/\/selleetools.com\/pl\/wp-json\/wp\/v2\/media?parent=605702"}],"curies":[{"name":"wp","href":"https:\/\/api.w.org\/{rel}","templated":true}]}}