{"id":605681,"date":"2025-10-24T13:40:26","date_gmt":"2025-10-24T11:40:26","guid":{"rendered":"https:\/\/selleetools.com\/?post_type=product&#038;p=605681"},"modified":"2025-11-03T17:08:24","modified_gmt":"2025-11-03T16:08:24","slug":"tirtir-mini-mask-fit-red-mini-cushion-23n-sand-4-5-g-podklad-w-formie-cushion","status":"publish","type":"product","link":"https:\/\/selleetools.com\/pl\/product\/tirtir-mini-mask-fit-red-mini-cushion-23n-sand-4-5-g-podklad-w-formie-cushion\/","title":{"rendered":"TIRTIR MINI MASK FIT RED MINI CUSHION 23N SAND 4.5 g &#8211; Podk\u0142ad w formie cushion"},"content":{"rendered":"<p>TIRTIR Mini Mask Fit Red Mini Cushion w odcieniu 23N Sand to kompaktowy podk\u0142ad w formie poduszki, stworzony, aby zapewni\u0107 naturalne krycie i nawil\u017cenie sk\u00f3ry. Formu\u0142a produktu jest lekka, a jednocze\u015bnie d\u0142ugotrwa\u0142a, dzi\u0119ki czemu makija\u017c utrzymuje si\u0119 przez ca\u0142y dzie\u0144. Wzbogacony ekstraktami ro\u015blinnymi i nawil\u017caj\u0105cymi sk\u0142adnikami, cushion nie tylko nadaje sk\u00f3rze zdrowy wygl\u0105d, ale tak\u017ce j\u0105 piel\u0119gnuje.<\/p>\n<p>Korzy\u015bci:<br \/>\nNaturalne wyko\u0144czenie: Ujednolica koloryt sk\u00f3ry, zapewniaj\u0105c naturalny wygl\u0105d z delikatnym kryciem.<br \/>\nW\u0142a\u015bciwo\u015bci piel\u0119gnacyjne: Zawiera ekstrakty ro\u015blinne, takie jak Hibiscus Sabdariffa i Nymphaea Alba, kt\u00f3re wspomagaj\u0105 piel\u0119gnacj\u0119 sk\u00f3ry.<br \/>\nNawil\u017cenie i komfort: Sk\u0142adniki nawil\u017caj\u0105ce, takie jak Glycerin i Butylene Glycol, pomagaj\u0105 utrzyma\u0107 odpowiedni poziom nawil\u017cenia.<br \/>\nPraktyczny format: Ma\u0142e rozmiary produktu pozwalaj\u0105 na \u0142atwe przenoszenie i szybk\u0105 aplikacj\u0119 w dowolnym miejscu.<\/p>\n<p>Spos\u00f3b u\u017cycia:<br \/>\nPrzygotowanie: Przed aplikacj\u0105 dok\u0142adnie oczy\u015b\u0107 sk\u00f3r\u0119 i na\u0142\u00f3\u017c sw\u00f3j ulubiony krem nawil\u017caj\u0105cy.<br \/>\nNak\u0142adanie: U\u017cyj aplikatora, aby delikatnie naciska\u0107 na poduszk\u0119 i nabra\u0107 niewielk\u0105 ilo\u015b\u0107 produktu. Wklepuj podk\u0142ad r\u00f3wnomiernie na twarz, zaczynaj\u0105c od \u015brodka i kieruj\u0105c si\u0119 na zewn\u0105trz.<br \/>\nBudowanie krycia: W celu uzyskania wi\u0119kszego krycia na\u0142\u00f3\u017c dodatkow\u0105 warstw\u0119 na problematyczne miejsca.<br \/>\nPoprawki w ci\u0105gu dnia: Mo\u017cna stosowa\u0107 do szybkich poprawek makija\u017cu, aby od\u015bwie\u017cy\u0107 wygl\u0105d.<br \/>\nZalecenia:<br \/>\nIdealny do codziennego makija\u017cu oraz jako produkt do szybkich poprawek w ci\u0105gu dnia. Przechowywa\u0107 w suchym miejscu, z dala od bezpo\u015bredniego \u015bwiat\u0142a s\u0142onecznego.<\/p>\n","protected":false},"excerpt":{"rendered":"<p>TIRTIR Mini Mask Fit Red Mini Cushion w odcieniu 23N Sand to kompaktowy podk\u0142ad w formie poduszki, stworzony, aby zapewni\u0107 naturalne krycie i nawil\u017cenie sk\u00f3ry. Formu\u0142a produktu jest lekka, a jednocze\u015bnie d\u0142ugotrwa\u0142a, dzi\u0119ki czemu makija\u017c utrzymuje si\u0119 przez ca\u0142y dzie\u0144. Wzbogacony ekstraktami ro\u015blinnymi i nawil\u017caj\u0105cymi sk\u0142adnikami, cushion nie tylko nadaje sk\u00f3rze zdrowy wygl\u0105d, ale tak\u017ce &#8230; <a title=\"TIRTIR MINI MASK FIT RED MINI CUSHION 23N SAND 4.5 g &#8211; Podk\u0142ad w formie cushion\" class=\"read-more\" href=\"https:\/\/selleetools.com\/pl\/product\/tirtir-mini-mask-fit-red-mini-cushion-23n-sand-4-5-g-podklad-w-formie-cushion\/\">Read more<span class=\"screen-reader-text\">TIRTIR MINI MASK FIT RED MINI CUSHION 23N SAND 4.5 g &#8211; Podk\u0142ad w formie cushion<\/span><\/a><\/p>\n","protected":false},"featured_media":605677,"comment_status":"open","ping_status":"closed","template":"","meta":{"_links_to":"","_links_to_target":""},"yoast_head":"<!-- This site is optimized with the Yoast SEO plugin v19.4 - https:\/\/yoast.com\/wordpress\/plugins\/seo\/ -->\n<title>TIRTIR MINI MASK FIT RED MINI CUSHION 23N SAND 4.5 g - Podk\u0142ad w formie cushion - Selleetools.com<\/title>\n<meta name=\"robots\" content=\"index, follow, max-snippet:-1, max-image-preview:large, max-video-preview:-1\" \/>\n<link rel=\"canonical\" href=\"https:\/\/selleetools.com\/pl\/product\/tirtir-mini-mask-fit-red-mini-cushion-23n-sand-4-5-g-podklad-w-formie-cushion\/\" \/>\n<meta property=\"og:locale\" content=\"pl_PL\" \/>\n<meta property=\"og:type\" content=\"article\" \/>\n<meta property=\"og:title\" content=\"TIRTIR MINI MASK FIT RED MINI CUSHION 23N SAND 4.5 g - Podk\u0142ad w formie cushion - Selleetools.com\" \/>\n<meta property=\"og:description\" content=\"TIRTIR Mini Mask Fit Red Mini Cushion w odcieniu 23N Sand to kompaktowy podk\u0142ad w formie poduszki, stworzony, aby zapewni\u0107 naturalne krycie i nawil\u017cenie sk\u00f3ry. Formu\u0142a produktu jest lekka, a jednocze\u015bnie d\u0142ugotrwa\u0142a, dzi\u0119ki czemu makija\u017c utrzymuje si\u0119 przez ca\u0142y dzie\u0144. Wzbogacony ekstraktami ro\u015blinnymi i nawil\u017caj\u0105cymi sk\u0142adnikami, cushion nie tylko nadaje sk\u00f3rze zdrowy wygl\u0105d, ale tak\u017ce ... Read moreTIRTIR MINI MASK FIT RED MINI CUSHION 23N SAND 4.5 g &#8211; Podk\u0142ad w formie cushion\" \/>\n<meta property=\"og:url\" content=\"https:\/\/selleetools.com\/pl\/product\/tirtir-mini-mask-fit-red-mini-cushion-23n-sand-4-5-g-podklad-w-formie-cushion\/\" \/>\n<meta property=\"og:site_name\" content=\"Selleetools.com\" \/>\n<meta property=\"article:modified_time\" content=\"2025-11-03T16:08:24+00:00\" \/>\n<meta property=\"og:image\" content=\"https:\/\/selleetools.com\/wp-content\/uploads\/2025\/10\/33725ea2834e81eabe2e1cad62493c44.jpg\" \/>\n\t<meta property=\"og:image:width\" content=\"1500\" \/>\n\t<meta property=\"og:image:height\" content=\"1500\" \/>\n\t<meta property=\"og:image:type\" content=\"image\/jpeg\" \/>\n<meta name=\"twitter:card\" content=\"summary_large_image\" \/>\n<meta name=\"twitter:label1\" content=\"Est. reading time\" \/>\n\t<meta name=\"twitter:data1\" content=\"1 minuta\" \/>\n<!-- \/ Yoast SEO plugin. -->","yoast_head_json":{"title":"TIRTIR MINI MASK FIT RED MINI CUSHION 23N SAND 4.5 g - Podk\u0142ad w formie cushion - Selleetools.com","robots":{"index":"index","follow":"follow","max-snippet":"max-snippet:-1","max-image-preview":"max-image-preview:large","max-video-preview":"max-video-preview:-1"},"canonical":"https:\/\/selleetools.com\/pl\/product\/tirtir-mini-mask-fit-red-mini-cushion-23n-sand-4-5-g-podklad-w-formie-cushion\/","og_locale":"pl_PL","og_type":"article","og_title":"TIRTIR MINI MASK FIT RED MINI CUSHION 23N SAND 4.5 g - Podk\u0142ad w formie cushion - Selleetools.com","og_description":"TIRTIR Mini Mask Fit Red Mini Cushion w odcieniu 23N Sand to kompaktowy podk\u0142ad w formie poduszki, stworzony, aby zapewni\u0107 naturalne krycie i nawil\u017cenie sk\u00f3ry. Formu\u0142a produktu jest lekka, a jednocze\u015bnie d\u0142ugotrwa\u0142a, dzi\u0119ki czemu makija\u017c utrzymuje si\u0119 przez ca\u0142y dzie\u0144. Wzbogacony ekstraktami ro\u015blinnymi i nawil\u017caj\u0105cymi sk\u0142adnikami, cushion nie tylko nadaje sk\u00f3rze zdrowy wygl\u0105d, ale tak\u017ce ... Read moreTIRTIR MINI MASK FIT RED MINI CUSHION 23N SAND 4.5 g &#8211; Podk\u0142ad w formie cushion","og_url":"https:\/\/selleetools.com\/pl\/product\/tirtir-mini-mask-fit-red-mini-cushion-23n-sand-4-5-g-podklad-w-formie-cushion\/","og_site_name":"Selleetools.com","article_modified_time":"2025-11-03T16:08:24+00:00","og_image":[{"width":1500,"height":1500,"url":"https:\/\/selleetools.com\/wp-content\/uploads\/2025\/10\/33725ea2834e81eabe2e1cad62493c44.jpg","type":"image\/jpeg"}],"twitter_card":"summary_large_image","twitter_misc":{"Est. reading time":"1 minuta"},"schema":{"@context":"https:\/\/schema.org","@graph":[{"@type":"Organization","@id":"https:\/\/selleetools.com\/#organization","name":"Selleetools","url":"https:\/\/selleetools.com\/","sameAs":[],"logo":{"@type":"ImageObject","inLanguage":"pl-PL","@id":"https:\/\/selleetools.com\/#\/schema\/logo\/image\/","url":"https:\/\/selleetools.com\/wp-content\/uploads\/2021\/10\/logo-dark.png","contentUrl":"https:\/\/selleetools.com\/wp-content\/uploads\/2021\/10\/logo-dark.png","width":320,"height":76,"caption":"Selleetools"},"image":{"@id":"https:\/\/selleetools.com\/#\/schema\/logo\/image\/"}},{"@type":"WebSite","@id":"https:\/\/selleetools.com\/#website","url":"https:\/\/selleetools.com\/","name":"Selleetools.com","description":"","publisher":{"@id":"https:\/\/selleetools.com\/#organization"},"potentialAction":[{"@type":"SearchAction","target":{"@type":"EntryPoint","urlTemplate":"https:\/\/selleetools.com\/?s={search_term_string}"},"query-input":"required name=search_term_string"}],"inLanguage":"pl-PL"},{"@type":"WebPage","@id":"https:\/\/selleetools.com\/pl\/product\/tirtir-mini-mask-fit-red-mini-cushion-23n-sand-4-5-g-podklad-w-formie-cushion\/","url":"https:\/\/selleetools.com\/pl\/product\/tirtir-mini-mask-fit-red-mini-cushion-23n-sand-4-5-g-podklad-w-formie-cushion\/","name":"TIRTIR MINI MASK FIT RED MINI CUSHION 23N SAND 4.5 g - Podk\u0142ad w formie cushion - Selleetools.com","isPartOf":{"@id":"https:\/\/selleetools.com\/#website"},"datePublished":"2025-10-24T11:40:26+00:00","dateModified":"2025-11-03T16:08:24+00:00","breadcrumb":{"@id":"https:\/\/selleetools.com\/pl\/product\/tirtir-mini-mask-fit-red-mini-cushion-23n-sand-4-5-g-podklad-w-formie-cushion\/#breadcrumb"},"inLanguage":"pl-PL","potentialAction":[{"@type":"ReadAction","target":["https:\/\/selleetools.com\/pl\/product\/tirtir-mini-mask-fit-red-mini-cushion-23n-sand-4-5-g-podklad-w-formie-cushion\/"]}]},{"@type":"BreadcrumbList","@id":"https:\/\/selleetools.com\/pl\/product\/tirtir-mini-mask-fit-red-mini-cushion-23n-sand-4-5-g-podklad-w-formie-cushion\/#breadcrumb","itemListElement":[{"@type":"ListItem","position":1,"name":"Home","item":"https:\/\/selleetools.com\/pl\/"},{"@type":"ListItem","position":2,"name":"Katalog","item":"https:\/\/selleetools.com\/pl\/katalog\/"},{"@type":"ListItem","position":3,"name":"TIRTIR MINI MASK FIT RED MINI CUSHION 23N SAND 4.5 g &#8211; Podk\u0142ad w formie cushion"}]}]}},"_links":{"self":[{"href":"https:\/\/selleetools.com\/pl\/wp-json\/wp\/v2\/product\/605681"}],"collection":[{"href":"https:\/\/selleetools.com\/pl\/wp-json\/wp\/v2\/product"}],"about":[{"href":"https:\/\/selleetools.com\/pl\/wp-json\/wp\/v2\/types\/product"}],"replies":[{"embeddable":true,"href":"https:\/\/selleetools.com\/pl\/wp-json\/wp\/v2\/comments?post=605681"}],"wp:featuredmedia":[{"embeddable":true,"href":"https:\/\/selleetools.com\/pl\/wp-json\/wp\/v2\/media\/605677"}],"wp:attachment":[{"href":"https:\/\/selleetools.com\/pl\/wp-json\/wp\/v2\/media?parent=605681"}],"curies":[{"name":"wp","href":"https:\/\/api.w.org\/{rel}","templated":true}]}}