{"id":605659,"date":"2025-10-24T13:40:10","date_gmt":"2025-10-24T11:40:10","guid":{"rendered":"https:\/\/selleetools.com\/?post_type=product&#038;p=605659"},"modified":"2025-11-04T20:20:24","modified_gmt":"2025-11-04T19:20:24","slug":"purederm-total-anti-aging-odmladzajacy-3-etapowy-koreanski-zabieg-na-twarz-15-g-22-g-15-g","status":"publish","type":"product","link":"https:\/\/selleetools.com\/pl\/product\/purederm-total-anti-aging-odmladzajacy-3-etapowy-koreanski-zabieg-na-twarz-15-g-22-g-15-g\/","title":{"rendered":"PUREDERM TOTAL ANTI-AGING Odm\u0142adzaj\u0105cy 3-etapowy korea\u0144ski zabieg na twarz, 1,5 g + 22 g + 1,5 g"},"content":{"rendered":"<p>PUREDERM &#8211; TOTAL ANTI-AGING Odm\u0142adzaj\u0105cy 3-etapowy korea\u0144ski zabieg na twarz, 1,5 g + 22 g + 1,5 g <\/p>\n<p>Kompleksowy, 3-etapowy korea\u0144ski zabieg odm\u0142adzaj\u0105cy, kt\u00f3ry skutecznie redukuje oznaki starzenia i przywraca sk\u00f3rze m\u0142odszy wygl\u0105d. Zabieg sk\u0142ada si\u0119 z trzech r\u00f3\u017cnych etap\u00f3w, kt\u00f3re dzia\u0142aj\u0105 razem, aby wyg\u0142adzi\u0107, nawil\u017cy\u0107 i uj\u0119drni\u0107 sk\u00f3r\u0119. Formu\u0142a jest dostosowana do intensywnej piel\u0119gnacji, zapewniaj\u0105c sk\u00f3rze kompleksow\u0105 odnow\u0119. Usuwa martwe kom\u00f3rki nask\u00f3rka i zanieczyszczenia, przygotowuj\u0105c sk\u00f3r\u0119 do kolejnych etap\u00f3w. Otwiera pory, u\u0142atwiaj\u0105c wch\u0142anianie sk\u0142adnik\u00f3w aktywnych z kolejnych etap\u00f3w. Intensywnie nawil\u017ca i regeneruje sk\u00f3r\u0119, dostarczaj\u0105c jej sk\u0142adnik\u00f3w od\u017cywczych. Wyg\u0142adza i uj\u0119drnia sk\u00f3r\u0119, zmniejszaj\u0105c widoczno\u015b\u0107 zmarszczek i drobnych linii. Zast\u0119puje sk\u00f3r\u0119 warstw\u0105 ochronn\u0105, kt\u00f3ra wspiera d\u0142ugotrwa\u0142e efekty zabiegu. Poprawia elastyczno\u015b\u0107 sk\u00f3ry i utrwala efekt odm\u0142adzaj\u0105cy, zapewniaj\u0105c d\u0142ugotrwa\u0142e rezultaty.<\/p>\n<p>Korzy\u015bci dla sk\u00f3ry:<br \/>\nZmniejsza zmarszczki: Skutecznie wyg\u0142adza drobne linie i zmarszczki, przywracaj\u0105c sk\u00f3rze bardziej m\u0142odzie\u0144czy wygl\u0105d.<br \/>\nUj\u0119drnianie: Zwi\u0119ksza j\u0119drno\u015b\u0107 i elastyczno\u015b\u0107 sk\u00f3ry, poprawiaj\u0105c jej og\u00f3lny stan.<br \/>\nNawil\u017canie: G\u0142\u0119boko nawil\u017ca i regeneruje, eliminuj\u0105c uczucie sucho\u015bci i \u015bci\u0105gni\u0119cia. Blask: Roz\u015bwietla sk\u00f3r\u0119, nadaj\u0105c jej zdrowy i promienny wygl\u0105d. <\/p>\n<p>Spos\u00f3b u\u017cycia:<br \/>\nKrok 1 &#8211; Oczyszczanie i peeling: Nanie\u015b produkt na oczyszczon\u0105, such\u0105 sk\u00f3r\u0119 twarzy, delikatnie masuj\u0105c okr\u0119\u017cnymi ruchami przez oko\u0142o 1-2 minuty. Sp\u0142ucz letni\u0105 wod\u0105 i osusz twarz.<br \/>\nKrok 2 &#8211; Maskowanie i regeneracja: Na\u0142\u00f3\u017c mask\u0119 na twarz, omijaj\u0105c okolice oczu. Pozostaw na 15-20 minut, aby umo\u017cliwi\u0107 dzia\u0142anie sk\u0142adnik\u00f3w aktywnych. Po zako\u0144czeniu dzia\u0142ania zdejmij mask\u0119 i delikatnie wmasuj pozosta\u0142y produkt w sk\u00f3r\u0119.<br \/>\nKrok 3 &#8211; Napraw i chro\u0144: Na\u0142\u00f3\u017c produkt ochronny na twarz, delikatnie rozprowadzaj\u0105c r\u00f3wnomiernie. Pozostaw do wch\u0142oni\u0119cia.<\/p>\n","protected":false},"excerpt":{"rendered":"<p>PUREDERM &#8211; TOTAL ANTI-AGING Odm\u0142adzaj\u0105cy 3-etapowy korea\u0144ski zabieg na twarz, 1,5 g + 22 g + 1,5 g Kompleksowy, 3-etapowy korea\u0144ski zabieg odm\u0142adzaj\u0105cy, kt\u00f3ry skutecznie redukuje oznaki starzenia i przywraca sk\u00f3rze m\u0142odszy wygl\u0105d. Zabieg sk\u0142ada si\u0119 z trzech r\u00f3\u017cnych etap\u00f3w, kt\u00f3re dzia\u0142aj\u0105 razem, aby wyg\u0142adzi\u0107, nawil\u017cy\u0107 i uj\u0119drni\u0107 sk\u00f3r\u0119. Formu\u0142a jest dostosowana do intensywnej piel\u0119gnacji, &#8230; <a title=\"PUREDERM TOTAL ANTI-AGING Odm\u0142adzaj\u0105cy 3-etapowy korea\u0144ski zabieg na twarz, 1,5 g + 22 g + 1,5 g\" class=\"read-more\" href=\"https:\/\/selleetools.com\/pl\/product\/purederm-total-anti-aging-odmladzajacy-3-etapowy-koreanski-zabieg-na-twarz-15-g-22-g-15-g\/\">Read more<span class=\"screen-reader-text\">PUREDERM TOTAL ANTI-AGING Odm\u0142adzaj\u0105cy 3-etapowy korea\u0144ski zabieg na twarz, 1,5 g + 22 g + 1,5 g<\/span><\/a><\/p>\n","protected":false},"featured_media":605655,"comment_status":"open","ping_status":"closed","template":"","meta":{"_links_to":"","_links_to_target":""},"yoast_head":"<!-- This site is optimized with the Yoast SEO plugin v19.4 - https:\/\/yoast.com\/wordpress\/plugins\/seo\/ -->\n<title>PUREDERM TOTAL ANTI-AGING Odm\u0142adzaj\u0105cy 3-etapowy korea\u0144ski zabieg na twarz, 1,5 g + 22 g + 1,5 g - Selleetools.com<\/title>\n<meta name=\"robots\" content=\"index, follow, max-snippet:-1, max-image-preview:large, max-video-preview:-1\" \/>\n<link rel=\"canonical\" href=\"https:\/\/selleetools.com\/pl\/product\/purederm-total-anti-aging-odmladzajacy-3-etapowy-koreanski-zabieg-na-twarz-15-g-22-g-15-g\/\" \/>\n<meta property=\"og:locale\" content=\"pl_PL\" \/>\n<meta property=\"og:type\" content=\"article\" \/>\n<meta property=\"og:title\" content=\"PUREDERM TOTAL ANTI-AGING Odm\u0142adzaj\u0105cy 3-etapowy korea\u0144ski zabieg na twarz, 1,5 g + 22 g + 1,5 g - Selleetools.com\" \/>\n<meta property=\"og:description\" content=\"PUREDERM &#8211; TOTAL ANTI-AGING Odm\u0142adzaj\u0105cy 3-etapowy korea\u0144ski zabieg na twarz, 1,5 g + 22 g + 1,5 g Kompleksowy, 3-etapowy korea\u0144ski zabieg odm\u0142adzaj\u0105cy, kt\u00f3ry skutecznie redukuje oznaki starzenia i przywraca sk\u00f3rze m\u0142odszy wygl\u0105d. Zabieg sk\u0142ada si\u0119 z trzech r\u00f3\u017cnych etap\u00f3w, kt\u00f3re dzia\u0142aj\u0105 razem, aby wyg\u0142adzi\u0107, nawil\u017cy\u0107 i uj\u0119drni\u0107 sk\u00f3r\u0119. Formu\u0142a jest dostosowana do intensywnej piel\u0119gnacji, ... Read morePUREDERM TOTAL ANTI-AGING Odm\u0142adzaj\u0105cy 3-etapowy korea\u0144ski zabieg na twarz, 1,5 g + 22 g + 1,5 g\" \/>\n<meta property=\"og:url\" content=\"https:\/\/selleetools.com\/pl\/product\/purederm-total-anti-aging-odmladzajacy-3-etapowy-koreanski-zabieg-na-twarz-15-g-22-g-15-g\/\" \/>\n<meta property=\"og:site_name\" content=\"Selleetools.com\" \/>\n<meta property=\"article:modified_time\" content=\"2025-11-04T19:20:24+00:00\" \/>\n<meta property=\"og:image\" content=\"https:\/\/selleetools.com\/wp-content\/uploads\/2025\/10\/308c6d0974d1479e856b6f8473cd32ba.jpg\" \/>\n\t<meta property=\"og:image:width\" content=\"1000\" \/>\n\t<meta property=\"og:image:height\" content=\"1000\" \/>\n\t<meta property=\"og:image:type\" content=\"image\/jpeg\" \/>\n<meta name=\"twitter:card\" content=\"summary_large_image\" \/>\n<meta name=\"twitter:label1\" content=\"Est. reading time\" \/>\n\t<meta name=\"twitter:data1\" content=\"2 minuty\" \/>\n<!-- \/ Yoast SEO plugin. -->","yoast_head_json":{"title":"PUREDERM TOTAL ANTI-AGING Odm\u0142adzaj\u0105cy 3-etapowy korea\u0144ski zabieg na twarz, 1,5 g + 22 g + 1,5 g - Selleetools.com","robots":{"index":"index","follow":"follow","max-snippet":"max-snippet:-1","max-image-preview":"max-image-preview:large","max-video-preview":"max-video-preview:-1"},"canonical":"https:\/\/selleetools.com\/pl\/product\/purederm-total-anti-aging-odmladzajacy-3-etapowy-koreanski-zabieg-na-twarz-15-g-22-g-15-g\/","og_locale":"pl_PL","og_type":"article","og_title":"PUREDERM TOTAL ANTI-AGING Odm\u0142adzaj\u0105cy 3-etapowy korea\u0144ski zabieg na twarz, 1,5 g + 22 g + 1,5 g - Selleetools.com","og_description":"PUREDERM &#8211; TOTAL ANTI-AGING Odm\u0142adzaj\u0105cy 3-etapowy korea\u0144ski zabieg na twarz, 1,5 g + 22 g + 1,5 g Kompleksowy, 3-etapowy korea\u0144ski zabieg odm\u0142adzaj\u0105cy, kt\u00f3ry skutecznie redukuje oznaki starzenia i przywraca sk\u00f3rze m\u0142odszy wygl\u0105d. Zabieg sk\u0142ada si\u0119 z trzech r\u00f3\u017cnych etap\u00f3w, kt\u00f3re dzia\u0142aj\u0105 razem, aby wyg\u0142adzi\u0107, nawil\u017cy\u0107 i uj\u0119drni\u0107 sk\u00f3r\u0119. Formu\u0142a jest dostosowana do intensywnej piel\u0119gnacji, ... Read morePUREDERM TOTAL ANTI-AGING Odm\u0142adzaj\u0105cy 3-etapowy korea\u0144ski zabieg na twarz, 1,5 g + 22 g + 1,5 g","og_url":"https:\/\/selleetools.com\/pl\/product\/purederm-total-anti-aging-odmladzajacy-3-etapowy-koreanski-zabieg-na-twarz-15-g-22-g-15-g\/","og_site_name":"Selleetools.com","article_modified_time":"2025-11-04T19:20:24+00:00","og_image":[{"width":1000,"height":1000,"url":"https:\/\/selleetools.com\/wp-content\/uploads\/2025\/10\/308c6d0974d1479e856b6f8473cd32ba.jpg","type":"image\/jpeg"}],"twitter_card":"summary_large_image","twitter_misc":{"Est. reading time":"2 minuty"},"schema":{"@context":"https:\/\/schema.org","@graph":[{"@type":"Organization","@id":"https:\/\/selleetools.com\/#organization","name":"Selleetools","url":"https:\/\/selleetools.com\/","sameAs":[],"logo":{"@type":"ImageObject","inLanguage":"pl-PL","@id":"https:\/\/selleetools.com\/#\/schema\/logo\/image\/","url":"https:\/\/selleetools.com\/wp-content\/uploads\/2021\/10\/logo-dark.png","contentUrl":"https:\/\/selleetools.com\/wp-content\/uploads\/2021\/10\/logo-dark.png","width":320,"height":76,"caption":"Selleetools"},"image":{"@id":"https:\/\/selleetools.com\/#\/schema\/logo\/image\/"}},{"@type":"WebSite","@id":"https:\/\/selleetools.com\/#website","url":"https:\/\/selleetools.com\/","name":"Selleetools.com","description":"","publisher":{"@id":"https:\/\/selleetools.com\/#organization"},"potentialAction":[{"@type":"SearchAction","target":{"@type":"EntryPoint","urlTemplate":"https:\/\/selleetools.com\/?s={search_term_string}"},"query-input":"required name=search_term_string"}],"inLanguage":"pl-PL"},{"@type":"WebPage","@id":"https:\/\/selleetools.com\/pl\/product\/purederm-total-anti-aging-odmladzajacy-3-etapowy-koreanski-zabieg-na-twarz-15-g-22-g-15-g\/","url":"https:\/\/selleetools.com\/pl\/product\/purederm-total-anti-aging-odmladzajacy-3-etapowy-koreanski-zabieg-na-twarz-15-g-22-g-15-g\/","name":"PUREDERM TOTAL ANTI-AGING Odm\u0142adzaj\u0105cy 3-etapowy korea\u0144ski zabieg na twarz, 1,5 g + 22 g + 1,5 g - Selleetools.com","isPartOf":{"@id":"https:\/\/selleetools.com\/#website"},"datePublished":"2025-10-24T11:40:10+00:00","dateModified":"2025-11-04T19:20:24+00:00","breadcrumb":{"@id":"https:\/\/selleetools.com\/pl\/product\/purederm-total-anti-aging-odmladzajacy-3-etapowy-koreanski-zabieg-na-twarz-15-g-22-g-15-g\/#breadcrumb"},"inLanguage":"pl-PL","potentialAction":[{"@type":"ReadAction","target":["https:\/\/selleetools.com\/pl\/product\/purederm-total-anti-aging-odmladzajacy-3-etapowy-koreanski-zabieg-na-twarz-15-g-22-g-15-g\/"]}]},{"@type":"BreadcrumbList","@id":"https:\/\/selleetools.com\/pl\/product\/purederm-total-anti-aging-odmladzajacy-3-etapowy-koreanski-zabieg-na-twarz-15-g-22-g-15-g\/#breadcrumb","itemListElement":[{"@type":"ListItem","position":1,"name":"Home","item":"https:\/\/selleetools.com\/pl\/"},{"@type":"ListItem","position":2,"name":"Katalog","item":"https:\/\/selleetools.com\/pl\/katalog\/"},{"@type":"ListItem","position":3,"name":"PUREDERM TOTAL ANTI-AGING Odm\u0142adzaj\u0105cy 3-etapowy korea\u0144ski zabieg na twarz, 1,5 g + 22 g + 1,5 g"}]}]}},"_links":{"self":[{"href":"https:\/\/selleetools.com\/pl\/wp-json\/wp\/v2\/product\/605659"}],"collection":[{"href":"https:\/\/selleetools.com\/pl\/wp-json\/wp\/v2\/product"}],"about":[{"href":"https:\/\/selleetools.com\/pl\/wp-json\/wp\/v2\/types\/product"}],"replies":[{"embeddable":true,"href":"https:\/\/selleetools.com\/pl\/wp-json\/wp\/v2\/comments?post=605659"}],"wp:featuredmedia":[{"embeddable":true,"href":"https:\/\/selleetools.com\/pl\/wp-json\/wp\/v2\/media\/605655"}],"wp:attachment":[{"href":"https:\/\/selleetools.com\/pl\/wp-json\/wp\/v2\/media?parent=605659"}],"curies":[{"name":"wp","href":"https:\/\/api.w.org\/{rel}","templated":true}]}}