{"id":605651,"date":"2025-10-24T13:40:04","date_gmt":"2025-10-24T11:40:04","guid":{"rendered":"https:\/\/selleetools.com\/?post_type=product&#038;p=605651"},"modified":"2025-11-04T20:20:03","modified_gmt":"2025-11-04T19:20:03","slug":"purederm-peeling-drobnoziarnisty-do-twarzy-wygladzajacy-i-rozswietlajacy-100-g","status":"publish","type":"product","link":"https:\/\/selleetools.com\/pl\/product\/purederm-peeling-drobnoziarnisty-do-twarzy-wygladzajacy-i-rozswietlajacy-100-g\/","title":{"rendered":"PUREDERM Peeling drobnoziarnisty do twarzy wyg\u0142adzaj\u0105cy i roz\u015bwietlaj\u0105cy, 100 g"},"content":{"rendered":"<p>PUREDERM &#8211; Peeling Drobnoziarnisty do Twarzy Wyg\u0142adzaj\u0105cy i Roz\u015bwietlaj\u0105cy, 100g<br \/>\nPeeling Drobnoziarnisty do Twarzy Wyg\u0142adzaj\u0105cy i Roz\u015bwietlaj\u0105cy to zaawansowany kosmetyk do piel\u0119gnacji sk\u00f3ry, kt\u00f3ry skutecznie z\u0142uszcza, wyg\u0142adza i roz\u015bwietla cer\u0119. Jego drobnoziarnista formu\u0142a zosta\u0142a stworzona, aby delikatnie usun\u0105\u0107 martwe kom\u00f3rki sk\u00f3ry, pozostawiaj\u0105c j\u0105 \u015bwie\u017c\u0105, g\u0142adk\u0105 i pe\u0142n\u0105 blasku. Drobne, ale skuteczne ziarenka peelinguj\u0105ce usuwaj\u0105 martwe kom\u00f3rki sk\u00f3ry, poprawiaj\u0105c jej tekstur\u0119 i wyg\u0142adzaj\u0105c powierzchni\u0119. Peeling poprawia mikrorze\u017ab\u0119 sk\u00f3ry, minimalizuj\u0105c widoczno\u015b\u0107 drobnych niedoskona\u0142o\u015bci i nier\u00f3wno\u015bci. Sk\u0142adniki aktywne zawarte w peelingu rozja\u015bniaj\u0105 sk\u00f3r\u0119, dodaj\u0105c jej zdrowego, naturalnego blasku.<\/p>\n<p>Korzy\u015bci dla sk\u00f3ry:<br \/>\nG\u0142adko\u015b\u0107: Sk\u00f3ra staje si\u0119 mi\u0119kka i g\u0142adka w dotyku, bez uczucia szorstko\u015bci.<br \/>\n\u015awie\u017co\u015b\u0107: Regularne stosowanie peelingu przyczynia si\u0119 do uzyskania promiennego i zdrowego wygl\u0105du cery.<br \/>\nR\u00f3wnomierny koloryt: Redukuje przebarwienia i nier\u00f3wno\u015bci, poprawiaj\u0105c og\u00f3lny koloryt sk\u00f3ry.<\/p>\n<p>Spos\u00f3b u\u017cycia:  Umyj twarz i osusz j\u0105 delikatnie r\u0119cznikiem. Upewnij si\u0119, \u017ce sk\u00f3ra jest czysta i sucha przed aplikacj\u0105 peelingu. Na\u0142\u00f3\u017c niewielk\u0105 ilo\u015b\u0107 peelingu na wilgotn\u0105 sk\u00f3r\u0119 twarzy, omijaj\u0105c okolice oczu. Delikatnie masuj peeling okr\u0119\u017cnymi ruchami przez oko\u0142o 1-2 minuty, aby usun\u0105\u0107 martwe kom\u00f3rki nask\u00f3rka. Dok\u0142adnie sp\u0142ucz twarz letni\u0105 wod\u0105, aby usun\u0105\u0107 wszystkie pozosta\u0142o\u015bci peelingu. Po u\u017cyciu peelingu na\u0142\u00f3\u017c tonik i ulubiony krem nawil\u017caj\u0105cy, aby zamkn\u0105\u0107 pory i nawil\u017cy\u0107 sk\u00f3r\u0119.<\/p>\n","protected":false},"excerpt":{"rendered":"<p>PUREDERM &#8211; Peeling Drobnoziarnisty do Twarzy Wyg\u0142adzaj\u0105cy i Roz\u015bwietlaj\u0105cy, 100g Peeling Drobnoziarnisty do Twarzy Wyg\u0142adzaj\u0105cy i Roz\u015bwietlaj\u0105cy to zaawansowany kosmetyk do piel\u0119gnacji sk\u00f3ry, kt\u00f3ry skutecznie z\u0142uszcza, wyg\u0142adza i roz\u015bwietla cer\u0119. Jego drobnoziarnista formu\u0142a zosta\u0142a stworzona, aby delikatnie usun\u0105\u0107 martwe kom\u00f3rki sk\u00f3ry, pozostawiaj\u0105c j\u0105 \u015bwie\u017c\u0105, g\u0142adk\u0105 i pe\u0142n\u0105 blasku. Drobne, ale skuteczne ziarenka peelinguj\u0105ce usuwaj\u0105 martwe &#8230; <a title=\"PUREDERM Peeling drobnoziarnisty do twarzy wyg\u0142adzaj\u0105cy i roz\u015bwietlaj\u0105cy, 100 g\" class=\"read-more\" href=\"https:\/\/selleetools.com\/pl\/product\/purederm-peeling-drobnoziarnisty-do-twarzy-wygladzajacy-i-rozswietlajacy-100-g\/\">Read more<span class=\"screen-reader-text\">PUREDERM Peeling drobnoziarnisty do twarzy wyg\u0142adzaj\u0105cy i roz\u015bwietlaj\u0105cy, 100 g<\/span><\/a><\/p>\n","protected":false},"featured_media":605649,"comment_status":"open","ping_status":"closed","template":"","meta":{"_links_to":"","_links_to_target":""},"yoast_head":"<!-- This site is optimized with the Yoast SEO plugin v19.4 - https:\/\/yoast.com\/wordpress\/plugins\/seo\/ -->\n<title>PUREDERM Peeling drobnoziarnisty do twarzy wyg\u0142adzaj\u0105cy i roz\u015bwietlaj\u0105cy, 100 g - Selleetools.com<\/title>\n<meta name=\"robots\" content=\"index, follow, max-snippet:-1, max-image-preview:large, max-video-preview:-1\" \/>\n<link rel=\"canonical\" href=\"https:\/\/admincentral.selleetools.com\/product\/purederm-peeling-drobnoziarnisty-do-twarzy-wygladzajacy-i-rozswietlajacy-100-g\/\" \/>\n<meta property=\"og:locale\" content=\"pl_PL\" \/>\n<meta property=\"og:type\" content=\"article\" \/>\n<meta property=\"og:title\" content=\"PUREDERM Peeling drobnoziarnisty do twarzy wyg\u0142adzaj\u0105cy i roz\u015bwietlaj\u0105cy, 100 g - Selleetools.com\" \/>\n<meta property=\"og:description\" content=\"PUREDERM &#8211; Peeling Drobnoziarnisty do Twarzy Wyg\u0142adzaj\u0105cy i Roz\u015bwietlaj\u0105cy, 100g Peeling Drobnoziarnisty do Twarzy Wyg\u0142adzaj\u0105cy i Roz\u015bwietlaj\u0105cy to zaawansowany kosmetyk do piel\u0119gnacji sk\u00f3ry, kt\u00f3ry skutecznie z\u0142uszcza, wyg\u0142adza i roz\u015bwietla cer\u0119. Jego drobnoziarnista formu\u0142a zosta\u0142a stworzona, aby delikatnie usun\u0105\u0107 martwe kom\u00f3rki sk\u00f3ry, pozostawiaj\u0105c j\u0105 \u015bwie\u017c\u0105, g\u0142adk\u0105 i pe\u0142n\u0105 blasku. Drobne, ale skuteczne ziarenka peelinguj\u0105ce usuwaj\u0105 martwe ... Read morePUREDERM Peeling drobnoziarnisty do twarzy wyg\u0142adzaj\u0105cy i roz\u015bwietlaj\u0105cy, 100 g\" \/>\n<meta property=\"og:url\" content=\"https:\/\/admincentral.selleetools.com\/product\/purederm-peeling-drobnoziarnisty-do-twarzy-wygladzajacy-i-rozswietlajacy-100-g\/\" \/>\n<meta property=\"og:site_name\" content=\"Selleetools.com\" \/>\n<meta property=\"article:modified_time\" content=\"2025-11-04T19:20:03+00:00\" \/>\n<meta property=\"og:image\" content=\"https:\/\/selleetools.com\/wp-content\/uploads\/2025\/10\/f21c5a255473bfc7dca686eaed6802da.png\" \/>\n\t<meta property=\"og:image:width\" content=\"1200\" \/>\n\t<meta property=\"og:image:height\" content=\"1200\" \/>\n\t<meta property=\"og:image:type\" content=\"image\/png\" \/>\n<meta name=\"twitter:card\" content=\"summary_large_image\" \/>\n<meta name=\"twitter:label1\" content=\"Est. reading time\" \/>\n\t<meta name=\"twitter:data1\" content=\"1 minuta\" \/>\n<!-- \/ Yoast SEO plugin. -->","yoast_head_json":{"title":"PUREDERM Peeling drobnoziarnisty do twarzy wyg\u0142adzaj\u0105cy i roz\u015bwietlaj\u0105cy, 100 g - Selleetools.com","robots":{"index":"index","follow":"follow","max-snippet":"max-snippet:-1","max-image-preview":"max-image-preview:large","max-video-preview":"max-video-preview:-1"},"canonical":"https:\/\/admincentral.selleetools.com\/product\/purederm-peeling-drobnoziarnisty-do-twarzy-wygladzajacy-i-rozswietlajacy-100-g\/","og_locale":"pl_PL","og_type":"article","og_title":"PUREDERM Peeling drobnoziarnisty do twarzy wyg\u0142adzaj\u0105cy i roz\u015bwietlaj\u0105cy, 100 g - Selleetools.com","og_description":"PUREDERM &#8211; Peeling Drobnoziarnisty do Twarzy Wyg\u0142adzaj\u0105cy i Roz\u015bwietlaj\u0105cy, 100g Peeling Drobnoziarnisty do Twarzy Wyg\u0142adzaj\u0105cy i Roz\u015bwietlaj\u0105cy to zaawansowany kosmetyk do piel\u0119gnacji sk\u00f3ry, kt\u00f3ry skutecznie z\u0142uszcza, wyg\u0142adza i roz\u015bwietla cer\u0119. Jego drobnoziarnista formu\u0142a zosta\u0142a stworzona, aby delikatnie usun\u0105\u0107 martwe kom\u00f3rki sk\u00f3ry, pozostawiaj\u0105c j\u0105 \u015bwie\u017c\u0105, g\u0142adk\u0105 i pe\u0142n\u0105 blasku. Drobne, ale skuteczne ziarenka peelinguj\u0105ce usuwaj\u0105 martwe ... Read morePUREDERM Peeling drobnoziarnisty do twarzy wyg\u0142adzaj\u0105cy i roz\u015bwietlaj\u0105cy, 100 g","og_url":"https:\/\/admincentral.selleetools.com\/product\/purederm-peeling-drobnoziarnisty-do-twarzy-wygladzajacy-i-rozswietlajacy-100-g\/","og_site_name":"Selleetools.com","article_modified_time":"2025-11-04T19:20:03+00:00","og_image":[{"width":1200,"height":1200,"url":"https:\/\/selleetools.com\/wp-content\/uploads\/2025\/10\/f21c5a255473bfc7dca686eaed6802da.png","type":"image\/png"}],"twitter_card":"summary_large_image","twitter_misc":{"Est. reading time":"1 minuta"},"schema":{"@context":"https:\/\/schema.org","@graph":[{"@type":"Organization","@id":"https:\/\/selleetools.com\/#organization","name":"Selleetools","url":"https:\/\/selleetools.com\/","sameAs":[],"logo":{"@type":"ImageObject","inLanguage":"pl-PL","@id":"https:\/\/selleetools.com\/#\/schema\/logo\/image\/","url":"https:\/\/selleetools.com\/wp-content\/uploads\/2021\/10\/logo-dark.png","contentUrl":"https:\/\/selleetools.com\/wp-content\/uploads\/2021\/10\/logo-dark.png","width":320,"height":76,"caption":"Selleetools"},"image":{"@id":"https:\/\/selleetools.com\/#\/schema\/logo\/image\/"}},{"@type":"WebSite","@id":"https:\/\/selleetools.com\/#website","url":"https:\/\/selleetools.com\/","name":"Selleetools.com","description":"","publisher":{"@id":"https:\/\/selleetools.com\/#organization"},"potentialAction":[{"@type":"SearchAction","target":{"@type":"EntryPoint","urlTemplate":"https:\/\/selleetools.com\/?s={search_term_string}"},"query-input":"required name=search_term_string"}],"inLanguage":"pl-PL"},{"@type":"WebPage","@id":"https:\/\/admincentral.selleetools.com\/product\/purederm-peeling-drobnoziarnisty-do-twarzy-wygladzajacy-i-rozswietlajacy-100-g\/","url":"https:\/\/admincentral.selleetools.com\/product\/purederm-peeling-drobnoziarnisty-do-twarzy-wygladzajacy-i-rozswietlajacy-100-g\/","name":"PUREDERM Peeling drobnoziarnisty do twarzy wyg\u0142adzaj\u0105cy i roz\u015bwietlaj\u0105cy, 100 g - Selleetools.com","isPartOf":{"@id":"https:\/\/selleetools.com\/#website"},"datePublished":"2025-10-24T11:40:04+00:00","dateModified":"2025-11-04T19:20:03+00:00","breadcrumb":{"@id":"https:\/\/admincentral.selleetools.com\/product\/purederm-peeling-drobnoziarnisty-do-twarzy-wygladzajacy-i-rozswietlajacy-100-g\/#breadcrumb"},"inLanguage":"pl-PL","potentialAction":[{"@type":"ReadAction","target":["https:\/\/admincentral.selleetools.com\/product\/purederm-peeling-drobnoziarnisty-do-twarzy-wygladzajacy-i-rozswietlajacy-100-g\/"]}]},{"@type":"BreadcrumbList","@id":"https:\/\/admincentral.selleetools.com\/product\/purederm-peeling-drobnoziarnisty-do-twarzy-wygladzajacy-i-rozswietlajacy-100-g\/#breadcrumb","itemListElement":[{"@type":"ListItem","position":1,"name":"Home","item":"https:\/\/selleetools.com\/pl\/"},{"@type":"ListItem","position":2,"name":"Katalog","item":"https:\/\/selleetools.com\/pl\/katalog\/"},{"@type":"ListItem","position":3,"name":"PUREDERM Peeling drobnoziarnisty do twarzy wyg\u0142adzaj\u0105cy i roz\u015bwietlaj\u0105cy, 100 g"}]}]}},"_links":{"self":[{"href":"https:\/\/selleetools.com\/pl\/wp-json\/wp\/v2\/product\/605651"}],"collection":[{"href":"https:\/\/selleetools.com\/pl\/wp-json\/wp\/v2\/product"}],"about":[{"href":"https:\/\/selleetools.com\/pl\/wp-json\/wp\/v2\/types\/product"}],"replies":[{"embeddable":true,"href":"https:\/\/selleetools.com\/pl\/wp-json\/wp\/v2\/comments?post=605651"}],"wp:featuredmedia":[{"embeddable":true,"href":"https:\/\/selleetools.com\/pl\/wp-json\/wp\/v2\/media\/605649"}],"wp:attachment":[{"href":"https:\/\/selleetools.com\/pl\/wp-json\/wp\/v2\/media?parent=605651"}],"curies":[{"name":"wp","href":"https:\/\/api.w.org\/{rel}","templated":true}]}}