{"id":605643,"date":"2025-10-24T13:39:58","date_gmt":"2025-10-24T11:39:58","guid":{"rendered":"https:\/\/selleetools.com\/?post_type=product&#038;p=605643"},"modified":"2025-11-04T20:19:29","modified_gmt":"2025-11-04T19:19:29","slug":"purederm-koreanska-babelkujaca-maseczka-oczyszczajaca-do-twarzy-z-kurkuma-25-g","status":"publish","type":"product","link":"https:\/\/selleetools.com\/pl\/product\/purederm-koreanska-babelkujaca-maseczka-oczyszczajaca-do-twarzy-z-kurkuma-25-g\/","title":{"rendered":"PUREDERM Korea\u0144ska b\u0105belkuj\u0105ca maseczka oczyszczaj\u0105ca do twarzy z kurkum\u0105, 25 g"},"content":{"rendered":"<p>PUREDERM &#8211; Korean Bubbling Cleansing Face Mask with Turmeric, 25 g <\/p>\n<p>Korean Bubbling Cleansing Mask with Turmeric to najnowocze\u015bniejsza maska, kt\u00f3ra dzi\u0119ki swojej unikalnej formule tworzy b\u0105belki podczas aplikacji. Kurkuma, znana ze swoich w\u0142a\u015bciwo\u015bci antyoksydacyjnych i przeciwzapalnych, jest kluczowym sk\u0142adnikiem, kt\u00f3ry pomaga oczy\u015bci\u0107 sk\u00f3r\u0119, rozja\u015bni\u0107 koloryt sk\u00f3ry i poprawi\u0107 og\u00f3lny wygl\u0105d cery. Formu\u0142a b\u0105belkuj\u0105ca delikatnie usuwa zanieczyszczenia i nadmiar sebum, odblokowuj\u0105c pory. Kurkuma pomaga rozja\u015bni\u0107 sk\u00f3r\u0119, przywracaj\u0105c jej promienny i zdrowy wygl\u0105d. Maska b\u0105belkowa poprawia r\u00f3wnie\u017c faktur\u0119 sk\u00f3ry, czyni\u0105c j\u0105 g\u0142adsz\u0105 i bardziej r\u00f3wnomiern\u0105.<\/p>\n<p>Korzy\u015bci dla sk\u00f3ry:<br \/>\nG\u0142\u0119bokie oczyszczanie: B\u0105belki powstaj\u0105ce podczas aplikacji pomagaj\u0105 skutecznie oczy\u015bci\u0107 sk\u00f3r\u0119, usuwaj\u0105c zanieczyszczenia i nadmiar sebum.<br \/>\nRozja\u015bnianie: Kurkuma rozja\u015bnia sk\u00f3r\u0119, redukuj\u0105c przebarwienia i poprawiaj\u0105c og\u00f3lny koloryt sk\u00f3ry.<br \/>\nWyg\u0142adzanie: Sk\u00f3ra staje si\u0119 g\u0142adsza i bardziej r\u00f3wnomierna, co mo\u017ce pom\u00f3c zmniejszy\u0107 widoczno\u015b\u0107 por\u00f3w i drobnych niedoskona\u0142o\u015bci.<\/p>\n<p>Spos\u00f3b u\u017cycia:<br \/>\nUmyj twarz i delikatnie osusz r\u0119cznikiem.<br \/>\nNa\u0142\u00f3\u017c cienk\u0105 warstw\u0119 maski r\u00f3wnomiernie na twarz, omijaj\u0105c okolice oczu i brwi.<br \/>\nPozostaw mask\u0119 na sk\u00f3rze przez 5-10 minut. W tym czasie maska \u200b\u200bzacznie b\u0105belkowa\u0107.<br \/>\nDelikatnie wmasuj b\u0105belki w sk\u00f3r\u0119, aby zmaksymalizowa\u0107 jej w\u0142a\u015bciwo\u015bci oczyszczaj\u0105ce.<br \/>\nSp\u0142ucz mask\u0119 letni\u0105 wod\u0105, a nast\u0119pnie umyj twarz zimn\u0105 wod\u0105, aby zamkn\u0105\u0107 pory.<br \/>\nNa\u0142\u00f3\u017c tonik i sw\u00f3j ulubiony krem \u200b\u200bnawil\u017caj\u0105cy, aby zako\u0144czy\u0107 zabieg.<\/p>\n","protected":false},"excerpt":{"rendered":"<p>PUREDERM &#8211; Korean Bubbling Cleansing Face Mask with Turmeric, 25 g Korean Bubbling Cleansing Mask with Turmeric to najnowocze\u015bniejsza maska, kt\u00f3ra dzi\u0119ki swojej unikalnej formule tworzy b\u0105belki podczas aplikacji. Kurkuma, znana ze swoich w\u0142a\u015bciwo\u015bci antyoksydacyjnych i przeciwzapalnych, jest kluczowym sk\u0142adnikiem, kt\u00f3ry pomaga oczy\u015bci\u0107 sk\u00f3r\u0119, rozja\u015bni\u0107 koloryt sk\u00f3ry i poprawi\u0107 og\u00f3lny wygl\u0105d cery. Formu\u0142a b\u0105belkuj\u0105ca delikatnie &#8230; <a title=\"PUREDERM Korea\u0144ska b\u0105belkuj\u0105ca maseczka oczyszczaj\u0105ca do twarzy z kurkum\u0105, 25 g\" class=\"read-more\" href=\"https:\/\/selleetools.com\/pl\/product\/purederm-koreanska-babelkujaca-maseczka-oczyszczajaca-do-twarzy-z-kurkuma-25-g\/\">Read more<span class=\"screen-reader-text\">PUREDERM Korea\u0144ska b\u0105belkuj\u0105ca maseczka oczyszczaj\u0105ca do twarzy z kurkum\u0105, 25 g<\/span><\/a><\/p>\n","protected":false},"featured_media":605639,"comment_status":"open","ping_status":"closed","template":"","meta":{"_links_to":"","_links_to_target":""},"yoast_head":"<!-- This site is optimized with the Yoast SEO plugin v19.4 - https:\/\/yoast.com\/wordpress\/plugins\/seo\/ -->\n<title>PUREDERM Korea\u0144ska b\u0105belkuj\u0105ca maseczka oczyszczaj\u0105ca do twarzy z kurkum\u0105, 25 g - Selleetools.com<\/title>\n<meta name=\"robots\" content=\"index, follow, max-snippet:-1, max-image-preview:large, max-video-preview:-1\" \/>\n<link rel=\"canonical\" href=\"https:\/\/admincentral.selleetools.com\/pl\/product\/purederm-koreanska-babelkujaca-maseczka-oczyszczajaca-do-twarzy-z-kurkuma-25-g\/\" \/>\n<meta property=\"og:locale\" content=\"pl_PL\" \/>\n<meta property=\"og:type\" content=\"article\" \/>\n<meta property=\"og:title\" content=\"PUREDERM Korea\u0144ska b\u0105belkuj\u0105ca maseczka oczyszczaj\u0105ca do twarzy z kurkum\u0105, 25 g - Selleetools.com\" \/>\n<meta property=\"og:description\" content=\"PUREDERM &#8211; Korean Bubbling Cleansing Face Mask with Turmeric, 25 g Korean Bubbling Cleansing Mask with Turmeric to najnowocze\u015bniejsza maska, kt\u00f3ra dzi\u0119ki swojej unikalnej formule tworzy b\u0105belki podczas aplikacji. Kurkuma, znana ze swoich w\u0142a\u015bciwo\u015bci antyoksydacyjnych i przeciwzapalnych, jest kluczowym sk\u0142adnikiem, kt\u00f3ry pomaga oczy\u015bci\u0107 sk\u00f3r\u0119, rozja\u015bni\u0107 koloryt sk\u00f3ry i poprawi\u0107 og\u00f3lny wygl\u0105d cery. Formu\u0142a b\u0105belkuj\u0105ca delikatnie ... Read morePUREDERM Korea\u0144ska b\u0105belkuj\u0105ca maseczka oczyszczaj\u0105ca do twarzy z kurkum\u0105, 25 g\" \/>\n<meta property=\"og:url\" content=\"https:\/\/admincentral.selleetools.com\/pl\/product\/purederm-koreanska-babelkujaca-maseczka-oczyszczajaca-do-twarzy-z-kurkuma-25-g\/\" \/>\n<meta property=\"og:site_name\" content=\"Selleetools.com\" \/>\n<meta property=\"article:modified_time\" content=\"2025-11-04T19:19:29+00:00\" \/>\n<meta property=\"og:image\" content=\"https:\/\/selleetools.com\/wp-content\/uploads\/2025\/10\/41a6acb940d3bc1775f8100efcd94333.jpg\" \/>\n\t<meta property=\"og:image:width\" content=\"1000\" \/>\n\t<meta property=\"og:image:height\" content=\"1000\" \/>\n\t<meta property=\"og:image:type\" content=\"image\/jpeg\" \/>\n<meta name=\"twitter:card\" content=\"summary_large_image\" \/>\n<meta name=\"twitter:label1\" content=\"Est. reading time\" \/>\n\t<meta name=\"twitter:data1\" content=\"1 minuta\" \/>\n<!-- \/ Yoast SEO plugin. -->","yoast_head_json":{"title":"PUREDERM Korea\u0144ska b\u0105belkuj\u0105ca maseczka oczyszczaj\u0105ca do twarzy z kurkum\u0105, 25 g - Selleetools.com","robots":{"index":"index","follow":"follow","max-snippet":"max-snippet:-1","max-image-preview":"max-image-preview:large","max-video-preview":"max-video-preview:-1"},"canonical":"https:\/\/admincentral.selleetools.com\/pl\/product\/purederm-koreanska-babelkujaca-maseczka-oczyszczajaca-do-twarzy-z-kurkuma-25-g\/","og_locale":"pl_PL","og_type":"article","og_title":"PUREDERM Korea\u0144ska b\u0105belkuj\u0105ca maseczka oczyszczaj\u0105ca do twarzy z kurkum\u0105, 25 g - Selleetools.com","og_description":"PUREDERM &#8211; Korean Bubbling Cleansing Face Mask with Turmeric, 25 g Korean Bubbling Cleansing Mask with Turmeric to najnowocze\u015bniejsza maska, kt\u00f3ra dzi\u0119ki swojej unikalnej formule tworzy b\u0105belki podczas aplikacji. Kurkuma, znana ze swoich w\u0142a\u015bciwo\u015bci antyoksydacyjnych i przeciwzapalnych, jest kluczowym sk\u0142adnikiem, kt\u00f3ry pomaga oczy\u015bci\u0107 sk\u00f3r\u0119, rozja\u015bni\u0107 koloryt sk\u00f3ry i poprawi\u0107 og\u00f3lny wygl\u0105d cery. Formu\u0142a b\u0105belkuj\u0105ca delikatnie ... Read morePUREDERM Korea\u0144ska b\u0105belkuj\u0105ca maseczka oczyszczaj\u0105ca do twarzy z kurkum\u0105, 25 g","og_url":"https:\/\/admincentral.selleetools.com\/pl\/product\/purederm-koreanska-babelkujaca-maseczka-oczyszczajaca-do-twarzy-z-kurkuma-25-g\/","og_site_name":"Selleetools.com","article_modified_time":"2025-11-04T19:19:29+00:00","og_image":[{"width":1000,"height":1000,"url":"https:\/\/selleetools.com\/wp-content\/uploads\/2025\/10\/41a6acb940d3bc1775f8100efcd94333.jpg","type":"image\/jpeg"}],"twitter_card":"summary_large_image","twitter_misc":{"Est. reading time":"1 minuta"},"schema":{"@context":"https:\/\/schema.org","@graph":[{"@type":"Organization","@id":"https:\/\/selleetools.com\/#organization","name":"Selleetools","url":"https:\/\/selleetools.com\/","sameAs":[],"logo":{"@type":"ImageObject","inLanguage":"pl-PL","@id":"https:\/\/selleetools.com\/#\/schema\/logo\/image\/","url":"https:\/\/selleetools.com\/wp-content\/uploads\/2021\/10\/logo-dark.png","contentUrl":"https:\/\/selleetools.com\/wp-content\/uploads\/2021\/10\/logo-dark.png","width":320,"height":76,"caption":"Selleetools"},"image":{"@id":"https:\/\/selleetools.com\/#\/schema\/logo\/image\/"}},{"@type":"WebSite","@id":"https:\/\/selleetools.com\/#website","url":"https:\/\/selleetools.com\/","name":"Selleetools.com","description":"","publisher":{"@id":"https:\/\/selleetools.com\/#organization"},"potentialAction":[{"@type":"SearchAction","target":{"@type":"EntryPoint","urlTemplate":"https:\/\/selleetools.com\/?s={search_term_string}"},"query-input":"required name=search_term_string"}],"inLanguage":"pl-PL"},{"@type":"WebPage","@id":"https:\/\/admincentral.selleetools.com\/pl\/product\/purederm-koreanska-babelkujaca-maseczka-oczyszczajaca-do-twarzy-z-kurkuma-25-g\/","url":"https:\/\/admincentral.selleetools.com\/pl\/product\/purederm-koreanska-babelkujaca-maseczka-oczyszczajaca-do-twarzy-z-kurkuma-25-g\/","name":"PUREDERM Korea\u0144ska b\u0105belkuj\u0105ca maseczka oczyszczaj\u0105ca do twarzy z kurkum\u0105, 25 g - Selleetools.com","isPartOf":{"@id":"https:\/\/selleetools.com\/#website"},"datePublished":"2025-10-24T11:39:58+00:00","dateModified":"2025-11-04T19:19:29+00:00","breadcrumb":{"@id":"https:\/\/admincentral.selleetools.com\/pl\/product\/purederm-koreanska-babelkujaca-maseczka-oczyszczajaca-do-twarzy-z-kurkuma-25-g\/#breadcrumb"},"inLanguage":"pl-PL","potentialAction":[{"@type":"ReadAction","target":["https:\/\/admincentral.selleetools.com\/pl\/product\/purederm-koreanska-babelkujaca-maseczka-oczyszczajaca-do-twarzy-z-kurkuma-25-g\/"]}]},{"@type":"BreadcrumbList","@id":"https:\/\/admincentral.selleetools.com\/pl\/product\/purederm-koreanska-babelkujaca-maseczka-oczyszczajaca-do-twarzy-z-kurkuma-25-g\/#breadcrumb","itemListElement":[{"@type":"ListItem","position":1,"name":"Home","item":"https:\/\/selleetools.com\/pl\/"},{"@type":"ListItem","position":2,"name":"Katalog","item":"https:\/\/selleetools.com\/pl\/katalog\/"},{"@type":"ListItem","position":3,"name":"PUREDERM Korea\u0144ska b\u0105belkuj\u0105ca maseczka oczyszczaj\u0105ca do twarzy z kurkum\u0105, 25 g"}]}]}},"_links":{"self":[{"href":"https:\/\/selleetools.com\/pl\/wp-json\/wp\/v2\/product\/605643"}],"collection":[{"href":"https:\/\/selleetools.com\/pl\/wp-json\/wp\/v2\/product"}],"about":[{"href":"https:\/\/selleetools.com\/pl\/wp-json\/wp\/v2\/types\/product"}],"replies":[{"embeddable":true,"href":"https:\/\/selleetools.com\/pl\/wp-json\/wp\/v2\/comments?post=605643"}],"wp:featuredmedia":[{"embeddable":true,"href":"https:\/\/selleetools.com\/pl\/wp-json\/wp\/v2\/media\/605639"}],"wp:attachment":[{"href":"https:\/\/selleetools.com\/pl\/wp-json\/wp\/v2\/media?parent=605643"}],"curies":[{"name":"wp","href":"https:\/\/api.w.org\/{rel}","templated":true}]}}