{"id":605638,"date":"2025-10-24T13:39:56","date_gmt":"2025-10-24T11:39:56","guid":{"rendered":"https:\/\/selleetools.com\/?post_type=product&#038;p=605638"},"modified":"2026-02-25T19:09:24","modified_gmt":"2026-02-25T18:09:24","slug":"purederm-oczyszczajaco-sciagajaca-maska-peel-off-wegiel-drzewny-10-g","status":"publish","type":"product","link":"https:\/\/selleetools.com\/pl\/product\/purederm-oczyszczajaco-sciagajaca-maska-peel-off-wegiel-drzewny-10-g\/","title":{"rendered":"PUREDERM Oczyszczaj\u0105co-\u015bci\u0105gaj\u0105ca maska peel-off &#8220;W\u0119giel drzewny&#8221;, 10 g"},"content":{"rendered":"<p>Maseczka oczyszczaj\u0105ca peel-off delikatnie usuwa zanieczyszczenia i z\u0142uszcza martwy nask\u00f3rek. Ma rownie\u017c doskona\u0142e w\u0142a\u015bciwo\u015bci rozja\u015bniaj\u0105ce. Dokladnie pokrywaj\u0105ca nask\u00f3rek i \u015bci\u015ble przylegajaca do sk\u00f3ry maska typu peel-off umo\u017cliwia g\u0142\u0119bok\u0105 penetracj\u0119 por\u00f3w sk\u00f3ry i wnikanie sk\u0142adnik\u00f3w aktywnych, aby odblokowa\u0107 zapchane pory, zwi\u0119kszy\u0107 uczucie od\u015bwie\u017cenia i oczy\u015bci\u0107 j\u0105 z martwego nask\u00f3rka. Ekstrakt z w\u0119gla drzewnego wch\u0142ania toksyny i dzia\u0142a przeciwtr\u0105dzikowo. Posiada zdolno\u015b\u0107 usuwania zanieczyszcze\u0144 g\u0142\u0119boko zalegaj\u0105cych w porach sk\u00f3ry.<\/p>\n<p>G\u0142\u00f3wne sk\u0142adniki aktywne:<br \/>\nw\u0119giel aktywny \u2013 dobrze radzi sobie z wch\u0142anianiem toksyn i zanieczyszcze\u0144 ze sk\u00f3ry, tak\u017ce zrogowacia\u0142ego nask\u00f3rka. Wykazuje dzia\u0142anie antybakteryjne, przeciwzapalne, rozja\u015bniaj\u0105ce i koj\u0105ce.<br \/>\nseryna \u2013 aminokwas o dzia\u0142aniu przeciwzapalnym, kt\u00f3ry przyspiesza regeneracj\u0119 sk\u00f3ry oraz nawil\u017ca j\u0105. Aktywuje produkcj\u0119 kolagenu.<br \/>\nwyciag z ry\u017cu \u2013 bogaty w peptydy niskocz\u0105teczkowe i antyoksydanty, dzi\u0119ki czemu spowalnia proces starzenia si\u0119 sk\u00f3ry, uelastycznia i od\u017cywia j\u0105.<\/p>\n<p>Spos\u00f3b u\u017cycia: Dok\u0142adnie umyj i wysusz twarz. Otw\u00f3rz saszetk\u0119 i rozprowad\u017a r\u00f3wnomiernie cienk\u0105 warstw\u0119 na twarzy. Pozostaw na 15 minut, a\u017c maseczka ca\u0142kowicie wyschnie. Delikatnie zdejmij j\u0105 zaczynaj\u0105c od do\u0142u (nie zrywaj). Pozosta\u0142o\u015bci maseczki zmyj wod\u0105.<\/p>\n","protected":false},"excerpt":{"rendered":"<p>Maseczka oczyszczaj\u0105ca peel-off delikatnie usuwa zanieczyszczenia i z\u0142uszcza martwy nask\u00f3rek. Ma rownie\u017c doskona\u0142e w\u0142a\u015bciwo\u015bci rozja\u015bniaj\u0105ce. Dokladnie pokrywaj\u0105ca nask\u00f3rek i \u015bci\u015ble przylegajaca do sk\u00f3ry maska typu peel-off umo\u017cliwia g\u0142\u0119bok\u0105 penetracj\u0119 por\u00f3w sk\u00f3ry i wnikanie sk\u0142adnik\u00f3w aktywnych, aby odblokowa\u0107 zapchane pory, zwi\u0119kszy\u0107 uczucie od\u015bwie\u017cenia i oczy\u015bci\u0107 j\u0105 z martwego nask\u00f3rka. Ekstrakt z w\u0119gla drzewnego wch\u0142ania toksyny i &#8230; <a title=\"PUREDERM Oczyszczaj\u0105co-\u015bci\u0105gaj\u0105ca maska peel-off &#8220;W\u0119giel drzewny&#8221;, 10 g\" class=\"read-more\" href=\"https:\/\/selleetools.com\/pl\/product\/purederm-oczyszczajaco-sciagajaca-maska-peel-off-wegiel-drzewny-10-g\/\">Read more<span class=\"screen-reader-text\">PUREDERM Oczyszczaj\u0105co-\u015bci\u0105gaj\u0105ca maska peel-off &#8220;W\u0119giel drzewny&#8221;, 10 g<\/span><\/a><\/p>\n","protected":false},"featured_media":605634,"comment_status":"open","ping_status":"closed","template":"","meta":{"_links_to":"","_links_to_target":""},"yoast_head":"<!-- This site is optimized with the Yoast SEO plugin v19.4 - https:\/\/yoast.com\/wordpress\/plugins\/seo\/ -->\n<title>PUREDERM Oczyszczaj\u0105co-\u015bci\u0105gaj\u0105ca maska peel-off &quot;W\u0119giel drzewny&quot;, 10 g - Selleetools.com<\/title>\n<meta name=\"robots\" content=\"index, follow, max-snippet:-1, max-image-preview:large, max-video-preview:-1\" \/>\n<link rel=\"canonical\" href=\"https:\/\/selleetools.com\/pl\/product\/purederm-oczyszczajaco-sciagajaca-maska-peel-off-wegiel-drzewny-10-g\/\" \/>\n<meta property=\"og:locale\" content=\"pl_PL\" \/>\n<meta property=\"og:type\" content=\"article\" \/>\n<meta property=\"og:title\" content=\"PUREDERM Oczyszczaj\u0105co-\u015bci\u0105gaj\u0105ca maska peel-off &quot;W\u0119giel drzewny&quot;, 10 g - Selleetools.com\" \/>\n<meta property=\"og:description\" content=\"Maseczka oczyszczaj\u0105ca peel-off delikatnie usuwa zanieczyszczenia i z\u0142uszcza martwy nask\u00f3rek. Ma rownie\u017c doskona\u0142e w\u0142a\u015bciwo\u015bci rozja\u015bniaj\u0105ce. Dokladnie pokrywaj\u0105ca nask\u00f3rek i \u015bci\u015ble przylegajaca do sk\u00f3ry maska typu peel-off umo\u017cliwia g\u0142\u0119bok\u0105 penetracj\u0119 por\u00f3w sk\u00f3ry i wnikanie sk\u0142adnik\u00f3w aktywnych, aby odblokowa\u0107 zapchane pory, zwi\u0119kszy\u0107 uczucie od\u015bwie\u017cenia i oczy\u015bci\u0107 j\u0105 z martwego nask\u00f3rka. Ekstrakt z w\u0119gla drzewnego wch\u0142ania toksyny i ... Read morePUREDERM Oczyszczaj\u0105co-\u015bci\u0105gaj\u0105ca maska peel-off &#8220;W\u0119giel drzewny&#8221;, 10 g\" \/>\n<meta property=\"og:url\" content=\"https:\/\/selleetools.com\/pl\/product\/purederm-oczyszczajaco-sciagajaca-maska-peel-off-wegiel-drzewny-10-g\/\" \/>\n<meta property=\"og:site_name\" content=\"Selleetools.com\" \/>\n<meta property=\"article:modified_time\" content=\"2026-02-25T18:09:24+00:00\" \/>\n<meta property=\"og:image\" content=\"https:\/\/selleetools.com\/wp-content\/uploads\/2025\/10\/574a257f8a145d39dfceb6601366cd45.jpg\" \/>\n\t<meta property=\"og:image:width\" content=\"1000\" \/>\n\t<meta property=\"og:image:height\" content=\"1000\" \/>\n\t<meta property=\"og:image:type\" content=\"image\/jpeg\" \/>\n<meta name=\"twitter:card\" content=\"summary_large_image\" \/>\n<meta name=\"twitter:label1\" content=\"Est. reading time\" \/>\n\t<meta name=\"twitter:data1\" content=\"1 minuta\" \/>\n<!-- \/ Yoast SEO plugin. -->","yoast_head_json":{"title":"PUREDERM Oczyszczaj\u0105co-\u015bci\u0105gaj\u0105ca maska peel-off \"W\u0119giel drzewny\", 10 g - Selleetools.com","robots":{"index":"index","follow":"follow","max-snippet":"max-snippet:-1","max-image-preview":"max-image-preview:large","max-video-preview":"max-video-preview:-1"},"canonical":"https:\/\/selleetools.com\/pl\/product\/purederm-oczyszczajaco-sciagajaca-maska-peel-off-wegiel-drzewny-10-g\/","og_locale":"pl_PL","og_type":"article","og_title":"PUREDERM Oczyszczaj\u0105co-\u015bci\u0105gaj\u0105ca maska peel-off \"W\u0119giel drzewny\", 10 g - Selleetools.com","og_description":"Maseczka oczyszczaj\u0105ca peel-off delikatnie usuwa zanieczyszczenia i z\u0142uszcza martwy nask\u00f3rek. Ma rownie\u017c doskona\u0142e w\u0142a\u015bciwo\u015bci rozja\u015bniaj\u0105ce. Dokladnie pokrywaj\u0105ca nask\u00f3rek i \u015bci\u015ble przylegajaca do sk\u00f3ry maska typu peel-off umo\u017cliwia g\u0142\u0119bok\u0105 penetracj\u0119 por\u00f3w sk\u00f3ry i wnikanie sk\u0142adnik\u00f3w aktywnych, aby odblokowa\u0107 zapchane pory, zwi\u0119kszy\u0107 uczucie od\u015bwie\u017cenia i oczy\u015bci\u0107 j\u0105 z martwego nask\u00f3rka. Ekstrakt z w\u0119gla drzewnego wch\u0142ania toksyny i ... Read morePUREDERM Oczyszczaj\u0105co-\u015bci\u0105gaj\u0105ca maska peel-off &#8220;W\u0119giel drzewny&#8221;, 10 g","og_url":"https:\/\/selleetools.com\/pl\/product\/purederm-oczyszczajaco-sciagajaca-maska-peel-off-wegiel-drzewny-10-g\/","og_site_name":"Selleetools.com","article_modified_time":"2026-02-25T18:09:24+00:00","og_image":[{"width":1000,"height":1000,"url":"https:\/\/selleetools.com\/wp-content\/uploads\/2025\/10\/574a257f8a145d39dfceb6601366cd45.jpg","type":"image\/jpeg"}],"twitter_card":"summary_large_image","twitter_misc":{"Est. reading time":"1 minuta"},"schema":{"@context":"https:\/\/schema.org","@graph":[{"@type":"Organization","@id":"https:\/\/selleetools.com\/#organization","name":"Selleetools","url":"https:\/\/selleetools.com\/","sameAs":[],"logo":{"@type":"ImageObject","inLanguage":"pl-PL","@id":"https:\/\/selleetools.com\/#\/schema\/logo\/image\/","url":"https:\/\/selleetools.com\/wp-content\/uploads\/2021\/10\/logo-dark.png","contentUrl":"https:\/\/selleetools.com\/wp-content\/uploads\/2021\/10\/logo-dark.png","width":320,"height":76,"caption":"Selleetools"},"image":{"@id":"https:\/\/selleetools.com\/#\/schema\/logo\/image\/"}},{"@type":"WebSite","@id":"https:\/\/selleetools.com\/#website","url":"https:\/\/selleetools.com\/","name":"Selleetools.com","description":"","publisher":{"@id":"https:\/\/selleetools.com\/#organization"},"potentialAction":[{"@type":"SearchAction","target":{"@type":"EntryPoint","urlTemplate":"https:\/\/selleetools.com\/?s={search_term_string}"},"query-input":"required name=search_term_string"}],"inLanguage":"pl-PL"},{"@type":"WebPage","@id":"https:\/\/selleetools.com\/pl\/product\/purederm-oczyszczajaco-sciagajaca-maska-peel-off-wegiel-drzewny-10-g\/","url":"https:\/\/selleetools.com\/pl\/product\/purederm-oczyszczajaco-sciagajaca-maska-peel-off-wegiel-drzewny-10-g\/","name":"PUREDERM Oczyszczaj\u0105co-\u015bci\u0105gaj\u0105ca maska peel-off \"W\u0119giel drzewny\", 10 g - Selleetools.com","isPartOf":{"@id":"https:\/\/selleetools.com\/#website"},"datePublished":"2025-10-24T11:39:56+00:00","dateModified":"2026-02-25T18:09:24+00:00","breadcrumb":{"@id":"https:\/\/selleetools.com\/pl\/product\/purederm-oczyszczajaco-sciagajaca-maska-peel-off-wegiel-drzewny-10-g\/#breadcrumb"},"inLanguage":"pl-PL","potentialAction":[{"@type":"ReadAction","target":["https:\/\/selleetools.com\/pl\/product\/purederm-oczyszczajaco-sciagajaca-maska-peel-off-wegiel-drzewny-10-g\/"]}]},{"@type":"BreadcrumbList","@id":"https:\/\/selleetools.com\/pl\/product\/purederm-oczyszczajaco-sciagajaca-maska-peel-off-wegiel-drzewny-10-g\/#breadcrumb","itemListElement":[{"@type":"ListItem","position":1,"name":"Home","item":"https:\/\/selleetools.com\/pl\/"},{"@type":"ListItem","position":2,"name":"Katalog","item":"https:\/\/selleetools.com\/pl\/katalog\/"},{"@type":"ListItem","position":3,"name":"PUREDERM Oczyszczaj\u0105co-\u015bci\u0105gaj\u0105ca maska peel-off &#8220;W\u0119giel drzewny&#8221;, 10 g"}]}]}},"_links":{"self":[{"href":"https:\/\/selleetools.com\/pl\/wp-json\/wp\/v2\/product\/605638"}],"collection":[{"href":"https:\/\/selleetools.com\/pl\/wp-json\/wp\/v2\/product"}],"about":[{"href":"https:\/\/selleetools.com\/pl\/wp-json\/wp\/v2\/types\/product"}],"replies":[{"embeddable":true,"href":"https:\/\/selleetools.com\/pl\/wp-json\/wp\/v2\/comments?post=605638"}],"wp:featuredmedia":[{"embeddable":true,"href":"https:\/\/selleetools.com\/pl\/wp-json\/wp\/v2\/media\/605634"}],"wp:attachment":[{"href":"https:\/\/selleetools.com\/pl\/wp-json\/wp\/v2\/media?parent=605638"}],"curies":[{"name":"wp","href":"https:\/\/api.w.org\/{rel}","templated":true}]}}