{"id":605633,"date":"2025-10-24T13:39:53","date_gmt":"2025-10-24T11:39:53","guid":{"rendered":"https:\/\/selleetools.com\/?post_type=product&#038;p=605633"},"modified":"2025-12-12T11:03:17","modified_gmt":"2025-12-12T10:03:17","slug":"purederm-multi-step-v-line-zabieg-2-etapowy-ujedrniajacy-na-podbrodek-i-linie-zuchwy-2-g-10-g","status":"publish","type":"product","link":"https:\/\/selleetools.com\/pl\/product\/purederm-multi-step-v-line-zabieg-2-etapowy-ujedrniajacy-na-podbrodek-i-linie-zuchwy-2-g-10-g\/","title":{"rendered":"PUREDERM MULTI STEP V-LINE Zabieg 2-etapowy uj\u0119drniaj\u0105cy na podbr\u00f3dek i lini\u0119 \u017cuchwy, 2 g + 10 g"},"content":{"rendered":"<p>PUREDERM &#8211; MULTI STEP V-LINE Zabieg 2-Etapowy Uj\u0119drniaj\u0105cy na Podbr\u00f3dek i Lini\u0119 \u017buchwy, 2g + 10g<br \/>\nInnowacyjna kuracja w formie dwustopniowego systemu, stworzona specjalnie dla sk\u00f3ry w okolicach podbr\u00f3dka i linii \u017cuchwy. Dzi\u0119ki starannie dobranym sk\u0142adnikom, zabieg skutecznie uj\u0119drnia i wyg\u0142adza sk\u00f3r\u0119, przywracaj\u0105c jej m\u0142odszy i bardziej konturowany wygl\u0105d. Poprawia elastyczno\u015b\u0107 sk\u00f3ry w okolicach podbr\u00f3dka i \u017cuchwy, wyg\u0142adzaj\u0105c kontury twarzy. Pomaga wzmocni\u0107 sk\u00f3r\u0119, zmniejszaj\u0105c widoczno\u015b\u0107 wiotko\u015bci i poprawiaj\u0105c jej j\u0119drno\u015b\u0107. Intensywnie nawil\u017ca, co wspomaga regeneracj\u0119 i odnow\u0119 kom\u00f3rkow\u0105 w obszarze zabiegu.<\/p>\n<p>Korzy\u015bci dla sk\u00f3ry:<br \/>\nZdecydowane kontury: Sk\u00f3ra staje si\u0119 bardziej napi\u0119ta i wymodelowana, co poprawia kontury twarzy.<br \/>\nRedukcja wiotko\u015bci: Zmniejsza widoczno\u015b\u0107 lu\u017anej sk\u00f3ry w okolicach podbr\u00f3dka i \u017cuchwy.<br \/>\nG\u0142adko\u015b\u0107: Sprawia, \u017ce sk\u00f3ra jest g\u0142adsza i bardziej jednolita.<\/p>\n<p>Spos\u00f3b u\u017cycia:<br \/>\nEtap 1: Umyj twarz i osusz j\u0105 dok\u0142adnie. Na\u0142\u00f3\u017c 2g produktu (etap 1) na sk\u00f3r\u0119 w okolicach podbr\u00f3dka i \u017cuchwy. Delikatnie wmasuj produkt, a\u017c ca\u0142kowicie si\u0119 wch\u0142onie. Pozw\u00f3l, aby sk\u0142adniki aktywne mia\u0142y czas na dzia\u0142anie przez oko\u0142o 5 minut.<br \/>\nEtap 2: Na\u0142\u00f3\u017c 10g produktu (etap 2) na t\u0119 sam\u0105 okolic\u0119, r\u00f3wnomiernie rozprowadzaj\u0105c i delikatnie masuj\u0105c, a\u017c produkt ca\u0142kowicie si\u0119 wch\u0142onie.  Pozostaw na 15-20 minut, aby sk\u0142adniki mia\u0142y czas na dzia\u0142anie. Po up\u0142ywie czasu dzia\u0142ania zmyj resztki produktu letni\u0105 wod\u0105 lub delikatnie wytrzyj mokrym wacikiem.<\/p>\n","protected":false},"excerpt":{"rendered":"<p>PUREDERM &#8211; MULTI STEP V-LINE Zabieg 2-Etapowy Uj\u0119drniaj\u0105cy na Podbr\u00f3dek i Lini\u0119 \u017buchwy, 2g + 10g Innowacyjna kuracja w formie dwustopniowego systemu, stworzona specjalnie dla sk\u00f3ry w okolicach podbr\u00f3dka i linii \u017cuchwy. Dzi\u0119ki starannie dobranym sk\u0142adnikom, zabieg skutecznie uj\u0119drnia i wyg\u0142adza sk\u00f3r\u0119, przywracaj\u0105c jej m\u0142odszy i bardziej konturowany wygl\u0105d. Poprawia elastyczno\u015b\u0107 sk\u00f3ry w okolicach podbr\u00f3dka &#8230; <a title=\"PUREDERM MULTI STEP V-LINE Zabieg 2-etapowy uj\u0119drniaj\u0105cy na podbr\u00f3dek i lini\u0119 \u017cuchwy, 2 g + 10 g\" class=\"read-more\" href=\"https:\/\/selleetools.com\/pl\/product\/purederm-multi-step-v-line-zabieg-2-etapowy-ujedrniajacy-na-podbrodek-i-linie-zuchwy-2-g-10-g\/\">Read more<span class=\"screen-reader-text\">PUREDERM MULTI STEP V-LINE Zabieg 2-etapowy uj\u0119drniaj\u0105cy na podbr\u00f3dek i lini\u0119 \u017cuchwy, 2 g + 10 g<\/span><\/a><\/p>\n","protected":false},"featured_media":605631,"comment_status":"open","ping_status":"closed","template":"","meta":{"_links_to":"","_links_to_target":""},"yoast_head":"<!-- This site is optimized with the Yoast SEO plugin v19.4 - https:\/\/yoast.com\/wordpress\/plugins\/seo\/ -->\n<title>PUREDERM MULTI STEP V-LINE Zabieg 2-etapowy uj\u0119drniaj\u0105cy na podbr\u00f3dek i lini\u0119 \u017cuchwy, 2 g + 10 g - Selleetools.com<\/title>\n<meta name=\"robots\" content=\"index, follow, max-snippet:-1, max-image-preview:large, max-video-preview:-1\" \/>\n<link rel=\"canonical\" href=\"https:\/\/selleetools.com\/pl\/product\/purederm-multi-step-v-line-zabieg-2-etapowy-ujedrniajacy-na-podbrodek-i-linie-zuchwy-2-g-10-g\/\" \/>\n<meta property=\"og:locale\" content=\"pl_PL\" \/>\n<meta property=\"og:type\" content=\"article\" \/>\n<meta property=\"og:title\" content=\"PUREDERM MULTI STEP V-LINE Zabieg 2-etapowy uj\u0119drniaj\u0105cy na podbr\u00f3dek i lini\u0119 \u017cuchwy, 2 g + 10 g - Selleetools.com\" \/>\n<meta property=\"og:description\" content=\"PUREDERM &#8211; MULTI STEP V-LINE Zabieg 2-Etapowy Uj\u0119drniaj\u0105cy na Podbr\u00f3dek i Lini\u0119 \u017buchwy, 2g + 10g Innowacyjna kuracja w formie dwustopniowego systemu, stworzona specjalnie dla sk\u00f3ry w okolicach podbr\u00f3dka i linii \u017cuchwy. Dzi\u0119ki starannie dobranym sk\u0142adnikom, zabieg skutecznie uj\u0119drnia i wyg\u0142adza sk\u00f3r\u0119, przywracaj\u0105c jej m\u0142odszy i bardziej konturowany wygl\u0105d. Poprawia elastyczno\u015b\u0107 sk\u00f3ry w okolicach podbr\u00f3dka ... Read morePUREDERM MULTI STEP V-LINE Zabieg 2-etapowy uj\u0119drniaj\u0105cy na podbr\u00f3dek i lini\u0119 \u017cuchwy, 2 g + 10 g\" \/>\n<meta property=\"og:url\" content=\"https:\/\/selleetools.com\/pl\/product\/purederm-multi-step-v-line-zabieg-2-etapowy-ujedrniajacy-na-podbrodek-i-linie-zuchwy-2-g-10-g\/\" \/>\n<meta property=\"og:site_name\" content=\"Selleetools.com\" \/>\n<meta property=\"article:modified_time\" content=\"2025-12-12T10:03:17+00:00\" \/>\n<meta property=\"og:image\" content=\"https:\/\/selleetools.com\/wp-content\/uploads\/2025\/10\/4818e6e55497c6cb2a19e82363c8e754.jpg\" \/>\n\t<meta property=\"og:image:width\" content=\"1200\" \/>\n\t<meta property=\"og:image:height\" content=\"1200\" \/>\n\t<meta property=\"og:image:type\" content=\"image\/jpeg\" \/>\n<meta name=\"twitter:card\" content=\"summary_large_image\" \/>\n<meta name=\"twitter:label1\" content=\"Est. reading time\" \/>\n\t<meta name=\"twitter:data1\" content=\"1 minuta\" \/>\n<!-- \/ Yoast SEO plugin. -->","yoast_head_json":{"title":"PUREDERM MULTI STEP V-LINE Zabieg 2-etapowy uj\u0119drniaj\u0105cy na podbr\u00f3dek i lini\u0119 \u017cuchwy, 2 g + 10 g - Selleetools.com","robots":{"index":"index","follow":"follow","max-snippet":"max-snippet:-1","max-image-preview":"max-image-preview:large","max-video-preview":"max-video-preview:-1"},"canonical":"https:\/\/selleetools.com\/pl\/product\/purederm-multi-step-v-line-zabieg-2-etapowy-ujedrniajacy-na-podbrodek-i-linie-zuchwy-2-g-10-g\/","og_locale":"pl_PL","og_type":"article","og_title":"PUREDERM MULTI STEP V-LINE Zabieg 2-etapowy uj\u0119drniaj\u0105cy na podbr\u00f3dek i lini\u0119 \u017cuchwy, 2 g + 10 g - Selleetools.com","og_description":"PUREDERM &#8211; MULTI STEP V-LINE Zabieg 2-Etapowy Uj\u0119drniaj\u0105cy na Podbr\u00f3dek i Lini\u0119 \u017buchwy, 2g + 10g Innowacyjna kuracja w formie dwustopniowego systemu, stworzona specjalnie dla sk\u00f3ry w okolicach podbr\u00f3dka i linii \u017cuchwy. Dzi\u0119ki starannie dobranym sk\u0142adnikom, zabieg skutecznie uj\u0119drnia i wyg\u0142adza sk\u00f3r\u0119, przywracaj\u0105c jej m\u0142odszy i bardziej konturowany wygl\u0105d. Poprawia elastyczno\u015b\u0107 sk\u00f3ry w okolicach podbr\u00f3dka ... Read morePUREDERM MULTI STEP V-LINE Zabieg 2-etapowy uj\u0119drniaj\u0105cy na podbr\u00f3dek i lini\u0119 \u017cuchwy, 2 g + 10 g","og_url":"https:\/\/selleetools.com\/pl\/product\/purederm-multi-step-v-line-zabieg-2-etapowy-ujedrniajacy-na-podbrodek-i-linie-zuchwy-2-g-10-g\/","og_site_name":"Selleetools.com","article_modified_time":"2025-12-12T10:03:17+00:00","og_image":[{"width":1200,"height":1200,"url":"https:\/\/selleetools.com\/wp-content\/uploads\/2025\/10\/4818e6e55497c6cb2a19e82363c8e754.jpg","type":"image\/jpeg"}],"twitter_card":"summary_large_image","twitter_misc":{"Est. reading time":"1 minuta"},"schema":{"@context":"https:\/\/schema.org","@graph":[{"@type":"Organization","@id":"https:\/\/selleetools.com\/#organization","name":"Selleetools","url":"https:\/\/selleetools.com\/","sameAs":[],"logo":{"@type":"ImageObject","inLanguage":"pl-PL","@id":"https:\/\/selleetools.com\/#\/schema\/logo\/image\/","url":"https:\/\/selleetools.com\/wp-content\/uploads\/2021\/10\/logo-dark.png","contentUrl":"https:\/\/selleetools.com\/wp-content\/uploads\/2021\/10\/logo-dark.png","width":320,"height":76,"caption":"Selleetools"},"image":{"@id":"https:\/\/selleetools.com\/#\/schema\/logo\/image\/"}},{"@type":"WebSite","@id":"https:\/\/selleetools.com\/#website","url":"https:\/\/selleetools.com\/","name":"Selleetools.com","description":"","publisher":{"@id":"https:\/\/selleetools.com\/#organization"},"potentialAction":[{"@type":"SearchAction","target":{"@type":"EntryPoint","urlTemplate":"https:\/\/selleetools.com\/?s={search_term_string}"},"query-input":"required name=search_term_string"}],"inLanguage":"pl-PL"},{"@type":"WebPage","@id":"https:\/\/selleetools.com\/pl\/product\/purederm-multi-step-v-line-zabieg-2-etapowy-ujedrniajacy-na-podbrodek-i-linie-zuchwy-2-g-10-g\/","url":"https:\/\/selleetools.com\/pl\/product\/purederm-multi-step-v-line-zabieg-2-etapowy-ujedrniajacy-na-podbrodek-i-linie-zuchwy-2-g-10-g\/","name":"PUREDERM MULTI STEP V-LINE Zabieg 2-etapowy uj\u0119drniaj\u0105cy na podbr\u00f3dek i lini\u0119 \u017cuchwy, 2 g + 10 g - Selleetools.com","isPartOf":{"@id":"https:\/\/selleetools.com\/#website"},"datePublished":"2025-10-24T11:39:53+00:00","dateModified":"2025-12-12T10:03:17+00:00","breadcrumb":{"@id":"https:\/\/selleetools.com\/pl\/product\/purederm-multi-step-v-line-zabieg-2-etapowy-ujedrniajacy-na-podbrodek-i-linie-zuchwy-2-g-10-g\/#breadcrumb"},"inLanguage":"pl-PL","potentialAction":[{"@type":"ReadAction","target":["https:\/\/selleetools.com\/pl\/product\/purederm-multi-step-v-line-zabieg-2-etapowy-ujedrniajacy-na-podbrodek-i-linie-zuchwy-2-g-10-g\/"]}]},{"@type":"BreadcrumbList","@id":"https:\/\/selleetools.com\/pl\/product\/purederm-multi-step-v-line-zabieg-2-etapowy-ujedrniajacy-na-podbrodek-i-linie-zuchwy-2-g-10-g\/#breadcrumb","itemListElement":[{"@type":"ListItem","position":1,"name":"Home","item":"https:\/\/selleetools.com\/pl\/"},{"@type":"ListItem","position":2,"name":"Katalog","item":"https:\/\/selleetools.com\/pl\/katalog\/"},{"@type":"ListItem","position":3,"name":"PUREDERM MULTI STEP V-LINE Zabieg 2-etapowy uj\u0119drniaj\u0105cy na podbr\u00f3dek i lini\u0119 \u017cuchwy, 2 g + 10 g"}]}]}},"_links":{"self":[{"href":"https:\/\/selleetools.com\/pl\/wp-json\/wp\/v2\/product\/605633"}],"collection":[{"href":"https:\/\/selleetools.com\/pl\/wp-json\/wp\/v2\/product"}],"about":[{"href":"https:\/\/selleetools.com\/pl\/wp-json\/wp\/v2\/types\/product"}],"replies":[{"embeddable":true,"href":"https:\/\/selleetools.com\/pl\/wp-json\/wp\/v2\/comments?post=605633"}],"wp:featuredmedia":[{"embeddable":true,"href":"https:\/\/selleetools.com\/pl\/wp-json\/wp\/v2\/media\/605631"}],"wp:attachment":[{"href":"https:\/\/selleetools.com\/pl\/wp-json\/wp\/v2\/media?parent=605633"}],"curies":[{"name":"wp","href":"https:\/\/api.w.org\/{rel}","templated":true}]}}