{"id":605615,"date":"2025-10-24T13:39:41","date_gmt":"2025-10-24T11:39:41","guid":{"rendered":"https:\/\/selleetools.com\/?post_type=product&#038;p=605615"},"modified":"2025-11-04T20:18:42","modified_gmt":"2025-11-04T19:18:42","slug":"purederm-weganska-maseczka-peelingujaca-na-piety-1-para-2x-3-g","status":"publish","type":"product","link":"https:\/\/selleetools.com\/pl\/product\/purederm-weganska-maseczka-peelingujaca-na-piety-1-para-2x-3-g\/","title":{"rendered":"PUREDERM Wega\u0144ska maseczka peelinguj\u0105ca na pi\u0119ty, 1 para 2x 3 g"},"content":{"rendered":"<p>PUREDERM Vegan Heel Peeling Mask, 1 para (2x3g) <\/p>\n<p>Vegan Heel Peeling Mask to zaawansowana maska \u200b\u200bspecjalnie opracowana do piel\u0119gnacji i wyg\u0142adzania szorstkiej sk\u00f3ry pi\u0119t. Jej wega\u0144ska formu\u0142a, wzbogacona o sk\u0142adniki z\u0142uszczaj\u0105ce, skutecznie usuwa zrogowacia\u0142y nask\u00f3rek, przywracaj\u0105c sk\u00f3rze g\u0142adko\u015b\u0107 i mi\u0119kko\u015b\u0107. Usuwa martwy nask\u00f3rek i zrogowacia\u0142e warstwy, wyg\u0142adzaj\u0105c powierzchni\u0119 sk\u00f3ry. Zapewnia intensywne nawil\u017cenie, \u0142agodz\u0105c sucho\u015b\u0107 i p\u0119kanie. Wspomaga regeneracj\u0119 i odbudow\u0119 sk\u00f3ry, poprawiaj\u0105c jej og\u00f3lny stan i wygl\u0105d. <\/p>\n<p>Korzy\u015bci dla sk\u00f3ry:<br \/>\nWyg\u0142adzanie: Sk\u00f3ra pi\u0119t staje si\u0119 g\u0142adka i jedwabi\u015bcie mi\u0119kka.<br \/>\nRedukcja odcisk\u00f3w: Skutecznie eliminuje zrogowacia\u0142y nask\u00f3rek, zmniejszaj\u0105c szorstko\u015b\u0107 i p\u0119kanie.<br \/>\nOd\u015bwie\u017canie: Przywraca stopom \u015bwie\u017co\u015b\u0107 i komfort, eliminuj\u0105c uczucie zm\u0119czenia. <\/p>\n<p>Spos\u00f3b u\u017cycia:<br \/>\nPrzed na\u0142o\u017ceniem maski umyj i osusz stopy.<br \/>\nOtw\u00f3rz opakowanie i na\u0142\u00f3\u017c maski na pi\u0119ty, upewniaj\u0105c si\u0119, \u017ce s\u0105 odpowiednio dopasowane.<br \/>\nPozostaw maseczki na 15-20 minut, aby sk\u0142adniki z\u0142uszczaj\u0105ce mog\u0142y dzia\u0142a\u0107 skutecznie.<br \/>\nPo up\u0142ywie czasu dzia\u0142ania zdejmij maseczki i delikatnie wmasuj pozosta\u0142y produkt w sk\u00f3r\u0119.<\/p>\n","protected":false},"excerpt":{"rendered":"<p>PUREDERM Vegan Heel Peeling Mask, 1 para (2x3g) Vegan Heel Peeling Mask to zaawansowana maska \u200b\u200bspecjalnie opracowana do piel\u0119gnacji i wyg\u0142adzania szorstkiej sk\u00f3ry pi\u0119t. Jej wega\u0144ska formu\u0142a, wzbogacona o sk\u0142adniki z\u0142uszczaj\u0105ce, skutecznie usuwa zrogowacia\u0142y nask\u00f3rek, przywracaj\u0105c sk\u00f3rze g\u0142adko\u015b\u0107 i mi\u0119kko\u015b\u0107. Usuwa martwy nask\u00f3rek i zrogowacia\u0142e warstwy, wyg\u0142adzaj\u0105c powierzchni\u0119 sk\u00f3ry. Zapewnia intensywne nawil\u017cenie, \u0142agodz\u0105c sucho\u015b\u0107 i &#8230; <a title=\"PUREDERM Wega\u0144ska maseczka peelinguj\u0105ca na pi\u0119ty, 1 para 2x 3 g\" class=\"read-more\" href=\"https:\/\/selleetools.com\/pl\/product\/purederm-weganska-maseczka-peelingujaca-na-piety-1-para-2x-3-g\/\">Read more<span class=\"screen-reader-text\">PUREDERM Wega\u0144ska maseczka peelinguj\u0105ca na pi\u0119ty, 1 para 2x 3 g<\/span><\/a><\/p>\n","protected":false},"featured_media":605613,"comment_status":"open","ping_status":"closed","template":"","meta":{"_links_to":"","_links_to_target":""},"yoast_head":"<!-- This site is optimized with the Yoast SEO plugin v19.4 - https:\/\/yoast.com\/wordpress\/plugins\/seo\/ -->\n<title>PUREDERM Wega\u0144ska maseczka peelinguj\u0105ca na pi\u0119ty, 1 para 2x 3 g - Selleetools.com<\/title>\n<meta name=\"robots\" content=\"index, follow, max-snippet:-1, max-image-preview:large, max-video-preview:-1\" \/>\n<link rel=\"canonical\" href=\"https:\/\/admincentral.selleetools.com\/pl\/product\/purederm-weganska-maseczka-peelingujaca-na-piety-1-para-2x-3-g\/\" \/>\n<meta property=\"og:locale\" content=\"pl_PL\" \/>\n<meta property=\"og:type\" content=\"article\" \/>\n<meta property=\"og:title\" content=\"PUREDERM Wega\u0144ska maseczka peelinguj\u0105ca na pi\u0119ty, 1 para 2x 3 g - Selleetools.com\" \/>\n<meta property=\"og:description\" content=\"PUREDERM Vegan Heel Peeling Mask, 1 para (2x3g) Vegan Heel Peeling Mask to zaawansowana maska \u200b\u200bspecjalnie opracowana do piel\u0119gnacji i wyg\u0142adzania szorstkiej sk\u00f3ry pi\u0119t. Jej wega\u0144ska formu\u0142a, wzbogacona o sk\u0142adniki z\u0142uszczaj\u0105ce, skutecznie usuwa zrogowacia\u0142y nask\u00f3rek, przywracaj\u0105c sk\u00f3rze g\u0142adko\u015b\u0107 i mi\u0119kko\u015b\u0107. Usuwa martwy nask\u00f3rek i zrogowacia\u0142e warstwy, wyg\u0142adzaj\u0105c powierzchni\u0119 sk\u00f3ry. Zapewnia intensywne nawil\u017cenie, \u0142agodz\u0105c sucho\u015b\u0107 i ... Read morePUREDERM Wega\u0144ska maseczka peelinguj\u0105ca na pi\u0119ty, 1 para 2x 3 g\" \/>\n<meta property=\"og:url\" content=\"https:\/\/admincentral.selleetools.com\/pl\/product\/purederm-weganska-maseczka-peelingujaca-na-piety-1-para-2x-3-g\/\" \/>\n<meta property=\"og:site_name\" content=\"Selleetools.com\" \/>\n<meta property=\"article:modified_time\" content=\"2025-11-04T19:18:42+00:00\" \/>\n<meta property=\"og:image\" content=\"https:\/\/selleetools.com\/wp-content\/uploads\/2025\/10\/71facb3a5b50695416e48d2f10618078.jpg\" \/>\n\t<meta property=\"og:image:width\" content=\"1000\" \/>\n\t<meta property=\"og:image:height\" content=\"1000\" \/>\n\t<meta property=\"og:image:type\" content=\"image\/jpeg\" \/>\n<meta name=\"twitter:card\" content=\"summary_large_image\" \/>\n<meta name=\"twitter:label1\" content=\"Est. reading time\" \/>\n\t<meta name=\"twitter:data1\" content=\"1 minuta\" \/>\n<!-- \/ Yoast SEO plugin. -->","yoast_head_json":{"title":"PUREDERM Wega\u0144ska maseczka peelinguj\u0105ca na pi\u0119ty, 1 para 2x 3 g - Selleetools.com","robots":{"index":"index","follow":"follow","max-snippet":"max-snippet:-1","max-image-preview":"max-image-preview:large","max-video-preview":"max-video-preview:-1"},"canonical":"https:\/\/admincentral.selleetools.com\/pl\/product\/purederm-weganska-maseczka-peelingujaca-na-piety-1-para-2x-3-g\/","og_locale":"pl_PL","og_type":"article","og_title":"PUREDERM Wega\u0144ska maseczka peelinguj\u0105ca na pi\u0119ty, 1 para 2x 3 g - Selleetools.com","og_description":"PUREDERM Vegan Heel Peeling Mask, 1 para (2x3g) Vegan Heel Peeling Mask to zaawansowana maska \u200b\u200bspecjalnie opracowana do piel\u0119gnacji i wyg\u0142adzania szorstkiej sk\u00f3ry pi\u0119t. Jej wega\u0144ska formu\u0142a, wzbogacona o sk\u0142adniki z\u0142uszczaj\u0105ce, skutecznie usuwa zrogowacia\u0142y nask\u00f3rek, przywracaj\u0105c sk\u00f3rze g\u0142adko\u015b\u0107 i mi\u0119kko\u015b\u0107. Usuwa martwy nask\u00f3rek i zrogowacia\u0142e warstwy, wyg\u0142adzaj\u0105c powierzchni\u0119 sk\u00f3ry. Zapewnia intensywne nawil\u017cenie, \u0142agodz\u0105c sucho\u015b\u0107 i ... Read morePUREDERM Wega\u0144ska maseczka peelinguj\u0105ca na pi\u0119ty, 1 para 2x 3 g","og_url":"https:\/\/admincentral.selleetools.com\/pl\/product\/purederm-weganska-maseczka-peelingujaca-na-piety-1-para-2x-3-g\/","og_site_name":"Selleetools.com","article_modified_time":"2025-11-04T19:18:42+00:00","og_image":[{"width":1000,"height":1000,"url":"https:\/\/selleetools.com\/wp-content\/uploads\/2025\/10\/71facb3a5b50695416e48d2f10618078.jpg","type":"image\/jpeg"}],"twitter_card":"summary_large_image","twitter_misc":{"Est. reading time":"1 minuta"},"schema":{"@context":"https:\/\/schema.org","@graph":[{"@type":"Organization","@id":"https:\/\/selleetools.com\/#organization","name":"Selleetools","url":"https:\/\/selleetools.com\/","sameAs":[],"logo":{"@type":"ImageObject","inLanguage":"pl-PL","@id":"https:\/\/selleetools.com\/#\/schema\/logo\/image\/","url":"https:\/\/selleetools.com\/wp-content\/uploads\/2021\/10\/logo-dark.png","contentUrl":"https:\/\/selleetools.com\/wp-content\/uploads\/2021\/10\/logo-dark.png","width":320,"height":76,"caption":"Selleetools"},"image":{"@id":"https:\/\/selleetools.com\/#\/schema\/logo\/image\/"}},{"@type":"WebSite","@id":"https:\/\/selleetools.com\/#website","url":"https:\/\/selleetools.com\/","name":"Selleetools.com","description":"","publisher":{"@id":"https:\/\/selleetools.com\/#organization"},"potentialAction":[{"@type":"SearchAction","target":{"@type":"EntryPoint","urlTemplate":"https:\/\/selleetools.com\/?s={search_term_string}"},"query-input":"required name=search_term_string"}],"inLanguage":"pl-PL"},{"@type":"WebPage","@id":"https:\/\/admincentral.selleetools.com\/pl\/product\/purederm-weganska-maseczka-peelingujaca-na-piety-1-para-2x-3-g\/","url":"https:\/\/admincentral.selleetools.com\/pl\/product\/purederm-weganska-maseczka-peelingujaca-na-piety-1-para-2x-3-g\/","name":"PUREDERM Wega\u0144ska maseczka peelinguj\u0105ca na pi\u0119ty, 1 para 2x 3 g - Selleetools.com","isPartOf":{"@id":"https:\/\/selleetools.com\/#website"},"datePublished":"2025-10-24T11:39:41+00:00","dateModified":"2025-11-04T19:18:42+00:00","breadcrumb":{"@id":"https:\/\/admincentral.selleetools.com\/pl\/product\/purederm-weganska-maseczka-peelingujaca-na-piety-1-para-2x-3-g\/#breadcrumb"},"inLanguage":"pl-PL","potentialAction":[{"@type":"ReadAction","target":["https:\/\/admincentral.selleetools.com\/pl\/product\/purederm-weganska-maseczka-peelingujaca-na-piety-1-para-2x-3-g\/"]}]},{"@type":"BreadcrumbList","@id":"https:\/\/admincentral.selleetools.com\/pl\/product\/purederm-weganska-maseczka-peelingujaca-na-piety-1-para-2x-3-g\/#breadcrumb","itemListElement":[{"@type":"ListItem","position":1,"name":"Home","item":"https:\/\/selleetools.com\/pl\/"},{"@type":"ListItem","position":2,"name":"Katalog","item":"https:\/\/selleetools.com\/pl\/katalog\/"},{"@type":"ListItem","position":3,"name":"PUREDERM Wega\u0144ska maseczka peelinguj\u0105ca na pi\u0119ty, 1 para 2x 3 g"}]}]}},"_links":{"self":[{"href":"https:\/\/selleetools.com\/pl\/wp-json\/wp\/v2\/product\/605615"}],"collection":[{"href":"https:\/\/selleetools.com\/pl\/wp-json\/wp\/v2\/product"}],"about":[{"href":"https:\/\/selleetools.com\/pl\/wp-json\/wp\/v2\/types\/product"}],"replies":[{"embeddable":true,"href":"https:\/\/selleetools.com\/pl\/wp-json\/wp\/v2\/comments?post=605615"}],"wp:featuredmedia":[{"embeddable":true,"href":"https:\/\/selleetools.com\/pl\/wp-json\/wp\/v2\/media\/605613"}],"wp:attachment":[{"href":"https:\/\/selleetools.com\/pl\/wp-json\/wp\/v2\/media?parent=605615"}],"curies":[{"name":"wp","href":"https:\/\/api.w.org\/{rel}","templated":true}]}}