{"id":605449,"date":"2025-10-24T13:37:47","date_gmt":"2025-10-24T11:37:47","guid":{"rendered":"https:\/\/selleetools.com\/?post_type=product&#038;p=605449"},"modified":"2025-11-03T17:08:41","modified_gmt":"2025-11-03T16:08:41","slug":"anua-peach-77-niacin-enriched-cream-50-ml-nawilzajaco-rozjasniajacy-krem-do-twarzy","status":"publish","type":"product","link":"https:\/\/selleetools.com\/pl\/product\/anua-peach-77-niacin-enriched-cream-50-ml-nawilzajaco-rozjasniajacy-krem-do-twarzy\/","title":{"rendered":"ANUA PEACH 77 NIACIN ENRICHED CREAM 50 ml &#8211; Nawil\u017caj\u0105co-rozja\u015bniaj\u0105cy krem do twarzy"},"content":{"rendered":"<p style=\"caret-color: rgb(0, 0, 0); color: rgb(0, 0, 0);\"><font style=\"font-size: 12px;\">ANUA PEACH 77 NIACIN ENRICHED CREAM to nawil\u017caj\u0105cy i rozja\u015bniaj\u0105cy krem do twarzy, kt\u00f3ry wykorzystuje ekstrakt z brzoskwini oraz niacynamid, aby poprawi\u0107 wygl\u0105d sk\u00f3ry. Dzi\u0119ki swojej lekkiej konsystencji, krem szybko si\u0119 wch\u0142ania, pozostawiaj\u0105c sk\u00f3r\u0119 mi\u0119kk\u0105, g\u0142adk\u0105 i promienn\u0105. Idealny do codziennej piel\u0119gnacji, krem ten pomaga w wyr\u00f3wnywaniu kolorytu sk\u00f3ry, redukcji przebarwie\u0144 oraz utrzymaniu odpowiedniego poziomu nawil\u017cenia.<\/font><\/p>\n<h4 style=\"caret-color: rgb(0, 0, 0); color: rgb(0, 0, 0);\"><font style=\"font-size: 12px;\">Korzy\u015bci dla sk\u00f3ry<\/font><\/h4>\n<ul style=\"caret-color: rgb(0, 0, 0); color: rgb(0, 0, 0);\">\n<li><font style=\"font-size: 12px;\">Rozja\u015bnienie i wyr\u00f3wnanie kolorytu<\/font><\/li>\n<li><font style=\"font-size: 12px;\">Intensywne nawil\u017cenie<\/font><\/li>\n<li><font style=\"font-size: 12px;\">Poprawa elastyczno\u015bci i g\u0142adko\u015bci sk\u00f3ry<\/font><\/li>\n<\/ul>\n<h4 style=\"caret-color: rgb(0, 0, 0); color: rgb(0, 0, 0);\"><font style=\"font-size: 12px;\">Spos\u00f3b u\u017cycia:<\/font><\/h4>\n<p style=\"caret-color: rgb(0, 0, 0); color: rgb(0, 0, 0);\"><font style=\"font-size: 12px;\">Stosowa\u0107 na oczyszczon\u0105 sk\u00f3r\u0119 twarzy jako ostatni krok w rutynie piel\u0119gnacyjnej, zar\u00f3wno rano, jak i wieczorem. Niewielk\u0105 ilo\u015b\u0107 kremu delikatnie wmasowa\u0107 w sk\u00f3r\u0119 twarzy i szyi, omijaj\u0105c okolice oczu.<\/font><\/p>\n","protected":false},"excerpt":{"rendered":"<p>ANUA PEACH 77 NIACIN ENRICHED CREAM to nawil\u017caj\u0105cy i rozja\u015bniaj\u0105cy krem do twarzy, kt\u00f3ry wykorzystuje ekstrakt z brzoskwini oraz niacynamid, aby poprawi\u0107 wygl\u0105d sk\u00f3ry. Dzi\u0119ki swojej lekkiej konsystencji, krem szybko si\u0119 wch\u0142ania, pozostawiaj\u0105c sk\u00f3r\u0119 mi\u0119kk\u0105, g\u0142adk\u0105 i promienn\u0105. Idealny do codziennej piel\u0119gnacji, krem ten pomaga w wyr\u00f3wnywaniu kolorytu sk\u00f3ry, redukcji przebarwie\u0144 oraz utrzymaniu odpowiedniego poziomu &#8230; <a title=\"ANUA PEACH 77 NIACIN ENRICHED CREAM 50 ml &#8211; Nawil\u017caj\u0105co-rozja\u015bniaj\u0105cy krem do twarzy\" class=\"read-more\" href=\"https:\/\/selleetools.com\/pl\/product\/anua-peach-77-niacin-enriched-cream-50-ml-nawilzajaco-rozjasniajacy-krem-do-twarzy\/\">Read more<span class=\"screen-reader-text\">ANUA PEACH 77 NIACIN ENRICHED CREAM 50 ml &#8211; Nawil\u017caj\u0105co-rozja\u015bniaj\u0105cy krem do twarzy<\/span><\/a><\/p>\n","protected":false},"featured_media":605445,"comment_status":"open","ping_status":"closed","template":"","meta":{"_links_to":"","_links_to_target":""},"yoast_head":"<!-- This site is optimized with the Yoast SEO plugin v19.4 - https:\/\/yoast.com\/wordpress\/plugins\/seo\/ -->\n<title>ANUA PEACH 77 NIACIN ENRICHED CREAM 50 ml - Nawil\u017caj\u0105co-rozja\u015bniaj\u0105cy krem do twarzy - Selleetools.com<\/title>\n<meta name=\"robots\" content=\"index, follow, max-snippet:-1, max-image-preview:large, max-video-preview:-1\" \/>\n<link rel=\"canonical\" href=\"https:\/\/admincentral.selleetools.com\/pl\/product\/anua-peach-77-niacin-enriched-cream-50-ml-nawilzajaco-rozjasniajacy-krem-do-twarzy\/\" \/>\n<meta property=\"og:locale\" content=\"pl_PL\" \/>\n<meta property=\"og:type\" content=\"article\" \/>\n<meta property=\"og:title\" content=\"ANUA PEACH 77 NIACIN ENRICHED CREAM 50 ml - Nawil\u017caj\u0105co-rozja\u015bniaj\u0105cy krem do twarzy - Selleetools.com\" \/>\n<meta property=\"og:description\" content=\"ANUA PEACH 77 NIACIN ENRICHED CREAM to nawil\u017caj\u0105cy i rozja\u015bniaj\u0105cy krem do twarzy, kt\u00f3ry wykorzystuje ekstrakt z brzoskwini oraz niacynamid, aby poprawi\u0107 wygl\u0105d sk\u00f3ry. Dzi\u0119ki swojej lekkiej konsystencji, krem szybko si\u0119 wch\u0142ania, pozostawiaj\u0105c sk\u00f3r\u0119 mi\u0119kk\u0105, g\u0142adk\u0105 i promienn\u0105. Idealny do codziennej piel\u0119gnacji, krem ten pomaga w wyr\u00f3wnywaniu kolorytu sk\u00f3ry, redukcji przebarwie\u0144 oraz utrzymaniu odpowiedniego poziomu ... Read moreANUA PEACH 77 NIACIN ENRICHED CREAM 50 ml &#8211; Nawil\u017caj\u0105co-rozja\u015bniaj\u0105cy krem do twarzy\" \/>\n<meta property=\"og:url\" content=\"https:\/\/admincentral.selleetools.com\/pl\/product\/anua-peach-77-niacin-enriched-cream-50-ml-nawilzajaco-rozjasniajacy-krem-do-twarzy\/\" \/>\n<meta property=\"og:site_name\" content=\"Selleetools.com\" \/>\n<meta property=\"article:modified_time\" content=\"2025-11-03T16:08:41+00:00\" \/>\n<meta property=\"og:image\" content=\"https:\/\/selleetools.com\/wp-content\/uploads\/2025\/10\/698adce470523b63738baf996d9b75f8.jpg\" \/>\n\t<meta property=\"og:image:width\" content=\"1207\" \/>\n\t<meta property=\"og:image:height\" content=\"1015\" \/>\n\t<meta property=\"og:image:type\" content=\"image\/jpeg\" \/>\n<meta name=\"twitter:card\" content=\"summary_large_image\" \/>\n<meta name=\"twitter:label1\" content=\"Est. reading time\" \/>\n\t<meta name=\"twitter:data1\" content=\"1 minuta\" \/>\n<!-- \/ Yoast SEO plugin. -->","yoast_head_json":{"title":"ANUA PEACH 77 NIACIN ENRICHED CREAM 50 ml - Nawil\u017caj\u0105co-rozja\u015bniaj\u0105cy krem do twarzy - Selleetools.com","robots":{"index":"index","follow":"follow","max-snippet":"max-snippet:-1","max-image-preview":"max-image-preview:large","max-video-preview":"max-video-preview:-1"},"canonical":"https:\/\/admincentral.selleetools.com\/pl\/product\/anua-peach-77-niacin-enriched-cream-50-ml-nawilzajaco-rozjasniajacy-krem-do-twarzy\/","og_locale":"pl_PL","og_type":"article","og_title":"ANUA PEACH 77 NIACIN ENRICHED CREAM 50 ml - Nawil\u017caj\u0105co-rozja\u015bniaj\u0105cy krem do twarzy - Selleetools.com","og_description":"ANUA PEACH 77 NIACIN ENRICHED CREAM to nawil\u017caj\u0105cy i rozja\u015bniaj\u0105cy krem do twarzy, kt\u00f3ry wykorzystuje ekstrakt z brzoskwini oraz niacynamid, aby poprawi\u0107 wygl\u0105d sk\u00f3ry. Dzi\u0119ki swojej lekkiej konsystencji, krem szybko si\u0119 wch\u0142ania, pozostawiaj\u0105c sk\u00f3r\u0119 mi\u0119kk\u0105, g\u0142adk\u0105 i promienn\u0105. Idealny do codziennej piel\u0119gnacji, krem ten pomaga w wyr\u00f3wnywaniu kolorytu sk\u00f3ry, redukcji przebarwie\u0144 oraz utrzymaniu odpowiedniego poziomu ... Read moreANUA PEACH 77 NIACIN ENRICHED CREAM 50 ml &#8211; Nawil\u017caj\u0105co-rozja\u015bniaj\u0105cy krem do twarzy","og_url":"https:\/\/admincentral.selleetools.com\/pl\/product\/anua-peach-77-niacin-enriched-cream-50-ml-nawilzajaco-rozjasniajacy-krem-do-twarzy\/","og_site_name":"Selleetools.com","article_modified_time":"2025-11-03T16:08:41+00:00","og_image":[{"width":1207,"height":1015,"url":"https:\/\/selleetools.com\/wp-content\/uploads\/2025\/10\/698adce470523b63738baf996d9b75f8.jpg","type":"image\/jpeg"}],"twitter_card":"summary_large_image","twitter_misc":{"Est. reading time":"1 minuta"},"schema":{"@context":"https:\/\/schema.org","@graph":[{"@type":"Organization","@id":"https:\/\/selleetools.com\/#organization","name":"Selleetools","url":"https:\/\/selleetools.com\/","sameAs":[],"logo":{"@type":"ImageObject","inLanguage":"pl-PL","@id":"https:\/\/selleetools.com\/#\/schema\/logo\/image\/","url":"https:\/\/selleetools.com\/wp-content\/uploads\/2021\/10\/logo-dark.png","contentUrl":"https:\/\/selleetools.com\/wp-content\/uploads\/2021\/10\/logo-dark.png","width":320,"height":76,"caption":"Selleetools"},"image":{"@id":"https:\/\/selleetools.com\/#\/schema\/logo\/image\/"}},{"@type":"WebSite","@id":"https:\/\/selleetools.com\/#website","url":"https:\/\/selleetools.com\/","name":"Selleetools.com","description":"","publisher":{"@id":"https:\/\/selleetools.com\/#organization"},"potentialAction":[{"@type":"SearchAction","target":{"@type":"EntryPoint","urlTemplate":"https:\/\/selleetools.com\/?s={search_term_string}"},"query-input":"required name=search_term_string"}],"inLanguage":"pl-PL"},{"@type":"WebPage","@id":"https:\/\/admincentral.selleetools.com\/pl\/product\/anua-peach-77-niacin-enriched-cream-50-ml-nawilzajaco-rozjasniajacy-krem-do-twarzy\/","url":"https:\/\/admincentral.selleetools.com\/pl\/product\/anua-peach-77-niacin-enriched-cream-50-ml-nawilzajaco-rozjasniajacy-krem-do-twarzy\/","name":"ANUA PEACH 77 NIACIN ENRICHED CREAM 50 ml - Nawil\u017caj\u0105co-rozja\u015bniaj\u0105cy krem do twarzy - Selleetools.com","isPartOf":{"@id":"https:\/\/selleetools.com\/#website"},"datePublished":"2025-10-24T11:37:47+00:00","dateModified":"2025-11-03T16:08:41+00:00","breadcrumb":{"@id":"https:\/\/admincentral.selleetools.com\/pl\/product\/anua-peach-77-niacin-enriched-cream-50-ml-nawilzajaco-rozjasniajacy-krem-do-twarzy\/#breadcrumb"},"inLanguage":"pl-PL","potentialAction":[{"@type":"ReadAction","target":["https:\/\/admincentral.selleetools.com\/pl\/product\/anua-peach-77-niacin-enriched-cream-50-ml-nawilzajaco-rozjasniajacy-krem-do-twarzy\/"]}]},{"@type":"BreadcrumbList","@id":"https:\/\/admincentral.selleetools.com\/pl\/product\/anua-peach-77-niacin-enriched-cream-50-ml-nawilzajaco-rozjasniajacy-krem-do-twarzy\/#breadcrumb","itemListElement":[{"@type":"ListItem","position":1,"name":"Home","item":"https:\/\/selleetools.com\/pl\/"},{"@type":"ListItem","position":2,"name":"Katalog","item":"https:\/\/selleetools.com\/pl\/katalog\/"},{"@type":"ListItem","position":3,"name":"ANUA PEACH 77 NIACIN ENRICHED CREAM 50 ml &#8211; Nawil\u017caj\u0105co-rozja\u015bniaj\u0105cy krem do twarzy"}]}]}},"_links":{"self":[{"href":"https:\/\/selleetools.com\/pl\/wp-json\/wp\/v2\/product\/605449"}],"collection":[{"href":"https:\/\/selleetools.com\/pl\/wp-json\/wp\/v2\/product"}],"about":[{"href":"https:\/\/selleetools.com\/pl\/wp-json\/wp\/v2\/types\/product"}],"replies":[{"embeddable":true,"href":"https:\/\/selleetools.com\/pl\/wp-json\/wp\/v2\/comments?post=605449"}],"wp:featuredmedia":[{"embeddable":true,"href":"https:\/\/selleetools.com\/pl\/wp-json\/wp\/v2\/media\/605445"}],"wp:attachment":[{"href":"https:\/\/selleetools.com\/pl\/wp-json\/wp\/v2\/media?parent=605449"}],"curies":[{"name":"wp","href":"https:\/\/api.w.org\/{rel}","templated":true}]}}