{"id":605294,"date":"2025-10-24T13:36:06","date_gmt":"2025-10-24T11:36:06","guid":{"rendered":"https:\/\/selleetools.com\/?post_type=product&#038;p=605294"},"modified":"2025-11-04T20:17:31","modified_gmt":"2025-11-04T19:17:31","slug":"peripera-ink-mood-matte-stick-06-mauve-holic-3-g-matowa-szminka-w-sztyfcie","status":"publish","type":"product","link":"https:\/\/selleetools.com\/pl\/product\/peripera-ink-mood-matte-stick-06-mauve-holic-3-g-matowa-szminka-w-sztyfcie\/","title":{"rendered":"Peripera Ink Mood Matte Stick 06 Mauve-Holic 3 g &#8211; Matowa szminka w sztyfcie"},"content":{"rendered":"<p>Peripera Ink Mood Matte Stick w odcieniu 06 Mauve-Holic to matowa pomadka w sztyfcie, kt\u00f3ra zapewnia ustom elegancki, g\u0142\u0119boki kolor w odcieniu mauve. Dzi\u0119ki swojej kremowej, a jednocze\u015bnie lekkiej formule, pomadka g\u0142adko rozprowadza si\u0119 na ustach, pozostawiaj\u0105c je jedwabi\u015bcie matowymi przez d\u0142ugie godziny.<\/p>\n<p>Korzy\u015bci dla sk\u00f3ry:<br \/>\nIntensywny kolor: Pomadka oferuje bogaty, wyrazisty odcie\u0144, kt\u00f3ry natychmiast dodaje charakteru ka\u017cdemu makija\u017cowi.<br \/>\nKomfort noszenia: Formu\u0142a zawiera nawil\u017caj\u0105ce sk\u0142adniki, kt\u00f3re zapobiegaj\u0105 przesuszaniu si\u0119 ust, co jest cz\u0119stym problemem przy stosowaniu matowych pomadek.<br \/>\nD\u0142ugotrwa\u0142o\u015b\u0107: Pomadka utrzymuje si\u0119 na ustach przez d\u0142ugi czas, nie wymagaj\u0105c cz\u0119stych poprawek.<br \/>\nMi\u0119kka aplikacja: Kremowa konsystencja u\u0142atwia r\u00f3wnomierne nak\u0142adanie, co sprawia, \u017ce usta wygl\u0105daj\u0105 g\u0142adko i perfekcyjnie przez ca\u0142y dzie\u0144.<\/p>\n<p>Spos\u00f3b u\u017cycia:<br \/>\nNa\u0142\u00f3\u017c pomadk\u0119 bezpo\u015brednio na czyste, suche usta, zaczynaj\u0105c od \u015brodka warg i przesuwaj\u0105c si\u0119 na zewn\u0105trz. Aby uzyska\u0107 bardziej precyzyjny efekt, mo\u017cesz u\u017cy\u0107 p\u0119dzelka do ust. Dla mocniejszego koloru, na\u0142\u00f3\u017c drug\u0105 warstw\u0119. Aby przed\u0142u\u017cy\u0107 trwa\u0142o\u015b\u0107, mo\u017cesz na\u0142o\u017cy\u0107 na usta delikatn\u0105 warstw\u0119 pudru przed aplikacj\u0105 pomadki.<\/p>\n","protected":false},"excerpt":{"rendered":"<p>Peripera Ink Mood Matte Stick w odcieniu 06 Mauve-Holic to matowa pomadka w sztyfcie, kt\u00f3ra zapewnia ustom elegancki, g\u0142\u0119boki kolor w odcieniu mauve. Dzi\u0119ki swojej kremowej, a jednocze\u015bnie lekkiej formule, pomadka g\u0142adko rozprowadza si\u0119 na ustach, pozostawiaj\u0105c je jedwabi\u015bcie matowymi przez d\u0142ugie godziny. Korzy\u015bci dla sk\u00f3ry: Intensywny kolor: Pomadka oferuje bogaty, wyrazisty odcie\u0144, kt\u00f3ry natychmiast &#8230; <a title=\"Peripera Ink Mood Matte Stick 06 Mauve-Holic 3 g &#8211; Matowa szminka w sztyfcie\" class=\"read-more\" href=\"https:\/\/selleetools.com\/pl\/product\/peripera-ink-mood-matte-stick-06-mauve-holic-3-g-matowa-szminka-w-sztyfcie\/\">Read more<span class=\"screen-reader-text\">Peripera Ink Mood Matte Stick 06 Mauve-Holic 3 g &#8211; Matowa szminka w sztyfcie<\/span><\/a><\/p>\n","protected":false},"featured_media":605290,"comment_status":"open","ping_status":"closed","template":"","meta":{"_links_to":"","_links_to_target":""},"yoast_head":"<!-- This site is optimized with the Yoast SEO plugin v19.4 - https:\/\/yoast.com\/wordpress\/plugins\/seo\/ -->\n<title>Peripera Ink Mood Matte Stick 06 Mauve-Holic 3 g - Matowa szminka w sztyfcie - Selleetools.com<\/title>\n<meta name=\"robots\" content=\"index, follow, max-snippet:-1, max-image-preview:large, max-video-preview:-1\" \/>\n<link rel=\"canonical\" href=\"https:\/\/selleetools.com\/pl\/product\/peripera-ink-mood-matte-stick-06-mauve-holic-3-g-matowa-szminka-w-sztyfcie\/\" \/>\n<meta property=\"og:locale\" content=\"pl_PL\" \/>\n<meta property=\"og:type\" content=\"article\" \/>\n<meta property=\"og:title\" content=\"Peripera Ink Mood Matte Stick 06 Mauve-Holic 3 g - Matowa szminka w sztyfcie - Selleetools.com\" \/>\n<meta property=\"og:description\" content=\"Peripera Ink Mood Matte Stick w odcieniu 06 Mauve-Holic to matowa pomadka w sztyfcie, kt\u00f3ra zapewnia ustom elegancki, g\u0142\u0119boki kolor w odcieniu mauve. Dzi\u0119ki swojej kremowej, a jednocze\u015bnie lekkiej formule, pomadka g\u0142adko rozprowadza si\u0119 na ustach, pozostawiaj\u0105c je jedwabi\u015bcie matowymi przez d\u0142ugie godziny. Korzy\u015bci dla sk\u00f3ry: Intensywny kolor: Pomadka oferuje bogaty, wyrazisty odcie\u0144, kt\u00f3ry natychmiast ... Read morePeripera Ink Mood Matte Stick 06 Mauve-Holic 3 g &#8211; Matowa szminka w sztyfcie\" \/>\n<meta property=\"og:url\" content=\"https:\/\/selleetools.com\/pl\/product\/peripera-ink-mood-matte-stick-06-mauve-holic-3-g-matowa-szminka-w-sztyfcie\/\" \/>\n<meta property=\"og:site_name\" content=\"Selleetools.com\" \/>\n<meta property=\"article:modified_time\" content=\"2025-11-04T19:17:31+00:00\" \/>\n<meta property=\"og:image\" content=\"https:\/\/selleetools.com\/wp-content\/uploads\/2025\/10\/14a9f0766cfe381c9662c48e86d79bc0.jpg\" \/>\n\t<meta property=\"og:image:width\" content=\"1200\" \/>\n\t<meta property=\"og:image:height\" content=\"1200\" \/>\n\t<meta property=\"og:image:type\" content=\"image\/jpeg\" \/>\n<meta name=\"twitter:card\" content=\"summary_large_image\" \/>\n<meta name=\"twitter:label1\" content=\"Est. reading time\" \/>\n\t<meta name=\"twitter:data1\" content=\"1 minuta\" \/>\n<!-- \/ Yoast SEO plugin. -->","yoast_head_json":{"title":"Peripera Ink Mood Matte Stick 06 Mauve-Holic 3 g - Matowa szminka w sztyfcie - Selleetools.com","robots":{"index":"index","follow":"follow","max-snippet":"max-snippet:-1","max-image-preview":"max-image-preview:large","max-video-preview":"max-video-preview:-1"},"canonical":"https:\/\/selleetools.com\/pl\/product\/peripera-ink-mood-matte-stick-06-mauve-holic-3-g-matowa-szminka-w-sztyfcie\/","og_locale":"pl_PL","og_type":"article","og_title":"Peripera Ink Mood Matte Stick 06 Mauve-Holic 3 g - Matowa szminka w sztyfcie - Selleetools.com","og_description":"Peripera Ink Mood Matte Stick w odcieniu 06 Mauve-Holic to matowa pomadka w sztyfcie, kt\u00f3ra zapewnia ustom elegancki, g\u0142\u0119boki kolor w odcieniu mauve. Dzi\u0119ki swojej kremowej, a jednocze\u015bnie lekkiej formule, pomadka g\u0142adko rozprowadza si\u0119 na ustach, pozostawiaj\u0105c je jedwabi\u015bcie matowymi przez d\u0142ugie godziny. Korzy\u015bci dla sk\u00f3ry: Intensywny kolor: Pomadka oferuje bogaty, wyrazisty odcie\u0144, kt\u00f3ry natychmiast ... Read morePeripera Ink Mood Matte Stick 06 Mauve-Holic 3 g &#8211; Matowa szminka w sztyfcie","og_url":"https:\/\/selleetools.com\/pl\/product\/peripera-ink-mood-matte-stick-06-mauve-holic-3-g-matowa-szminka-w-sztyfcie\/","og_site_name":"Selleetools.com","article_modified_time":"2025-11-04T19:17:31+00:00","og_image":[{"width":1200,"height":1200,"url":"https:\/\/selleetools.com\/wp-content\/uploads\/2025\/10\/14a9f0766cfe381c9662c48e86d79bc0.jpg","type":"image\/jpeg"}],"twitter_card":"summary_large_image","twitter_misc":{"Est. reading time":"1 minuta"},"schema":{"@context":"https:\/\/schema.org","@graph":[{"@type":"Organization","@id":"https:\/\/selleetools.com\/#organization","name":"Selleetools","url":"https:\/\/selleetools.com\/","sameAs":[],"logo":{"@type":"ImageObject","inLanguage":"pl-PL","@id":"https:\/\/selleetools.com\/#\/schema\/logo\/image\/","url":"https:\/\/selleetools.com\/wp-content\/uploads\/2021\/10\/logo-dark.png","contentUrl":"https:\/\/selleetools.com\/wp-content\/uploads\/2021\/10\/logo-dark.png","width":320,"height":76,"caption":"Selleetools"},"image":{"@id":"https:\/\/selleetools.com\/#\/schema\/logo\/image\/"}},{"@type":"WebSite","@id":"https:\/\/selleetools.com\/#website","url":"https:\/\/selleetools.com\/","name":"Selleetools.com","description":"","publisher":{"@id":"https:\/\/selleetools.com\/#organization"},"potentialAction":[{"@type":"SearchAction","target":{"@type":"EntryPoint","urlTemplate":"https:\/\/selleetools.com\/?s={search_term_string}"},"query-input":"required name=search_term_string"}],"inLanguage":"pl-PL"},{"@type":"WebPage","@id":"https:\/\/selleetools.com\/pl\/product\/peripera-ink-mood-matte-stick-06-mauve-holic-3-g-matowa-szminka-w-sztyfcie\/","url":"https:\/\/selleetools.com\/pl\/product\/peripera-ink-mood-matte-stick-06-mauve-holic-3-g-matowa-szminka-w-sztyfcie\/","name":"Peripera Ink Mood Matte Stick 06 Mauve-Holic 3 g - Matowa szminka w sztyfcie - Selleetools.com","isPartOf":{"@id":"https:\/\/selleetools.com\/#website"},"datePublished":"2025-10-24T11:36:06+00:00","dateModified":"2025-11-04T19:17:31+00:00","breadcrumb":{"@id":"https:\/\/selleetools.com\/pl\/product\/peripera-ink-mood-matte-stick-06-mauve-holic-3-g-matowa-szminka-w-sztyfcie\/#breadcrumb"},"inLanguage":"pl-PL","potentialAction":[{"@type":"ReadAction","target":["https:\/\/selleetools.com\/pl\/product\/peripera-ink-mood-matte-stick-06-mauve-holic-3-g-matowa-szminka-w-sztyfcie\/"]}]},{"@type":"BreadcrumbList","@id":"https:\/\/selleetools.com\/pl\/product\/peripera-ink-mood-matte-stick-06-mauve-holic-3-g-matowa-szminka-w-sztyfcie\/#breadcrumb","itemListElement":[{"@type":"ListItem","position":1,"name":"Home","item":"https:\/\/selleetools.com\/pl\/"},{"@type":"ListItem","position":2,"name":"Katalog","item":"https:\/\/selleetools.com\/pl\/katalog\/"},{"@type":"ListItem","position":3,"name":"Peripera Ink Mood Matte Stick 06 Mauve-Holic 3 g &#8211; Matowa szminka w sztyfcie"}]}]}},"_links":{"self":[{"href":"https:\/\/selleetools.com\/pl\/wp-json\/wp\/v2\/product\/605294"}],"collection":[{"href":"https:\/\/selleetools.com\/pl\/wp-json\/wp\/v2\/product"}],"about":[{"href":"https:\/\/selleetools.com\/pl\/wp-json\/wp\/v2\/types\/product"}],"replies":[{"embeddable":true,"href":"https:\/\/selleetools.com\/pl\/wp-json\/wp\/v2\/comments?post=605294"}],"wp:featuredmedia":[{"embeddable":true,"href":"https:\/\/selleetools.com\/pl\/wp-json\/wp\/v2\/media\/605290"}],"wp:attachment":[{"href":"https:\/\/selleetools.com\/pl\/wp-json\/wp\/v2\/media?parent=605294"}],"curies":[{"name":"wp","href":"https:\/\/api.w.org\/{rel}","templated":true}]}}