{"id":605289,"date":"2025-10-24T13:36:03","date_gmt":"2025-10-24T11:36:03","guid":{"rendered":"https:\/\/selleetools.com\/?post_type=product&#038;p=605289"},"modified":"2025-11-04T20:17:20","modified_gmt":"2025-11-04T19:17:20","slug":"peripera-ink-mood-matte-stick-03-rose-fiction-3-g-matowa-szminka-w-sztyfcie","status":"publish","type":"product","link":"https:\/\/selleetools.com\/pl\/product\/peripera-ink-mood-matte-stick-03-rose-fiction-3-g-matowa-szminka-w-sztyfcie\/","title":{"rendered":"Peripera Ink Mood Matte Stick 03 Rose fiction 3 g &#8211; Matowa szminka w sztyfcie"},"content":{"rendered":"<p>Peripera Ink Mood Matte Stick to wyj\u0105tkowa szminka, kt\u00f3ra oferuje intensywny, matowy kolor o jedwabistym wyko\u0144czeniu. Odcie\u0144 03 Rose Fiction to elegancki r\u00f3\u017c, kt\u00f3ry dodaje ustom subtelnej, a jednocze\u015bnie wyrazistej barwy, idealnej zar\u00f3wno na co dzie\u0144, jak i na specjalne okazje.<\/p>\n<p>Korzy\u015bci dla sk\u00f3ry:<br \/>\nIntensywny, d\u0142ugotrwa\u0142y kolor: Szminka zapewnia pe\u0142ne krycie ju\u017c przy jednym poci\u0105gni\u0119ciu, a jej formu\u0142a utrzymuje si\u0119 na ustach przez d\u0142ugi czas, bez potrzeby cz\u0119stych poprawek.<br \/>\nJedwabiste wyko\u0144czenie: Mimo matowego wyko\u0144czenia, formu\u0142a szminki jest g\u0142adka i przyjemna w noszeniu, nie przesuszaj\u0105c ust.<br \/>\nNawil\u017cenie: Zawarte w sk\u0142adzie sk\u0142adniki piel\u0119gnacyjne pomagaj\u0105 utrzyma\u0107 nawil\u017cenie ust, zapobiegaj\u0105c ich wysuszeniu.<br \/>\nLekka formu\u0142a: Szminka jest lekka i komfortowa, nie pozostawia uczucia ci\u0119\u017cko\u015bci na ustach.<\/p>\n<p>Spos\u00f3b u\u017cycia:<br \/>\nAby uzyska\u0107 najlepsze efekty, na\u0142\u00f3\u017c szmink\u0119 na czyste, suche usta. Mo\u017cesz u\u017cy\u0107 p\u0119dzelka do ust dla precyzyjniejszej aplikacji, lub na\u0142o\u017cy\u0107 bezpo\u015brednio ze sztyftu, zaczynaj\u0105c od \u015brodka ust i rozprowadzaj\u0105c kolor ku kraw\u0119dziom. Dla intensywniejszego efektu, na\u0142\u00f3\u017c drug\u0105 warstw\u0119. Szmink\u0119 mo\u017cna stosowa\u0107 samodzielnie lub w po\u0142\u0105czeniu z b\u0142yszczykiem dla dodatkowego blasku.<\/p>\n","protected":false},"excerpt":{"rendered":"<p>Peripera Ink Mood Matte Stick to wyj\u0105tkowa szminka, kt\u00f3ra oferuje intensywny, matowy kolor o jedwabistym wyko\u0144czeniu. Odcie\u0144 03 Rose Fiction to elegancki r\u00f3\u017c, kt\u00f3ry dodaje ustom subtelnej, a jednocze\u015bnie wyrazistej barwy, idealnej zar\u00f3wno na co dzie\u0144, jak i na specjalne okazje. Korzy\u015bci dla sk\u00f3ry: Intensywny, d\u0142ugotrwa\u0142y kolor: Szminka zapewnia pe\u0142ne krycie ju\u017c przy jednym poci\u0105gni\u0119ciu, &#8230; <a title=\"Peripera Ink Mood Matte Stick 03 Rose fiction 3 g &#8211; Matowa szminka w sztyfcie\" class=\"read-more\" href=\"https:\/\/selleetools.com\/pl\/product\/peripera-ink-mood-matte-stick-03-rose-fiction-3-g-matowa-szminka-w-sztyfcie\/\">Read more<span class=\"screen-reader-text\">Peripera Ink Mood Matte Stick 03 Rose fiction 3 g &#8211; Matowa szminka w sztyfcie<\/span><\/a><\/p>\n","protected":false},"featured_media":605285,"comment_status":"open","ping_status":"closed","template":"","meta":{"_links_to":"","_links_to_target":""},"yoast_head":"<!-- This site is optimized with the Yoast SEO plugin v19.4 - https:\/\/yoast.com\/wordpress\/plugins\/seo\/ -->\n<title>Peripera Ink Mood Matte Stick 03 Rose fiction 3 g - Matowa szminka w sztyfcie - Selleetools.com<\/title>\n<meta name=\"robots\" content=\"index, follow, max-snippet:-1, max-image-preview:large, max-video-preview:-1\" \/>\n<link rel=\"canonical\" href=\"https:\/\/admincentral.selleetools.com\/pl\/product\/peripera-ink-mood-matte-stick-03-rose-fiction-3-g-matowa-szminka-w-sztyfcie\/\" \/>\n<meta property=\"og:locale\" content=\"pl_PL\" \/>\n<meta property=\"og:type\" content=\"article\" \/>\n<meta property=\"og:title\" content=\"Peripera Ink Mood Matte Stick 03 Rose fiction 3 g - Matowa szminka w sztyfcie - Selleetools.com\" \/>\n<meta property=\"og:description\" content=\"Peripera Ink Mood Matte Stick to wyj\u0105tkowa szminka, kt\u00f3ra oferuje intensywny, matowy kolor o jedwabistym wyko\u0144czeniu. Odcie\u0144 03 Rose Fiction to elegancki r\u00f3\u017c, kt\u00f3ry dodaje ustom subtelnej, a jednocze\u015bnie wyrazistej barwy, idealnej zar\u00f3wno na co dzie\u0144, jak i na specjalne okazje. Korzy\u015bci dla sk\u00f3ry: Intensywny, d\u0142ugotrwa\u0142y kolor: Szminka zapewnia pe\u0142ne krycie ju\u017c przy jednym poci\u0105gni\u0119ciu, ... Read morePeripera Ink Mood Matte Stick 03 Rose fiction 3 g &#8211; Matowa szminka w sztyfcie\" \/>\n<meta property=\"og:url\" content=\"https:\/\/admincentral.selleetools.com\/pl\/product\/peripera-ink-mood-matte-stick-03-rose-fiction-3-g-matowa-szminka-w-sztyfcie\/\" \/>\n<meta property=\"og:site_name\" content=\"Selleetools.com\" \/>\n<meta property=\"article:modified_time\" content=\"2025-11-04T19:17:20+00:00\" \/>\n<meta property=\"og:image\" content=\"https:\/\/selleetools.com\/wp-content\/uploads\/2025\/10\/ee7d733527b482f3551b094c9a06127d.jpg\" \/>\n\t<meta property=\"og:image:width\" content=\"1200\" \/>\n\t<meta property=\"og:image:height\" content=\"1200\" \/>\n\t<meta property=\"og:image:type\" content=\"image\/jpeg\" \/>\n<meta name=\"twitter:card\" content=\"summary_large_image\" \/>\n<meta name=\"twitter:label1\" content=\"Est. reading time\" \/>\n\t<meta name=\"twitter:data1\" content=\"1 minuta\" \/>\n<!-- \/ Yoast SEO plugin. -->","yoast_head_json":{"title":"Peripera Ink Mood Matte Stick 03 Rose fiction 3 g - Matowa szminka w sztyfcie - Selleetools.com","robots":{"index":"index","follow":"follow","max-snippet":"max-snippet:-1","max-image-preview":"max-image-preview:large","max-video-preview":"max-video-preview:-1"},"canonical":"https:\/\/admincentral.selleetools.com\/pl\/product\/peripera-ink-mood-matte-stick-03-rose-fiction-3-g-matowa-szminka-w-sztyfcie\/","og_locale":"pl_PL","og_type":"article","og_title":"Peripera Ink Mood Matte Stick 03 Rose fiction 3 g - Matowa szminka w sztyfcie - Selleetools.com","og_description":"Peripera Ink Mood Matte Stick to wyj\u0105tkowa szminka, kt\u00f3ra oferuje intensywny, matowy kolor o jedwabistym wyko\u0144czeniu. Odcie\u0144 03 Rose Fiction to elegancki r\u00f3\u017c, kt\u00f3ry dodaje ustom subtelnej, a jednocze\u015bnie wyrazistej barwy, idealnej zar\u00f3wno na co dzie\u0144, jak i na specjalne okazje. Korzy\u015bci dla sk\u00f3ry: Intensywny, d\u0142ugotrwa\u0142y kolor: Szminka zapewnia pe\u0142ne krycie ju\u017c przy jednym poci\u0105gni\u0119ciu, ... Read morePeripera Ink Mood Matte Stick 03 Rose fiction 3 g &#8211; Matowa szminka w sztyfcie","og_url":"https:\/\/admincentral.selleetools.com\/pl\/product\/peripera-ink-mood-matte-stick-03-rose-fiction-3-g-matowa-szminka-w-sztyfcie\/","og_site_name":"Selleetools.com","article_modified_time":"2025-11-04T19:17:20+00:00","og_image":[{"width":1200,"height":1200,"url":"https:\/\/selleetools.com\/wp-content\/uploads\/2025\/10\/ee7d733527b482f3551b094c9a06127d.jpg","type":"image\/jpeg"}],"twitter_card":"summary_large_image","twitter_misc":{"Est. reading time":"1 minuta"},"schema":{"@context":"https:\/\/schema.org","@graph":[{"@type":"Organization","@id":"https:\/\/selleetools.com\/#organization","name":"Selleetools","url":"https:\/\/selleetools.com\/","sameAs":[],"logo":{"@type":"ImageObject","inLanguage":"pl-PL","@id":"https:\/\/selleetools.com\/#\/schema\/logo\/image\/","url":"https:\/\/selleetools.com\/wp-content\/uploads\/2021\/10\/logo-dark.png","contentUrl":"https:\/\/selleetools.com\/wp-content\/uploads\/2021\/10\/logo-dark.png","width":320,"height":76,"caption":"Selleetools"},"image":{"@id":"https:\/\/selleetools.com\/#\/schema\/logo\/image\/"}},{"@type":"WebSite","@id":"https:\/\/selleetools.com\/#website","url":"https:\/\/selleetools.com\/","name":"Selleetools.com","description":"","publisher":{"@id":"https:\/\/selleetools.com\/#organization"},"potentialAction":[{"@type":"SearchAction","target":{"@type":"EntryPoint","urlTemplate":"https:\/\/selleetools.com\/?s={search_term_string}"},"query-input":"required name=search_term_string"}],"inLanguage":"pl-PL"},{"@type":"WebPage","@id":"https:\/\/admincentral.selleetools.com\/pl\/product\/peripera-ink-mood-matte-stick-03-rose-fiction-3-g-matowa-szminka-w-sztyfcie\/","url":"https:\/\/admincentral.selleetools.com\/pl\/product\/peripera-ink-mood-matte-stick-03-rose-fiction-3-g-matowa-szminka-w-sztyfcie\/","name":"Peripera Ink Mood Matte Stick 03 Rose fiction 3 g - Matowa szminka w sztyfcie - Selleetools.com","isPartOf":{"@id":"https:\/\/selleetools.com\/#website"},"datePublished":"2025-10-24T11:36:03+00:00","dateModified":"2025-11-04T19:17:20+00:00","breadcrumb":{"@id":"https:\/\/admincentral.selleetools.com\/pl\/product\/peripera-ink-mood-matte-stick-03-rose-fiction-3-g-matowa-szminka-w-sztyfcie\/#breadcrumb"},"inLanguage":"pl-PL","potentialAction":[{"@type":"ReadAction","target":["https:\/\/admincentral.selleetools.com\/pl\/product\/peripera-ink-mood-matte-stick-03-rose-fiction-3-g-matowa-szminka-w-sztyfcie\/"]}]},{"@type":"BreadcrumbList","@id":"https:\/\/admincentral.selleetools.com\/pl\/product\/peripera-ink-mood-matte-stick-03-rose-fiction-3-g-matowa-szminka-w-sztyfcie\/#breadcrumb","itemListElement":[{"@type":"ListItem","position":1,"name":"Home","item":"https:\/\/selleetools.com\/pl\/"},{"@type":"ListItem","position":2,"name":"Katalog","item":"https:\/\/selleetools.com\/pl\/katalog\/"},{"@type":"ListItem","position":3,"name":"Peripera Ink Mood Matte Stick 03 Rose fiction 3 g &#8211; Matowa szminka w sztyfcie"}]}]}},"_links":{"self":[{"href":"https:\/\/selleetools.com\/pl\/wp-json\/wp\/v2\/product\/605289"}],"collection":[{"href":"https:\/\/selleetools.com\/pl\/wp-json\/wp\/v2\/product"}],"about":[{"href":"https:\/\/selleetools.com\/pl\/wp-json\/wp\/v2\/types\/product"}],"replies":[{"embeddable":true,"href":"https:\/\/selleetools.com\/pl\/wp-json\/wp\/v2\/comments?post=605289"}],"wp:featuredmedia":[{"embeddable":true,"href":"https:\/\/selleetools.com\/pl\/wp-json\/wp\/v2\/media\/605285"}],"wp:attachment":[{"href":"https:\/\/selleetools.com\/pl\/wp-json\/wp\/v2\/media?parent=605289"}],"curies":[{"name":"wp","href":"https:\/\/api.w.org\/{rel}","templated":true}]}}