{"id":605259,"date":"2025-10-24T13:35:41","date_gmt":"2025-10-24T11:35:41","guid":{"rendered":"https:\/\/selleetools.com\/?post_type=product&#038;p=605259"},"modified":"2025-11-04T20:16:56","modified_gmt":"2025-11-04T19:16:56","slug":"heimish-dailism-lip-gloss-sheer-red-4-g-nawilzajacy-blyszczyk-do-ust","status":"publish","type":"product","link":"https:\/\/selleetools.com\/pl\/product\/heimish-dailism-lip-gloss-sheer-red-4-g-nawilzajacy-blyszczyk-do-ust\/","title":{"rendered":"Heimish Dailism Lip Gloss Sheer Red, 4 g &#8211; Nawil\u017caj\u0105cy b\u0142yszczyk do ust"},"content":{"rendered":"<p>Heimish Dailism Lip Gloss w odcieniu Sheer Red to b\u0142yszczyk do ust, kt\u00f3ry nadaje im delikatny kolor i efekt naturalnego blasku. Lekka formu\u0142a zapewnia komfort noszenia bez uczucia lepko\u015bci. B\u0142yszczyk wzbogacony jest sk\u0142adnikami nawil\u017caj\u0105cymi, dzi\u0119ki czemu pozostawia usta mi\u0119kkie i g\u0142adkie przez ca\u0142y dzie\u0144.<\/p>\n<p>Korzy\u015bci:<br \/>\nSubtelny kolor: Odcie\u0144 Sheer Red nadaje ustom naturalny, lekko czerwony kolor, idealny do codziennego makija\u017cu.<br \/>\nNawil\u017cenie: Formu\u0142a zawiera sk\u0142adniki piel\u0119gnacyjne, kt\u00f3re pomagaj\u0105 nawil\u017cy\u0107 i wyg\u0142adzi\u0107 usta.<br \/>\nKomfortowa aplikacja: Lekka konsystencja \u0142atwo si\u0119 rozprowadza i nie pozostawia uczucia lepko\u015bci.<\/p>\n<p>Spos\u00f3b u\u017cycia:<br \/>\nNa\u0142\u00f3\u017c b\u0142yszczyk bezpo\u015brednio na usta za pomoc\u0105 aplikatora.<br \/>\nMo\u017cna stosowa\u0107 samodzielnie lub na ulubion\u0105 szmink\u0119 dla dodatkowego blasku.<br \/>\nAplikuj ponownie w ci\u0105gu dnia, aby utrzyma\u0107 nawil\u017cenie i kolor.<br \/>\nIdealny do codziennego u\u017cytku dla os\u00f3b, kt\u00f3re pragn\u0105 subtelnego makija\u017cu z efektem zdrowych i b\u0142yszcz\u0105cych ust.<\/p>\n","protected":false},"excerpt":{"rendered":"<p>Heimish Dailism Lip Gloss w odcieniu Sheer Red to b\u0142yszczyk do ust, kt\u00f3ry nadaje im delikatny kolor i efekt naturalnego blasku. Lekka formu\u0142a zapewnia komfort noszenia bez uczucia lepko\u015bci. B\u0142yszczyk wzbogacony jest sk\u0142adnikami nawil\u017caj\u0105cymi, dzi\u0119ki czemu pozostawia usta mi\u0119kkie i g\u0142adkie przez ca\u0142y dzie\u0144. Korzy\u015bci: Subtelny kolor: Odcie\u0144 Sheer Red nadaje ustom naturalny, lekko czerwony &#8230; <a title=\"Heimish Dailism Lip Gloss Sheer Red, 4 g &#8211; Nawil\u017caj\u0105cy b\u0142yszczyk do ust\" class=\"read-more\" href=\"https:\/\/selleetools.com\/pl\/product\/heimish-dailism-lip-gloss-sheer-red-4-g-nawilzajacy-blyszczyk-do-ust\/\">Read more<span class=\"screen-reader-text\">Heimish Dailism Lip Gloss Sheer Red, 4 g &#8211; Nawil\u017caj\u0105cy b\u0142yszczyk do ust<\/span><\/a><\/p>\n","protected":false},"featured_media":605251,"comment_status":"open","ping_status":"closed","template":"","meta":{"_links_to":"","_links_to_target":""},"yoast_head":"<!-- This site is optimized with the Yoast SEO plugin v19.4 - https:\/\/yoast.com\/wordpress\/plugins\/seo\/ -->\n<title>Heimish Dailism Lip Gloss Sheer Red, 4 g - Nawil\u017caj\u0105cy b\u0142yszczyk do ust - Selleetools.com<\/title>\n<meta name=\"robots\" content=\"index, follow, max-snippet:-1, max-image-preview:large, max-video-preview:-1\" \/>\n<link rel=\"canonical\" href=\"https:\/\/selleetools.com\/pl\/product\/heimish-dailism-lip-gloss-sheer-red-4-g-nawilzajacy-blyszczyk-do-ust\/\" \/>\n<meta property=\"og:locale\" content=\"pl_PL\" \/>\n<meta property=\"og:type\" content=\"article\" \/>\n<meta property=\"og:title\" content=\"Heimish Dailism Lip Gloss Sheer Red, 4 g - Nawil\u017caj\u0105cy b\u0142yszczyk do ust - Selleetools.com\" \/>\n<meta property=\"og:description\" content=\"Heimish Dailism Lip Gloss w odcieniu Sheer Red to b\u0142yszczyk do ust, kt\u00f3ry nadaje im delikatny kolor i efekt naturalnego blasku. Lekka formu\u0142a zapewnia komfort noszenia bez uczucia lepko\u015bci. B\u0142yszczyk wzbogacony jest sk\u0142adnikami nawil\u017caj\u0105cymi, dzi\u0119ki czemu pozostawia usta mi\u0119kkie i g\u0142adkie przez ca\u0142y dzie\u0144. Korzy\u015bci: Subtelny kolor: Odcie\u0144 Sheer Red nadaje ustom naturalny, lekko czerwony ... Read moreHeimish Dailism Lip Gloss Sheer Red, 4 g &#8211; Nawil\u017caj\u0105cy b\u0142yszczyk do ust\" \/>\n<meta property=\"og:url\" content=\"https:\/\/selleetools.com\/pl\/product\/heimish-dailism-lip-gloss-sheer-red-4-g-nawilzajacy-blyszczyk-do-ust\/\" \/>\n<meta property=\"og:site_name\" content=\"Selleetools.com\" \/>\n<meta property=\"article:modified_time\" content=\"2025-11-04T19:16:56+00:00\" \/>\n<meta property=\"og:image\" content=\"https:\/\/selleetools.com\/wp-content\/uploads\/2025\/10\/2a5a45bb8f239c6a5ad5bd856ca09142.png\" \/>\n\t<meta property=\"og:image:width\" content=\"600\" \/>\n\t<meta property=\"og:image:height\" content=\"600\" \/>\n\t<meta property=\"og:image:type\" content=\"image\/png\" \/>\n<meta name=\"twitter:card\" content=\"summary_large_image\" \/>\n<meta name=\"twitter:label1\" content=\"Est. reading time\" \/>\n\t<meta name=\"twitter:data1\" content=\"1 minuta\" \/>\n<!-- \/ Yoast SEO plugin. -->","yoast_head_json":{"title":"Heimish Dailism Lip Gloss Sheer Red, 4 g - Nawil\u017caj\u0105cy b\u0142yszczyk do ust - Selleetools.com","robots":{"index":"index","follow":"follow","max-snippet":"max-snippet:-1","max-image-preview":"max-image-preview:large","max-video-preview":"max-video-preview:-1"},"canonical":"https:\/\/selleetools.com\/pl\/product\/heimish-dailism-lip-gloss-sheer-red-4-g-nawilzajacy-blyszczyk-do-ust\/","og_locale":"pl_PL","og_type":"article","og_title":"Heimish Dailism Lip Gloss Sheer Red, 4 g - Nawil\u017caj\u0105cy b\u0142yszczyk do ust - Selleetools.com","og_description":"Heimish Dailism Lip Gloss w odcieniu Sheer Red to b\u0142yszczyk do ust, kt\u00f3ry nadaje im delikatny kolor i efekt naturalnego blasku. Lekka formu\u0142a zapewnia komfort noszenia bez uczucia lepko\u015bci. B\u0142yszczyk wzbogacony jest sk\u0142adnikami nawil\u017caj\u0105cymi, dzi\u0119ki czemu pozostawia usta mi\u0119kkie i g\u0142adkie przez ca\u0142y dzie\u0144. Korzy\u015bci: Subtelny kolor: Odcie\u0144 Sheer Red nadaje ustom naturalny, lekko czerwony ... Read moreHeimish Dailism Lip Gloss Sheer Red, 4 g &#8211; Nawil\u017caj\u0105cy b\u0142yszczyk do ust","og_url":"https:\/\/selleetools.com\/pl\/product\/heimish-dailism-lip-gloss-sheer-red-4-g-nawilzajacy-blyszczyk-do-ust\/","og_site_name":"Selleetools.com","article_modified_time":"2025-11-04T19:16:56+00:00","og_image":[{"width":600,"height":600,"url":"https:\/\/selleetools.com\/wp-content\/uploads\/2025\/10\/2a5a45bb8f239c6a5ad5bd856ca09142.png","type":"image\/png"}],"twitter_card":"summary_large_image","twitter_misc":{"Est. reading time":"1 minuta"},"schema":{"@context":"https:\/\/schema.org","@graph":[{"@type":"Organization","@id":"https:\/\/selleetools.com\/#organization","name":"Selleetools","url":"https:\/\/selleetools.com\/","sameAs":[],"logo":{"@type":"ImageObject","inLanguage":"pl-PL","@id":"https:\/\/selleetools.com\/#\/schema\/logo\/image\/","url":"https:\/\/selleetools.com\/wp-content\/uploads\/2021\/10\/logo-dark.png","contentUrl":"https:\/\/selleetools.com\/wp-content\/uploads\/2021\/10\/logo-dark.png","width":320,"height":76,"caption":"Selleetools"},"image":{"@id":"https:\/\/selleetools.com\/#\/schema\/logo\/image\/"}},{"@type":"WebSite","@id":"https:\/\/selleetools.com\/#website","url":"https:\/\/selleetools.com\/","name":"Selleetools.com","description":"","publisher":{"@id":"https:\/\/selleetools.com\/#organization"},"potentialAction":[{"@type":"SearchAction","target":{"@type":"EntryPoint","urlTemplate":"https:\/\/selleetools.com\/?s={search_term_string}"},"query-input":"required name=search_term_string"}],"inLanguage":"pl-PL"},{"@type":"WebPage","@id":"https:\/\/selleetools.com\/pl\/product\/heimish-dailism-lip-gloss-sheer-red-4-g-nawilzajacy-blyszczyk-do-ust\/","url":"https:\/\/selleetools.com\/pl\/product\/heimish-dailism-lip-gloss-sheer-red-4-g-nawilzajacy-blyszczyk-do-ust\/","name":"Heimish Dailism Lip Gloss Sheer Red, 4 g - Nawil\u017caj\u0105cy b\u0142yszczyk do ust - Selleetools.com","isPartOf":{"@id":"https:\/\/selleetools.com\/#website"},"datePublished":"2025-10-24T11:35:41+00:00","dateModified":"2025-11-04T19:16:56+00:00","breadcrumb":{"@id":"https:\/\/selleetools.com\/pl\/product\/heimish-dailism-lip-gloss-sheer-red-4-g-nawilzajacy-blyszczyk-do-ust\/#breadcrumb"},"inLanguage":"pl-PL","potentialAction":[{"@type":"ReadAction","target":["https:\/\/selleetools.com\/pl\/product\/heimish-dailism-lip-gloss-sheer-red-4-g-nawilzajacy-blyszczyk-do-ust\/"]}]},{"@type":"BreadcrumbList","@id":"https:\/\/selleetools.com\/pl\/product\/heimish-dailism-lip-gloss-sheer-red-4-g-nawilzajacy-blyszczyk-do-ust\/#breadcrumb","itemListElement":[{"@type":"ListItem","position":1,"name":"Home","item":"https:\/\/selleetools.com\/pl\/"},{"@type":"ListItem","position":2,"name":"Katalog","item":"https:\/\/selleetools.com\/pl\/katalog\/"},{"@type":"ListItem","position":3,"name":"Heimish Dailism Lip Gloss Sheer Red, 4 g &#8211; Nawil\u017caj\u0105cy b\u0142yszczyk do ust"}]}]}},"_links":{"self":[{"href":"https:\/\/selleetools.com\/pl\/wp-json\/wp\/v2\/product\/605259"}],"collection":[{"href":"https:\/\/selleetools.com\/pl\/wp-json\/wp\/v2\/product"}],"about":[{"href":"https:\/\/selleetools.com\/pl\/wp-json\/wp\/v2\/types\/product"}],"replies":[{"embeddable":true,"href":"https:\/\/selleetools.com\/pl\/wp-json\/wp\/v2\/comments?post=605259"}],"wp:featuredmedia":[{"embeddable":true,"href":"https:\/\/selleetools.com\/pl\/wp-json\/wp\/v2\/media\/605251"}],"wp:attachment":[{"href":"https:\/\/selleetools.com\/pl\/wp-json\/wp\/v2\/media?parent=605259"}],"curies":[{"name":"wp","href":"https:\/\/api.w.org\/{rel}","templated":true}]}}