{"id":605165,"date":"2025-10-24T13:34:30","date_gmt":"2025-10-24T11:34:30","guid":{"rendered":"https:\/\/selleetools.com\/?post_type=product&#038;p=605165"},"modified":"2025-11-04T20:16:38","modified_gmt":"2025-11-04T19:16:38","slug":"peripera-ink-glasting-lip-gloss-009-grow-on-you-4-5-ml-blyszczyk-do-ust","status":"publish","type":"product","link":"https:\/\/selleetools.com\/pl\/product\/peripera-ink-glasting-lip-gloss-009-grow-on-you-4-5-ml-blyszczyk-do-ust\/","title":{"rendered":"Peripera Ink Glasting Lip Gloss 009 Grow on you 4.5 ml &#8211; B\u0142yszczyk do ust"},"content":{"rendered":"<p>Peripera Ink Glasting Lip Gloss 009 Grow on You to wyj\u0105tkowy b\u0142yszczyk do ust, kt\u00f3ry zapewnia intensywny po\u0142ysk i d\u0142ugotrwa\u0142y efekt. Jego formu\u0142a jest lekka, niet\u0142usta i idealnie dopasowuje si\u0119 do ust, nadaj\u0105c im naturalny, ale wyrazisty kolor. Odcie\u0144 &#8220;Grow on You&#8221; to delikatny, r\u00f3\u017cowawy ton, kt\u00f3ry pasuje do ka\u017cdej karnacji, podkre\u015blaj\u0105c naturalne pi\u0119kno ust.<\/p>\n<p>Korzy\u015bci dla sk\u00f3ry:<br \/>\nNawil\u017ca usta, zapobiegaj\u0105c ich wysuszaniu.<br \/>\nDaje efekt pe\u0142niejszych, bardziej zmys\u0142owych ust.<br \/>\nFormu\u0142a wzbogacona o sk\u0142adniki od\u017cywcze, kt\u00f3re piel\u0119gnuj\u0105 i chroni\u0105 delikatn\u0105 sk\u00f3r\u0119 ust.<br \/>\nD\u0142ugotrwa\u0142y blask, kt\u00f3ry utrzymuje si\u0119 przez wiele godzin bez uczucia lepko\u015bci.<\/p>\n<p>Spos\u00f3b u\u017cycia:<br \/>\nNa\u0142\u00f3\u017c b\u0142yszczyk na czyste, suche usta za pomoc\u0105 aplikatora. Mo\u017cna go u\u017cywa\u0107 samodzielnie, aby uzyska\u0107 naturalny efekt, lub na\u0142o\u017cy\u0107 na ulubion\u0105 pomadk\u0119, aby doda\u0107 blasku i podkre\u015bli\u0107 kolor. Aby uzyska\u0107 bardziej intensywny po\u0142ysk, na\u0142\u00f3\u017c kolejn\u0105 warstw\u0119.<\/p>\n","protected":false},"excerpt":{"rendered":"<p>Peripera Ink Glasting Lip Gloss 009 Grow on You to wyj\u0105tkowy b\u0142yszczyk do ust, kt\u00f3ry zapewnia intensywny po\u0142ysk i d\u0142ugotrwa\u0142y efekt. Jego formu\u0142a jest lekka, niet\u0142usta i idealnie dopasowuje si\u0119 do ust, nadaj\u0105c im naturalny, ale wyrazisty kolor. Odcie\u0144 &#8220;Grow on You&#8221; to delikatny, r\u00f3\u017cowawy ton, kt\u00f3ry pasuje do ka\u017cdej karnacji, podkre\u015blaj\u0105c naturalne pi\u0119kno ust. &#8230; <a title=\"Peripera Ink Glasting Lip Gloss 009 Grow on you 4.5 ml &#8211; B\u0142yszczyk do ust\" class=\"read-more\" href=\"https:\/\/selleetools.com\/pl\/product\/peripera-ink-glasting-lip-gloss-009-grow-on-you-4-5-ml-blyszczyk-do-ust\/\">Read more<span class=\"screen-reader-text\">Peripera Ink Glasting Lip Gloss 009 Grow on you 4.5 ml &#8211; B\u0142yszczyk do ust<\/span><\/a><\/p>\n","protected":false},"featured_media":605161,"comment_status":"open","ping_status":"closed","template":"","meta":{"_links_to":"","_links_to_target":""},"yoast_head":"<!-- This site is optimized with the Yoast SEO plugin v19.4 - https:\/\/yoast.com\/wordpress\/plugins\/seo\/ -->\n<title>Peripera Ink Glasting Lip Gloss 009 Grow on you 4.5 ml - B\u0142yszczyk do ust - Selleetools.com<\/title>\n<meta name=\"robots\" content=\"index, follow, max-snippet:-1, max-image-preview:large, max-video-preview:-1\" \/>\n<link rel=\"canonical\" href=\"https:\/\/selleetools.com\/pl\/product\/peripera-ink-glasting-lip-gloss-009-grow-on-you-4-5-ml-blyszczyk-do-ust\/\" \/>\n<meta property=\"og:locale\" content=\"pl_PL\" \/>\n<meta property=\"og:type\" content=\"article\" \/>\n<meta property=\"og:title\" content=\"Peripera Ink Glasting Lip Gloss 009 Grow on you 4.5 ml - B\u0142yszczyk do ust - Selleetools.com\" \/>\n<meta property=\"og:description\" content=\"Peripera Ink Glasting Lip Gloss 009 Grow on You to wyj\u0105tkowy b\u0142yszczyk do ust, kt\u00f3ry zapewnia intensywny po\u0142ysk i d\u0142ugotrwa\u0142y efekt. Jego formu\u0142a jest lekka, niet\u0142usta i idealnie dopasowuje si\u0119 do ust, nadaj\u0105c im naturalny, ale wyrazisty kolor. Odcie\u0144 &#8220;Grow on You&#8221; to delikatny, r\u00f3\u017cowawy ton, kt\u00f3ry pasuje do ka\u017cdej karnacji, podkre\u015blaj\u0105c naturalne pi\u0119kno ust. ... Read morePeripera Ink Glasting Lip Gloss 009 Grow on you 4.5 ml &#8211; B\u0142yszczyk do ust\" \/>\n<meta property=\"og:url\" content=\"https:\/\/selleetools.com\/pl\/product\/peripera-ink-glasting-lip-gloss-009-grow-on-you-4-5-ml-blyszczyk-do-ust\/\" \/>\n<meta property=\"og:site_name\" content=\"Selleetools.com\" \/>\n<meta property=\"article:modified_time\" content=\"2025-11-04T19:16:38+00:00\" \/>\n<meta property=\"og:image\" content=\"https:\/\/selleetools.com\/wp-content\/uploads\/2025\/10\/2eb12dde19fabf374a01ea2757c242d2.jpg\" \/>\n\t<meta property=\"og:image:width\" content=\"1200\" \/>\n\t<meta property=\"og:image:height\" content=\"1200\" \/>\n\t<meta property=\"og:image:type\" content=\"image\/jpeg\" \/>\n<meta name=\"twitter:card\" content=\"summary_large_image\" \/>\n<meta name=\"twitter:label1\" content=\"Est. reading time\" \/>\n\t<meta name=\"twitter:data1\" content=\"1 minuta\" \/>\n<!-- \/ Yoast SEO plugin. -->","yoast_head_json":{"title":"Peripera Ink Glasting Lip Gloss 009 Grow on you 4.5 ml - B\u0142yszczyk do ust - Selleetools.com","robots":{"index":"index","follow":"follow","max-snippet":"max-snippet:-1","max-image-preview":"max-image-preview:large","max-video-preview":"max-video-preview:-1"},"canonical":"https:\/\/selleetools.com\/pl\/product\/peripera-ink-glasting-lip-gloss-009-grow-on-you-4-5-ml-blyszczyk-do-ust\/","og_locale":"pl_PL","og_type":"article","og_title":"Peripera Ink Glasting Lip Gloss 009 Grow on you 4.5 ml - B\u0142yszczyk do ust - Selleetools.com","og_description":"Peripera Ink Glasting Lip Gloss 009 Grow on You to wyj\u0105tkowy b\u0142yszczyk do ust, kt\u00f3ry zapewnia intensywny po\u0142ysk i d\u0142ugotrwa\u0142y efekt. Jego formu\u0142a jest lekka, niet\u0142usta i idealnie dopasowuje si\u0119 do ust, nadaj\u0105c im naturalny, ale wyrazisty kolor. Odcie\u0144 &#8220;Grow on You&#8221; to delikatny, r\u00f3\u017cowawy ton, kt\u00f3ry pasuje do ka\u017cdej karnacji, podkre\u015blaj\u0105c naturalne pi\u0119kno ust. ... Read morePeripera Ink Glasting Lip Gloss 009 Grow on you 4.5 ml &#8211; B\u0142yszczyk do ust","og_url":"https:\/\/selleetools.com\/pl\/product\/peripera-ink-glasting-lip-gloss-009-grow-on-you-4-5-ml-blyszczyk-do-ust\/","og_site_name":"Selleetools.com","article_modified_time":"2025-11-04T19:16:38+00:00","og_image":[{"width":1200,"height":1200,"url":"https:\/\/selleetools.com\/wp-content\/uploads\/2025\/10\/2eb12dde19fabf374a01ea2757c242d2.jpg","type":"image\/jpeg"}],"twitter_card":"summary_large_image","twitter_misc":{"Est. reading time":"1 minuta"},"schema":{"@context":"https:\/\/schema.org","@graph":[{"@type":"Organization","@id":"https:\/\/selleetools.com\/#organization","name":"Selleetools","url":"https:\/\/selleetools.com\/","sameAs":[],"logo":{"@type":"ImageObject","inLanguage":"pl-PL","@id":"https:\/\/selleetools.com\/#\/schema\/logo\/image\/","url":"https:\/\/selleetools.com\/wp-content\/uploads\/2021\/10\/logo-dark.png","contentUrl":"https:\/\/selleetools.com\/wp-content\/uploads\/2021\/10\/logo-dark.png","width":320,"height":76,"caption":"Selleetools"},"image":{"@id":"https:\/\/selleetools.com\/#\/schema\/logo\/image\/"}},{"@type":"WebSite","@id":"https:\/\/selleetools.com\/#website","url":"https:\/\/selleetools.com\/","name":"Selleetools.com","description":"","publisher":{"@id":"https:\/\/selleetools.com\/#organization"},"potentialAction":[{"@type":"SearchAction","target":{"@type":"EntryPoint","urlTemplate":"https:\/\/selleetools.com\/?s={search_term_string}"},"query-input":"required name=search_term_string"}],"inLanguage":"pl-PL"},{"@type":"WebPage","@id":"https:\/\/selleetools.com\/pl\/product\/peripera-ink-glasting-lip-gloss-009-grow-on-you-4-5-ml-blyszczyk-do-ust\/","url":"https:\/\/selleetools.com\/pl\/product\/peripera-ink-glasting-lip-gloss-009-grow-on-you-4-5-ml-blyszczyk-do-ust\/","name":"Peripera Ink Glasting Lip Gloss 009 Grow on you 4.5 ml - B\u0142yszczyk do ust - Selleetools.com","isPartOf":{"@id":"https:\/\/selleetools.com\/#website"},"datePublished":"2025-10-24T11:34:30+00:00","dateModified":"2025-11-04T19:16:38+00:00","breadcrumb":{"@id":"https:\/\/selleetools.com\/pl\/product\/peripera-ink-glasting-lip-gloss-009-grow-on-you-4-5-ml-blyszczyk-do-ust\/#breadcrumb"},"inLanguage":"pl-PL","potentialAction":[{"@type":"ReadAction","target":["https:\/\/selleetools.com\/pl\/product\/peripera-ink-glasting-lip-gloss-009-grow-on-you-4-5-ml-blyszczyk-do-ust\/"]}]},{"@type":"BreadcrumbList","@id":"https:\/\/selleetools.com\/pl\/product\/peripera-ink-glasting-lip-gloss-009-grow-on-you-4-5-ml-blyszczyk-do-ust\/#breadcrumb","itemListElement":[{"@type":"ListItem","position":1,"name":"Home","item":"https:\/\/selleetools.com\/pl\/"},{"@type":"ListItem","position":2,"name":"Katalog","item":"https:\/\/selleetools.com\/pl\/katalog\/"},{"@type":"ListItem","position":3,"name":"Peripera Ink Glasting Lip Gloss 009 Grow on you 4.5 ml &#8211; B\u0142yszczyk do ust"}]}]}},"_links":{"self":[{"href":"https:\/\/selleetools.com\/pl\/wp-json\/wp\/v2\/product\/605165"}],"collection":[{"href":"https:\/\/selleetools.com\/pl\/wp-json\/wp\/v2\/product"}],"about":[{"href":"https:\/\/selleetools.com\/pl\/wp-json\/wp\/v2\/types\/product"}],"replies":[{"embeddable":true,"href":"https:\/\/selleetools.com\/pl\/wp-json\/wp\/v2\/comments?post=605165"}],"wp:featuredmedia":[{"embeddable":true,"href":"https:\/\/selleetools.com\/pl\/wp-json\/wp\/v2\/media\/605161"}],"wp:attachment":[{"href":"https:\/\/selleetools.com\/pl\/wp-json\/wp\/v2\/media?parent=605165"}],"curies":[{"name":"wp","href":"https:\/\/api.w.org\/{rel}","templated":true}]}}