{"id":605160,"date":"2025-10-24T13:34:27","date_gmt":"2025-10-24T11:34:27","guid":{"rendered":"https:\/\/selleetools.com\/?post_type=product&#038;p=605160"},"modified":"2025-11-04T20:16:24","modified_gmt":"2025-11-04T19:16:24","slug":"peripera-ink-glasting-lip-gloss-008-love-of-fate-4-5-ml-blyszczyk-do-ust","status":"publish","type":"product","link":"https:\/\/selleetools.com\/pl\/product\/peripera-ink-glasting-lip-gloss-008-love-of-fate-4-5-ml-blyszczyk-do-ust\/","title":{"rendered":"Peripera Ink Glasting Lip Gloss 008 Love of fate 4.5 ml &#8211; B\u0142yszczyk do ust"},"content":{"rendered":"<p>Peripera Ink Glasting Lip Gloss 008 Mi\u0142o\u015b\u0107 Przeznaczenia to wyj\u0105tkowy kosmetyk, kt\u00f3ry podkre\u015bli Twoje usta intensywnym kolorem i pi\u0119knym po\u0142yskiem. B\u0142yszczyk ten zapewnia d\u0142ugotrwa\u0142y efekt, a jednocze\u015bnie nawil\u017ca i piel\u0119gnuje usta. Dzi\u0119ki swojej lekkiej formule, produkt nie klei si\u0119, co sprawia, \u017ce jest komfortowy w noszeniu przez ca\u0142y dzie\u0144. Doskonale sprawdzi si\u0119 zar\u00f3wno na co dzie\u0144, jak i na specjalne okazje.<\/p>\n<p>Korzy\u015bci dla sk\u00f3ry:<br \/>\nG\u0142\u0119bokie nawil\u017cenie ust, dzi\u0119ki czemu staj\u0105 si\u0119 one mi\u0119kkie i g\u0142adkie.<br \/>\nD\u0142ugotrwa\u0142y po\u0142ysk, kt\u00f3ry dodaje ustom obj\u0119to\u015bci.<br \/>\nIntensywny kolor, kt\u00f3ry utrzymuje si\u0119 na ustach przez d\u0142ugi czas.<br \/>\nFormu\u0142a, kt\u00f3ra nie powoduje uczucia lepko\u015bci, dzi\u0119ki czemu b\u0142yszczyk jest wygodny w noszeniu.<\/p>\n<p>Spos\u00f3b u\u017cycia:<br \/>\nAplikuj b\u0142yszczyk na czyste, suche usta, u\u017cywaj\u0105c aplikatora, aby uzyska\u0107 r\u00f3wnomierne pokrycie. Dla bardziej intensywnego efektu, na\u0142\u00f3\u017c dodatkow\u0105 warstw\u0119. Mo\u017cesz go u\u017cywa\u0107 samodzielnie lub na ulubion\u0105 szmink\u0119, aby doda\u0107 blasku i podkre\u015bli\u0107 kolor.<\/p>\n","protected":false},"excerpt":{"rendered":"<p>Peripera Ink Glasting Lip Gloss 008 Mi\u0142o\u015b\u0107 Przeznaczenia to wyj\u0105tkowy kosmetyk, kt\u00f3ry podkre\u015bli Twoje usta intensywnym kolorem i pi\u0119knym po\u0142yskiem. B\u0142yszczyk ten zapewnia d\u0142ugotrwa\u0142y efekt, a jednocze\u015bnie nawil\u017ca i piel\u0119gnuje usta. Dzi\u0119ki swojej lekkiej formule, produkt nie klei si\u0119, co sprawia, \u017ce jest komfortowy w noszeniu przez ca\u0142y dzie\u0144. Doskonale sprawdzi si\u0119 zar\u00f3wno na co &#8230; <a title=\"Peripera Ink Glasting Lip Gloss 008 Love of fate 4.5 ml &#8211; B\u0142yszczyk do ust\" class=\"read-more\" href=\"https:\/\/selleetools.com\/pl\/product\/peripera-ink-glasting-lip-gloss-008-love-of-fate-4-5-ml-blyszczyk-do-ust\/\">Read more<span class=\"screen-reader-text\">Peripera Ink Glasting Lip Gloss 008 Love of fate 4.5 ml &#8211; B\u0142yszczyk do ust<\/span><\/a><\/p>\n","protected":false},"featured_media":605156,"comment_status":"open","ping_status":"closed","template":"","meta":{"_links_to":"","_links_to_target":""},"yoast_head":"<!-- This site is optimized with the Yoast SEO plugin v19.4 - https:\/\/yoast.com\/wordpress\/plugins\/seo\/ -->\n<title>Peripera Ink Glasting Lip Gloss 008 Love of fate 4.5 ml - B\u0142yszczyk do ust - Selleetools.com<\/title>\n<meta name=\"robots\" content=\"index, follow, max-snippet:-1, max-image-preview:large, max-video-preview:-1\" \/>\n<link rel=\"canonical\" href=\"https:\/\/admincentral.selleetools.com\/product\/peripera-ink-glasting-lip-gloss-008-love-of-fate-4-5-ml-blyszczyk-do-ust\/\" \/>\n<meta property=\"og:locale\" content=\"pl_PL\" \/>\n<meta property=\"og:type\" content=\"article\" \/>\n<meta property=\"og:title\" content=\"Peripera Ink Glasting Lip Gloss 008 Love of fate 4.5 ml - B\u0142yszczyk do ust - Selleetools.com\" \/>\n<meta property=\"og:description\" content=\"Peripera Ink Glasting Lip Gloss 008 Mi\u0142o\u015b\u0107 Przeznaczenia to wyj\u0105tkowy kosmetyk, kt\u00f3ry podkre\u015bli Twoje usta intensywnym kolorem i pi\u0119knym po\u0142yskiem. B\u0142yszczyk ten zapewnia d\u0142ugotrwa\u0142y efekt, a jednocze\u015bnie nawil\u017ca i piel\u0119gnuje usta. Dzi\u0119ki swojej lekkiej formule, produkt nie klei si\u0119, co sprawia, \u017ce jest komfortowy w noszeniu przez ca\u0142y dzie\u0144. Doskonale sprawdzi si\u0119 zar\u00f3wno na co ... Read morePeripera Ink Glasting Lip Gloss 008 Love of fate 4.5 ml &#8211; B\u0142yszczyk do ust\" \/>\n<meta property=\"og:url\" content=\"https:\/\/admincentral.selleetools.com\/product\/peripera-ink-glasting-lip-gloss-008-love-of-fate-4-5-ml-blyszczyk-do-ust\/\" \/>\n<meta property=\"og:site_name\" content=\"Selleetools.com\" \/>\n<meta property=\"article:modified_time\" content=\"2025-11-04T19:16:24+00:00\" \/>\n<meta property=\"og:image\" content=\"https:\/\/selleetools.com\/wp-content\/uploads\/2025\/10\/878ccebec2c031d8b3035d9c7214e5c7.jpg\" \/>\n\t<meta property=\"og:image:width\" content=\"1200\" \/>\n\t<meta property=\"og:image:height\" content=\"1200\" \/>\n\t<meta property=\"og:image:type\" content=\"image\/jpeg\" \/>\n<meta name=\"twitter:card\" content=\"summary_large_image\" \/>\n<meta name=\"twitter:label1\" content=\"Est. reading time\" \/>\n\t<meta name=\"twitter:data1\" content=\"1 minuta\" \/>\n<!-- \/ Yoast SEO plugin. -->","yoast_head_json":{"title":"Peripera Ink Glasting Lip Gloss 008 Love of fate 4.5 ml - B\u0142yszczyk do ust - Selleetools.com","robots":{"index":"index","follow":"follow","max-snippet":"max-snippet:-1","max-image-preview":"max-image-preview:large","max-video-preview":"max-video-preview:-1"},"canonical":"https:\/\/admincentral.selleetools.com\/product\/peripera-ink-glasting-lip-gloss-008-love-of-fate-4-5-ml-blyszczyk-do-ust\/","og_locale":"pl_PL","og_type":"article","og_title":"Peripera Ink Glasting Lip Gloss 008 Love of fate 4.5 ml - B\u0142yszczyk do ust - Selleetools.com","og_description":"Peripera Ink Glasting Lip Gloss 008 Mi\u0142o\u015b\u0107 Przeznaczenia to wyj\u0105tkowy kosmetyk, kt\u00f3ry podkre\u015bli Twoje usta intensywnym kolorem i pi\u0119knym po\u0142yskiem. B\u0142yszczyk ten zapewnia d\u0142ugotrwa\u0142y efekt, a jednocze\u015bnie nawil\u017ca i piel\u0119gnuje usta. Dzi\u0119ki swojej lekkiej formule, produkt nie klei si\u0119, co sprawia, \u017ce jest komfortowy w noszeniu przez ca\u0142y dzie\u0144. Doskonale sprawdzi si\u0119 zar\u00f3wno na co ... Read morePeripera Ink Glasting Lip Gloss 008 Love of fate 4.5 ml &#8211; B\u0142yszczyk do ust","og_url":"https:\/\/admincentral.selleetools.com\/product\/peripera-ink-glasting-lip-gloss-008-love-of-fate-4-5-ml-blyszczyk-do-ust\/","og_site_name":"Selleetools.com","article_modified_time":"2025-11-04T19:16:24+00:00","og_image":[{"width":1200,"height":1200,"url":"https:\/\/selleetools.com\/wp-content\/uploads\/2025\/10\/878ccebec2c031d8b3035d9c7214e5c7.jpg","type":"image\/jpeg"}],"twitter_card":"summary_large_image","twitter_misc":{"Est. reading time":"1 minuta"},"schema":{"@context":"https:\/\/schema.org","@graph":[{"@type":"Organization","@id":"https:\/\/selleetools.com\/#organization","name":"Selleetools","url":"https:\/\/selleetools.com\/","sameAs":[],"logo":{"@type":"ImageObject","inLanguage":"pl-PL","@id":"https:\/\/selleetools.com\/#\/schema\/logo\/image\/","url":"https:\/\/selleetools.com\/wp-content\/uploads\/2021\/10\/logo-dark.png","contentUrl":"https:\/\/selleetools.com\/wp-content\/uploads\/2021\/10\/logo-dark.png","width":320,"height":76,"caption":"Selleetools"},"image":{"@id":"https:\/\/selleetools.com\/#\/schema\/logo\/image\/"}},{"@type":"WebSite","@id":"https:\/\/selleetools.com\/#website","url":"https:\/\/selleetools.com\/","name":"Selleetools.com","description":"","publisher":{"@id":"https:\/\/selleetools.com\/#organization"},"potentialAction":[{"@type":"SearchAction","target":{"@type":"EntryPoint","urlTemplate":"https:\/\/selleetools.com\/?s={search_term_string}"},"query-input":"required name=search_term_string"}],"inLanguage":"pl-PL"},{"@type":"WebPage","@id":"https:\/\/admincentral.selleetools.com\/product\/peripera-ink-glasting-lip-gloss-008-love-of-fate-4-5-ml-blyszczyk-do-ust\/","url":"https:\/\/admincentral.selleetools.com\/product\/peripera-ink-glasting-lip-gloss-008-love-of-fate-4-5-ml-blyszczyk-do-ust\/","name":"Peripera Ink Glasting Lip Gloss 008 Love of fate 4.5 ml - B\u0142yszczyk do ust - Selleetools.com","isPartOf":{"@id":"https:\/\/selleetools.com\/#website"},"datePublished":"2025-10-24T11:34:27+00:00","dateModified":"2025-11-04T19:16:24+00:00","breadcrumb":{"@id":"https:\/\/admincentral.selleetools.com\/product\/peripera-ink-glasting-lip-gloss-008-love-of-fate-4-5-ml-blyszczyk-do-ust\/#breadcrumb"},"inLanguage":"pl-PL","potentialAction":[{"@type":"ReadAction","target":["https:\/\/admincentral.selleetools.com\/product\/peripera-ink-glasting-lip-gloss-008-love-of-fate-4-5-ml-blyszczyk-do-ust\/"]}]},{"@type":"BreadcrumbList","@id":"https:\/\/admincentral.selleetools.com\/product\/peripera-ink-glasting-lip-gloss-008-love-of-fate-4-5-ml-blyszczyk-do-ust\/#breadcrumb","itemListElement":[{"@type":"ListItem","position":1,"name":"Home","item":"https:\/\/selleetools.com\/pl\/"},{"@type":"ListItem","position":2,"name":"Katalog","item":"https:\/\/selleetools.com\/pl\/katalog\/"},{"@type":"ListItem","position":3,"name":"Peripera Ink Glasting Lip Gloss 008 Love of fate 4.5 ml &#8211; B\u0142yszczyk do ust"}]}]}},"_links":{"self":[{"href":"https:\/\/selleetools.com\/pl\/wp-json\/wp\/v2\/product\/605160"}],"collection":[{"href":"https:\/\/selleetools.com\/pl\/wp-json\/wp\/v2\/product"}],"about":[{"href":"https:\/\/selleetools.com\/pl\/wp-json\/wp\/v2\/types\/product"}],"replies":[{"embeddable":true,"href":"https:\/\/selleetools.com\/pl\/wp-json\/wp\/v2\/comments?post=605160"}],"wp:featuredmedia":[{"embeddable":true,"href":"https:\/\/selleetools.com\/pl\/wp-json\/wp\/v2\/media\/605156"}],"wp:attachment":[{"href":"https:\/\/selleetools.com\/pl\/wp-json\/wp\/v2\/media?parent=605160"}],"curies":[{"name":"wp","href":"https:\/\/api.w.org\/{rel}","templated":true}]}}