{"id":605129,"date":"2025-10-24T13:34:04","date_gmt":"2025-10-24T11:34:04","guid":{"rendered":"https:\/\/selleetools.com\/?post_type=product&#038;p=605129"},"modified":"2025-12-03T23:27:49","modified_gmt":"2025-12-03T22:27:49","slug":"romnd-glasting-melting-balm-03-sorbet-balm-3-5-g-balsam-do-ust","status":"publish","type":"product","link":"https:\/\/selleetools.com\/pl\/product\/romnd-glasting-melting-balm-03-sorbet-balm-3-5-g-balsam-do-ust\/","title":{"rendered":"rom&#038;nd Glasting Melting Balm 03 Sorbet balm 3.5 g &#8211; Balsam do ust"},"content":{"rendered":"<p>Glasting Melting Balm 03 Sorbet Balm Lips od rom&#038;nd to luksusowy balsam do ust, kt\u00f3ry \u0142\u0105czy w sobie piel\u0119gnacj\u0119 i efekt pi\u0119knego, zdrowego wygl\u0105du w jednym produkcie. Jego unikalna formu\u0142a, wzbogacona o sk\u0142adniki od\u017cywcze, intensywnie nawil\u017ca i regeneruje delikatn\u0105 sk\u00f3r\u0119 warg, pozostawiaj\u0105c je g\u0142adkimi i mi\u0119kkimi. Dzi\u0119ki lekkiej konsystencji, balsam topnieje na ustach, zapewniaj\u0105c d\u0142ugotrwa\u0142y komfort oraz subtelny po\u0142ysk, kt\u00f3ry podkre\u015bla naturalne pi\u0119kno ust.<\/p>\n<p>Korzy\u015bci dla sk\u00f3ry:<br \/>\nIntensywne nawil\u017cenie i regeneracja<br \/>\nG\u0142adko\u015b\u0107 i mi\u0119kko\u015b\u0107 warg<br \/>\nSubtelny po\u0142ysk dla naturalnego wygl\u0105du<\/p>\n<p>Spos\u00f3b u\u017cycia:<br \/>\nAplikuj balsam na suche lub delikatnie z\u0142uszczone usta w ci\u0105gu dnia, aby uzyska\u0107 optymalne nawil\u017cenie i blask. Mo\u017cna stosowa\u0107 samodzielnie lub na\u0142o\u017cony na ulubiony kolorowy produkt do ust, aby doda\u0107 im zdrowego, \u015bwie\u017cego wygl\u0105du.<\/p>\n","protected":false},"excerpt":{"rendered":"<p>Glasting Melting Balm 03 Sorbet Balm Lips od rom&#038;nd to luksusowy balsam do ust, kt\u00f3ry \u0142\u0105czy w sobie piel\u0119gnacj\u0119 i efekt pi\u0119knego, zdrowego wygl\u0105du w jednym produkcie. Jego unikalna formu\u0142a, wzbogacona o sk\u0142adniki od\u017cywcze, intensywnie nawil\u017ca i regeneruje delikatn\u0105 sk\u00f3r\u0119 warg, pozostawiaj\u0105c je g\u0142adkimi i mi\u0119kkimi. Dzi\u0119ki lekkiej konsystencji, balsam topnieje na ustach, zapewniaj\u0105c d\u0142ugotrwa\u0142y &#8230; <a title=\"rom&#038;nd Glasting Melting Balm 03 Sorbet balm 3.5 g &#8211; Balsam do ust\" class=\"read-more\" href=\"https:\/\/selleetools.com\/pl\/product\/romnd-glasting-melting-balm-03-sorbet-balm-3-5-g-balsam-do-ust\/\">Read more<span class=\"screen-reader-text\">rom&#038;nd Glasting Melting Balm 03 Sorbet balm 3.5 g &#8211; Balsam do ust<\/span><\/a><\/p>\n","protected":false},"featured_media":605127,"comment_status":"open","ping_status":"closed","template":"","meta":{"_links_to":"","_links_to_target":""},"yoast_head":"<!-- This site is optimized with the Yoast SEO plugin v19.4 - https:\/\/yoast.com\/wordpress\/plugins\/seo\/ -->\n<title>rom&amp;nd Glasting Melting Balm 03 Sorbet balm 3.5 g - Balsam do ust - Selleetools.com<\/title>\n<meta name=\"robots\" content=\"index, follow, max-snippet:-1, max-image-preview:large, max-video-preview:-1\" \/>\n<link rel=\"canonical\" href=\"https:\/\/admincentral.selleetools.com\/product\/romnd-glasting-melting-balm-03-sorbet-balm-3-5-g-balsam-do-ust\/\" \/>\n<meta property=\"og:locale\" content=\"pl_PL\" \/>\n<meta property=\"og:type\" content=\"article\" \/>\n<meta property=\"og:title\" content=\"rom&amp;nd Glasting Melting Balm 03 Sorbet balm 3.5 g - Balsam do ust - Selleetools.com\" \/>\n<meta property=\"og:description\" content=\"Glasting Melting Balm 03 Sorbet Balm Lips od rom&#038;nd to luksusowy balsam do ust, kt\u00f3ry \u0142\u0105czy w sobie piel\u0119gnacj\u0119 i efekt pi\u0119knego, zdrowego wygl\u0105du w jednym produkcie. Jego unikalna formu\u0142a, wzbogacona o sk\u0142adniki od\u017cywcze, intensywnie nawil\u017ca i regeneruje delikatn\u0105 sk\u00f3r\u0119 warg, pozostawiaj\u0105c je g\u0142adkimi i mi\u0119kkimi. Dzi\u0119ki lekkiej konsystencji, balsam topnieje na ustach, zapewniaj\u0105c d\u0142ugotrwa\u0142y ... Read morerom&#038;nd Glasting Melting Balm 03 Sorbet balm 3.5 g &#8211; Balsam do ust\" \/>\n<meta property=\"og:url\" content=\"https:\/\/admincentral.selleetools.com\/product\/romnd-glasting-melting-balm-03-sorbet-balm-3-5-g-balsam-do-ust\/\" \/>\n<meta property=\"og:site_name\" content=\"Selleetools.com\" \/>\n<meta property=\"article:modified_time\" content=\"2025-12-03T22:27:49+00:00\" \/>\n<meta property=\"og:image\" content=\"https:\/\/selleetools.com\/wp-content\/uploads\/2025\/10\/011590e089fe3269aaefd8c026dab766.jpg\" \/>\n\t<meta property=\"og:image:width\" content=\"1000\" \/>\n\t<meta property=\"og:image:height\" content=\"1000\" \/>\n\t<meta property=\"og:image:type\" content=\"image\/jpeg\" \/>\n<meta name=\"twitter:card\" content=\"summary_large_image\" \/>\n<meta name=\"twitter:label1\" content=\"Est. reading time\" \/>\n\t<meta name=\"twitter:data1\" content=\"1 minuta\" \/>\n<!-- \/ Yoast SEO plugin. -->","yoast_head_json":{"title":"rom&nd Glasting Melting Balm 03 Sorbet balm 3.5 g - Balsam do ust - Selleetools.com","robots":{"index":"index","follow":"follow","max-snippet":"max-snippet:-1","max-image-preview":"max-image-preview:large","max-video-preview":"max-video-preview:-1"},"canonical":"https:\/\/admincentral.selleetools.com\/product\/romnd-glasting-melting-balm-03-sorbet-balm-3-5-g-balsam-do-ust\/","og_locale":"pl_PL","og_type":"article","og_title":"rom&nd Glasting Melting Balm 03 Sorbet balm 3.5 g - Balsam do ust - Selleetools.com","og_description":"Glasting Melting Balm 03 Sorbet Balm Lips od rom&#038;nd to luksusowy balsam do ust, kt\u00f3ry \u0142\u0105czy w sobie piel\u0119gnacj\u0119 i efekt pi\u0119knego, zdrowego wygl\u0105du w jednym produkcie. Jego unikalna formu\u0142a, wzbogacona o sk\u0142adniki od\u017cywcze, intensywnie nawil\u017ca i regeneruje delikatn\u0105 sk\u00f3r\u0119 warg, pozostawiaj\u0105c je g\u0142adkimi i mi\u0119kkimi. Dzi\u0119ki lekkiej konsystencji, balsam topnieje na ustach, zapewniaj\u0105c d\u0142ugotrwa\u0142y ... Read morerom&#038;nd Glasting Melting Balm 03 Sorbet balm 3.5 g &#8211; Balsam do ust","og_url":"https:\/\/admincentral.selleetools.com\/product\/romnd-glasting-melting-balm-03-sorbet-balm-3-5-g-balsam-do-ust\/","og_site_name":"Selleetools.com","article_modified_time":"2025-12-03T22:27:49+00:00","og_image":[{"width":1000,"height":1000,"url":"https:\/\/selleetools.com\/wp-content\/uploads\/2025\/10\/011590e089fe3269aaefd8c026dab766.jpg","type":"image\/jpeg"}],"twitter_card":"summary_large_image","twitter_misc":{"Est. reading time":"1 minuta"},"schema":{"@context":"https:\/\/schema.org","@graph":[{"@type":"Organization","@id":"https:\/\/selleetools.com\/#organization","name":"Selleetools","url":"https:\/\/selleetools.com\/","sameAs":[],"logo":{"@type":"ImageObject","inLanguage":"pl-PL","@id":"https:\/\/selleetools.com\/#\/schema\/logo\/image\/","url":"https:\/\/selleetools.com\/wp-content\/uploads\/2021\/10\/logo-dark.png","contentUrl":"https:\/\/selleetools.com\/wp-content\/uploads\/2021\/10\/logo-dark.png","width":320,"height":76,"caption":"Selleetools"},"image":{"@id":"https:\/\/selleetools.com\/#\/schema\/logo\/image\/"}},{"@type":"WebSite","@id":"https:\/\/selleetools.com\/#website","url":"https:\/\/selleetools.com\/","name":"Selleetools.com","description":"","publisher":{"@id":"https:\/\/selleetools.com\/#organization"},"potentialAction":[{"@type":"SearchAction","target":{"@type":"EntryPoint","urlTemplate":"https:\/\/selleetools.com\/?s={search_term_string}"},"query-input":"required name=search_term_string"}],"inLanguage":"pl-PL"},{"@type":"WebPage","@id":"https:\/\/admincentral.selleetools.com\/product\/romnd-glasting-melting-balm-03-sorbet-balm-3-5-g-balsam-do-ust\/","url":"https:\/\/admincentral.selleetools.com\/product\/romnd-glasting-melting-balm-03-sorbet-balm-3-5-g-balsam-do-ust\/","name":"rom&nd Glasting Melting Balm 03 Sorbet balm 3.5 g - Balsam do ust - Selleetools.com","isPartOf":{"@id":"https:\/\/selleetools.com\/#website"},"datePublished":"2025-10-24T11:34:04+00:00","dateModified":"2025-12-03T22:27:49+00:00","breadcrumb":{"@id":"https:\/\/admincentral.selleetools.com\/product\/romnd-glasting-melting-balm-03-sorbet-balm-3-5-g-balsam-do-ust\/#breadcrumb"},"inLanguage":"pl-PL","potentialAction":[{"@type":"ReadAction","target":["https:\/\/admincentral.selleetools.com\/product\/romnd-glasting-melting-balm-03-sorbet-balm-3-5-g-balsam-do-ust\/"]}]},{"@type":"BreadcrumbList","@id":"https:\/\/admincentral.selleetools.com\/product\/romnd-glasting-melting-balm-03-sorbet-balm-3-5-g-balsam-do-ust\/#breadcrumb","itemListElement":[{"@type":"ListItem","position":1,"name":"Home","item":"https:\/\/selleetools.com\/pl\/"},{"@type":"ListItem","position":2,"name":"Katalog","item":"https:\/\/selleetools.com\/pl\/katalog\/"},{"@type":"ListItem","position":3,"name":"rom&#038;nd Glasting Melting Balm 03 Sorbet balm 3.5 g &#8211; Balsam do ust"}]}]}},"_links":{"self":[{"href":"https:\/\/selleetools.com\/pl\/wp-json\/wp\/v2\/product\/605129"}],"collection":[{"href":"https:\/\/selleetools.com\/pl\/wp-json\/wp\/v2\/product"}],"about":[{"href":"https:\/\/selleetools.com\/pl\/wp-json\/wp\/v2\/types\/product"}],"replies":[{"embeddable":true,"href":"https:\/\/selleetools.com\/pl\/wp-json\/wp\/v2\/comments?post=605129"}],"wp:featuredmedia":[{"embeddable":true,"href":"https:\/\/selleetools.com\/pl\/wp-json\/wp\/v2\/media\/605127"}],"wp:attachment":[{"href":"https:\/\/selleetools.com\/pl\/wp-json\/wp\/v2\/media?parent=605129"}],"curies":[{"name":"wp","href":"https:\/\/api.w.org\/{rel}","templated":true}]}}