{"id":605123,"date":"2025-10-24T13:33:59","date_gmt":"2025-10-24T11:33:59","guid":{"rendered":"https:\/\/selleetools.com\/?post_type=product&#038;p=605123"},"modified":"2026-02-25T19:10:15","modified_gmt":"2026-02-25T18:10:15","slug":"romnd-glasting-melting-balm-01-coco-nude-3-5-g-balsam-do-ust","status":"publish","type":"product","link":"https:\/\/selleetools.com\/pl\/product\/romnd-glasting-melting-balm-01-coco-nude-3-5-g-balsam-do-ust\/","title":{"rendered":"rom&#038;nd Glasting Melting Balm 01 Coco Nude 3.5 g &#8211; Balsam do ust"},"content":{"rendered":"<p>rom&#038;nd Glasting Melting Balm 01 Coco Nude to wyj\u0105tkowy kosmetyk do piel\u0119gnacji ust, kt\u00f3ry \u0142\u0105czy w sobie w\u0142a\u015bciwo\u015bci nawil\u017caj\u0105ce i od\u017cywcze. Ten balsam do ust, dzi\u0119ki swojej jedwabistej konsystencji, doskonale nawil\u017ca i wyg\u0142adza usta, jednocze\u015bnie nadaj\u0105c im subtelny, naturalny odcie\u0144. Formu\u0142a wzbogacona jest o olejki i sk\u0142adniki od\u017cywcze, kt\u00f3re intensywnie piel\u0119gnuj\u0105 delikatn\u0105 sk\u00f3r\u0119 warg, chroni\u0105c j\u0105 przed przesuszeniem i szorstko\u015bci\u0105.<\/p>\n<p>Korzy\u015bci dla sk\u00f3ry:<br \/>\nG\u0142\u0119bokie nawil\u017cenie i od\u017cywienie<br \/>\nWyg\u0142adzenie i zmi\u0119kczenie ust<br \/>\nNaturalny, elegancki kolor \u201eCoco Nude\u201d<\/p>\n<p>Spos\u00f3b u\u017cycia:<br \/>\nNanie\u015b balsam na usta za pomoc\u0105 palca lub aplikatora. Stosuj codziennie, aby utrzyma\u0107 usta w doskona\u0142ej kondycji. Mo\u017cna u\u017cywa\u0107 samodzielnie lub na\u0142o\u017cony na ulubiony cie\u0144 do ust dla dodatkowego blasku.<\/p>\n","protected":false},"excerpt":{"rendered":"<p>rom&#038;nd Glasting Melting Balm 01 Coco Nude to wyj\u0105tkowy kosmetyk do piel\u0119gnacji ust, kt\u00f3ry \u0142\u0105czy w sobie w\u0142a\u015bciwo\u015bci nawil\u017caj\u0105ce i od\u017cywcze. Ten balsam do ust, dzi\u0119ki swojej jedwabistej konsystencji, doskonale nawil\u017ca i wyg\u0142adza usta, jednocze\u015bnie nadaj\u0105c im subtelny, naturalny odcie\u0144. Formu\u0142a wzbogacona jest o olejki i sk\u0142adniki od\u017cywcze, kt\u00f3re intensywnie piel\u0119gnuj\u0105 delikatn\u0105 sk\u00f3r\u0119 warg, chroni\u0105c &#8230; <a title=\"rom&#038;nd Glasting Melting Balm 01 Coco Nude 3.5 g &#8211; Balsam do ust\" class=\"read-more\" href=\"https:\/\/selleetools.com\/pl\/product\/romnd-glasting-melting-balm-01-coco-nude-3-5-g-balsam-do-ust\/\">Read more<span class=\"screen-reader-text\">rom&#038;nd Glasting Melting Balm 01 Coco Nude 3.5 g &#8211; Balsam do ust<\/span><\/a><\/p>\n","protected":false},"featured_media":605119,"comment_status":"open","ping_status":"closed","template":"","meta":{"_links_to":"","_links_to_target":""},"yoast_head":"<!-- This site is optimized with the Yoast SEO plugin v19.4 - https:\/\/yoast.com\/wordpress\/plugins\/seo\/ -->\n<title>rom&amp;nd Glasting Melting Balm 01 Coco Nude 3.5 g - Balsam do ust - Selleetools.com<\/title>\n<meta name=\"robots\" content=\"index, follow, max-snippet:-1, max-image-preview:large, max-video-preview:-1\" \/>\n<link rel=\"canonical\" href=\"https:\/\/selleetools.com\/pl\/product\/romnd-glasting-melting-balm-01-coco-nude-3-5-g-balsam-do-ust\/\" \/>\n<meta property=\"og:locale\" content=\"pl_PL\" \/>\n<meta property=\"og:type\" content=\"article\" \/>\n<meta property=\"og:title\" content=\"rom&amp;nd Glasting Melting Balm 01 Coco Nude 3.5 g - Balsam do ust - Selleetools.com\" \/>\n<meta property=\"og:description\" content=\"rom&#038;nd Glasting Melting Balm 01 Coco Nude to wyj\u0105tkowy kosmetyk do piel\u0119gnacji ust, kt\u00f3ry \u0142\u0105czy w sobie w\u0142a\u015bciwo\u015bci nawil\u017caj\u0105ce i od\u017cywcze. Ten balsam do ust, dzi\u0119ki swojej jedwabistej konsystencji, doskonale nawil\u017ca i wyg\u0142adza usta, jednocze\u015bnie nadaj\u0105c im subtelny, naturalny odcie\u0144. Formu\u0142a wzbogacona jest o olejki i sk\u0142adniki od\u017cywcze, kt\u00f3re intensywnie piel\u0119gnuj\u0105 delikatn\u0105 sk\u00f3r\u0119 warg, chroni\u0105c ... Read morerom&#038;nd Glasting Melting Balm 01 Coco Nude 3.5 g &#8211; Balsam do ust\" \/>\n<meta property=\"og:url\" content=\"https:\/\/selleetools.com\/pl\/product\/romnd-glasting-melting-balm-01-coco-nude-3-5-g-balsam-do-ust\/\" \/>\n<meta property=\"og:site_name\" content=\"Selleetools.com\" \/>\n<meta property=\"article:modified_time\" content=\"2026-02-25T18:10:15+00:00\" \/>\n<meta property=\"og:image\" content=\"https:\/\/selleetools.com\/wp-content\/uploads\/2025\/10\/2dcd7607b9f73877573054c13afc02f9.jpg\" \/>\n\t<meta property=\"og:image:width\" content=\"433\" \/>\n\t<meta property=\"og:image:height\" content=\"759\" \/>\n\t<meta property=\"og:image:type\" content=\"image\/jpeg\" \/>\n<meta name=\"twitter:card\" content=\"summary_large_image\" \/>\n<meta name=\"twitter:label1\" content=\"Est. reading time\" \/>\n\t<meta name=\"twitter:data1\" content=\"1 minuta\" \/>\n<!-- \/ Yoast SEO plugin. -->","yoast_head_json":{"title":"rom&nd Glasting Melting Balm 01 Coco Nude 3.5 g - Balsam do ust - Selleetools.com","robots":{"index":"index","follow":"follow","max-snippet":"max-snippet:-1","max-image-preview":"max-image-preview:large","max-video-preview":"max-video-preview:-1"},"canonical":"https:\/\/selleetools.com\/pl\/product\/romnd-glasting-melting-balm-01-coco-nude-3-5-g-balsam-do-ust\/","og_locale":"pl_PL","og_type":"article","og_title":"rom&nd Glasting Melting Balm 01 Coco Nude 3.5 g - Balsam do ust - Selleetools.com","og_description":"rom&#038;nd Glasting Melting Balm 01 Coco Nude to wyj\u0105tkowy kosmetyk do piel\u0119gnacji ust, kt\u00f3ry \u0142\u0105czy w sobie w\u0142a\u015bciwo\u015bci nawil\u017caj\u0105ce i od\u017cywcze. Ten balsam do ust, dzi\u0119ki swojej jedwabistej konsystencji, doskonale nawil\u017ca i wyg\u0142adza usta, jednocze\u015bnie nadaj\u0105c im subtelny, naturalny odcie\u0144. Formu\u0142a wzbogacona jest o olejki i sk\u0142adniki od\u017cywcze, kt\u00f3re intensywnie piel\u0119gnuj\u0105 delikatn\u0105 sk\u00f3r\u0119 warg, chroni\u0105c ... Read morerom&#038;nd Glasting Melting Balm 01 Coco Nude 3.5 g &#8211; Balsam do ust","og_url":"https:\/\/selleetools.com\/pl\/product\/romnd-glasting-melting-balm-01-coco-nude-3-5-g-balsam-do-ust\/","og_site_name":"Selleetools.com","article_modified_time":"2026-02-25T18:10:15+00:00","og_image":[{"width":433,"height":759,"url":"https:\/\/selleetools.com\/wp-content\/uploads\/2025\/10\/2dcd7607b9f73877573054c13afc02f9.jpg","type":"image\/jpeg"}],"twitter_card":"summary_large_image","twitter_misc":{"Est. reading time":"1 minuta"},"schema":{"@context":"https:\/\/schema.org","@graph":[{"@type":"Organization","@id":"https:\/\/selleetools.com\/#organization","name":"Selleetools","url":"https:\/\/selleetools.com\/","sameAs":[],"logo":{"@type":"ImageObject","inLanguage":"pl-PL","@id":"https:\/\/selleetools.com\/#\/schema\/logo\/image\/","url":"https:\/\/selleetools.com\/wp-content\/uploads\/2021\/10\/logo-dark.png","contentUrl":"https:\/\/selleetools.com\/wp-content\/uploads\/2021\/10\/logo-dark.png","width":320,"height":76,"caption":"Selleetools"},"image":{"@id":"https:\/\/selleetools.com\/#\/schema\/logo\/image\/"}},{"@type":"WebSite","@id":"https:\/\/selleetools.com\/#website","url":"https:\/\/selleetools.com\/","name":"Selleetools.com","description":"","publisher":{"@id":"https:\/\/selleetools.com\/#organization"},"potentialAction":[{"@type":"SearchAction","target":{"@type":"EntryPoint","urlTemplate":"https:\/\/selleetools.com\/?s={search_term_string}"},"query-input":"required name=search_term_string"}],"inLanguage":"pl-PL"},{"@type":"WebPage","@id":"https:\/\/selleetools.com\/pl\/product\/romnd-glasting-melting-balm-01-coco-nude-3-5-g-balsam-do-ust\/","url":"https:\/\/selleetools.com\/pl\/product\/romnd-glasting-melting-balm-01-coco-nude-3-5-g-balsam-do-ust\/","name":"rom&nd Glasting Melting Balm 01 Coco Nude 3.5 g - Balsam do ust - Selleetools.com","isPartOf":{"@id":"https:\/\/selleetools.com\/#website"},"datePublished":"2025-10-24T11:33:59+00:00","dateModified":"2026-02-25T18:10:15+00:00","breadcrumb":{"@id":"https:\/\/selleetools.com\/pl\/product\/romnd-glasting-melting-balm-01-coco-nude-3-5-g-balsam-do-ust\/#breadcrumb"},"inLanguage":"pl-PL","potentialAction":[{"@type":"ReadAction","target":["https:\/\/selleetools.com\/pl\/product\/romnd-glasting-melting-balm-01-coco-nude-3-5-g-balsam-do-ust\/"]}]},{"@type":"BreadcrumbList","@id":"https:\/\/selleetools.com\/pl\/product\/romnd-glasting-melting-balm-01-coco-nude-3-5-g-balsam-do-ust\/#breadcrumb","itemListElement":[{"@type":"ListItem","position":1,"name":"Home","item":"https:\/\/selleetools.com\/pl\/"},{"@type":"ListItem","position":2,"name":"Katalog","item":"https:\/\/selleetools.com\/pl\/katalog\/"},{"@type":"ListItem","position":3,"name":"rom&#038;nd Glasting Melting Balm 01 Coco Nude 3.5 g &#8211; Balsam do ust"}]}]}},"_links":{"self":[{"href":"https:\/\/selleetools.com\/pl\/wp-json\/wp\/v2\/product\/605123"}],"collection":[{"href":"https:\/\/selleetools.com\/pl\/wp-json\/wp\/v2\/product"}],"about":[{"href":"https:\/\/selleetools.com\/pl\/wp-json\/wp\/v2\/types\/product"}],"replies":[{"embeddable":true,"href":"https:\/\/selleetools.com\/pl\/wp-json\/wp\/v2\/comments?post=605123"}],"wp:featuredmedia":[{"embeddable":true,"href":"https:\/\/selleetools.com\/pl\/wp-json\/wp\/v2\/media\/605119"}],"wp:attachment":[{"href":"https:\/\/selleetools.com\/pl\/wp-json\/wp\/v2\/media?parent=605123"}],"curies":[{"name":"wp","href":"https:\/\/api.w.org\/{rel}","templated":true}]}}