{"id":605103,"date":"2025-10-24T13:33:41","date_gmt":"2025-10-24T11:33:41","guid":{"rendered":"https:\/\/selleetools.com\/?post_type=product&#038;p=605103"},"modified":"2025-11-03T17:09:02","modified_gmt":"2025-11-03T16:09:02","slug":"romnd-bare-water-cushion-05-sand-25-20-g-lekki-podklad-w-formie-cushion","status":"publish","type":"product","link":"https:\/\/selleetools.com\/pl\/product\/romnd-bare-water-cushion-05-sand-25-20-g-lekki-podklad-w-formie-cushion\/","title":{"rendered":"rom&#038;nd Bare Water Cushion 05 Sand 25 20 g &#8211; Lekki podk\u0142ad w formie cushion"},"content":{"rendered":"<p>Rom&#038;nd Bare Water Cushion 05 Sand 25 to lekki podk\u0142ad w formie cushion, kt\u00f3ry zapewnia naturalne wyko\u0144czenie i doskona\u0142e krycie. Dzi\u0119ki swojej unikalnej formule, ten podk\u0142ad nawil\u017ca sk\u00f3r\u0119, jednocze\u015bnie oferuj\u0105c d\u0142ugotrwa\u0142e wyg\u0142adzenie i ujednolicenie kolorytu cery.<\/p>\n<p>Korzy\u015bci dla sk\u00f3ry:<br \/>\nNawil\u017cenie: Formu\u0142a wzbogacona o nawil\u017caj\u0105ce sk\u0142adniki dba o sk\u00f3r\u0119, zapobiegaj\u0105c jej wysuszaniu.<br \/>\nNaturalne wyko\u0144czenie: Lekka konsystencja zapewnia naturalny efekt, kt\u00f3ry wygl\u0105da \u015bwie\u017co i zdrowo.<br \/>\nD\u0142ugotrwa\u0142e krycie: Doskona\u0142e do maskowania niedoskona\u0142o\u015bci i jednolitego wyr\u00f3wnania kolorytu.<br \/>\nWygodne opakowanie: Cushion w formie kompaktowej g\u0105bki jest idealny do aplikacji i \u0142atwy w u\u017cyciu.<\/p>\n<p>Spos\u00f3b u\u017cycia:<br \/>\nNa\u0142\u00f3\u017c podk\u0142ad za pomoc\u0105 do\u0142\u0105czonej g\u0105beczki, delikatnie wklepuj\u0105c go w sk\u00f3r\u0119, aby uzyska\u0107 r\u00f3wnomierne pokrycie. Mo\u017cna stosowa\u0107 samodzielnie lub jako baz\u0119 pod makija\u017c. Aplikacj\u0119 mo\u017cna powtarza\u0107 w celu uzyskania dodatkowego krycia lub od\u015bwie\u017cenia wygl\u0105du w ci\u0105gu dnia.<\/p>\n","protected":false},"excerpt":{"rendered":"<p>Rom&#038;nd Bare Water Cushion 05 Sand 25 to lekki podk\u0142ad w formie cushion, kt\u00f3ry zapewnia naturalne wyko\u0144czenie i doskona\u0142e krycie. Dzi\u0119ki swojej unikalnej formule, ten podk\u0142ad nawil\u017ca sk\u00f3r\u0119, jednocze\u015bnie oferuj\u0105c d\u0142ugotrwa\u0142e wyg\u0142adzenie i ujednolicenie kolorytu cery. Korzy\u015bci dla sk\u00f3ry: Nawil\u017cenie: Formu\u0142a wzbogacona o nawil\u017caj\u0105ce sk\u0142adniki dba o sk\u00f3r\u0119, zapobiegaj\u0105c jej wysuszaniu. Naturalne wyko\u0144czenie: Lekka konsystencja &#8230; <a title=\"rom&#038;nd Bare Water Cushion 05 Sand 25 20 g &#8211; Lekki podk\u0142ad w formie cushion\" class=\"read-more\" href=\"https:\/\/selleetools.com\/pl\/product\/romnd-bare-water-cushion-05-sand-25-20-g-lekki-podklad-w-formie-cushion\/\">Read more<span class=\"screen-reader-text\">rom&#038;nd Bare Water Cushion 05 Sand 25 20 g &#8211; Lekki podk\u0142ad w formie cushion<\/span><\/a><\/p>\n","protected":false},"featured_media":605099,"comment_status":"open","ping_status":"closed","template":"","meta":{"_links_to":"","_links_to_target":""},"yoast_head":"<!-- This site is optimized with the Yoast SEO plugin v19.4 - https:\/\/yoast.com\/wordpress\/plugins\/seo\/ -->\n<title>rom&amp;nd Bare Water Cushion 05 Sand 25 20 g - Lekki podk\u0142ad w formie cushion - Selleetools.com<\/title>\n<meta name=\"robots\" content=\"index, follow, max-snippet:-1, max-image-preview:large, max-video-preview:-1\" \/>\n<link rel=\"canonical\" href=\"https:\/\/admincentral.selleetools.com\/pl\/product\/romnd-bare-water-cushion-05-sand-25-20-g-lekki-podklad-w-formie-cushion\/\" \/>\n<meta property=\"og:locale\" content=\"pl_PL\" \/>\n<meta property=\"og:type\" content=\"article\" \/>\n<meta property=\"og:title\" content=\"rom&amp;nd Bare Water Cushion 05 Sand 25 20 g - Lekki podk\u0142ad w formie cushion - Selleetools.com\" \/>\n<meta property=\"og:description\" content=\"Rom&#038;nd Bare Water Cushion 05 Sand 25 to lekki podk\u0142ad w formie cushion, kt\u00f3ry zapewnia naturalne wyko\u0144czenie i doskona\u0142e krycie. Dzi\u0119ki swojej unikalnej formule, ten podk\u0142ad nawil\u017ca sk\u00f3r\u0119, jednocze\u015bnie oferuj\u0105c d\u0142ugotrwa\u0142e wyg\u0142adzenie i ujednolicenie kolorytu cery. Korzy\u015bci dla sk\u00f3ry: Nawil\u017cenie: Formu\u0142a wzbogacona o nawil\u017caj\u0105ce sk\u0142adniki dba o sk\u00f3r\u0119, zapobiegaj\u0105c jej wysuszaniu. Naturalne wyko\u0144czenie: Lekka konsystencja ... Read morerom&#038;nd Bare Water Cushion 05 Sand 25 20 g &#8211; Lekki podk\u0142ad w formie cushion\" \/>\n<meta property=\"og:url\" content=\"https:\/\/admincentral.selleetools.com\/pl\/product\/romnd-bare-water-cushion-05-sand-25-20-g-lekki-podklad-w-formie-cushion\/\" \/>\n<meta property=\"og:site_name\" content=\"Selleetools.com\" \/>\n<meta property=\"article:modified_time\" content=\"2025-11-03T16:09:02+00:00\" \/>\n<meta property=\"og:image\" content=\"https:\/\/selleetools.com\/wp-content\/uploads\/2025\/10\/37523e94b832de7d097b35911820e289.jpg\" \/>\n\t<meta property=\"og:image:width\" content=\"1000\" \/>\n\t<meta property=\"og:image:height\" content=\"1000\" \/>\n\t<meta property=\"og:image:type\" content=\"image\/jpeg\" \/>\n<meta name=\"twitter:card\" content=\"summary_large_image\" \/>\n<meta name=\"twitter:label1\" content=\"Est. reading time\" \/>\n\t<meta name=\"twitter:data1\" content=\"1 minuta\" \/>\n<!-- \/ Yoast SEO plugin. -->","yoast_head_json":{"title":"rom&nd Bare Water Cushion 05 Sand 25 20 g - Lekki podk\u0142ad w formie cushion - Selleetools.com","robots":{"index":"index","follow":"follow","max-snippet":"max-snippet:-1","max-image-preview":"max-image-preview:large","max-video-preview":"max-video-preview:-1"},"canonical":"https:\/\/admincentral.selleetools.com\/pl\/product\/romnd-bare-water-cushion-05-sand-25-20-g-lekki-podklad-w-formie-cushion\/","og_locale":"pl_PL","og_type":"article","og_title":"rom&nd Bare Water Cushion 05 Sand 25 20 g - Lekki podk\u0142ad w formie cushion - Selleetools.com","og_description":"Rom&#038;nd Bare Water Cushion 05 Sand 25 to lekki podk\u0142ad w formie cushion, kt\u00f3ry zapewnia naturalne wyko\u0144czenie i doskona\u0142e krycie. Dzi\u0119ki swojej unikalnej formule, ten podk\u0142ad nawil\u017ca sk\u00f3r\u0119, jednocze\u015bnie oferuj\u0105c d\u0142ugotrwa\u0142e wyg\u0142adzenie i ujednolicenie kolorytu cery. Korzy\u015bci dla sk\u00f3ry: Nawil\u017cenie: Formu\u0142a wzbogacona o nawil\u017caj\u0105ce sk\u0142adniki dba o sk\u00f3r\u0119, zapobiegaj\u0105c jej wysuszaniu. Naturalne wyko\u0144czenie: Lekka konsystencja ... Read morerom&#038;nd Bare Water Cushion 05 Sand 25 20 g &#8211; Lekki podk\u0142ad w formie cushion","og_url":"https:\/\/admincentral.selleetools.com\/pl\/product\/romnd-bare-water-cushion-05-sand-25-20-g-lekki-podklad-w-formie-cushion\/","og_site_name":"Selleetools.com","article_modified_time":"2025-11-03T16:09:02+00:00","og_image":[{"width":1000,"height":1000,"url":"https:\/\/selleetools.com\/wp-content\/uploads\/2025\/10\/37523e94b832de7d097b35911820e289.jpg","type":"image\/jpeg"}],"twitter_card":"summary_large_image","twitter_misc":{"Est. reading time":"1 minuta"},"schema":{"@context":"https:\/\/schema.org","@graph":[{"@type":"Organization","@id":"https:\/\/selleetools.com\/#organization","name":"Selleetools","url":"https:\/\/selleetools.com\/","sameAs":[],"logo":{"@type":"ImageObject","inLanguage":"pl-PL","@id":"https:\/\/selleetools.com\/#\/schema\/logo\/image\/","url":"https:\/\/selleetools.com\/wp-content\/uploads\/2021\/10\/logo-dark.png","contentUrl":"https:\/\/selleetools.com\/wp-content\/uploads\/2021\/10\/logo-dark.png","width":320,"height":76,"caption":"Selleetools"},"image":{"@id":"https:\/\/selleetools.com\/#\/schema\/logo\/image\/"}},{"@type":"WebSite","@id":"https:\/\/selleetools.com\/#website","url":"https:\/\/selleetools.com\/","name":"Selleetools.com","description":"","publisher":{"@id":"https:\/\/selleetools.com\/#organization"},"potentialAction":[{"@type":"SearchAction","target":{"@type":"EntryPoint","urlTemplate":"https:\/\/selleetools.com\/?s={search_term_string}"},"query-input":"required name=search_term_string"}],"inLanguage":"pl-PL"},{"@type":"WebPage","@id":"https:\/\/admincentral.selleetools.com\/pl\/product\/romnd-bare-water-cushion-05-sand-25-20-g-lekki-podklad-w-formie-cushion\/","url":"https:\/\/admincentral.selleetools.com\/pl\/product\/romnd-bare-water-cushion-05-sand-25-20-g-lekki-podklad-w-formie-cushion\/","name":"rom&nd Bare Water Cushion 05 Sand 25 20 g - Lekki podk\u0142ad w formie cushion - Selleetools.com","isPartOf":{"@id":"https:\/\/selleetools.com\/#website"},"datePublished":"2025-10-24T11:33:41+00:00","dateModified":"2025-11-03T16:09:02+00:00","breadcrumb":{"@id":"https:\/\/admincentral.selleetools.com\/pl\/product\/romnd-bare-water-cushion-05-sand-25-20-g-lekki-podklad-w-formie-cushion\/#breadcrumb"},"inLanguage":"pl-PL","potentialAction":[{"@type":"ReadAction","target":["https:\/\/admincentral.selleetools.com\/pl\/product\/romnd-bare-water-cushion-05-sand-25-20-g-lekki-podklad-w-formie-cushion\/"]}]},{"@type":"BreadcrumbList","@id":"https:\/\/admincentral.selleetools.com\/pl\/product\/romnd-bare-water-cushion-05-sand-25-20-g-lekki-podklad-w-formie-cushion\/#breadcrumb","itemListElement":[{"@type":"ListItem","position":1,"name":"Home","item":"https:\/\/selleetools.com\/pl\/"},{"@type":"ListItem","position":2,"name":"Katalog","item":"https:\/\/selleetools.com\/pl\/katalog\/"},{"@type":"ListItem","position":3,"name":"rom&#038;nd Bare Water Cushion 05 Sand 25 20 g &#8211; Lekki podk\u0142ad w formie cushion"}]}]}},"_links":{"self":[{"href":"https:\/\/selleetools.com\/pl\/wp-json\/wp\/v2\/product\/605103"}],"collection":[{"href":"https:\/\/selleetools.com\/pl\/wp-json\/wp\/v2\/product"}],"about":[{"href":"https:\/\/selleetools.com\/pl\/wp-json\/wp\/v2\/types\/product"}],"replies":[{"embeddable":true,"href":"https:\/\/selleetools.com\/pl\/wp-json\/wp\/v2\/comments?post=605103"}],"wp:featuredmedia":[{"embeddable":true,"href":"https:\/\/selleetools.com\/pl\/wp-json\/wp\/v2\/media\/605099"}],"wp:attachment":[{"href":"https:\/\/selleetools.com\/pl\/wp-json\/wp\/v2\/media?parent=605103"}],"curies":[{"name":"wp","href":"https:\/\/api.w.org\/{rel}","templated":true}]}}