{"id":605062,"date":"2025-10-24T13:33:11","date_gmt":"2025-10-24T11:33:11","guid":{"rendered":"https:\/\/selleetools.com\/?post_type=product&#038;p=605062"},"modified":"2025-11-04T20:14:41","modified_gmt":"2025-11-04T19:14:41","slug":"pyunkang-yul-low-ph-cleansing-pad-140-ml-70-pcs-platki-oczyszczajace","status":"publish","type":"product","link":"https:\/\/selleetools.com\/pl\/product\/pyunkang-yul-low-ph-cleansing-pad-140-ml-70-pcs-platki-oczyszczajace\/","title":{"rendered":"Pyunkang yul Low pH Cleansing Pad 140 ml 70 pcs &#8211; P\u0142atki oczyszczaj\u0105ce"},"content":{"rendered":"<p>Pyunkang Yul Low pH Cleansing Pad to delikatne, nas\u0105czone p\u0142atki oczyszczaj\u0105ce o fizjologicznym pH, stworzone z my\u015bl\u0105 o wra\u017cliwej i sk\u0142onnej do podra\u017cnie\u0144 sk\u00f3rze. Skutecznie usuwaj\u0105 resztki makija\u017cu, sebum i zanieczyszczenia, jednocze\u015bnie wspieraj\u0105c barier\u0119 hydrolipidow\u0105 sk\u00f3ry. Wzbogacone ekstraktami ro\u015blinnymi oraz ceramidami, pozostawiaj\u0105 sk\u00f3r\u0119 oczyszczon\u0105, nawil\u017con\u0105 i ukojon\u0105 bez efektu \u015bci\u0105gni\u0119cia.<\/p>\n<p>Korzy\u015bci dla sk\u00f3ry:<br \/>\nDelikatnie, ale skutecznie oczyszczaj\u0105 sk\u00f3r\u0119<br \/>\nPrzywracaj\u0105 prawid\u0142owe pH i wzmacniaj\u0105 barier\u0119 sk\u00f3ry<br \/>\nKoi i \u0142agodzi podra\u017cnienia<br \/>\nNawil\u017caj\u0105 i od\u015bwie\u017caj\u0105 cer\u0119<br \/>\nIdealne do codziennego stosowania, r\u00f3wnie\u017c w podr\u00f3\u017cy<\/p>\n<p>Spos\u00f3b u\u017cycia: Przetrzyj p\u0142atkiem sk\u00f3r\u0119 twarzy, unikaj\u0105c okolic oczu. W razie potrzeby u\u017cyj drugiej strony p\u0142atka, aby dog\u0142\u0119bnie oczy\u015bci\u0107 sk\u00f3r\u0119. Stosuj jako pierwszy krok piel\u0119gnacji rano lub wieczorem.<\/p>\n","protected":false},"excerpt":{"rendered":"<p>Pyunkang Yul Low pH Cleansing Pad to delikatne, nas\u0105czone p\u0142atki oczyszczaj\u0105ce o fizjologicznym pH, stworzone z my\u015bl\u0105 o wra\u017cliwej i sk\u0142onnej do podra\u017cnie\u0144 sk\u00f3rze. Skutecznie usuwaj\u0105 resztki makija\u017cu, sebum i zanieczyszczenia, jednocze\u015bnie wspieraj\u0105c barier\u0119 hydrolipidow\u0105 sk\u00f3ry. Wzbogacone ekstraktami ro\u015blinnymi oraz ceramidami, pozostawiaj\u0105 sk\u00f3r\u0119 oczyszczon\u0105, nawil\u017con\u0105 i ukojon\u0105 bez efektu \u015bci\u0105gni\u0119cia. Korzy\u015bci dla sk\u00f3ry: Delikatnie, ale &#8230; <a title=\"Pyunkang yul Low pH Cleansing Pad 140 ml 70 pcs &#8211; P\u0142atki oczyszczaj\u0105ce\" class=\"read-more\" href=\"https:\/\/selleetools.com\/pl\/product\/pyunkang-yul-low-ph-cleansing-pad-140-ml-70-pcs-platki-oczyszczajace\/\">Read more<span class=\"screen-reader-text\">Pyunkang yul Low pH Cleansing Pad 140 ml 70 pcs &#8211; P\u0142atki oczyszczaj\u0105ce<\/span><\/a><\/p>\n","protected":false},"featured_media":605060,"comment_status":"open","ping_status":"closed","template":"","meta":{"_links_to":"","_links_to_target":""},"yoast_head":"<!-- This site is optimized with the Yoast SEO plugin v19.4 - https:\/\/yoast.com\/wordpress\/plugins\/seo\/ -->\n<title>Pyunkang yul Low pH Cleansing Pad 140 ml 70 pcs - P\u0142atki oczyszczaj\u0105ce - Selleetools.com<\/title>\n<meta name=\"robots\" content=\"index, follow, max-snippet:-1, max-image-preview:large, max-video-preview:-1\" \/>\n<link rel=\"canonical\" href=\"https:\/\/admincentral.selleetools.com\/pl\/product\/pyunkang-yul-low-ph-cleansing-pad-140-ml-70-pcs-platki-oczyszczajace\/\" \/>\n<meta property=\"og:locale\" content=\"pl_PL\" \/>\n<meta property=\"og:type\" content=\"article\" \/>\n<meta property=\"og:title\" content=\"Pyunkang yul Low pH Cleansing Pad 140 ml 70 pcs - P\u0142atki oczyszczaj\u0105ce - Selleetools.com\" \/>\n<meta property=\"og:description\" content=\"Pyunkang Yul Low pH Cleansing Pad to delikatne, nas\u0105czone p\u0142atki oczyszczaj\u0105ce o fizjologicznym pH, stworzone z my\u015bl\u0105 o wra\u017cliwej i sk\u0142onnej do podra\u017cnie\u0144 sk\u00f3rze. Skutecznie usuwaj\u0105 resztki makija\u017cu, sebum i zanieczyszczenia, jednocze\u015bnie wspieraj\u0105c barier\u0119 hydrolipidow\u0105 sk\u00f3ry. Wzbogacone ekstraktami ro\u015blinnymi oraz ceramidami, pozostawiaj\u0105 sk\u00f3r\u0119 oczyszczon\u0105, nawil\u017con\u0105 i ukojon\u0105 bez efektu \u015bci\u0105gni\u0119cia. Korzy\u015bci dla sk\u00f3ry: Delikatnie, ale ... Read morePyunkang yul Low pH Cleansing Pad 140 ml 70 pcs &#8211; P\u0142atki oczyszczaj\u0105ce\" \/>\n<meta property=\"og:url\" content=\"https:\/\/admincentral.selleetools.com\/pl\/product\/pyunkang-yul-low-ph-cleansing-pad-140-ml-70-pcs-platki-oczyszczajace\/\" \/>\n<meta property=\"og:site_name\" content=\"Selleetools.com\" \/>\n<meta property=\"article:modified_time\" content=\"2025-11-04T19:14:41+00:00\" \/>\n<meta property=\"og:image\" content=\"https:\/\/selleetools.com\/wp-content\/uploads\/2025\/10\/b9dfd273d0a2e00a3b1ff5d190c04ef3.jpg\" \/>\n\t<meta property=\"og:image:width\" content=\"522\" \/>\n\t<meta property=\"og:image:height\" content=\"522\" \/>\n\t<meta property=\"og:image:type\" content=\"image\/jpeg\" \/>\n<meta name=\"twitter:card\" content=\"summary_large_image\" \/>\n<meta name=\"twitter:label1\" content=\"Est. reading time\" \/>\n\t<meta name=\"twitter:data1\" content=\"1 minuta\" \/>\n<!-- \/ Yoast SEO plugin. -->","yoast_head_json":{"title":"Pyunkang yul Low pH Cleansing Pad 140 ml 70 pcs - P\u0142atki oczyszczaj\u0105ce - Selleetools.com","robots":{"index":"index","follow":"follow","max-snippet":"max-snippet:-1","max-image-preview":"max-image-preview:large","max-video-preview":"max-video-preview:-1"},"canonical":"https:\/\/admincentral.selleetools.com\/pl\/product\/pyunkang-yul-low-ph-cleansing-pad-140-ml-70-pcs-platki-oczyszczajace\/","og_locale":"pl_PL","og_type":"article","og_title":"Pyunkang yul Low pH Cleansing Pad 140 ml 70 pcs - P\u0142atki oczyszczaj\u0105ce - Selleetools.com","og_description":"Pyunkang Yul Low pH Cleansing Pad to delikatne, nas\u0105czone p\u0142atki oczyszczaj\u0105ce o fizjologicznym pH, stworzone z my\u015bl\u0105 o wra\u017cliwej i sk\u0142onnej do podra\u017cnie\u0144 sk\u00f3rze. Skutecznie usuwaj\u0105 resztki makija\u017cu, sebum i zanieczyszczenia, jednocze\u015bnie wspieraj\u0105c barier\u0119 hydrolipidow\u0105 sk\u00f3ry. Wzbogacone ekstraktami ro\u015blinnymi oraz ceramidami, pozostawiaj\u0105 sk\u00f3r\u0119 oczyszczon\u0105, nawil\u017con\u0105 i ukojon\u0105 bez efektu \u015bci\u0105gni\u0119cia. Korzy\u015bci dla sk\u00f3ry: Delikatnie, ale ... Read morePyunkang yul Low pH Cleansing Pad 140 ml 70 pcs &#8211; P\u0142atki oczyszczaj\u0105ce","og_url":"https:\/\/admincentral.selleetools.com\/pl\/product\/pyunkang-yul-low-ph-cleansing-pad-140-ml-70-pcs-platki-oczyszczajace\/","og_site_name":"Selleetools.com","article_modified_time":"2025-11-04T19:14:41+00:00","og_image":[{"width":522,"height":522,"url":"https:\/\/selleetools.com\/wp-content\/uploads\/2025\/10\/b9dfd273d0a2e00a3b1ff5d190c04ef3.jpg","type":"image\/jpeg"}],"twitter_card":"summary_large_image","twitter_misc":{"Est. reading time":"1 minuta"},"schema":{"@context":"https:\/\/schema.org","@graph":[{"@type":"Organization","@id":"https:\/\/selleetools.com\/#organization","name":"Selleetools","url":"https:\/\/selleetools.com\/","sameAs":[],"logo":{"@type":"ImageObject","inLanguage":"pl-PL","@id":"https:\/\/selleetools.com\/#\/schema\/logo\/image\/","url":"https:\/\/selleetools.com\/wp-content\/uploads\/2021\/10\/logo-dark.png","contentUrl":"https:\/\/selleetools.com\/wp-content\/uploads\/2021\/10\/logo-dark.png","width":320,"height":76,"caption":"Selleetools"},"image":{"@id":"https:\/\/selleetools.com\/#\/schema\/logo\/image\/"}},{"@type":"WebSite","@id":"https:\/\/selleetools.com\/#website","url":"https:\/\/selleetools.com\/","name":"Selleetools.com","description":"","publisher":{"@id":"https:\/\/selleetools.com\/#organization"},"potentialAction":[{"@type":"SearchAction","target":{"@type":"EntryPoint","urlTemplate":"https:\/\/selleetools.com\/?s={search_term_string}"},"query-input":"required name=search_term_string"}],"inLanguage":"pl-PL"},{"@type":"WebPage","@id":"https:\/\/admincentral.selleetools.com\/pl\/product\/pyunkang-yul-low-ph-cleansing-pad-140-ml-70-pcs-platki-oczyszczajace\/","url":"https:\/\/admincentral.selleetools.com\/pl\/product\/pyunkang-yul-low-ph-cleansing-pad-140-ml-70-pcs-platki-oczyszczajace\/","name":"Pyunkang yul Low pH Cleansing Pad 140 ml 70 pcs - P\u0142atki oczyszczaj\u0105ce - Selleetools.com","isPartOf":{"@id":"https:\/\/selleetools.com\/#website"},"datePublished":"2025-10-24T11:33:11+00:00","dateModified":"2025-11-04T19:14:41+00:00","breadcrumb":{"@id":"https:\/\/admincentral.selleetools.com\/pl\/product\/pyunkang-yul-low-ph-cleansing-pad-140-ml-70-pcs-platki-oczyszczajace\/#breadcrumb"},"inLanguage":"pl-PL","potentialAction":[{"@type":"ReadAction","target":["https:\/\/admincentral.selleetools.com\/pl\/product\/pyunkang-yul-low-ph-cleansing-pad-140-ml-70-pcs-platki-oczyszczajace\/"]}]},{"@type":"BreadcrumbList","@id":"https:\/\/admincentral.selleetools.com\/pl\/product\/pyunkang-yul-low-ph-cleansing-pad-140-ml-70-pcs-platki-oczyszczajace\/#breadcrumb","itemListElement":[{"@type":"ListItem","position":1,"name":"Home","item":"https:\/\/selleetools.com\/pl\/"},{"@type":"ListItem","position":2,"name":"Katalog","item":"https:\/\/selleetools.com\/pl\/katalog\/"},{"@type":"ListItem","position":3,"name":"Pyunkang yul Low pH Cleansing Pad 140 ml 70 pcs &#8211; P\u0142atki oczyszczaj\u0105ce"}]}]}},"_links":{"self":[{"href":"https:\/\/selleetools.com\/pl\/wp-json\/wp\/v2\/product\/605062"}],"collection":[{"href":"https:\/\/selleetools.com\/pl\/wp-json\/wp\/v2\/product"}],"about":[{"href":"https:\/\/selleetools.com\/pl\/wp-json\/wp\/v2\/types\/product"}],"replies":[{"embeddable":true,"href":"https:\/\/selleetools.com\/pl\/wp-json\/wp\/v2\/comments?post=605062"}],"wp:featuredmedia":[{"embeddable":true,"href":"https:\/\/selleetools.com\/pl\/wp-json\/wp\/v2\/media\/605060"}],"wp:attachment":[{"href":"https:\/\/selleetools.com\/pl\/wp-json\/wp\/v2\/media?parent=605062"}],"curies":[{"name":"wp","href":"https:\/\/api.w.org\/{rel}","templated":true}]}}