{"id":605044,"date":"2025-10-24T13:32:57","date_gmt":"2025-10-24T11:32:57","guid":{"rendered":"https:\/\/selleetools.com\/?post_type=product&#038;p=605044"},"modified":"2025-11-04T20:14:25","modified_gmt":"2025-11-04T19:14:25","slug":"heimish-dailism-lip-gloss-nudie-rose-4-g-nawilzajacy-blyszczyk-do-ust","status":"publish","type":"product","link":"https:\/\/selleetools.com\/pl\/product\/heimish-dailism-lip-gloss-nudie-rose-4-g-nawilzajacy-blyszczyk-do-ust\/","title":{"rendered":"Heimish Dailism Lip Gloss Nudie Rose, 4 g &#8211; Nawil\u017caj\u0105cy b\u0142yszczyk do ust"},"content":{"rendered":"<p>Heimish Dailism Lip Gloss Nudie Rose to luksusowy b\u0142yszczyk do ust, kt\u00f3ry zapewnia intensywny kolor i wyj\u0105tkowy po\u0142ysk. Zamkni\u0119ty w eleganckim, kompaktowym opakowaniu, ten produkt jest idealnym dodatkiem do ka\u017cdej kosmetyczki. B\u0142yszczyk dodaje ustom zmys\u0142owo\u015bci i elegancji.<\/p>\n<p>Korzy\u015bci dla Sk\u00f3ry<br \/>\nNawil\u017cenie: Formu\u0142a b\u0142yszczyka zawiera sk\u0142adniki nawil\u017caj\u0105ce, kt\u00f3re pomagaj\u0105 utrzyma\u0107 usta mi\u0119kkie i g\u0142adkie przez ca\u0142y dzie\u0144.<br \/>\nOd\u017cywienie: Dzi\u0119ki zawarto\u015bci naturalnych olejk\u00f3w i witamin, b\u0142yszczyk od\u017cywia sk\u00f3r\u0119 ust, chroni\u0105c j\u0105 przed wysuszeniem i p\u0119kaniem.<br \/>\nOchrona: Dailism Lip Gloss tworzy na ustach ochronn\u0105 warstw\u0119, kt\u00f3ra zabezpiecza przed negatywnym wp\u0142ywem czynnik\u00f3w zewn\u0119trznych, takich jak wiatr czy ch\u0142\u00f3d.<br \/>\nWysoki po\u0142ysk: Specjalna formu\u0142a b\u0142yszczyka zapewnia d\u0142ugotrwa\u0142y, lustrzany po\u0142ysk, kt\u00f3ry nadaje ustom pe\u0142niejszy wygl\u0105d.<\/p>\n<p>Spos\u00f3b U\u017cycia<br \/>\nPrzygotowanie ust: Przed na\u0142o\u017ceniem b\u0142yszczyka, zaleca si\u0119 delikatne z\u0142uszczenie ust, aby usun\u0105\u0107 martwy nask\u00f3rek. Mo\u017cna to zrobi\u0107 za pomoc\u0105 peelingu do ust lub mi\u0119kkiej szczoteczki do z\u0119b\u00f3w.<br \/>\nAplikacja: Na\u0142\u00f3\u017c b\u0142yszczyk bezpo\u015brednio na czyste, suche usta za pomoc\u0105 aplikatora. Zacznij od \u015brodka ust i rozprowad\u017a kolor r\u00f3wnomiernie ku zewn\u0119trznym kraw\u0119dziom.<br \/>\nWzmacnianie efektu: Aby uzyska\u0107 bardziej intensywny kolor, mo\u017cna na\u0142o\u017cy\u0107 kilka warstw b\u0142yszczyka. W przypadku potrzeby, popraw aplikacj\u0119 w ci\u0105gu dnia, aby utrzyma\u0107 efekt b\u0142yszcz\u0105cych i pe\u0142nych ust.<\/p>\n<p>Heimish Dailism Lip Gloss Nudie Rose to doskona\u0142y wyb\u00f3r dla os\u00f3b, kt\u00f3re chc\u0105 doda\u0107 swoim ustom intensywno\u015bci i blasku, jednocze\u015bnie dbaj\u0105c o ich zdrowie i nawil\u017cenie.<\/p>\n","protected":false},"excerpt":{"rendered":"<p>Heimish Dailism Lip Gloss Nudie Rose to luksusowy b\u0142yszczyk do ust, kt\u00f3ry zapewnia intensywny kolor i wyj\u0105tkowy po\u0142ysk. Zamkni\u0119ty w eleganckim, kompaktowym opakowaniu, ten produkt jest idealnym dodatkiem do ka\u017cdej kosmetyczki. B\u0142yszczyk dodaje ustom zmys\u0142owo\u015bci i elegancji. Korzy\u015bci dla Sk\u00f3ry Nawil\u017cenie: Formu\u0142a b\u0142yszczyka zawiera sk\u0142adniki nawil\u017caj\u0105ce, kt\u00f3re pomagaj\u0105 utrzyma\u0107 usta mi\u0119kkie i g\u0142adkie przez ca\u0142y &#8230; <a title=\"Heimish Dailism Lip Gloss Nudie Rose, 4 g &#8211; Nawil\u017caj\u0105cy b\u0142yszczyk do ust\" class=\"read-more\" href=\"https:\/\/selleetools.com\/pl\/product\/heimish-dailism-lip-gloss-nudie-rose-4-g-nawilzajacy-blyszczyk-do-ust\/\">Read more<span class=\"screen-reader-text\">Heimish Dailism Lip Gloss Nudie Rose, 4 g &#8211; Nawil\u017caj\u0105cy b\u0142yszczyk do ust<\/span><\/a><\/p>\n","protected":false},"featured_media":605036,"comment_status":"open","ping_status":"closed","template":"","meta":{"_links_to":"","_links_to_target":""},"yoast_head":"<!-- This site is optimized with the Yoast SEO plugin v19.4 - https:\/\/yoast.com\/wordpress\/plugins\/seo\/ -->\n<title>Heimish Dailism Lip Gloss Nudie Rose, 4 g - Nawil\u017caj\u0105cy b\u0142yszczyk do ust - Selleetools.com<\/title>\n<meta name=\"robots\" content=\"index, follow, max-snippet:-1, max-image-preview:large, max-video-preview:-1\" \/>\n<link rel=\"canonical\" href=\"https:\/\/admincentral.selleetools.com\/pl\/product\/heimish-dailism-lip-gloss-nudie-rose-4-g-nawilzajacy-blyszczyk-do-ust\/\" \/>\n<meta property=\"og:locale\" content=\"pl_PL\" \/>\n<meta property=\"og:type\" content=\"article\" \/>\n<meta property=\"og:title\" content=\"Heimish Dailism Lip Gloss Nudie Rose, 4 g - Nawil\u017caj\u0105cy b\u0142yszczyk do ust - Selleetools.com\" \/>\n<meta property=\"og:description\" content=\"Heimish Dailism Lip Gloss Nudie Rose to luksusowy b\u0142yszczyk do ust, kt\u00f3ry zapewnia intensywny kolor i wyj\u0105tkowy po\u0142ysk. Zamkni\u0119ty w eleganckim, kompaktowym opakowaniu, ten produkt jest idealnym dodatkiem do ka\u017cdej kosmetyczki. B\u0142yszczyk dodaje ustom zmys\u0142owo\u015bci i elegancji. Korzy\u015bci dla Sk\u00f3ry Nawil\u017cenie: Formu\u0142a b\u0142yszczyka zawiera sk\u0142adniki nawil\u017caj\u0105ce, kt\u00f3re pomagaj\u0105 utrzyma\u0107 usta mi\u0119kkie i g\u0142adkie przez ca\u0142y ... Read moreHeimish Dailism Lip Gloss Nudie Rose, 4 g &#8211; Nawil\u017caj\u0105cy b\u0142yszczyk do ust\" \/>\n<meta property=\"og:url\" content=\"https:\/\/admincentral.selleetools.com\/pl\/product\/heimish-dailism-lip-gloss-nudie-rose-4-g-nawilzajacy-blyszczyk-do-ust\/\" \/>\n<meta property=\"og:site_name\" content=\"Selleetools.com\" \/>\n<meta property=\"article:modified_time\" content=\"2025-11-04T19:14:25+00:00\" \/>\n<meta property=\"og:image\" content=\"https:\/\/selleetools.com\/wp-content\/uploads\/2025\/10\/9e853f215b53b32cb88a7f83e075b0c2.png\" \/>\n\t<meta property=\"og:image:width\" content=\"600\" \/>\n\t<meta property=\"og:image:height\" content=\"600\" \/>\n\t<meta property=\"og:image:type\" content=\"image\/png\" \/>\n<meta name=\"twitter:card\" content=\"summary_large_image\" \/>\n<meta name=\"twitter:label1\" content=\"Est. reading time\" \/>\n\t<meta name=\"twitter:data1\" content=\"1 minuta\" \/>\n<!-- \/ Yoast SEO plugin. -->","yoast_head_json":{"title":"Heimish Dailism Lip Gloss Nudie Rose, 4 g - Nawil\u017caj\u0105cy b\u0142yszczyk do ust - Selleetools.com","robots":{"index":"index","follow":"follow","max-snippet":"max-snippet:-1","max-image-preview":"max-image-preview:large","max-video-preview":"max-video-preview:-1"},"canonical":"https:\/\/admincentral.selleetools.com\/pl\/product\/heimish-dailism-lip-gloss-nudie-rose-4-g-nawilzajacy-blyszczyk-do-ust\/","og_locale":"pl_PL","og_type":"article","og_title":"Heimish Dailism Lip Gloss Nudie Rose, 4 g - Nawil\u017caj\u0105cy b\u0142yszczyk do ust - Selleetools.com","og_description":"Heimish Dailism Lip Gloss Nudie Rose to luksusowy b\u0142yszczyk do ust, kt\u00f3ry zapewnia intensywny kolor i wyj\u0105tkowy po\u0142ysk. Zamkni\u0119ty w eleganckim, kompaktowym opakowaniu, ten produkt jest idealnym dodatkiem do ka\u017cdej kosmetyczki. B\u0142yszczyk dodaje ustom zmys\u0142owo\u015bci i elegancji. Korzy\u015bci dla Sk\u00f3ry Nawil\u017cenie: Formu\u0142a b\u0142yszczyka zawiera sk\u0142adniki nawil\u017caj\u0105ce, kt\u00f3re pomagaj\u0105 utrzyma\u0107 usta mi\u0119kkie i g\u0142adkie przez ca\u0142y ... Read moreHeimish Dailism Lip Gloss Nudie Rose, 4 g &#8211; Nawil\u017caj\u0105cy b\u0142yszczyk do ust","og_url":"https:\/\/admincentral.selleetools.com\/pl\/product\/heimish-dailism-lip-gloss-nudie-rose-4-g-nawilzajacy-blyszczyk-do-ust\/","og_site_name":"Selleetools.com","article_modified_time":"2025-11-04T19:14:25+00:00","og_image":[{"width":600,"height":600,"url":"https:\/\/selleetools.com\/wp-content\/uploads\/2025\/10\/9e853f215b53b32cb88a7f83e075b0c2.png","type":"image\/png"}],"twitter_card":"summary_large_image","twitter_misc":{"Est. reading time":"1 minuta"},"schema":{"@context":"https:\/\/schema.org","@graph":[{"@type":"Organization","@id":"https:\/\/selleetools.com\/#organization","name":"Selleetools","url":"https:\/\/selleetools.com\/","sameAs":[],"logo":{"@type":"ImageObject","inLanguage":"pl-PL","@id":"https:\/\/selleetools.com\/#\/schema\/logo\/image\/","url":"https:\/\/selleetools.com\/wp-content\/uploads\/2021\/10\/logo-dark.png","contentUrl":"https:\/\/selleetools.com\/wp-content\/uploads\/2021\/10\/logo-dark.png","width":320,"height":76,"caption":"Selleetools"},"image":{"@id":"https:\/\/selleetools.com\/#\/schema\/logo\/image\/"}},{"@type":"WebSite","@id":"https:\/\/selleetools.com\/#website","url":"https:\/\/selleetools.com\/","name":"Selleetools.com","description":"","publisher":{"@id":"https:\/\/selleetools.com\/#organization"},"potentialAction":[{"@type":"SearchAction","target":{"@type":"EntryPoint","urlTemplate":"https:\/\/selleetools.com\/?s={search_term_string}"},"query-input":"required name=search_term_string"}],"inLanguage":"pl-PL"},{"@type":"WebPage","@id":"https:\/\/admincentral.selleetools.com\/pl\/product\/heimish-dailism-lip-gloss-nudie-rose-4-g-nawilzajacy-blyszczyk-do-ust\/","url":"https:\/\/admincentral.selleetools.com\/pl\/product\/heimish-dailism-lip-gloss-nudie-rose-4-g-nawilzajacy-blyszczyk-do-ust\/","name":"Heimish Dailism Lip Gloss Nudie Rose, 4 g - Nawil\u017caj\u0105cy b\u0142yszczyk do ust - Selleetools.com","isPartOf":{"@id":"https:\/\/selleetools.com\/#website"},"datePublished":"2025-10-24T11:32:57+00:00","dateModified":"2025-11-04T19:14:25+00:00","breadcrumb":{"@id":"https:\/\/admincentral.selleetools.com\/pl\/product\/heimish-dailism-lip-gloss-nudie-rose-4-g-nawilzajacy-blyszczyk-do-ust\/#breadcrumb"},"inLanguage":"pl-PL","potentialAction":[{"@type":"ReadAction","target":["https:\/\/admincentral.selleetools.com\/pl\/product\/heimish-dailism-lip-gloss-nudie-rose-4-g-nawilzajacy-blyszczyk-do-ust\/"]}]},{"@type":"BreadcrumbList","@id":"https:\/\/admincentral.selleetools.com\/pl\/product\/heimish-dailism-lip-gloss-nudie-rose-4-g-nawilzajacy-blyszczyk-do-ust\/#breadcrumb","itemListElement":[{"@type":"ListItem","position":1,"name":"Home","item":"https:\/\/selleetools.com\/pl\/"},{"@type":"ListItem","position":2,"name":"Katalog","item":"https:\/\/selleetools.com\/pl\/katalog\/"},{"@type":"ListItem","position":3,"name":"Heimish Dailism Lip Gloss Nudie Rose, 4 g &#8211; Nawil\u017caj\u0105cy b\u0142yszczyk do ust"}]}]}},"_links":{"self":[{"href":"https:\/\/selleetools.com\/pl\/wp-json\/wp\/v2\/product\/605044"}],"collection":[{"href":"https:\/\/selleetools.com\/pl\/wp-json\/wp\/v2\/product"}],"about":[{"href":"https:\/\/selleetools.com\/pl\/wp-json\/wp\/v2\/types\/product"}],"replies":[{"embeddable":true,"href":"https:\/\/selleetools.com\/pl\/wp-json\/wp\/v2\/comments?post=605044"}],"wp:featuredmedia":[{"embeddable":true,"href":"https:\/\/selleetools.com\/pl\/wp-json\/wp\/v2\/media\/605036"}],"wp:attachment":[{"href":"https:\/\/selleetools.com\/pl\/wp-json\/wp\/v2\/media?parent=605044"}],"curies":[{"name":"wp","href":"https:\/\/api.w.org\/{rel}","templated":true}]}}