{"id":604865,"date":"2025-10-24T13:30:48","date_gmt":"2025-10-24T11:30:48","guid":{"rendered":"https:\/\/selleetools.com\/?post_type=product&#038;p=604865"},"modified":"2026-02-25T19:19:27","modified_gmt":"2026-02-25T18:19:27","slug":"nine-less-b-boost-10-niacinamide-serum-30-ml-serum-z-niacynamidem","status":"publish","type":"product","link":"https:\/\/selleetools.com\/pl\/product\/nine-less-b-boost-10-niacinamide-serum-30-ml-serum-z-niacynamidem\/","title":{"rendered":"NINE LESS B-Boost 10% Niacinamide Serum 30 ml &#8211; Serum z niacynamidem"},"content":{"rendered":"<p>Serum NINE LESS B-Boost 10% Niacinamide to zaawansowany kosmetyk piel\u0119gnacyjny, kt\u00f3ry zosta\u0142 stworzony, aby dostarczy\u0107 sk\u00f3rze pot\u0119\u017cn\u0105 dawk\u0119 niacynamidu, jednego z najskuteczniejszych sk\u0142adnik\u00f3w aktywnych w walce z problemami sk\u00f3rnymi. Produkt ten jest idealny dla os\u00f3b pragn\u0105cych poprawi\u0107 wygl\u0105d swojej cery, redukuj\u0105c niedoskona\u0142o\u015bci i wyr\u00f3wnuj\u0105c koloryt sk\u00f3ry.<\/p>\n<p>Korzy\u015bci dla sk\u00f3ry:<br \/>\nSerum z 10% niacynamidem dzia\u0142a wieloaspektowo, oferuj\u0105c sk\u00f3rze liczne korzy\u015bci:<br \/>\nRedukcja przebarwie\u0144: Regularne stosowanie serum pomaga w widoczny spos\u00f3b zmniejszy\u0107 przebarwienia i plamy pigmentacyjne, nadaj\u0105c sk\u00f3rze jednolity koloryt.<br \/>\nRegulacja wydzielania sebum: Niacynamid pomaga kontrolowa\u0107 nadmierne wydzielanie sebum, co sprawia, \u017ce sk\u00f3ra staje si\u0119 mniej t\u0142usta i bardziej matowa.<br \/>\nPoprawa elastyczno\u015bci: Serum wzmacnia barier\u0119 ochronn\u0105 sk\u00f3ry, wspieraj\u0105c jej elastyczno\u015b\u0107 i g\u0142adko\u015b\u0107.<br \/>\nZmniejszenie widoczno\u015bci por\u00f3w: Niacynamid pomaga zmniejszy\u0107 widoczno\u015b\u0107 por\u00f3w, co daje efekt wyg\u0142adzonej i zdrowo wygl\u0105daj\u0105cej sk\u00f3ry.<br \/>\nDzia\u0142anie przeciwzapalne: Sk\u0142adnik ten \u0142agodzi stany zapalne i podra\u017cnienia, co jest szczeg\u00f3lnie korzystne dla sk\u00f3ry problematycznej i tr\u0105dzikowej.<\/p>\n<p>Spos\u00f3b u\u017cycia:<br \/>\nStosuj serum rano i wieczorem na oczyszczon\u0105 sk\u00f3r\u0119 twarzy. Nanie\u015b kilka kropli na d\u0142o\u0144, a nast\u0119pnie delikatnie wmasuj w sk\u00f3r\u0119, koncentruj\u0105c si\u0119 na obszarach wymagaj\u0105cych szczeg\u00f3lnej uwagi. Po wch\u0142oni\u0119ciu serum, na\u0142\u00f3\u017c odpowiedni krem nawil\u017caj\u0105cy, aby zabezpieczy\u0107 sk\u00f3r\u0119 i utrzyma\u0107 jej nawodnienie. Aby uzyska\u0107 najlepsze rezultaty, stosuj serum regularnie i pami\u0119taj o codziennej ochronie przeciws\u0142onecznej, zw\u0142aszcza rano.<\/p>\n","protected":false},"excerpt":{"rendered":"<p>Serum NINE LESS B-Boost 10% Niacinamide to zaawansowany kosmetyk piel\u0119gnacyjny, kt\u00f3ry zosta\u0142 stworzony, aby dostarczy\u0107 sk\u00f3rze pot\u0119\u017cn\u0105 dawk\u0119 niacynamidu, jednego z najskuteczniejszych sk\u0142adnik\u00f3w aktywnych w walce z problemami sk\u00f3rnymi. Produkt ten jest idealny dla os\u00f3b pragn\u0105cych poprawi\u0107 wygl\u0105d swojej cery, redukuj\u0105c niedoskona\u0142o\u015bci i wyr\u00f3wnuj\u0105c koloryt sk\u00f3ry. Korzy\u015bci dla sk\u00f3ry: Serum z 10% niacynamidem dzia\u0142a wieloaspektowo, &#8230; <a title=\"NINE LESS B-Boost 10% Niacinamide Serum 30 ml &#8211; Serum z niacynamidem\" class=\"read-more\" href=\"https:\/\/selleetools.com\/pl\/product\/nine-less-b-boost-10-niacinamide-serum-30-ml-serum-z-niacynamidem\/\">Read more<span class=\"screen-reader-text\">NINE LESS B-Boost 10% Niacinamide Serum 30 ml &#8211; Serum z niacynamidem<\/span><\/a><\/p>\n","protected":false},"featured_media":604861,"comment_status":"open","ping_status":"closed","template":"","meta":{"_links_to":"","_links_to_target":""},"yoast_head":"<!-- This site is optimized with the Yoast SEO plugin v19.4 - https:\/\/yoast.com\/wordpress\/plugins\/seo\/ -->\n<title>NINE LESS B-Boost 10% Niacinamide Serum 30 ml - Serum z niacynamidem - Selleetools.com<\/title>\n<meta name=\"robots\" content=\"index, follow, max-snippet:-1, max-image-preview:large, max-video-preview:-1\" \/>\n<link rel=\"canonical\" href=\"https:\/\/selleetools.com\/product\/nine-less-b-boost-10-niacinamide-serum-30-ml-serum-z-niacynamidem\/\" \/>\n<meta property=\"og:locale\" content=\"pl_PL\" \/>\n<meta property=\"og:type\" content=\"article\" \/>\n<meta property=\"og:title\" content=\"NINE LESS B-Boost 10% Niacinamide Serum 30 ml - Serum z niacynamidem - Selleetools.com\" \/>\n<meta property=\"og:description\" content=\"Serum NINE LESS B-Boost 10% Niacinamide to zaawansowany kosmetyk piel\u0119gnacyjny, kt\u00f3ry zosta\u0142 stworzony, aby dostarczy\u0107 sk\u00f3rze pot\u0119\u017cn\u0105 dawk\u0119 niacynamidu, jednego z najskuteczniejszych sk\u0142adnik\u00f3w aktywnych w walce z problemami sk\u00f3rnymi. Produkt ten jest idealny dla os\u00f3b pragn\u0105cych poprawi\u0107 wygl\u0105d swojej cery, redukuj\u0105c niedoskona\u0142o\u015bci i wyr\u00f3wnuj\u0105c koloryt sk\u00f3ry. Korzy\u015bci dla sk\u00f3ry: Serum z 10% niacynamidem dzia\u0142a wieloaspektowo, ... Read moreNINE LESS B-Boost 10% Niacinamide Serum 30 ml &#8211; Serum z niacynamidem\" \/>\n<meta property=\"og:url\" content=\"https:\/\/selleetools.com\/product\/nine-less-b-boost-10-niacinamide-serum-30-ml-serum-z-niacynamidem\/\" \/>\n<meta property=\"og:site_name\" content=\"Selleetools.com\" \/>\n<meta property=\"article:modified_time\" content=\"2026-02-25T18:19:27+00:00\" \/>\n<meta property=\"og:image\" content=\"https:\/\/selleetools.com\/wp-content\/uploads\/2025\/10\/c493ca7590f9c04d50db3663c771d8de.jpg\" \/>\n\t<meta property=\"og:image:width\" content=\"1200\" \/>\n\t<meta property=\"og:image:height\" content=\"1200\" \/>\n\t<meta property=\"og:image:type\" content=\"image\/jpeg\" \/>\n<meta name=\"twitter:card\" content=\"summary_large_image\" \/>\n<meta name=\"twitter:label1\" content=\"Est. reading time\" \/>\n\t<meta name=\"twitter:data1\" content=\"1 minuta\" \/>\n<!-- \/ Yoast SEO plugin. -->","yoast_head_json":{"title":"NINE LESS B-Boost 10% Niacinamide Serum 30 ml - Serum z niacynamidem - Selleetools.com","robots":{"index":"index","follow":"follow","max-snippet":"max-snippet:-1","max-image-preview":"max-image-preview:large","max-video-preview":"max-video-preview:-1"},"canonical":"https:\/\/selleetools.com\/product\/nine-less-b-boost-10-niacinamide-serum-30-ml-serum-z-niacynamidem\/","og_locale":"pl_PL","og_type":"article","og_title":"NINE LESS B-Boost 10% Niacinamide Serum 30 ml - Serum z niacynamidem - Selleetools.com","og_description":"Serum NINE LESS B-Boost 10% Niacinamide to zaawansowany kosmetyk piel\u0119gnacyjny, kt\u00f3ry zosta\u0142 stworzony, aby dostarczy\u0107 sk\u00f3rze pot\u0119\u017cn\u0105 dawk\u0119 niacynamidu, jednego z najskuteczniejszych sk\u0142adnik\u00f3w aktywnych w walce z problemami sk\u00f3rnymi. Produkt ten jest idealny dla os\u00f3b pragn\u0105cych poprawi\u0107 wygl\u0105d swojej cery, redukuj\u0105c niedoskona\u0142o\u015bci i wyr\u00f3wnuj\u0105c koloryt sk\u00f3ry. Korzy\u015bci dla sk\u00f3ry: Serum z 10% niacynamidem dzia\u0142a wieloaspektowo, ... Read moreNINE LESS B-Boost 10% Niacinamide Serum 30 ml &#8211; Serum z niacynamidem","og_url":"https:\/\/selleetools.com\/product\/nine-less-b-boost-10-niacinamide-serum-30-ml-serum-z-niacynamidem\/","og_site_name":"Selleetools.com","article_modified_time":"2026-02-25T18:19:27+00:00","og_image":[{"width":1200,"height":1200,"url":"https:\/\/selleetools.com\/wp-content\/uploads\/2025\/10\/c493ca7590f9c04d50db3663c771d8de.jpg","type":"image\/jpeg"}],"twitter_card":"summary_large_image","twitter_misc":{"Est. reading time":"1 minuta"},"schema":{"@context":"https:\/\/schema.org","@graph":[{"@type":"Organization","@id":"https:\/\/selleetools.com\/#organization","name":"Selleetools","url":"https:\/\/selleetools.com\/","sameAs":[],"logo":{"@type":"ImageObject","inLanguage":"pl-PL","@id":"https:\/\/selleetools.com\/#\/schema\/logo\/image\/","url":"https:\/\/selleetools.com\/wp-content\/uploads\/2021\/10\/logo-dark.png","contentUrl":"https:\/\/selleetools.com\/wp-content\/uploads\/2021\/10\/logo-dark.png","width":320,"height":76,"caption":"Selleetools"},"image":{"@id":"https:\/\/selleetools.com\/#\/schema\/logo\/image\/"}},{"@type":"WebSite","@id":"https:\/\/selleetools.com\/#website","url":"https:\/\/selleetools.com\/","name":"Selleetools.com","description":"","publisher":{"@id":"https:\/\/selleetools.com\/#organization"},"potentialAction":[{"@type":"SearchAction","target":{"@type":"EntryPoint","urlTemplate":"https:\/\/selleetools.com\/?s={search_term_string}"},"query-input":"required name=search_term_string"}],"inLanguage":"pl-PL"},{"@type":"WebPage","@id":"https:\/\/selleetools.com\/product\/nine-less-b-boost-10-niacinamide-serum-30-ml-serum-z-niacynamidem\/","url":"https:\/\/selleetools.com\/product\/nine-less-b-boost-10-niacinamide-serum-30-ml-serum-z-niacynamidem\/","name":"NINE LESS B-Boost 10% Niacinamide Serum 30 ml - Serum z niacynamidem - Selleetools.com","isPartOf":{"@id":"https:\/\/selleetools.com\/#website"},"datePublished":"2025-10-24T11:30:48+00:00","dateModified":"2026-02-25T18:19:27+00:00","breadcrumb":{"@id":"https:\/\/selleetools.com\/product\/nine-less-b-boost-10-niacinamide-serum-30-ml-serum-z-niacynamidem\/#breadcrumb"},"inLanguage":"pl-PL","potentialAction":[{"@type":"ReadAction","target":["https:\/\/selleetools.com\/product\/nine-less-b-boost-10-niacinamide-serum-30-ml-serum-z-niacynamidem\/"]}]},{"@type":"BreadcrumbList","@id":"https:\/\/selleetools.com\/product\/nine-less-b-boost-10-niacinamide-serum-30-ml-serum-z-niacynamidem\/#breadcrumb","itemListElement":[{"@type":"ListItem","position":1,"name":"Home","item":"https:\/\/selleetools.com\/pl\/"},{"@type":"ListItem","position":2,"name":"Katalog","item":"https:\/\/selleetools.com\/pl\/katalog\/"},{"@type":"ListItem","position":3,"name":"NINE LESS B-Boost 10% Niacinamide Serum 30 ml &#8211; Serum z niacynamidem"}]}]}},"_links":{"self":[{"href":"https:\/\/selleetools.com\/pl\/wp-json\/wp\/v2\/product\/604865"}],"collection":[{"href":"https:\/\/selleetools.com\/pl\/wp-json\/wp\/v2\/product"}],"about":[{"href":"https:\/\/selleetools.com\/pl\/wp-json\/wp\/v2\/types\/product"}],"replies":[{"embeddable":true,"href":"https:\/\/selleetools.com\/pl\/wp-json\/wp\/v2\/comments?post=604865"}],"wp:featuredmedia":[{"embeddable":true,"href":"https:\/\/selleetools.com\/pl\/wp-json\/wp\/v2\/media\/604861"}],"wp:attachment":[{"href":"https:\/\/selleetools.com\/pl\/wp-json\/wp\/v2\/media?parent=604865"}],"curies":[{"name":"wp","href":"https:\/\/api.w.org\/{rel}","templated":true}]}}