{"id":604806,"date":"2025-10-24T13:30:06","date_gmt":"2025-10-24T11:30:06","guid":{"rendered":"https:\/\/selleetools.com\/?post_type=product&#038;p=604806"},"modified":"2025-11-04T20:11:13","modified_gmt":"2025-11-04T19:11:13","slug":"heimish-matcha-biome-perfect-cleansing-oil-150-ml-olejek-oczyszczajacy-z-matcha","status":"publish","type":"product","link":"https:\/\/selleetools.com\/pl\/product\/heimish-matcha-biome-perfect-cleansing-oil-150-ml-olejek-oczyszczajacy-z-matcha\/","title":{"rendered":"Heimish Matcha Biome Perfect Cleansing Oil 150 ml &#8211; Olejek oczyszczaj\u0105cy z Match\u0105"},"content":{"rendered":"<p>Heimish Matcha Biome Perfect Cleansing Oil to luksusowy olejek oczyszczaj\u0105cy, kt\u00f3ry \u0142\u0105czy w sobie moc natury i zaawansowanej technologii. Zawiera ekstrakt z matchy, kt\u00f3ry jest bogaty w antyoksydanty, oraz kompleks probiotyk\u00f3w, kt\u00f3re wspieraj\u0105 zdrow\u0105 barier\u0119 sk\u00f3ry. Olejek ten skutecznie usuwa makija\u017c, zanieczyszczenia i nadmiar sebum, pozostawiaj\u0105c sk\u00f3r\u0119 czyst\u0105, nawil\u017con\u0105 i promienn\u0105.<\/p>\n<p>Korzy\u015bci dla sk\u00f3ry:<br \/>\nG\u0142\u0119bokie oczyszczenie: Skutecznie usuwa makija\u017c, zanieczyszczenia i nadmiar sebum, nie naruszaj\u0105c naturalnej bariery ochronnej sk\u00f3ry.<br \/>\nNawil\u017cenie i od\u017cywienie: Dzi\u0119ki ekstraktowi z matchy i kompleksowi probiotyk\u00f3w, olejek nie tylko oczyszcza, ale tak\u017ce nawil\u017ca i od\u017cywia sk\u00f3r\u0119, pozostawiaj\u0105c j\u0105 mi\u0119kk\u0105 i g\u0142adk\u0105.<br \/>\nWsparcie dla bariery sk\u00f3ry: Probiotyki pomagaj\u0105 w utrzymaniu zdrowej bariery sk\u00f3ry, chroni\u0105c j\u0105 przed szkodliwymi czynnikami zewn\u0119trznymi.<br \/>\nAntyoksydacyjne dzia\u0142anie: Matcha jest bogata w antyoksydanty, kt\u00f3re neutralizuj\u0105 wolne rodniki, pomagaj\u0105c zapobiega\u0107 przedwczesnemu starzeniu si\u0119 sk\u00f3ry.<\/p>\n<p>Spos\u00f3b u\u017cycia:<br \/>\nNa\u0142\u00f3\u017c odpowiedni\u0105 ilo\u015b\u0107 olejku na suche d\u0142onie.<br \/>\nDelikatnie masuj twarz okr\u0119\u017cnymi ruchami, aby rozpu\u015bci\u0107 makija\u017c i zanieczyszczenia.<br \/>\nDodaj troch\u0119 wody, aby stworzy\u0107 emulsj\u0119, a nast\u0119pnie kontynuuj masowanie.<br \/>\nDok\u0142adnie sp\u0142ucz letni\u0105 wod\u0105.<br \/>\nDla najlepszego efektu, kontynuuj piel\u0119gnacj\u0119 pozosta\u0142ymi produktami z serii Heimish Matcha Biome.<\/p>\n<p>Heimish Matcha Biome Perfect Cleansing Oil to idealne rozwi\u0105zanie dla os\u00f3b poszukuj\u0105cych delikatnego, ale skutecznego oczyszczania sk\u00f3ry, kt\u00f3re jednocze\u015bnie dba o jej zdrowie i pi\u0119kno.<\/p>\n","protected":false},"excerpt":{"rendered":"<p>Heimish Matcha Biome Perfect Cleansing Oil to luksusowy olejek oczyszczaj\u0105cy, kt\u00f3ry \u0142\u0105czy w sobie moc natury i zaawansowanej technologii. Zawiera ekstrakt z matchy, kt\u00f3ry jest bogaty w antyoksydanty, oraz kompleks probiotyk\u00f3w, kt\u00f3re wspieraj\u0105 zdrow\u0105 barier\u0119 sk\u00f3ry. Olejek ten skutecznie usuwa makija\u017c, zanieczyszczenia i nadmiar sebum, pozostawiaj\u0105c sk\u00f3r\u0119 czyst\u0105, nawil\u017con\u0105 i promienn\u0105. Korzy\u015bci dla sk\u00f3ry: G\u0142\u0119bokie &#8230; <a title=\"Heimish Matcha Biome Perfect Cleansing Oil 150 ml &#8211; Olejek oczyszczaj\u0105cy z Match\u0105\" class=\"read-more\" href=\"https:\/\/selleetools.com\/pl\/product\/heimish-matcha-biome-perfect-cleansing-oil-150-ml-olejek-oczyszczajacy-z-matcha\/\">Read more<span class=\"screen-reader-text\">Heimish Matcha Biome Perfect Cleansing Oil 150 ml &#8211; Olejek oczyszczaj\u0105cy z Match\u0105<\/span><\/a><\/p>\n","protected":false},"featured_media":604802,"comment_status":"open","ping_status":"closed","template":"","meta":{"_links_to":"","_links_to_target":""},"yoast_head":"<!-- This site is optimized with the Yoast SEO plugin v19.4 - https:\/\/yoast.com\/wordpress\/plugins\/seo\/ -->\n<title>Heimish Matcha Biome Perfect Cleansing Oil 150 ml - Olejek oczyszczaj\u0105cy z Match\u0105 - Selleetools.com<\/title>\n<meta name=\"robots\" content=\"index, follow, max-snippet:-1, max-image-preview:large, max-video-preview:-1\" \/>\n<link rel=\"canonical\" href=\"https:\/\/selleetools.com\/product\/heimish-matcha-biome-perfect-cleansing-oil-150-ml-olejek-oczyszczajacy-z-matcha\/\" \/>\n<meta property=\"og:locale\" content=\"pl_PL\" \/>\n<meta property=\"og:type\" content=\"article\" \/>\n<meta property=\"og:title\" content=\"Heimish Matcha Biome Perfect Cleansing Oil 150 ml - Olejek oczyszczaj\u0105cy z Match\u0105 - Selleetools.com\" \/>\n<meta property=\"og:description\" content=\"Heimish Matcha Biome Perfect Cleansing Oil to luksusowy olejek oczyszczaj\u0105cy, kt\u00f3ry \u0142\u0105czy w sobie moc natury i zaawansowanej technologii. Zawiera ekstrakt z matchy, kt\u00f3ry jest bogaty w antyoksydanty, oraz kompleks probiotyk\u00f3w, kt\u00f3re wspieraj\u0105 zdrow\u0105 barier\u0119 sk\u00f3ry. Olejek ten skutecznie usuwa makija\u017c, zanieczyszczenia i nadmiar sebum, pozostawiaj\u0105c sk\u00f3r\u0119 czyst\u0105, nawil\u017con\u0105 i promienn\u0105. Korzy\u015bci dla sk\u00f3ry: G\u0142\u0119bokie ... Read moreHeimish Matcha Biome Perfect Cleansing Oil 150 ml &#8211; Olejek oczyszczaj\u0105cy z Match\u0105\" \/>\n<meta property=\"og:url\" content=\"https:\/\/selleetools.com\/product\/heimish-matcha-biome-perfect-cleansing-oil-150-ml-olejek-oczyszczajacy-z-matcha\/\" \/>\n<meta property=\"og:site_name\" content=\"Selleetools.com\" \/>\n<meta property=\"article:modified_time\" content=\"2025-11-04T19:11:13+00:00\" \/>\n<meta property=\"og:image\" content=\"https:\/\/selleetools.com\/wp-content\/uploads\/2025\/10\/de40b9d5b2b34041e335b22a6dac91af.jpg\" \/>\n\t<meta property=\"og:image:width\" content=\"405\" \/>\n\t<meta property=\"og:image:height\" content=\"405\" \/>\n\t<meta property=\"og:image:type\" content=\"image\/jpeg\" \/>\n<meta name=\"twitter:card\" content=\"summary_large_image\" \/>\n<meta name=\"twitter:label1\" content=\"Est. reading time\" \/>\n\t<meta name=\"twitter:data1\" content=\"1 minuta\" \/>\n<!-- \/ Yoast SEO plugin. -->","yoast_head_json":{"title":"Heimish Matcha Biome Perfect Cleansing Oil 150 ml - Olejek oczyszczaj\u0105cy z Match\u0105 - Selleetools.com","robots":{"index":"index","follow":"follow","max-snippet":"max-snippet:-1","max-image-preview":"max-image-preview:large","max-video-preview":"max-video-preview:-1"},"canonical":"https:\/\/selleetools.com\/product\/heimish-matcha-biome-perfect-cleansing-oil-150-ml-olejek-oczyszczajacy-z-matcha\/","og_locale":"pl_PL","og_type":"article","og_title":"Heimish Matcha Biome Perfect Cleansing Oil 150 ml - Olejek oczyszczaj\u0105cy z Match\u0105 - Selleetools.com","og_description":"Heimish Matcha Biome Perfect Cleansing Oil to luksusowy olejek oczyszczaj\u0105cy, kt\u00f3ry \u0142\u0105czy w sobie moc natury i zaawansowanej technologii. Zawiera ekstrakt z matchy, kt\u00f3ry jest bogaty w antyoksydanty, oraz kompleks probiotyk\u00f3w, kt\u00f3re wspieraj\u0105 zdrow\u0105 barier\u0119 sk\u00f3ry. Olejek ten skutecznie usuwa makija\u017c, zanieczyszczenia i nadmiar sebum, pozostawiaj\u0105c sk\u00f3r\u0119 czyst\u0105, nawil\u017con\u0105 i promienn\u0105. Korzy\u015bci dla sk\u00f3ry: G\u0142\u0119bokie ... Read moreHeimish Matcha Biome Perfect Cleansing Oil 150 ml &#8211; Olejek oczyszczaj\u0105cy z Match\u0105","og_url":"https:\/\/selleetools.com\/product\/heimish-matcha-biome-perfect-cleansing-oil-150-ml-olejek-oczyszczajacy-z-matcha\/","og_site_name":"Selleetools.com","article_modified_time":"2025-11-04T19:11:13+00:00","og_image":[{"width":405,"height":405,"url":"https:\/\/selleetools.com\/wp-content\/uploads\/2025\/10\/de40b9d5b2b34041e335b22a6dac91af.jpg","type":"image\/jpeg"}],"twitter_card":"summary_large_image","twitter_misc":{"Est. reading time":"1 minuta"},"schema":{"@context":"https:\/\/schema.org","@graph":[{"@type":"Organization","@id":"https:\/\/selleetools.com\/#organization","name":"Selleetools","url":"https:\/\/selleetools.com\/","sameAs":[],"logo":{"@type":"ImageObject","inLanguage":"pl-PL","@id":"https:\/\/selleetools.com\/#\/schema\/logo\/image\/","url":"https:\/\/selleetools.com\/wp-content\/uploads\/2021\/10\/logo-dark.png","contentUrl":"https:\/\/selleetools.com\/wp-content\/uploads\/2021\/10\/logo-dark.png","width":320,"height":76,"caption":"Selleetools"},"image":{"@id":"https:\/\/selleetools.com\/#\/schema\/logo\/image\/"}},{"@type":"WebSite","@id":"https:\/\/selleetools.com\/#website","url":"https:\/\/selleetools.com\/","name":"Selleetools.com","description":"","publisher":{"@id":"https:\/\/selleetools.com\/#organization"},"potentialAction":[{"@type":"SearchAction","target":{"@type":"EntryPoint","urlTemplate":"https:\/\/selleetools.com\/?s={search_term_string}"},"query-input":"required name=search_term_string"}],"inLanguage":"pl-PL"},{"@type":"WebPage","@id":"https:\/\/selleetools.com\/product\/heimish-matcha-biome-perfect-cleansing-oil-150-ml-olejek-oczyszczajacy-z-matcha\/","url":"https:\/\/selleetools.com\/product\/heimish-matcha-biome-perfect-cleansing-oil-150-ml-olejek-oczyszczajacy-z-matcha\/","name":"Heimish Matcha Biome Perfect Cleansing Oil 150 ml - Olejek oczyszczaj\u0105cy z Match\u0105 - Selleetools.com","isPartOf":{"@id":"https:\/\/selleetools.com\/#website"},"datePublished":"2025-10-24T11:30:06+00:00","dateModified":"2025-11-04T19:11:13+00:00","breadcrumb":{"@id":"https:\/\/selleetools.com\/product\/heimish-matcha-biome-perfect-cleansing-oil-150-ml-olejek-oczyszczajacy-z-matcha\/#breadcrumb"},"inLanguage":"pl-PL","potentialAction":[{"@type":"ReadAction","target":["https:\/\/selleetools.com\/product\/heimish-matcha-biome-perfect-cleansing-oil-150-ml-olejek-oczyszczajacy-z-matcha\/"]}]},{"@type":"BreadcrumbList","@id":"https:\/\/selleetools.com\/product\/heimish-matcha-biome-perfect-cleansing-oil-150-ml-olejek-oczyszczajacy-z-matcha\/#breadcrumb","itemListElement":[{"@type":"ListItem","position":1,"name":"Home","item":"https:\/\/selleetools.com\/pl\/"},{"@type":"ListItem","position":2,"name":"Katalog","item":"https:\/\/selleetools.com\/pl\/katalog\/"},{"@type":"ListItem","position":3,"name":"Heimish Matcha Biome Perfect Cleansing Oil 150 ml &#8211; Olejek oczyszczaj\u0105cy z Match\u0105"}]}]}},"_links":{"self":[{"href":"https:\/\/selleetools.com\/pl\/wp-json\/wp\/v2\/product\/604806"}],"collection":[{"href":"https:\/\/selleetools.com\/pl\/wp-json\/wp\/v2\/product"}],"about":[{"href":"https:\/\/selleetools.com\/pl\/wp-json\/wp\/v2\/types\/product"}],"replies":[{"embeddable":true,"href":"https:\/\/selleetools.com\/pl\/wp-json\/wp\/v2\/comments?post=604806"}],"wp:featuredmedia":[{"embeddable":true,"href":"https:\/\/selleetools.com\/pl\/wp-json\/wp\/v2\/media\/604802"}],"wp:attachment":[{"href":"https:\/\/selleetools.com\/pl\/wp-json\/wp\/v2\/media?parent=604806"}],"curies":[{"name":"wp","href":"https:\/\/api.w.org\/{rel}","templated":true}]}}