{"id":604795,"date":"2025-10-24T13:29:56","date_gmt":"2025-10-24T11:29:56","guid":{"rendered":"https:\/\/selleetools.com\/?post_type=product&#038;p=604795"},"modified":"2026-02-25T19:10:28","modified_gmt":"2026-02-25T18:10:28","slug":"haruharu-wonder-black-rice-moisture-deep-cleansing-oil-150-ml-gleboko-oczyszczajacy-olej-z-czarnym-ryzem","status":"publish","type":"product","link":"https:\/\/selleetools.com\/pl\/product\/haruharu-wonder-black-rice-moisture-deep-cleansing-oil-150-ml-gleboko-oczyszczajacy-olej-z-czarnym-ryzem\/","title":{"rendered":"Haruharu Wonder Black Rice Moisture Deep Cleansing Oil 150 ml &#8211; G\u0142\u0119boko oczyszczaj\u0105cy olej z czarnym ry\u017cem"},"content":{"rendered":"<p>Haruharu Wonder Black Rice Moisture Deep Cleansing Oil to luksusowy olejek do demakija\u017cu, kt\u00f3ry skutecznie usuwa zanieczyszczenia, makija\u017c i nadmiar sebum, jednocze\u015bnie piel\u0119gnuj\u0105c sk\u00f3r\u0119. Formu\u0142a oparta na fermentowanej czarnej ry\u017cu, bogata w antyoksydanty i witaminy, pomaga utrzyma\u0107 optymalny poziom nawil\u017cenia, sprawiaj\u0105c, \u017ce sk\u00f3ra staje si\u0119 g\u0142adka i promienna.<\/p>\n<p>Korzy\u015bci dla sk\u00f3ry:<br \/>\nSkutecznie oczyszcza sk\u00f3r\u0119 z resztek makija\u017cu i zanieczyszcze\u0144<br \/>\nWzmacnia barier\u0119 ochronn\u0105 sk\u00f3ry, zapobiegaj\u0105c jej wysuszeniu<br \/>\nZawiera antyoksydanty, kt\u00f3re pomagaj\u0105 w walce z oznakami starzenia<br \/>\nPozostawia sk\u00f3r\u0119 nawil\u017con\u0105 i mi\u0119kk\u0105 w dotyku<\/p>\n<p>Spos\u00f3b u\u017cycia:<br \/>\nNa\u0142\u00f3\u017c odpowiedni\u0105 ilo\u015b\u0107 olejku na such\u0105 sk\u00f3r\u0119 twarzy. Delikatnie wmasuj produkt okr\u0119\u017cnymi ruchami, aby rozpu\u015bci\u0107 makija\u017c i zanieczyszczenia. Nast\u0119pnie dodaj troch\u0119 wody, kontynuuj\u0105c masa\u017c, a\u017c olejek zamieni si\u0119 w mleczn\u0105 emulsj\u0119. Sp\u0142ucz obficie letni\u0105 wod\u0105 i przemyj twarz ulubionym \u017celem lub piank\u0105 do mycia dla uzyskania jeszcze lepszych efekt\u00f3w.<\/p>\n","protected":false},"excerpt":{"rendered":"<p>Haruharu Wonder Black Rice Moisture Deep Cleansing Oil to luksusowy olejek do demakija\u017cu, kt\u00f3ry skutecznie usuwa zanieczyszczenia, makija\u017c i nadmiar sebum, jednocze\u015bnie piel\u0119gnuj\u0105c sk\u00f3r\u0119. Formu\u0142a oparta na fermentowanej czarnej ry\u017cu, bogata w antyoksydanty i witaminy, pomaga utrzyma\u0107 optymalny poziom nawil\u017cenia, sprawiaj\u0105c, \u017ce sk\u00f3ra staje si\u0119 g\u0142adka i promienna. Korzy\u015bci dla sk\u00f3ry: Skutecznie oczyszcza sk\u00f3r\u0119 z &#8230; <a title=\"Haruharu Wonder Black Rice Moisture Deep Cleansing Oil 150 ml &#8211; G\u0142\u0119boko oczyszczaj\u0105cy olej z czarnym ry\u017cem\" class=\"read-more\" href=\"https:\/\/selleetools.com\/pl\/product\/haruharu-wonder-black-rice-moisture-deep-cleansing-oil-150-ml-gleboko-oczyszczajacy-olej-z-czarnym-ryzem\/\">Read more<span class=\"screen-reader-text\">Haruharu Wonder Black Rice Moisture Deep Cleansing Oil 150 ml &#8211; G\u0142\u0119boko oczyszczaj\u0105cy olej z czarnym ry\u017cem<\/span><\/a><\/p>\n","protected":false},"featured_media":604793,"comment_status":"open","ping_status":"closed","template":"","meta":{"_links_to":"","_links_to_target":""},"yoast_head":"<!-- This site is optimized with the Yoast SEO plugin v19.4 - https:\/\/yoast.com\/wordpress\/plugins\/seo\/ -->\n<title>Haruharu Wonder Black Rice Moisture Deep Cleansing Oil 150 ml - G\u0142\u0119boko oczyszczaj\u0105cy olej z czarnym ry\u017cem - Selleetools.com<\/title>\n<meta name=\"robots\" content=\"index, follow, max-snippet:-1, max-image-preview:large, max-video-preview:-1\" \/>\n<link rel=\"canonical\" href=\"https:\/\/admincentral.selleetools.com\/pl\/product\/haruharu-wonder-black-rice-moisture-deep-cleansing-oil-150-ml-gleboko-oczyszczajacy-olej-z-czarnym-ryzem\/\" \/>\n<meta property=\"og:locale\" content=\"pl_PL\" \/>\n<meta property=\"og:type\" content=\"article\" \/>\n<meta property=\"og:title\" content=\"Haruharu Wonder Black Rice Moisture Deep Cleansing Oil 150 ml - G\u0142\u0119boko oczyszczaj\u0105cy olej z czarnym ry\u017cem - Selleetools.com\" \/>\n<meta property=\"og:description\" content=\"Haruharu Wonder Black Rice Moisture Deep Cleansing Oil to luksusowy olejek do demakija\u017cu, kt\u00f3ry skutecznie usuwa zanieczyszczenia, makija\u017c i nadmiar sebum, jednocze\u015bnie piel\u0119gnuj\u0105c sk\u00f3r\u0119. Formu\u0142a oparta na fermentowanej czarnej ry\u017cu, bogata w antyoksydanty i witaminy, pomaga utrzyma\u0107 optymalny poziom nawil\u017cenia, sprawiaj\u0105c, \u017ce sk\u00f3ra staje si\u0119 g\u0142adka i promienna. Korzy\u015bci dla sk\u00f3ry: Skutecznie oczyszcza sk\u00f3r\u0119 z ... Read moreHaruharu Wonder Black Rice Moisture Deep Cleansing Oil 150 ml &#8211; G\u0142\u0119boko oczyszczaj\u0105cy olej z czarnym ry\u017cem\" \/>\n<meta property=\"og:url\" content=\"https:\/\/admincentral.selleetools.com\/pl\/product\/haruharu-wonder-black-rice-moisture-deep-cleansing-oil-150-ml-gleboko-oczyszczajacy-olej-z-czarnym-ryzem\/\" \/>\n<meta property=\"og:site_name\" content=\"Selleetools.com\" \/>\n<meta property=\"article:modified_time\" content=\"2026-02-25T18:10:28+00:00\" \/>\n<meta property=\"og:image\" content=\"https:\/\/selleetools.com\/wp-content\/uploads\/2025\/10\/d9a3dfc3453d871e0ac44477eb2d4abc.jpg\" \/>\n\t<meta property=\"og:image:width\" content=\"1200\" \/>\n\t<meta property=\"og:image:height\" content=\"1200\" \/>\n\t<meta property=\"og:image:type\" content=\"image\/jpeg\" \/>\n<meta name=\"twitter:card\" content=\"summary_large_image\" \/>\n<meta name=\"twitter:label1\" content=\"Est. reading time\" \/>\n\t<meta name=\"twitter:data1\" content=\"1 minuta\" \/>\n<!-- \/ Yoast SEO plugin. -->","yoast_head_json":{"title":"Haruharu Wonder Black Rice Moisture Deep Cleansing Oil 150 ml - G\u0142\u0119boko oczyszczaj\u0105cy olej z czarnym ry\u017cem - Selleetools.com","robots":{"index":"index","follow":"follow","max-snippet":"max-snippet:-1","max-image-preview":"max-image-preview:large","max-video-preview":"max-video-preview:-1"},"canonical":"https:\/\/admincentral.selleetools.com\/pl\/product\/haruharu-wonder-black-rice-moisture-deep-cleansing-oil-150-ml-gleboko-oczyszczajacy-olej-z-czarnym-ryzem\/","og_locale":"pl_PL","og_type":"article","og_title":"Haruharu Wonder Black Rice Moisture Deep Cleansing Oil 150 ml - G\u0142\u0119boko oczyszczaj\u0105cy olej z czarnym ry\u017cem - Selleetools.com","og_description":"Haruharu Wonder Black Rice Moisture Deep Cleansing Oil to luksusowy olejek do demakija\u017cu, kt\u00f3ry skutecznie usuwa zanieczyszczenia, makija\u017c i nadmiar sebum, jednocze\u015bnie piel\u0119gnuj\u0105c sk\u00f3r\u0119. Formu\u0142a oparta na fermentowanej czarnej ry\u017cu, bogata w antyoksydanty i witaminy, pomaga utrzyma\u0107 optymalny poziom nawil\u017cenia, sprawiaj\u0105c, \u017ce sk\u00f3ra staje si\u0119 g\u0142adka i promienna. Korzy\u015bci dla sk\u00f3ry: Skutecznie oczyszcza sk\u00f3r\u0119 z ... Read moreHaruharu Wonder Black Rice Moisture Deep Cleansing Oil 150 ml &#8211; G\u0142\u0119boko oczyszczaj\u0105cy olej z czarnym ry\u017cem","og_url":"https:\/\/admincentral.selleetools.com\/pl\/product\/haruharu-wonder-black-rice-moisture-deep-cleansing-oil-150-ml-gleboko-oczyszczajacy-olej-z-czarnym-ryzem\/","og_site_name":"Selleetools.com","article_modified_time":"2026-02-25T18:10:28+00:00","og_image":[{"width":1200,"height":1200,"url":"https:\/\/selleetools.com\/wp-content\/uploads\/2025\/10\/d9a3dfc3453d871e0ac44477eb2d4abc.jpg","type":"image\/jpeg"}],"twitter_card":"summary_large_image","twitter_misc":{"Est. reading time":"1 minuta"},"schema":{"@context":"https:\/\/schema.org","@graph":[{"@type":"Organization","@id":"https:\/\/selleetools.com\/#organization","name":"Selleetools","url":"https:\/\/selleetools.com\/","sameAs":[],"logo":{"@type":"ImageObject","inLanguage":"pl-PL","@id":"https:\/\/selleetools.com\/#\/schema\/logo\/image\/","url":"https:\/\/selleetools.com\/wp-content\/uploads\/2021\/10\/logo-dark.png","contentUrl":"https:\/\/selleetools.com\/wp-content\/uploads\/2021\/10\/logo-dark.png","width":320,"height":76,"caption":"Selleetools"},"image":{"@id":"https:\/\/selleetools.com\/#\/schema\/logo\/image\/"}},{"@type":"WebSite","@id":"https:\/\/selleetools.com\/#website","url":"https:\/\/selleetools.com\/","name":"Selleetools.com","description":"","publisher":{"@id":"https:\/\/selleetools.com\/#organization"},"potentialAction":[{"@type":"SearchAction","target":{"@type":"EntryPoint","urlTemplate":"https:\/\/selleetools.com\/?s={search_term_string}"},"query-input":"required name=search_term_string"}],"inLanguage":"pl-PL"},{"@type":"WebPage","@id":"https:\/\/admincentral.selleetools.com\/pl\/product\/haruharu-wonder-black-rice-moisture-deep-cleansing-oil-150-ml-gleboko-oczyszczajacy-olej-z-czarnym-ryzem\/","url":"https:\/\/admincentral.selleetools.com\/pl\/product\/haruharu-wonder-black-rice-moisture-deep-cleansing-oil-150-ml-gleboko-oczyszczajacy-olej-z-czarnym-ryzem\/","name":"Haruharu Wonder Black Rice Moisture Deep Cleansing Oil 150 ml - G\u0142\u0119boko oczyszczaj\u0105cy olej z czarnym ry\u017cem - Selleetools.com","isPartOf":{"@id":"https:\/\/selleetools.com\/#website"},"datePublished":"2025-10-24T11:29:56+00:00","dateModified":"2026-02-25T18:10:28+00:00","breadcrumb":{"@id":"https:\/\/admincentral.selleetools.com\/pl\/product\/haruharu-wonder-black-rice-moisture-deep-cleansing-oil-150-ml-gleboko-oczyszczajacy-olej-z-czarnym-ryzem\/#breadcrumb"},"inLanguage":"pl-PL","potentialAction":[{"@type":"ReadAction","target":["https:\/\/admincentral.selleetools.com\/pl\/product\/haruharu-wonder-black-rice-moisture-deep-cleansing-oil-150-ml-gleboko-oczyszczajacy-olej-z-czarnym-ryzem\/"]}]},{"@type":"BreadcrumbList","@id":"https:\/\/admincentral.selleetools.com\/pl\/product\/haruharu-wonder-black-rice-moisture-deep-cleansing-oil-150-ml-gleboko-oczyszczajacy-olej-z-czarnym-ryzem\/#breadcrumb","itemListElement":[{"@type":"ListItem","position":1,"name":"Home","item":"https:\/\/selleetools.com\/pl\/"},{"@type":"ListItem","position":2,"name":"Katalog","item":"https:\/\/selleetools.com\/pl\/katalog\/"},{"@type":"ListItem","position":3,"name":"Haruharu Wonder Black Rice Moisture Deep Cleansing Oil 150 ml &#8211; G\u0142\u0119boko oczyszczaj\u0105cy olej z czarnym ry\u017cem"}]}]}},"_links":{"self":[{"href":"https:\/\/selleetools.com\/pl\/wp-json\/wp\/v2\/product\/604795"}],"collection":[{"href":"https:\/\/selleetools.com\/pl\/wp-json\/wp\/v2\/product"}],"about":[{"href":"https:\/\/selleetools.com\/pl\/wp-json\/wp\/v2\/types\/product"}],"replies":[{"embeddable":true,"href":"https:\/\/selleetools.com\/pl\/wp-json\/wp\/v2\/comments?post=604795"}],"wp:featuredmedia":[{"embeddable":true,"href":"https:\/\/selleetools.com\/pl\/wp-json\/wp\/v2\/media\/604793"}],"wp:attachment":[{"href":"https:\/\/selleetools.com\/pl\/wp-json\/wp\/v2\/media?parent=604795"}],"curies":[{"name":"wp","href":"https:\/\/api.w.org\/{rel}","templated":true}]}}