{"id":604776,"date":"2025-10-24T13:29:38","date_gmt":"2025-10-24T11:29:38","guid":{"rendered":"https:\/\/selleetools.com\/?post_type=product&#038;p=604776"},"modified":"2025-11-04T20:10:55","modified_gmt":"2025-11-04T19:10:55","slug":"petitfee-aura-quartz-hydrogel-face-mask-30-g-rozjasniajaca-maska-hydrozelowa-do-twarzy","status":"publish","type":"product","link":"https:\/\/selleetools.com\/pl\/product\/petitfee-aura-quartz-hydrogel-face-mask-30-g-rozjasniajaca-maska-hydrozelowa-do-twarzy\/","title":{"rendered":"Petitfee Aura Quartz Hydrogel Face Mask 30 g &#8211; rozja\u015bniaj\u0105ca maska hydro\u017celowa do twarzy"},"content":{"rendered":"<p>Petitfee Aura Quartz Hydrogel Face Mask to luksusowa maseczka hydro\u017celowa stworzona, by nada\u0107 sk\u00f3rze promienny wygl\u0105d i intensywne nawil\u017cenie. Jej wyj\u0105tkowa formu\u0142a zawiera ekstrakty ro\u015blinne oraz drobinki naturalnych minera\u0142\u00f3w jak per\u0142a, rubin, opal czy diament, kt\u00f3re wspieraj\u0105 roz\u015bwietlenie i ujednolicenie cery. Idealna jako domowy rytua\u0142 piel\u0119gnacyjny z efektem \u201eglow\u201d.<\/p>\n<p>Korzy\u015bci dla sk\u00f3ry:<br \/>\nRoz\u015bwietla i wyr\u00f3wnuje koloryt cery<br \/>\nG\u0142\u0119boko nawil\u017ca i koi podra\u017cnienia<br \/>\nWzmacnia barier\u0119 hydrolipidow\u0105<br \/>\nPozostawia sk\u00f3r\u0119 mi\u0119kk\u0105, elastyczn\u0105 i pe\u0142n\u0105 blasku<br \/>\nDzia\u0142a relaksuj\u0105co \u2013 zar\u00f3wno dla sk\u00f3ry, jak i zmys\u0142\u00f3w<\/p>\n<p>Spos\u00f3b u\u017cycia: Na\u0142\u00f3\u017c maseczk\u0119 na oczyszczon\u0105 i stonizowan\u0105 sk\u00f3r\u0119 twarzy, dok\u0142adnie dopasowuj\u0105c j\u0105 do kontur\u00f3w. Pozostaw na 30 minut. Po zdj\u0119ciu maseczki wmasuj pozosta\u0142o\u015bci esencji w sk\u00f3r\u0119. Nie sp\u0142ukuj.<\/p>\n","protected":false},"excerpt":{"rendered":"<p>Petitfee Aura Quartz Hydrogel Face Mask to luksusowa maseczka hydro\u017celowa stworzona, by nada\u0107 sk\u00f3rze promienny wygl\u0105d i intensywne nawil\u017cenie. Jej wyj\u0105tkowa formu\u0142a zawiera ekstrakty ro\u015blinne oraz drobinki naturalnych minera\u0142\u00f3w jak per\u0142a, rubin, opal czy diament, kt\u00f3re wspieraj\u0105 roz\u015bwietlenie i ujednolicenie cery. Idealna jako domowy rytua\u0142 piel\u0119gnacyjny z efektem \u201eglow\u201d. Korzy\u015bci dla sk\u00f3ry: Roz\u015bwietla i wyr\u00f3wnuje &#8230; <a title=\"Petitfee Aura Quartz Hydrogel Face Mask 30 g &#8211; rozja\u015bniaj\u0105ca maska hydro\u017celowa do twarzy\" class=\"read-more\" href=\"https:\/\/selleetools.com\/pl\/product\/petitfee-aura-quartz-hydrogel-face-mask-30-g-rozjasniajaca-maska-hydrozelowa-do-twarzy\/\">Read more<span class=\"screen-reader-text\">Petitfee Aura Quartz Hydrogel Face Mask 30 g &#8211; rozja\u015bniaj\u0105ca maska hydro\u017celowa do twarzy<\/span><\/a><\/p>\n","protected":false},"featured_media":604774,"comment_status":"open","ping_status":"closed","template":"","meta":{"_links_to":"","_links_to_target":""},"yoast_head":"<!-- This site is optimized with the Yoast SEO plugin v19.4 - https:\/\/yoast.com\/wordpress\/plugins\/seo\/ -->\n<title>Petitfee Aura Quartz Hydrogel Face Mask 30 g - rozja\u015bniaj\u0105ca maska hydro\u017celowa do twarzy - Selleetools.com<\/title>\n<meta name=\"robots\" content=\"index, follow, max-snippet:-1, max-image-preview:large, max-video-preview:-1\" \/>\n<link rel=\"canonical\" href=\"https:\/\/admincentral.selleetools.com\/pl\/product\/petitfee-aura-quartz-hydrogel-face-mask-30-g-rozjasniajaca-maska-hydrozelowa-do-twarzy\/\" \/>\n<meta property=\"og:locale\" content=\"pl_PL\" \/>\n<meta property=\"og:type\" content=\"article\" \/>\n<meta property=\"og:title\" content=\"Petitfee Aura Quartz Hydrogel Face Mask 30 g - rozja\u015bniaj\u0105ca maska hydro\u017celowa do twarzy - Selleetools.com\" \/>\n<meta property=\"og:description\" content=\"Petitfee Aura Quartz Hydrogel Face Mask to luksusowa maseczka hydro\u017celowa stworzona, by nada\u0107 sk\u00f3rze promienny wygl\u0105d i intensywne nawil\u017cenie. Jej wyj\u0105tkowa formu\u0142a zawiera ekstrakty ro\u015blinne oraz drobinki naturalnych minera\u0142\u00f3w jak per\u0142a, rubin, opal czy diament, kt\u00f3re wspieraj\u0105 roz\u015bwietlenie i ujednolicenie cery. Idealna jako domowy rytua\u0142 piel\u0119gnacyjny z efektem \u201eglow\u201d. Korzy\u015bci dla sk\u00f3ry: Roz\u015bwietla i wyr\u00f3wnuje ... Read morePetitfee Aura Quartz Hydrogel Face Mask 30 g &#8211; rozja\u015bniaj\u0105ca maska hydro\u017celowa do twarzy\" \/>\n<meta property=\"og:url\" content=\"https:\/\/admincentral.selleetools.com\/pl\/product\/petitfee-aura-quartz-hydrogel-face-mask-30-g-rozjasniajaca-maska-hydrozelowa-do-twarzy\/\" \/>\n<meta property=\"og:site_name\" content=\"Selleetools.com\" \/>\n<meta property=\"article:modified_time\" content=\"2025-11-04T19:10:55+00:00\" \/>\n<meta property=\"og:image\" content=\"https:\/\/selleetools.com\/wp-content\/uploads\/2025\/10\/f5d23801f09b6004ab3c5940b6b1bdb6.jpg\" \/>\n\t<meta property=\"og:image:width\" content=\"1000\" \/>\n\t<meta property=\"og:image:height\" content=\"1000\" \/>\n\t<meta property=\"og:image:type\" content=\"image\/jpeg\" \/>\n<meta name=\"twitter:card\" content=\"summary_large_image\" \/>\n<meta name=\"twitter:label1\" content=\"Est. reading time\" \/>\n\t<meta name=\"twitter:data1\" content=\"1 minuta\" \/>\n<!-- \/ Yoast SEO plugin. -->","yoast_head_json":{"title":"Petitfee Aura Quartz Hydrogel Face Mask 30 g - rozja\u015bniaj\u0105ca maska hydro\u017celowa do twarzy - Selleetools.com","robots":{"index":"index","follow":"follow","max-snippet":"max-snippet:-1","max-image-preview":"max-image-preview:large","max-video-preview":"max-video-preview:-1"},"canonical":"https:\/\/admincentral.selleetools.com\/pl\/product\/petitfee-aura-quartz-hydrogel-face-mask-30-g-rozjasniajaca-maska-hydrozelowa-do-twarzy\/","og_locale":"pl_PL","og_type":"article","og_title":"Petitfee Aura Quartz Hydrogel Face Mask 30 g - rozja\u015bniaj\u0105ca maska hydro\u017celowa do twarzy - Selleetools.com","og_description":"Petitfee Aura Quartz Hydrogel Face Mask to luksusowa maseczka hydro\u017celowa stworzona, by nada\u0107 sk\u00f3rze promienny wygl\u0105d i intensywne nawil\u017cenie. Jej wyj\u0105tkowa formu\u0142a zawiera ekstrakty ro\u015blinne oraz drobinki naturalnych minera\u0142\u00f3w jak per\u0142a, rubin, opal czy diament, kt\u00f3re wspieraj\u0105 roz\u015bwietlenie i ujednolicenie cery. Idealna jako domowy rytua\u0142 piel\u0119gnacyjny z efektem \u201eglow\u201d. Korzy\u015bci dla sk\u00f3ry: Roz\u015bwietla i wyr\u00f3wnuje ... Read morePetitfee Aura Quartz Hydrogel Face Mask 30 g &#8211; rozja\u015bniaj\u0105ca maska hydro\u017celowa do twarzy","og_url":"https:\/\/admincentral.selleetools.com\/pl\/product\/petitfee-aura-quartz-hydrogel-face-mask-30-g-rozjasniajaca-maska-hydrozelowa-do-twarzy\/","og_site_name":"Selleetools.com","article_modified_time":"2025-11-04T19:10:55+00:00","og_image":[{"width":1000,"height":1000,"url":"https:\/\/selleetools.com\/wp-content\/uploads\/2025\/10\/f5d23801f09b6004ab3c5940b6b1bdb6.jpg","type":"image\/jpeg"}],"twitter_card":"summary_large_image","twitter_misc":{"Est. reading time":"1 minuta"},"schema":{"@context":"https:\/\/schema.org","@graph":[{"@type":"Organization","@id":"https:\/\/selleetools.com\/#organization","name":"Selleetools","url":"https:\/\/selleetools.com\/","sameAs":[],"logo":{"@type":"ImageObject","inLanguage":"pl-PL","@id":"https:\/\/selleetools.com\/#\/schema\/logo\/image\/","url":"https:\/\/selleetools.com\/wp-content\/uploads\/2021\/10\/logo-dark.png","contentUrl":"https:\/\/selleetools.com\/wp-content\/uploads\/2021\/10\/logo-dark.png","width":320,"height":76,"caption":"Selleetools"},"image":{"@id":"https:\/\/selleetools.com\/#\/schema\/logo\/image\/"}},{"@type":"WebSite","@id":"https:\/\/selleetools.com\/#website","url":"https:\/\/selleetools.com\/","name":"Selleetools.com","description":"","publisher":{"@id":"https:\/\/selleetools.com\/#organization"},"potentialAction":[{"@type":"SearchAction","target":{"@type":"EntryPoint","urlTemplate":"https:\/\/selleetools.com\/?s={search_term_string}"},"query-input":"required name=search_term_string"}],"inLanguage":"pl-PL"},{"@type":"WebPage","@id":"https:\/\/admincentral.selleetools.com\/pl\/product\/petitfee-aura-quartz-hydrogel-face-mask-30-g-rozjasniajaca-maska-hydrozelowa-do-twarzy\/","url":"https:\/\/admincentral.selleetools.com\/pl\/product\/petitfee-aura-quartz-hydrogel-face-mask-30-g-rozjasniajaca-maska-hydrozelowa-do-twarzy\/","name":"Petitfee Aura Quartz Hydrogel Face Mask 30 g - rozja\u015bniaj\u0105ca maska hydro\u017celowa do twarzy - Selleetools.com","isPartOf":{"@id":"https:\/\/selleetools.com\/#website"},"datePublished":"2025-10-24T11:29:38+00:00","dateModified":"2025-11-04T19:10:55+00:00","breadcrumb":{"@id":"https:\/\/admincentral.selleetools.com\/pl\/product\/petitfee-aura-quartz-hydrogel-face-mask-30-g-rozjasniajaca-maska-hydrozelowa-do-twarzy\/#breadcrumb"},"inLanguage":"pl-PL","potentialAction":[{"@type":"ReadAction","target":["https:\/\/admincentral.selleetools.com\/pl\/product\/petitfee-aura-quartz-hydrogel-face-mask-30-g-rozjasniajaca-maska-hydrozelowa-do-twarzy\/"]}]},{"@type":"BreadcrumbList","@id":"https:\/\/admincentral.selleetools.com\/pl\/product\/petitfee-aura-quartz-hydrogel-face-mask-30-g-rozjasniajaca-maska-hydrozelowa-do-twarzy\/#breadcrumb","itemListElement":[{"@type":"ListItem","position":1,"name":"Home","item":"https:\/\/selleetools.com\/pl\/"},{"@type":"ListItem","position":2,"name":"Katalog","item":"https:\/\/selleetools.com\/pl\/katalog\/"},{"@type":"ListItem","position":3,"name":"Petitfee Aura Quartz Hydrogel Face Mask 30 g &#8211; rozja\u015bniaj\u0105ca maska hydro\u017celowa do twarzy"}]}]}},"_links":{"self":[{"href":"https:\/\/selleetools.com\/pl\/wp-json\/wp\/v2\/product\/604776"}],"collection":[{"href":"https:\/\/selleetools.com\/pl\/wp-json\/wp\/v2\/product"}],"about":[{"href":"https:\/\/selleetools.com\/pl\/wp-json\/wp\/v2\/types\/product"}],"replies":[{"embeddable":true,"href":"https:\/\/selleetools.com\/pl\/wp-json\/wp\/v2\/comments?post=604776"}],"wp:featuredmedia":[{"embeddable":true,"href":"https:\/\/selleetools.com\/pl\/wp-json\/wp\/v2\/media\/604774"}],"wp:attachment":[{"href":"https:\/\/selleetools.com\/pl\/wp-json\/wp\/v2\/media?parent=604776"}],"curies":[{"name":"wp","href":"https:\/\/api.w.org\/{rel}","templated":true}]}}