{"id":604773,"date":"2025-10-24T13:29:36","date_gmt":"2025-10-24T11:29:36","guid":{"rendered":"https:\/\/selleetools.com\/?post_type=product&#038;p=604773"},"modified":"2026-03-03T11:11:20","modified_gmt":"2026-03-03T10:11:20","slug":"anua-peach-77-niacin-essence-toner-250-ml-wielofunkcyjny-tonik-do-twarzy","status":"publish","type":"product","link":"https:\/\/selleetools.com\/pl\/product\/anua-peach-77-niacin-essence-toner-250-ml-wielofunkcyjny-tonik-do-twarzy\/","title":{"rendered":"ANUA PEACH 77 NIACIN ESSENCE TONER 250 ml &#8211; Wielofunkcyjny tonik do twarzy"},"content":{"rendered":"<section class=\"section\">\n<div class=\"item item-6\">\n<section class=\"image-item\">\n<p style=\"caret-color: rgb(0, 0, 0); color: rgb(0, 0, 0);\"><font style=\"font-size: 12px;\">ANUA PEACH 77 NIACIN ESSENCE TONER to wielofunkcyjny tonik esencja, kt\u00f3ry dzia\u0142a na sk\u00f3r\u0119 nawil\u017caj\u0105co, rozja\u015bniaj\u0105co i od\u017cywczo. Produkt ten doskonale przygotowuje sk\u00f3r\u0119 do dalszych etap\u00f3w piel\u0119gnacji, pomagaj\u0105c w wyr\u00f3wnaniu kolorytu, zmniejszeniu widoczno\u015bci por\u00f3w i nadaniu cerze zdrowego blasku. Regularne stosowanie toniku sprawia, \u017ce sk\u00f3ra staje si\u0119 bardziej j\u0119drna, g\u0142adka i pe\u0142na energii.<\/font><\/p>\n<h4 style=\"caret-color: rgb(0, 0, 0); color: rgb(0, 0, 0);\"><font style=\"font-size: 12px;\">Korzy\u015bci dla sk\u00f3ry<\/font><\/h4>\n<ul style=\"caret-color: rgb(0, 0, 0); color: rgb(0, 0, 0);\">\n<li><font style=\"font-size: 12px;\">Rozja\u015bnia i wyr\u00f3wnuje koloryt sk\u00f3ry<\/font><\/li>\n<li><font style=\"font-size: 12px;\">Nawil\u017ca i od\u017cywia<\/font><\/li>\n<li><font style=\"font-size: 12px;\">Zmniejsza widoczno\u015b\u0107 por\u00f3w<\/font><\/li>\n<li><font style=\"font-size: 12px;\">Poprawia elastyczno\u015b\u0107 i j\u0119drno\u015b\u0107 sk\u00f3ry<\/font><\/li>\n<\/ul>\n<h4 style=\"caret-color: rgb(0, 0, 0); color: rgb(0, 0, 0);\"><font style=\"font-size: 12px;\">Spos\u00f3b u\u017cycia:<\/font><\/h4>\n<p style=\"caret-color: rgb(0, 0, 0); color: rgb(0, 0, 0);\"><font style=\"font-size: 12px;\">Po oczyszczeniu twarzy, nas\u0105cz wacik tonikiem i delikatnie przetrzyj sk\u00f3r\u0119. Mo\u017cna r\u00f3wnie\u017c nanie\u015b\u0107 niewielk\u0105 ilo\u015b\u0107 toniku bezpo\u015brednio na d\u0142onie i wklepa\u0107 w sk\u00f3r\u0119 twarzy. Stosuj codziennie rano i wieczorem przed na\u0142o\u017ceniem serum i kremu.<\/font><\/p>\n<\/section>\n<\/div>\n<div class=\"item item-6\">\n<section class=\"text-item\">\n        <\/section>\n<\/p><\/div>\n<\/section>\n","protected":false},"excerpt":{"rendered":"<p>ANUA PEACH 77 NIACIN ESSENCE TONER to wielofunkcyjny tonik esencja, kt\u00f3ry dzia\u0142a na sk\u00f3r\u0119 nawil\u017caj\u0105co, rozja\u015bniaj\u0105co i od\u017cywczo. Produkt ten doskonale przygotowuje sk\u00f3r\u0119 do dalszych etap\u00f3w piel\u0119gnacji, pomagaj\u0105c w wyr\u00f3wnaniu kolorytu, zmniejszeniu widoczno\u015bci por\u00f3w i nadaniu cerze zdrowego blasku. Regularne stosowanie toniku sprawia, \u017ce sk\u00f3ra staje si\u0119 bardziej j\u0119drna, g\u0142adka i pe\u0142na energii. Korzy\u015bci dla &#8230; <a title=\"ANUA PEACH 77 NIACIN ESSENCE TONER 250 ml &#8211; Wielofunkcyjny tonik do twarzy\" class=\"read-more\" href=\"https:\/\/selleetools.com\/pl\/product\/anua-peach-77-niacin-essence-toner-250-ml-wielofunkcyjny-tonik-do-twarzy\/\">Read more<span class=\"screen-reader-text\">ANUA PEACH 77 NIACIN ESSENCE TONER 250 ml &#8211; Wielofunkcyjny tonik do twarzy<\/span><\/a><\/p>\n","protected":false},"featured_media":604771,"comment_status":"open","ping_status":"closed","template":"","meta":{"_links_to":"","_links_to_target":""},"yoast_head":"<!-- This site is optimized with the Yoast SEO plugin v19.4 - https:\/\/yoast.com\/wordpress\/plugins\/seo\/ -->\n<title>ANUA PEACH 77 NIACIN ESSENCE TONER 250 ml - Wielofunkcyjny tonik do twarzy - Selleetools.com<\/title>\n<meta name=\"robots\" content=\"index, follow, max-snippet:-1, max-image-preview:large, max-video-preview:-1\" \/>\n<link rel=\"canonical\" href=\"https:\/\/admincentral.selleetools.com\/pl\/product\/anua-peach-77-niacin-essence-toner-250-ml-wielofunkcyjny-tonik-do-twarzy\/\" \/>\n<meta property=\"og:locale\" content=\"pl_PL\" \/>\n<meta property=\"og:type\" content=\"article\" \/>\n<meta property=\"og:title\" content=\"ANUA PEACH 77 NIACIN ESSENCE TONER 250 ml - Wielofunkcyjny tonik do twarzy - Selleetools.com\" \/>\n<meta property=\"og:description\" content=\"ANUA PEACH 77 NIACIN ESSENCE TONER to wielofunkcyjny tonik esencja, kt\u00f3ry dzia\u0142a na sk\u00f3r\u0119 nawil\u017caj\u0105co, rozja\u015bniaj\u0105co i od\u017cywczo. Produkt ten doskonale przygotowuje sk\u00f3r\u0119 do dalszych etap\u00f3w piel\u0119gnacji, pomagaj\u0105c w wyr\u00f3wnaniu kolorytu, zmniejszeniu widoczno\u015bci por\u00f3w i nadaniu cerze zdrowego blasku. Regularne stosowanie toniku sprawia, \u017ce sk\u00f3ra staje si\u0119 bardziej j\u0119drna, g\u0142adka i pe\u0142na energii. Korzy\u015bci dla ... Read moreANUA PEACH 77 NIACIN ESSENCE TONER 250 ml &#8211; Wielofunkcyjny tonik do twarzy\" \/>\n<meta property=\"og:url\" content=\"https:\/\/admincentral.selleetools.com\/pl\/product\/anua-peach-77-niacin-essence-toner-250-ml-wielofunkcyjny-tonik-do-twarzy\/\" \/>\n<meta property=\"og:site_name\" content=\"Selleetools.com\" \/>\n<meta property=\"article:modified_time\" content=\"2026-03-03T10:11:20+00:00\" \/>\n<meta property=\"og:image\" content=\"https:\/\/selleetools.com\/wp-content\/uploads\/2025\/10\/39bde4347853b40997c637a1d18b2085.jpg\" \/>\n\t<meta property=\"og:image:width\" content=\"1200\" \/>\n\t<meta property=\"og:image:height\" content=\"1200\" \/>\n\t<meta property=\"og:image:type\" content=\"image\/jpeg\" \/>\n<meta name=\"twitter:card\" content=\"summary_large_image\" \/>\n<meta name=\"twitter:label1\" content=\"Est. reading time\" \/>\n\t<meta name=\"twitter:data1\" content=\"1 minuta\" \/>\n<!-- \/ Yoast SEO plugin. -->","yoast_head_json":{"title":"ANUA PEACH 77 NIACIN ESSENCE TONER 250 ml - Wielofunkcyjny tonik do twarzy - Selleetools.com","robots":{"index":"index","follow":"follow","max-snippet":"max-snippet:-1","max-image-preview":"max-image-preview:large","max-video-preview":"max-video-preview:-1"},"canonical":"https:\/\/admincentral.selleetools.com\/pl\/product\/anua-peach-77-niacin-essence-toner-250-ml-wielofunkcyjny-tonik-do-twarzy\/","og_locale":"pl_PL","og_type":"article","og_title":"ANUA PEACH 77 NIACIN ESSENCE TONER 250 ml - Wielofunkcyjny tonik do twarzy - Selleetools.com","og_description":"ANUA PEACH 77 NIACIN ESSENCE TONER to wielofunkcyjny tonik esencja, kt\u00f3ry dzia\u0142a na sk\u00f3r\u0119 nawil\u017caj\u0105co, rozja\u015bniaj\u0105co i od\u017cywczo. Produkt ten doskonale przygotowuje sk\u00f3r\u0119 do dalszych etap\u00f3w piel\u0119gnacji, pomagaj\u0105c w wyr\u00f3wnaniu kolorytu, zmniejszeniu widoczno\u015bci por\u00f3w i nadaniu cerze zdrowego blasku. Regularne stosowanie toniku sprawia, \u017ce sk\u00f3ra staje si\u0119 bardziej j\u0119drna, g\u0142adka i pe\u0142na energii. Korzy\u015bci dla ... Read moreANUA PEACH 77 NIACIN ESSENCE TONER 250 ml &#8211; Wielofunkcyjny tonik do twarzy","og_url":"https:\/\/admincentral.selleetools.com\/pl\/product\/anua-peach-77-niacin-essence-toner-250-ml-wielofunkcyjny-tonik-do-twarzy\/","og_site_name":"Selleetools.com","article_modified_time":"2026-03-03T10:11:20+00:00","og_image":[{"width":1200,"height":1200,"url":"https:\/\/selleetools.com\/wp-content\/uploads\/2025\/10\/39bde4347853b40997c637a1d18b2085.jpg","type":"image\/jpeg"}],"twitter_card":"summary_large_image","twitter_misc":{"Est. reading time":"1 minuta"},"schema":{"@context":"https:\/\/schema.org","@graph":[{"@type":"Organization","@id":"https:\/\/selleetools.com\/#organization","name":"Selleetools","url":"https:\/\/selleetools.com\/","sameAs":[],"logo":{"@type":"ImageObject","inLanguage":"pl-PL","@id":"https:\/\/selleetools.com\/#\/schema\/logo\/image\/","url":"https:\/\/selleetools.com\/wp-content\/uploads\/2021\/10\/logo-dark.png","contentUrl":"https:\/\/selleetools.com\/wp-content\/uploads\/2021\/10\/logo-dark.png","width":320,"height":76,"caption":"Selleetools"},"image":{"@id":"https:\/\/selleetools.com\/#\/schema\/logo\/image\/"}},{"@type":"WebSite","@id":"https:\/\/selleetools.com\/#website","url":"https:\/\/selleetools.com\/","name":"Selleetools.com","description":"","publisher":{"@id":"https:\/\/selleetools.com\/#organization"},"potentialAction":[{"@type":"SearchAction","target":{"@type":"EntryPoint","urlTemplate":"https:\/\/selleetools.com\/?s={search_term_string}"},"query-input":"required name=search_term_string"}],"inLanguage":"pl-PL"},{"@type":"WebPage","@id":"https:\/\/admincentral.selleetools.com\/pl\/product\/anua-peach-77-niacin-essence-toner-250-ml-wielofunkcyjny-tonik-do-twarzy\/","url":"https:\/\/admincentral.selleetools.com\/pl\/product\/anua-peach-77-niacin-essence-toner-250-ml-wielofunkcyjny-tonik-do-twarzy\/","name":"ANUA PEACH 77 NIACIN ESSENCE TONER 250 ml - Wielofunkcyjny tonik do twarzy - Selleetools.com","isPartOf":{"@id":"https:\/\/selleetools.com\/#website"},"datePublished":"2025-10-24T11:29:36+00:00","dateModified":"2026-03-03T10:11:20+00:00","breadcrumb":{"@id":"https:\/\/admincentral.selleetools.com\/pl\/product\/anua-peach-77-niacin-essence-toner-250-ml-wielofunkcyjny-tonik-do-twarzy\/#breadcrumb"},"inLanguage":"pl-PL","potentialAction":[{"@type":"ReadAction","target":["https:\/\/admincentral.selleetools.com\/pl\/product\/anua-peach-77-niacin-essence-toner-250-ml-wielofunkcyjny-tonik-do-twarzy\/"]}]},{"@type":"BreadcrumbList","@id":"https:\/\/admincentral.selleetools.com\/pl\/product\/anua-peach-77-niacin-essence-toner-250-ml-wielofunkcyjny-tonik-do-twarzy\/#breadcrumb","itemListElement":[{"@type":"ListItem","position":1,"name":"Home","item":"https:\/\/selleetools.com\/pl\/"},{"@type":"ListItem","position":2,"name":"Katalog","item":"https:\/\/selleetools.com\/pl\/katalog\/"},{"@type":"ListItem","position":3,"name":"ANUA PEACH 77 NIACIN ESSENCE TONER 250 ml &#8211; Wielofunkcyjny tonik do twarzy"}]}]}},"_links":{"self":[{"href":"https:\/\/selleetools.com\/pl\/wp-json\/wp\/v2\/product\/604773"}],"collection":[{"href":"https:\/\/selleetools.com\/pl\/wp-json\/wp\/v2\/product"}],"about":[{"href":"https:\/\/selleetools.com\/pl\/wp-json\/wp\/v2\/types\/product"}],"replies":[{"embeddable":true,"href":"https:\/\/selleetools.com\/pl\/wp-json\/wp\/v2\/comments?post=604773"}],"wp:featuredmedia":[{"embeddable":true,"href":"https:\/\/selleetools.com\/pl\/wp-json\/wp\/v2\/media\/604771"}],"wp:attachment":[{"href":"https:\/\/selleetools.com\/pl\/wp-json\/wp\/v2\/media?parent=604773"}],"curies":[{"name":"wp","href":"https:\/\/api.w.org\/{rel}","templated":true}]}}