{"id":604770,"date":"2025-10-24T13:29:33","date_gmt":"2025-10-24T11:29:33","guid":{"rendered":"https:\/\/selleetools.com\/?post_type=product&#038;p=604770"},"modified":"2025-11-04T20:10:44","modified_gmt":"2025-11-04T19:10:44","slug":"vt-cosmetics-mild-reedle-shot-50-50-ml-booster-intensywnie-wzmacniajacy","status":"publish","type":"product","link":"https:\/\/selleetools.com\/pl\/product\/vt-cosmetics-mild-reedle-shot-50-50-ml-booster-intensywnie-wzmacniajacy\/","title":{"rendered":"VT Cosmetics Mild Reedle Shot 50, 50 ml &#8211; Booster intensywnie wzmacniaj\u0105cy"},"content":{"rendered":"<p>VT Cosmetics Mild Reedle Shot 50 to delikatny booster do codziennej piel\u0119gnacji twarzy, przeznaczony dla sk\u00f3ry wra\u017cliwej, suchej i reaktywnej. Stosowany jako \u201ekrok zerowy\u201d piel\u0119gnacji \u2013 bezpo\u015brednio po oczyszczeniu sk\u00f3ry \u2013 przygotowuje cer\u0119 na dalsze etapy rutyny, poprawiaj\u0105c jej struktur\u0119 i zwi\u0119kszaj\u0105c wch\u0142anianie sk\u0142adnik\u00f3w aktywnych.<br \/>\nFormu\u0142a oparta na technologii Cica Reedle\u2122 dzia\u0142a wyj\u0105tkowo \u0142agodnie, a zarazem skutecznie \u2013 wyg\u0142adza, roz\u015bwietla i wspiera naturalne procesy regeneracyjne. Kompleks Cica Hyalon\u2122, zawieraj\u0105cy potr\u00f3jny kwas hialuronowy, propolis i Centella 4X, g\u0142\u0119boko nawil\u017ca i koi, wzmacniaj\u0105c barier\u0119 ochronn\u0105 sk\u00f3ry. Obecno\u015b\u0107 niacynamidu, adenozyny, aloesu i astaksantyny dodatkowo wspomaga walk\u0119 z przebarwieniami, drobnymi zmarszczkami i szorstko\u015bci\u0105 sk\u00f3ry.<\/p>\n<p>Korzy\u015bci dla sk\u00f3ry:<br \/>\nDelikatne mikroz\u0142uszczanie i przygotowanie sk\u00f3ry na dalsz\u0105 piel\u0119gnacj\u0119<br \/>\nKojenie i redukcja wra\u017cliwo\u015bci sk\u00f3ry<br \/>\nG\u0142\u0119bokie nawil\u017cenie i wzmocnienie bariery hydrolipidowej<br \/>\nWyg\u0142adzenie, poprawa tekstury i naturalny blask<br \/>\nOdpowiedni dla sk\u00f3ry wra\u017cliwej i pocz\u0105tkuj\u0105cych u\u017cytkownik\u00f3w serii Reedle Shot<\/p>\n<p>Spos\u00f3b u\u017cycia:<br \/>\nStosuj rano i\/lub wieczorem jako pierwszy krok po oczyszczeniu twarzy. Na\u0142\u00f3\u017c niewielk\u0105 ilo\u015b\u0107 produktu na such\u0105 sk\u00f3r\u0119 i delikatnie wmasuj. Na zako\u0144czenie przyci\u015bnij d\u0142onie do twarzy, aby u\u0142atwi\u0107 wch\u0142anianie. Po zastosowaniu na\u0142\u00f3\u017c krem nawil\u017caj\u0105cy. W ci\u0105gu dnia pami\u0119taj o ochronie przeciws\u0142onecznej.<\/p>\n","protected":false},"excerpt":{"rendered":"<p>VT Cosmetics Mild Reedle Shot 50 to delikatny booster do codziennej piel\u0119gnacji twarzy, przeznaczony dla sk\u00f3ry wra\u017cliwej, suchej i reaktywnej. Stosowany jako \u201ekrok zerowy\u201d piel\u0119gnacji \u2013 bezpo\u015brednio po oczyszczeniu sk\u00f3ry \u2013 przygotowuje cer\u0119 na dalsze etapy rutyny, poprawiaj\u0105c jej struktur\u0119 i zwi\u0119kszaj\u0105c wch\u0142anianie sk\u0142adnik\u00f3w aktywnych. Formu\u0142a oparta na technologii Cica Reedle\u2122 dzia\u0142a wyj\u0105tkowo \u0142agodnie, a &#8230; <a title=\"VT Cosmetics Mild Reedle Shot 50, 50 ml &#8211; Booster intensywnie wzmacniaj\u0105cy\" class=\"read-more\" href=\"https:\/\/selleetools.com\/pl\/product\/vt-cosmetics-mild-reedle-shot-50-50-ml-booster-intensywnie-wzmacniajacy\/\">Read more<span class=\"screen-reader-text\">VT Cosmetics Mild Reedle Shot 50, 50 ml &#8211; Booster intensywnie wzmacniaj\u0105cy<\/span><\/a><\/p>\n","protected":false},"featured_media":604768,"comment_status":"open","ping_status":"closed","template":"","meta":{"_links_to":"","_links_to_target":""},"yoast_head":"<!-- This site is optimized with the Yoast SEO plugin v19.4 - https:\/\/yoast.com\/wordpress\/plugins\/seo\/ -->\n<title>VT Cosmetics Mild Reedle Shot 50, 50 ml - Booster intensywnie wzmacniaj\u0105cy - Selleetools.com<\/title>\n<meta name=\"robots\" content=\"index, follow, max-snippet:-1, max-image-preview:large, max-video-preview:-1\" \/>\n<link rel=\"canonical\" href=\"https:\/\/selleetools.com\/pl\/product\/vt-cosmetics-mild-reedle-shot-50-50-ml-booster-intensywnie-wzmacniajacy\/\" \/>\n<meta property=\"og:locale\" content=\"pl_PL\" \/>\n<meta property=\"og:type\" content=\"article\" \/>\n<meta property=\"og:title\" content=\"VT Cosmetics Mild Reedle Shot 50, 50 ml - Booster intensywnie wzmacniaj\u0105cy - Selleetools.com\" \/>\n<meta property=\"og:description\" content=\"VT Cosmetics Mild Reedle Shot 50 to delikatny booster do codziennej piel\u0119gnacji twarzy, przeznaczony dla sk\u00f3ry wra\u017cliwej, suchej i reaktywnej. Stosowany jako \u201ekrok zerowy\u201d piel\u0119gnacji \u2013 bezpo\u015brednio po oczyszczeniu sk\u00f3ry \u2013 przygotowuje cer\u0119 na dalsze etapy rutyny, poprawiaj\u0105c jej struktur\u0119 i zwi\u0119kszaj\u0105c wch\u0142anianie sk\u0142adnik\u00f3w aktywnych. Formu\u0142a oparta na technologii Cica Reedle\u2122 dzia\u0142a wyj\u0105tkowo \u0142agodnie, a ... Read moreVT Cosmetics Mild Reedle Shot 50, 50 ml &#8211; Booster intensywnie wzmacniaj\u0105cy\" \/>\n<meta property=\"og:url\" content=\"https:\/\/selleetools.com\/pl\/product\/vt-cosmetics-mild-reedle-shot-50-50-ml-booster-intensywnie-wzmacniajacy\/\" \/>\n<meta property=\"og:site_name\" content=\"Selleetools.com\" \/>\n<meta property=\"article:modified_time\" content=\"2025-11-04T19:10:44+00:00\" \/>\n<meta property=\"og:image\" content=\"https:\/\/selleetools.com\/wp-content\/uploads\/2025\/10\/3affd63dff916fb16270122cd26c8cee.png\" \/>\n\t<meta property=\"og:image:width\" content=\"3000\" \/>\n\t<meta property=\"og:image:height\" content=\"3000\" \/>\n\t<meta property=\"og:image:type\" content=\"image\/png\" \/>\n<meta name=\"twitter:card\" content=\"summary_large_image\" \/>\n<meta name=\"twitter:label1\" content=\"Est. reading time\" \/>\n\t<meta name=\"twitter:data1\" content=\"1 minuta\" \/>\n<!-- \/ Yoast SEO plugin. -->","yoast_head_json":{"title":"VT Cosmetics Mild Reedle Shot 50, 50 ml - Booster intensywnie wzmacniaj\u0105cy - Selleetools.com","robots":{"index":"index","follow":"follow","max-snippet":"max-snippet:-1","max-image-preview":"max-image-preview:large","max-video-preview":"max-video-preview:-1"},"canonical":"https:\/\/selleetools.com\/pl\/product\/vt-cosmetics-mild-reedle-shot-50-50-ml-booster-intensywnie-wzmacniajacy\/","og_locale":"pl_PL","og_type":"article","og_title":"VT Cosmetics Mild Reedle Shot 50, 50 ml - Booster intensywnie wzmacniaj\u0105cy - Selleetools.com","og_description":"VT Cosmetics Mild Reedle Shot 50 to delikatny booster do codziennej piel\u0119gnacji twarzy, przeznaczony dla sk\u00f3ry wra\u017cliwej, suchej i reaktywnej. Stosowany jako \u201ekrok zerowy\u201d piel\u0119gnacji \u2013 bezpo\u015brednio po oczyszczeniu sk\u00f3ry \u2013 przygotowuje cer\u0119 na dalsze etapy rutyny, poprawiaj\u0105c jej struktur\u0119 i zwi\u0119kszaj\u0105c wch\u0142anianie sk\u0142adnik\u00f3w aktywnych. Formu\u0142a oparta na technologii Cica Reedle\u2122 dzia\u0142a wyj\u0105tkowo \u0142agodnie, a ... Read moreVT Cosmetics Mild Reedle Shot 50, 50 ml &#8211; Booster intensywnie wzmacniaj\u0105cy","og_url":"https:\/\/selleetools.com\/pl\/product\/vt-cosmetics-mild-reedle-shot-50-50-ml-booster-intensywnie-wzmacniajacy\/","og_site_name":"Selleetools.com","article_modified_time":"2025-11-04T19:10:44+00:00","og_image":[{"width":3000,"height":3000,"url":"https:\/\/selleetools.com\/wp-content\/uploads\/2025\/10\/3affd63dff916fb16270122cd26c8cee.png","type":"image\/png"}],"twitter_card":"summary_large_image","twitter_misc":{"Est. reading time":"1 minuta"},"schema":{"@context":"https:\/\/schema.org","@graph":[{"@type":"Organization","@id":"https:\/\/selleetools.com\/#organization","name":"Selleetools","url":"https:\/\/selleetools.com\/","sameAs":[],"logo":{"@type":"ImageObject","inLanguage":"pl-PL","@id":"https:\/\/selleetools.com\/#\/schema\/logo\/image\/","url":"https:\/\/selleetools.com\/wp-content\/uploads\/2021\/10\/logo-dark.png","contentUrl":"https:\/\/selleetools.com\/wp-content\/uploads\/2021\/10\/logo-dark.png","width":320,"height":76,"caption":"Selleetools"},"image":{"@id":"https:\/\/selleetools.com\/#\/schema\/logo\/image\/"}},{"@type":"WebSite","@id":"https:\/\/selleetools.com\/#website","url":"https:\/\/selleetools.com\/","name":"Selleetools.com","description":"","publisher":{"@id":"https:\/\/selleetools.com\/#organization"},"potentialAction":[{"@type":"SearchAction","target":{"@type":"EntryPoint","urlTemplate":"https:\/\/selleetools.com\/?s={search_term_string}"},"query-input":"required name=search_term_string"}],"inLanguage":"pl-PL"},{"@type":"WebPage","@id":"https:\/\/selleetools.com\/pl\/product\/vt-cosmetics-mild-reedle-shot-50-50-ml-booster-intensywnie-wzmacniajacy\/","url":"https:\/\/selleetools.com\/pl\/product\/vt-cosmetics-mild-reedle-shot-50-50-ml-booster-intensywnie-wzmacniajacy\/","name":"VT Cosmetics Mild Reedle Shot 50, 50 ml - Booster intensywnie wzmacniaj\u0105cy - Selleetools.com","isPartOf":{"@id":"https:\/\/selleetools.com\/#website"},"datePublished":"2025-10-24T11:29:33+00:00","dateModified":"2025-11-04T19:10:44+00:00","breadcrumb":{"@id":"https:\/\/selleetools.com\/pl\/product\/vt-cosmetics-mild-reedle-shot-50-50-ml-booster-intensywnie-wzmacniajacy\/#breadcrumb"},"inLanguage":"pl-PL","potentialAction":[{"@type":"ReadAction","target":["https:\/\/selleetools.com\/pl\/product\/vt-cosmetics-mild-reedle-shot-50-50-ml-booster-intensywnie-wzmacniajacy\/"]}]},{"@type":"BreadcrumbList","@id":"https:\/\/selleetools.com\/pl\/product\/vt-cosmetics-mild-reedle-shot-50-50-ml-booster-intensywnie-wzmacniajacy\/#breadcrumb","itemListElement":[{"@type":"ListItem","position":1,"name":"Home","item":"https:\/\/selleetools.com\/pl\/"},{"@type":"ListItem","position":2,"name":"Katalog","item":"https:\/\/selleetools.com\/pl\/katalog\/"},{"@type":"ListItem","position":3,"name":"VT Cosmetics Mild Reedle Shot 50, 50 ml &#8211; Booster intensywnie wzmacniaj\u0105cy"}]}]}},"_links":{"self":[{"href":"https:\/\/selleetools.com\/pl\/wp-json\/wp\/v2\/product\/604770"}],"collection":[{"href":"https:\/\/selleetools.com\/pl\/wp-json\/wp\/v2\/product"}],"about":[{"href":"https:\/\/selleetools.com\/pl\/wp-json\/wp\/v2\/types\/product"}],"replies":[{"embeddable":true,"href":"https:\/\/selleetools.com\/pl\/wp-json\/wp\/v2\/comments?post=604770"}],"wp:featuredmedia":[{"embeddable":true,"href":"https:\/\/selleetools.com\/pl\/wp-json\/wp\/v2\/media\/604768"}],"wp:attachment":[{"href":"https:\/\/selleetools.com\/pl\/wp-json\/wp\/v2\/media?parent=604770"}],"curies":[{"name":"wp","href":"https:\/\/api.w.org\/{rel}","templated":true}]}}