{"id":604767,"date":"2025-10-24T13:29:29","date_gmt":"2025-10-24T11:29:29","guid":{"rendered":"https:\/\/selleetools.com\/?post_type=product&#038;p=604767"},"modified":"2026-03-03T11:11:22","modified_gmt":"2026-03-03T10:11:22","slug":"vt-cosmetics-reedle-shot-lifting-eye-cream-15-ml-krem-pod-oczy-liftingujacy","status":"publish","type":"product","link":"https:\/\/selleetools.com\/pl\/product\/vt-cosmetics-reedle-shot-lifting-eye-cream-15-ml-krem-pod-oczy-liftingujacy\/","title":{"rendered":"VT Cosmetics Reedle Shot Lifting Eye Cream 15 ml &#8211; Krem pod oczy liftinguj\u0105cy"},"content":{"rendered":"<p>VT Cosmetics Reedle Shot Lifting Eye Cream to zaawansowany krem pod oczy zaprojektowany z my\u015bl\u0105 o intensywnej piel\u0119gnacji delikatnej sk\u00f3ry wok\u00f3\u0142 oczu. Dzi\u0119ki innowacyjnej formule, kt\u00f3ra \u0142\u0105czy w sobie sk\u0142adniki aktywne o silnym dzia\u0142aniu liftinguj\u0105cym i wyg\u0142adzaj\u0105cym, ten krem pomaga zredukowa\u0107 widoczno\u015b\u0107 zmarszczek, cieni pod oczami oraz opuchlizny. Produkt jest idealny dla os\u00f3b pragn\u0105cych uzyska\u0107 m\u0142odszy i bardziej wypocz\u0119ty wygl\u0105d.<\/p>\n<p>Korzy\u015bci dla sk\u00f3ry:<br \/>\nLifting i uj\u0119drnienie: Formu\u0142a kremu zawiera sk\u0142adniki takie jak peptydy, kt\u00f3re pomagaj\u0105 wzmocni\u0107 i uj\u0119drni\u0107 sk\u00f3r\u0119, redukuj\u0105c oznaki starzenia.<br \/>\nWyg\u0142adzenie zmarszczek: Krem skutecznie wyg\u0142adza drobne linie i zmarszczki, przywracaj\u0105c sk\u00f3rze g\u0142adko\u015b\u0107 i elastyczno\u015b\u0107.<br \/>\nNawil\u017cenie: Dzi\u0119ki zawarto\u015bci nawil\u017caj\u0105cych sk\u0142adnik\u00f3w, sk\u00f3ra wok\u00f3\u0142 oczu staje si\u0119 bardziej nawil\u017cona i elastyczna.<br \/>\nRedukcja cieni i opuchlizny: Sk\u0142adniki aktywne pomagaj\u0105 zredukowa\u0107 widoczno\u015b\u0107 cieni pod oczami oraz opuchlizny, co sprawia, \u017ce spojrzenie staje si\u0119 bardziej wypocz\u0119te i promienne.<\/p>\n<p>Spos\u00f3b u\u017cycia:<br \/>\nOczyszczenie: Zaczynaj od dok\u0142adnego oczyszczenia twarzy.<br \/>\nAplikacja: Niewielk\u0105 ilo\u015b\u0107 kremu nanie\u015b na opuszek palca.<br \/>\nNak\u0142adanie: Delikatnie wklep krem w sk\u00f3r\u0119 wok\u00f3\u0142 oczu, zwracaj\u0105c szczeg\u00f3ln\u0105 uwag\u0119 na miejsca z widocznymi zmarszczkami i cieniami.<br \/>\nAbsorpcja: Pozw\u00f3l kremowi ca\u0142kowicie si\u0119 wch\u0142on\u0105\u0107 przed na\u0142o\u017ceniem kolejnych produkt\u00f3w piel\u0119gnacyjnych lub makija\u017cu.<\/p>\n","protected":false},"excerpt":{"rendered":"<p>VT Cosmetics Reedle Shot Lifting Eye Cream to zaawansowany krem pod oczy zaprojektowany z my\u015bl\u0105 o intensywnej piel\u0119gnacji delikatnej sk\u00f3ry wok\u00f3\u0142 oczu. Dzi\u0119ki innowacyjnej formule, kt\u00f3ra \u0142\u0105czy w sobie sk\u0142adniki aktywne o silnym dzia\u0142aniu liftinguj\u0105cym i wyg\u0142adzaj\u0105cym, ten krem pomaga zredukowa\u0107 widoczno\u015b\u0107 zmarszczek, cieni pod oczami oraz opuchlizny. Produkt jest idealny dla os\u00f3b pragn\u0105cych uzyska\u0107 &#8230; <a title=\"VT Cosmetics Reedle Shot Lifting Eye Cream 15 ml &#8211; Krem pod oczy liftinguj\u0105cy\" class=\"read-more\" href=\"https:\/\/selleetools.com\/pl\/product\/vt-cosmetics-reedle-shot-lifting-eye-cream-15-ml-krem-pod-oczy-liftingujacy\/\">Read more<span class=\"screen-reader-text\">VT Cosmetics Reedle Shot Lifting Eye Cream 15 ml &#8211; Krem pod oczy liftinguj\u0105cy<\/span><\/a><\/p>\n","protected":false},"featured_media":604763,"comment_status":"open","ping_status":"closed","template":"","meta":{"_links_to":"","_links_to_target":""},"yoast_head":"<!-- This site is optimized with the Yoast SEO plugin v19.4 - https:\/\/yoast.com\/wordpress\/plugins\/seo\/ -->\n<title>VT Cosmetics Reedle Shot Lifting Eye Cream 15 ml - Krem pod oczy liftinguj\u0105cy - Selleetools.com<\/title>\n<meta name=\"robots\" content=\"index, follow, max-snippet:-1, max-image-preview:large, max-video-preview:-1\" \/>\n<link rel=\"canonical\" href=\"https:\/\/selleetools.com\/pl\/product\/vt-cosmetics-reedle-shot-lifting-eye-cream-15-ml-krem-pod-oczy-liftingujacy\/\" \/>\n<meta property=\"og:locale\" content=\"pl_PL\" \/>\n<meta property=\"og:type\" content=\"article\" \/>\n<meta property=\"og:title\" content=\"VT Cosmetics Reedle Shot Lifting Eye Cream 15 ml - Krem pod oczy liftinguj\u0105cy - Selleetools.com\" \/>\n<meta property=\"og:description\" content=\"VT Cosmetics Reedle Shot Lifting Eye Cream to zaawansowany krem pod oczy zaprojektowany z my\u015bl\u0105 o intensywnej piel\u0119gnacji delikatnej sk\u00f3ry wok\u00f3\u0142 oczu. Dzi\u0119ki innowacyjnej formule, kt\u00f3ra \u0142\u0105czy w sobie sk\u0142adniki aktywne o silnym dzia\u0142aniu liftinguj\u0105cym i wyg\u0142adzaj\u0105cym, ten krem pomaga zredukowa\u0107 widoczno\u015b\u0107 zmarszczek, cieni pod oczami oraz opuchlizny. Produkt jest idealny dla os\u00f3b pragn\u0105cych uzyska\u0107 ... Read moreVT Cosmetics Reedle Shot Lifting Eye Cream 15 ml &#8211; Krem pod oczy liftinguj\u0105cy\" \/>\n<meta property=\"og:url\" content=\"https:\/\/selleetools.com\/pl\/product\/vt-cosmetics-reedle-shot-lifting-eye-cream-15-ml-krem-pod-oczy-liftingujacy\/\" \/>\n<meta property=\"og:site_name\" content=\"Selleetools.com\" \/>\n<meta property=\"article:modified_time\" content=\"2026-03-03T10:11:22+00:00\" \/>\n<meta property=\"og:image\" content=\"https:\/\/selleetools.com\/wp-content\/uploads\/2025\/10\/4c1d5d047439c256f82efe86a672f394.jpg\" \/>\n\t<meta property=\"og:image:width\" content=\"780\" \/>\n\t<meta property=\"og:image:height\" content=\"780\" \/>\n\t<meta property=\"og:image:type\" content=\"image\/jpeg\" \/>\n<meta name=\"twitter:card\" content=\"summary_large_image\" \/>\n<meta name=\"twitter:label1\" content=\"Est. reading time\" \/>\n\t<meta name=\"twitter:data1\" content=\"1 minuta\" \/>\n<!-- \/ Yoast SEO plugin. -->","yoast_head_json":{"title":"VT Cosmetics Reedle Shot Lifting Eye Cream 15 ml - Krem pod oczy liftinguj\u0105cy - Selleetools.com","robots":{"index":"index","follow":"follow","max-snippet":"max-snippet:-1","max-image-preview":"max-image-preview:large","max-video-preview":"max-video-preview:-1"},"canonical":"https:\/\/selleetools.com\/pl\/product\/vt-cosmetics-reedle-shot-lifting-eye-cream-15-ml-krem-pod-oczy-liftingujacy\/","og_locale":"pl_PL","og_type":"article","og_title":"VT Cosmetics Reedle Shot Lifting Eye Cream 15 ml - Krem pod oczy liftinguj\u0105cy - Selleetools.com","og_description":"VT Cosmetics Reedle Shot Lifting Eye Cream to zaawansowany krem pod oczy zaprojektowany z my\u015bl\u0105 o intensywnej piel\u0119gnacji delikatnej sk\u00f3ry wok\u00f3\u0142 oczu. Dzi\u0119ki innowacyjnej formule, kt\u00f3ra \u0142\u0105czy w sobie sk\u0142adniki aktywne o silnym dzia\u0142aniu liftinguj\u0105cym i wyg\u0142adzaj\u0105cym, ten krem pomaga zredukowa\u0107 widoczno\u015b\u0107 zmarszczek, cieni pod oczami oraz opuchlizny. Produkt jest idealny dla os\u00f3b pragn\u0105cych uzyska\u0107 ... Read moreVT Cosmetics Reedle Shot Lifting Eye Cream 15 ml &#8211; Krem pod oczy liftinguj\u0105cy","og_url":"https:\/\/selleetools.com\/pl\/product\/vt-cosmetics-reedle-shot-lifting-eye-cream-15-ml-krem-pod-oczy-liftingujacy\/","og_site_name":"Selleetools.com","article_modified_time":"2026-03-03T10:11:22+00:00","og_image":[{"width":780,"height":780,"url":"https:\/\/selleetools.com\/wp-content\/uploads\/2025\/10\/4c1d5d047439c256f82efe86a672f394.jpg","type":"image\/jpeg"}],"twitter_card":"summary_large_image","twitter_misc":{"Est. reading time":"1 minuta"},"schema":{"@context":"https:\/\/schema.org","@graph":[{"@type":"Organization","@id":"https:\/\/selleetools.com\/#organization","name":"Selleetools","url":"https:\/\/selleetools.com\/","sameAs":[],"logo":{"@type":"ImageObject","inLanguage":"pl-PL","@id":"https:\/\/selleetools.com\/#\/schema\/logo\/image\/","url":"https:\/\/selleetools.com\/wp-content\/uploads\/2021\/10\/logo-dark.png","contentUrl":"https:\/\/selleetools.com\/wp-content\/uploads\/2021\/10\/logo-dark.png","width":320,"height":76,"caption":"Selleetools"},"image":{"@id":"https:\/\/selleetools.com\/#\/schema\/logo\/image\/"}},{"@type":"WebSite","@id":"https:\/\/selleetools.com\/#website","url":"https:\/\/selleetools.com\/","name":"Selleetools.com","description":"","publisher":{"@id":"https:\/\/selleetools.com\/#organization"},"potentialAction":[{"@type":"SearchAction","target":{"@type":"EntryPoint","urlTemplate":"https:\/\/selleetools.com\/?s={search_term_string}"},"query-input":"required name=search_term_string"}],"inLanguage":"pl-PL"},{"@type":"WebPage","@id":"https:\/\/selleetools.com\/pl\/product\/vt-cosmetics-reedle-shot-lifting-eye-cream-15-ml-krem-pod-oczy-liftingujacy\/","url":"https:\/\/selleetools.com\/pl\/product\/vt-cosmetics-reedle-shot-lifting-eye-cream-15-ml-krem-pod-oczy-liftingujacy\/","name":"VT Cosmetics Reedle Shot Lifting Eye Cream 15 ml - Krem pod oczy liftinguj\u0105cy - Selleetools.com","isPartOf":{"@id":"https:\/\/selleetools.com\/#website"},"datePublished":"2025-10-24T11:29:29+00:00","dateModified":"2026-03-03T10:11:22+00:00","breadcrumb":{"@id":"https:\/\/selleetools.com\/pl\/product\/vt-cosmetics-reedle-shot-lifting-eye-cream-15-ml-krem-pod-oczy-liftingujacy\/#breadcrumb"},"inLanguage":"pl-PL","potentialAction":[{"@type":"ReadAction","target":["https:\/\/selleetools.com\/pl\/product\/vt-cosmetics-reedle-shot-lifting-eye-cream-15-ml-krem-pod-oczy-liftingujacy\/"]}]},{"@type":"BreadcrumbList","@id":"https:\/\/selleetools.com\/pl\/product\/vt-cosmetics-reedle-shot-lifting-eye-cream-15-ml-krem-pod-oczy-liftingujacy\/#breadcrumb","itemListElement":[{"@type":"ListItem","position":1,"name":"Home","item":"https:\/\/selleetools.com\/pl\/"},{"@type":"ListItem","position":2,"name":"Katalog","item":"https:\/\/selleetools.com\/pl\/katalog\/"},{"@type":"ListItem","position":3,"name":"VT Cosmetics Reedle Shot Lifting Eye Cream 15 ml &#8211; Krem pod oczy liftinguj\u0105cy"}]}]}},"_links":{"self":[{"href":"https:\/\/selleetools.com\/pl\/wp-json\/wp\/v2\/product\/604767"}],"collection":[{"href":"https:\/\/selleetools.com\/pl\/wp-json\/wp\/v2\/product"}],"about":[{"href":"https:\/\/selleetools.com\/pl\/wp-json\/wp\/v2\/types\/product"}],"replies":[{"embeddable":true,"href":"https:\/\/selleetools.com\/pl\/wp-json\/wp\/v2\/comments?post=604767"}],"wp:featuredmedia":[{"embeddable":true,"href":"https:\/\/selleetools.com\/pl\/wp-json\/wp\/v2\/media\/604763"}],"wp:attachment":[{"href":"https:\/\/selleetools.com\/pl\/wp-json\/wp\/v2\/media?parent=604767"}],"curies":[{"name":"wp","href":"https:\/\/api.w.org\/{rel}","templated":true}]}}