{"id":604504,"date":"2025-10-24T13:26:01","date_gmt":"2025-10-24T11:26:01","guid":{"rendered":"https:\/\/selleetools.com\/?post_type=product&#038;p=604504"},"modified":"2025-11-04T20:09:27","modified_gmt":"2025-11-04T19:09:27","slug":"anua-peach-77-niacin-conditioning-milk-150-ml-mleczko-do-twarzy-o-dzialaniu-wzmacniajacym","status":"publish","type":"product","link":"https:\/\/selleetools.com\/pl\/product\/anua-peach-77-niacin-conditioning-milk-150-ml-mleczko-do-twarzy-o-dzialaniu-wzmacniajacym\/","title":{"rendered":"ANUA PEACH 77 NIACIN CONDITIONING MILK 150 ml &#8211; Mleczko do twarzy o dzia\u0142aniu wzmacniaj\u0105cym"},"content":{"rendered":"<p style=\"caret-color: rgb(0, 0, 0); color: rgb(0, 0, 0);\"><font style=\"font-size: 12px;\">ANUA PEACH 77 NIACIN CONDITIONING MILK to lekkie, nawil\u017caj\u0105ce mleczko, kt\u00f3re intensywnie od\u017cywia i rozja\u015bnia sk\u00f3r\u0119. Dzi\u0119ki swojej unikalnej formule pomaga wyr\u00f3wna\u0107 koloryt cery, redukuje widoczno\u015b\u0107 przebarwie\u0144 oraz zapewnia g\u0142\u0119bokie nawil\u017cenie, pozostawiaj\u0105c sk\u00f3r\u0119 g\u0142adk\u0105 i promienn\u0105.<\/font><\/p>\n<h4 style=\"caret-color: rgb(0, 0, 0); color: rgb(0, 0, 0);\"><font style=\"font-size: 12px;\">Korzy\u015bci dla sk\u00f3ry<\/font><\/h4>\n<ul style=\"caret-color: rgb(0, 0, 0); color: rgb(0, 0, 0);\">\n<li><font style=\"font-size: 12px;\">Rozja\u015bnienie i wyr\u00f3wnanie kolorytu<\/font><\/li>\n<li><font style=\"font-size: 12px;\">Redukcja przebarwie\u0144<\/font><\/li>\n<li><font style=\"font-size: 12px;\">G\u0142\u0119bokie nawil\u017cenie<\/font><\/li>\n<li><font style=\"font-size: 12px;\">Wyg\u0142adzenie i od\u017cywienie sk\u00f3ry<\/font><\/li>\n<\/ul>\n<h4 style=\"caret-color: rgb(0, 0, 0); color: rgb(0, 0, 0);\"><font style=\"font-size: 12px;\">Spos\u00f3b u\u017cycia<\/font><\/h4>\n<p style=\"caret-color: rgb(0, 0, 0); color: rgb(0, 0, 0);\"><font style=\"font-size: 12px;\">Po oczyszczeniu sk\u00f3ry, na\u0142\u00f3\u017c odpowiedni\u0105 ilo\u015b\u0107 lotionu na twarz i delikatnie wklep, aby produkt wch\u0142on\u0105\u0142 si\u0119 ca\u0142kowicie. Stosuj codziennie rano i wieczorem jako cz\u0119\u015b\u0107 swojej rutyny piel\u0119gnacyjnej.<\/font><\/p>\n","protected":false},"excerpt":{"rendered":"<p>ANUA PEACH 77 NIACIN CONDITIONING MILK to lekkie, nawil\u017caj\u0105ce mleczko, kt\u00f3re intensywnie od\u017cywia i rozja\u015bnia sk\u00f3r\u0119. Dzi\u0119ki swojej unikalnej formule pomaga wyr\u00f3wna\u0107 koloryt cery, redukuje widoczno\u015b\u0107 przebarwie\u0144 oraz zapewnia g\u0142\u0119bokie nawil\u017cenie, pozostawiaj\u0105c sk\u00f3r\u0119 g\u0142adk\u0105 i promienn\u0105. Korzy\u015bci dla sk\u00f3ry Rozja\u015bnienie i wyr\u00f3wnanie kolorytu Redukcja przebarwie\u0144 G\u0142\u0119bokie nawil\u017cenie Wyg\u0142adzenie i od\u017cywienie sk\u00f3ry Spos\u00f3b u\u017cycia Po oczyszczeniu &#8230; <a title=\"ANUA PEACH 77 NIACIN CONDITIONING MILK 150 ml &#8211; Mleczko do twarzy o dzia\u0142aniu wzmacniaj\u0105cym\" class=\"read-more\" href=\"https:\/\/selleetools.com\/pl\/product\/anua-peach-77-niacin-conditioning-milk-150-ml-mleczko-do-twarzy-o-dzialaniu-wzmacniajacym\/\">Read more<span class=\"screen-reader-text\">ANUA PEACH 77 NIACIN CONDITIONING MILK 150 ml &#8211; Mleczko do twarzy o dzia\u0142aniu wzmacniaj\u0105cym<\/span><\/a><\/p>\n","protected":false},"featured_media":604500,"comment_status":"open","ping_status":"closed","template":"","meta":{"_links_to":"","_links_to_target":""},"yoast_head":"<!-- This site is optimized with the Yoast SEO plugin v19.4 - https:\/\/yoast.com\/wordpress\/plugins\/seo\/ -->\n<title>ANUA PEACH 77 NIACIN CONDITIONING MILK 150 ml - Mleczko do twarzy o dzia\u0142aniu wzmacniaj\u0105cym - Selleetools.com<\/title>\n<meta name=\"robots\" content=\"index, follow, max-snippet:-1, max-image-preview:large, max-video-preview:-1\" \/>\n<link rel=\"canonical\" href=\"https:\/\/admincentral.selleetools.com\/pl\/product\/anua-peach-77-niacin-conditioning-milk-150-ml-mleczko-do-twarzy-o-dzialaniu-wzmacniajacym\/\" \/>\n<meta property=\"og:locale\" content=\"pl_PL\" \/>\n<meta property=\"og:type\" content=\"article\" \/>\n<meta property=\"og:title\" content=\"ANUA PEACH 77 NIACIN CONDITIONING MILK 150 ml - Mleczko do twarzy o dzia\u0142aniu wzmacniaj\u0105cym - Selleetools.com\" \/>\n<meta property=\"og:description\" content=\"ANUA PEACH 77 NIACIN CONDITIONING MILK to lekkie, nawil\u017caj\u0105ce mleczko, kt\u00f3re intensywnie od\u017cywia i rozja\u015bnia sk\u00f3r\u0119. Dzi\u0119ki swojej unikalnej formule pomaga wyr\u00f3wna\u0107 koloryt cery, redukuje widoczno\u015b\u0107 przebarwie\u0144 oraz zapewnia g\u0142\u0119bokie nawil\u017cenie, pozostawiaj\u0105c sk\u00f3r\u0119 g\u0142adk\u0105 i promienn\u0105. Korzy\u015bci dla sk\u00f3ry Rozja\u015bnienie i wyr\u00f3wnanie kolorytu Redukcja przebarwie\u0144 G\u0142\u0119bokie nawil\u017cenie Wyg\u0142adzenie i od\u017cywienie sk\u00f3ry Spos\u00f3b u\u017cycia Po oczyszczeniu ... Read moreANUA PEACH 77 NIACIN CONDITIONING MILK 150 ml &#8211; Mleczko do twarzy o dzia\u0142aniu wzmacniaj\u0105cym\" \/>\n<meta property=\"og:url\" content=\"https:\/\/admincentral.selleetools.com\/pl\/product\/anua-peach-77-niacin-conditioning-milk-150-ml-mleczko-do-twarzy-o-dzialaniu-wzmacniajacym\/\" \/>\n<meta property=\"og:site_name\" content=\"Selleetools.com\" \/>\n<meta property=\"article:modified_time\" content=\"2025-11-04T19:09:27+00:00\" \/>\n<meta property=\"og:image\" content=\"https:\/\/selleetools.com\/wp-content\/uploads\/2025\/10\/55eaaf97729e6460e0b81e7cc059e706.jpg\" \/>\n\t<meta property=\"og:image:width\" content=\"257\" \/>\n\t<meta property=\"og:image:height\" content=\"849\" \/>\n\t<meta property=\"og:image:type\" content=\"image\/jpeg\" \/>\n<meta name=\"twitter:card\" content=\"summary_large_image\" \/>\n<meta name=\"twitter:label1\" content=\"Est. reading time\" \/>\n\t<meta name=\"twitter:data1\" content=\"1 minuta\" \/>\n<!-- \/ Yoast SEO plugin. -->","yoast_head_json":{"title":"ANUA PEACH 77 NIACIN CONDITIONING MILK 150 ml - Mleczko do twarzy o dzia\u0142aniu wzmacniaj\u0105cym - Selleetools.com","robots":{"index":"index","follow":"follow","max-snippet":"max-snippet:-1","max-image-preview":"max-image-preview:large","max-video-preview":"max-video-preview:-1"},"canonical":"https:\/\/admincentral.selleetools.com\/pl\/product\/anua-peach-77-niacin-conditioning-milk-150-ml-mleczko-do-twarzy-o-dzialaniu-wzmacniajacym\/","og_locale":"pl_PL","og_type":"article","og_title":"ANUA PEACH 77 NIACIN CONDITIONING MILK 150 ml - Mleczko do twarzy o dzia\u0142aniu wzmacniaj\u0105cym - Selleetools.com","og_description":"ANUA PEACH 77 NIACIN CONDITIONING MILK to lekkie, nawil\u017caj\u0105ce mleczko, kt\u00f3re intensywnie od\u017cywia i rozja\u015bnia sk\u00f3r\u0119. Dzi\u0119ki swojej unikalnej formule pomaga wyr\u00f3wna\u0107 koloryt cery, redukuje widoczno\u015b\u0107 przebarwie\u0144 oraz zapewnia g\u0142\u0119bokie nawil\u017cenie, pozostawiaj\u0105c sk\u00f3r\u0119 g\u0142adk\u0105 i promienn\u0105. Korzy\u015bci dla sk\u00f3ry Rozja\u015bnienie i wyr\u00f3wnanie kolorytu Redukcja przebarwie\u0144 G\u0142\u0119bokie nawil\u017cenie Wyg\u0142adzenie i od\u017cywienie sk\u00f3ry Spos\u00f3b u\u017cycia Po oczyszczeniu ... Read moreANUA PEACH 77 NIACIN CONDITIONING MILK 150 ml &#8211; Mleczko do twarzy o dzia\u0142aniu wzmacniaj\u0105cym","og_url":"https:\/\/admincentral.selleetools.com\/pl\/product\/anua-peach-77-niacin-conditioning-milk-150-ml-mleczko-do-twarzy-o-dzialaniu-wzmacniajacym\/","og_site_name":"Selleetools.com","article_modified_time":"2025-11-04T19:09:27+00:00","og_image":[{"width":257,"height":849,"url":"https:\/\/selleetools.com\/wp-content\/uploads\/2025\/10\/55eaaf97729e6460e0b81e7cc059e706.jpg","type":"image\/jpeg"}],"twitter_card":"summary_large_image","twitter_misc":{"Est. reading time":"1 minuta"},"schema":{"@context":"https:\/\/schema.org","@graph":[{"@type":"Organization","@id":"https:\/\/selleetools.com\/#organization","name":"Selleetools","url":"https:\/\/selleetools.com\/","sameAs":[],"logo":{"@type":"ImageObject","inLanguage":"pl-PL","@id":"https:\/\/selleetools.com\/#\/schema\/logo\/image\/","url":"https:\/\/selleetools.com\/wp-content\/uploads\/2021\/10\/logo-dark.png","contentUrl":"https:\/\/selleetools.com\/wp-content\/uploads\/2021\/10\/logo-dark.png","width":320,"height":76,"caption":"Selleetools"},"image":{"@id":"https:\/\/selleetools.com\/#\/schema\/logo\/image\/"}},{"@type":"WebSite","@id":"https:\/\/selleetools.com\/#website","url":"https:\/\/selleetools.com\/","name":"Selleetools.com","description":"","publisher":{"@id":"https:\/\/selleetools.com\/#organization"},"potentialAction":[{"@type":"SearchAction","target":{"@type":"EntryPoint","urlTemplate":"https:\/\/selleetools.com\/?s={search_term_string}"},"query-input":"required name=search_term_string"}],"inLanguage":"pl-PL"},{"@type":"WebPage","@id":"https:\/\/admincentral.selleetools.com\/pl\/product\/anua-peach-77-niacin-conditioning-milk-150-ml-mleczko-do-twarzy-o-dzialaniu-wzmacniajacym\/","url":"https:\/\/admincentral.selleetools.com\/pl\/product\/anua-peach-77-niacin-conditioning-milk-150-ml-mleczko-do-twarzy-o-dzialaniu-wzmacniajacym\/","name":"ANUA PEACH 77 NIACIN CONDITIONING MILK 150 ml - Mleczko do twarzy o dzia\u0142aniu wzmacniaj\u0105cym - Selleetools.com","isPartOf":{"@id":"https:\/\/selleetools.com\/#website"},"datePublished":"2025-10-24T11:26:01+00:00","dateModified":"2025-11-04T19:09:27+00:00","breadcrumb":{"@id":"https:\/\/admincentral.selleetools.com\/pl\/product\/anua-peach-77-niacin-conditioning-milk-150-ml-mleczko-do-twarzy-o-dzialaniu-wzmacniajacym\/#breadcrumb"},"inLanguage":"pl-PL","potentialAction":[{"@type":"ReadAction","target":["https:\/\/admincentral.selleetools.com\/pl\/product\/anua-peach-77-niacin-conditioning-milk-150-ml-mleczko-do-twarzy-o-dzialaniu-wzmacniajacym\/"]}]},{"@type":"BreadcrumbList","@id":"https:\/\/admincentral.selleetools.com\/pl\/product\/anua-peach-77-niacin-conditioning-milk-150-ml-mleczko-do-twarzy-o-dzialaniu-wzmacniajacym\/#breadcrumb","itemListElement":[{"@type":"ListItem","position":1,"name":"Home","item":"https:\/\/selleetools.com\/pl\/"},{"@type":"ListItem","position":2,"name":"Katalog","item":"https:\/\/selleetools.com\/pl\/katalog\/"},{"@type":"ListItem","position":3,"name":"ANUA PEACH 77 NIACIN CONDITIONING MILK 150 ml &#8211; Mleczko do twarzy o dzia\u0142aniu wzmacniaj\u0105cym"}]}]}},"_links":{"self":[{"href":"https:\/\/selleetools.com\/pl\/wp-json\/wp\/v2\/product\/604504"}],"collection":[{"href":"https:\/\/selleetools.com\/pl\/wp-json\/wp\/v2\/product"}],"about":[{"href":"https:\/\/selleetools.com\/pl\/wp-json\/wp\/v2\/types\/product"}],"replies":[{"embeddable":true,"href":"https:\/\/selleetools.com\/pl\/wp-json\/wp\/v2\/comments?post=604504"}],"wp:featuredmedia":[{"embeddable":true,"href":"https:\/\/selleetools.com\/pl\/wp-json\/wp\/v2\/media\/604500"}],"wp:attachment":[{"href":"https:\/\/selleetools.com\/pl\/wp-json\/wp\/v2\/media?parent=604504"}],"curies":[{"name":"wp","href":"https:\/\/api.w.org\/{rel}","templated":true}]}}