{"id":603318,"date":"2025-10-23T14:21:22","date_gmt":"2025-10-23T12:21:22","guid":{"rendered":"https:\/\/selleetools.com\/?post_type=product&#038;p=603318"},"modified":"2025-12-02T21:14:38","modified_gmt":"2025-12-02T20:14:38","slug":"haruharu-wonder-black-rice-hyaluronic-toner-for-sensitive-skin-150ml-tonik-do-cery-wrazliwej","status":"publish","type":"product","link":"https:\/\/selleetools.com\/pl\/product\/haruharu-wonder-black-rice-hyaluronic-toner-for-sensitive-skin-150ml-tonik-do-cery-wrazliwej\/","title":{"rendered":"HaruHaru Wonder Black Rice Hyaluronic Toner For Sensitive Skin 150ml &#8211; Tonik do cery wra\u017cliwej"},"content":{"rendered":"<p>HaruHaru Wonder Black Rice Hyaluronic Toner to wyj\u0105tkowy tonik stworzony z my\u015bl\u0105 o sk\u00f3rze wra\u017cliwej. Dzi\u0119ki formule wzbogaconej o fermentowany ekstrakt z czarnego ry\u017cu i kwas hialuronowy, tonik skutecznie nawil\u017ca, od\u017cywia i \u0142agodzi podra\u017cnienia. Czarne ry\u017ce s\u0105 bogate w antyoksydanty i sk\u0142adniki od\u017cywcze, kt\u00f3re pomagaj\u0105 w ochronie sk\u00f3ry przed szkodliwymi czynnikami zewn\u0119trznymi oraz przywracaj\u0105 jej naturalny blask. Kwas hialuronowy zapewnia intensywne nawil\u017cenie, utrzymuj\u0105c sk\u00f3r\u0119 mi\u0119kk\u0105 i elastyczn\u0105.<\/p>\n<p>Korzy\u015bci dla sk\u00f3ry:<br \/>\nIntensywne nawil\u017cenie i od\u017cywienie sk\u00f3ry.<br \/>\n\u0141agodzenie podra\u017cnie\u0144 i redukcja zaczerwienie\u0144.<br \/>\nOchrona przed dzia\u0142aniem czynnik\u00f3w zewn\u0119trznych.<br \/>\nPoprawa elastyczno\u015bci i spr\u0119\u017cysto\u015bci sk\u00f3ry.<\/p>\n<p>Spos\u00f3b u\u017cycia:<br \/>\nPo oczyszczeniu sk\u00f3ry, nanie\u015b niewielk\u0105 ilo\u015b\u0107 toniku na wacik i delikatnie przetrzyj twarz, omijaj\u0105c okolice oczu. Mo\u017cna r\u00f3wnie\u017c aplikowa\u0107 bezpo\u015brednio na sk\u00f3r\u0119 d\u0142o\u0144mi, delikatnie wklepuj\u0105c. Nast\u0119pnie kontynuuj swoj\u0105 rutyn\u0119 piel\u0119gnacyjn\u0105, stosuj\u0105c serum i krem nawil\u017caj\u0105cy. Stosuj rano i wieczorem dla najlepszych rezultat\u00f3w.<\/p>\n","protected":false},"excerpt":{"rendered":"<p>HaruHaru Wonder Black Rice Hyaluronic Toner to wyj\u0105tkowy tonik stworzony z my\u015bl\u0105 o sk\u00f3rze wra\u017cliwej. Dzi\u0119ki formule wzbogaconej o fermentowany ekstrakt z czarnego ry\u017cu i kwas hialuronowy, tonik skutecznie nawil\u017ca, od\u017cywia i \u0142agodzi podra\u017cnienia. Czarne ry\u017ce s\u0105 bogate w antyoksydanty i sk\u0142adniki od\u017cywcze, kt\u00f3re pomagaj\u0105 w ochronie sk\u00f3ry przed szkodliwymi czynnikami zewn\u0119trznymi oraz przywracaj\u0105 jej &#8230; <a title=\"HaruHaru Wonder Black Rice Hyaluronic Toner For Sensitive Skin 150ml &#8211; Tonik do cery wra\u017cliwej\" class=\"read-more\" href=\"https:\/\/selleetools.com\/pl\/product\/haruharu-wonder-black-rice-hyaluronic-toner-for-sensitive-skin-150ml-tonik-do-cery-wrazliwej\/\">Read more<span class=\"screen-reader-text\">HaruHaru Wonder Black Rice Hyaluronic Toner For Sensitive Skin 150ml &#8211; Tonik do cery wra\u017cliwej<\/span><\/a><\/p>\n","protected":false},"featured_media":603316,"comment_status":"open","ping_status":"closed","template":"","meta":{"_links_to":"","_links_to_target":""},"yoast_head":"<!-- This site is optimized with the Yoast SEO plugin v19.4 - https:\/\/yoast.com\/wordpress\/plugins\/seo\/ -->\n<title>HaruHaru Wonder Black Rice Hyaluronic Toner For Sensitive Skin 150ml - Tonik do cery wra\u017cliwej - Selleetools.com<\/title>\n<meta name=\"robots\" content=\"index, follow, max-snippet:-1, max-image-preview:large, max-video-preview:-1\" \/>\n<link rel=\"canonical\" href=\"https:\/\/selleetools.com\/pl\/product\/haruharu-wonder-black-rice-hyaluronic-toner-for-sensitive-skin-150ml-tonik-do-cery-wrazliwej\/\" \/>\n<meta property=\"og:locale\" content=\"pl_PL\" \/>\n<meta property=\"og:type\" content=\"article\" \/>\n<meta property=\"og:title\" content=\"HaruHaru Wonder Black Rice Hyaluronic Toner For Sensitive Skin 150ml - Tonik do cery wra\u017cliwej - Selleetools.com\" \/>\n<meta property=\"og:description\" content=\"HaruHaru Wonder Black Rice Hyaluronic Toner to wyj\u0105tkowy tonik stworzony z my\u015bl\u0105 o sk\u00f3rze wra\u017cliwej. Dzi\u0119ki formule wzbogaconej o fermentowany ekstrakt z czarnego ry\u017cu i kwas hialuronowy, tonik skutecznie nawil\u017ca, od\u017cywia i \u0142agodzi podra\u017cnienia. Czarne ry\u017ce s\u0105 bogate w antyoksydanty i sk\u0142adniki od\u017cywcze, kt\u00f3re pomagaj\u0105 w ochronie sk\u00f3ry przed szkodliwymi czynnikami zewn\u0119trznymi oraz przywracaj\u0105 jej ... Read moreHaruHaru Wonder Black Rice Hyaluronic Toner For Sensitive Skin 150ml &#8211; Tonik do cery wra\u017cliwej\" \/>\n<meta property=\"og:url\" content=\"https:\/\/selleetools.com\/pl\/product\/haruharu-wonder-black-rice-hyaluronic-toner-for-sensitive-skin-150ml-tonik-do-cery-wrazliwej\/\" \/>\n<meta property=\"og:site_name\" content=\"Selleetools.com\" \/>\n<meta property=\"article:modified_time\" content=\"2025-12-02T20:14:38+00:00\" \/>\n<meta property=\"og:image\" content=\"https:\/\/selleetools.com\/wp-content\/uploads\/2025\/10\/5b0d80be5a9fffe380150f1101775d75.jpg\" \/>\n\t<meta property=\"og:image:width\" content=\"569\" \/>\n\t<meta property=\"og:image:height\" content=\"736\" \/>\n\t<meta property=\"og:image:type\" content=\"image\/jpeg\" \/>\n<meta name=\"twitter:card\" content=\"summary_large_image\" \/>\n<meta name=\"twitter:label1\" content=\"Est. reading time\" \/>\n\t<meta name=\"twitter:data1\" content=\"1 minuta\" \/>\n<!-- \/ Yoast SEO plugin. -->","yoast_head_json":{"title":"HaruHaru Wonder Black Rice Hyaluronic Toner For Sensitive Skin 150ml - Tonik do cery wra\u017cliwej - Selleetools.com","robots":{"index":"index","follow":"follow","max-snippet":"max-snippet:-1","max-image-preview":"max-image-preview:large","max-video-preview":"max-video-preview:-1"},"canonical":"https:\/\/selleetools.com\/pl\/product\/haruharu-wonder-black-rice-hyaluronic-toner-for-sensitive-skin-150ml-tonik-do-cery-wrazliwej\/","og_locale":"pl_PL","og_type":"article","og_title":"HaruHaru Wonder Black Rice Hyaluronic Toner For Sensitive Skin 150ml - Tonik do cery wra\u017cliwej - Selleetools.com","og_description":"HaruHaru Wonder Black Rice Hyaluronic Toner to wyj\u0105tkowy tonik stworzony z my\u015bl\u0105 o sk\u00f3rze wra\u017cliwej. Dzi\u0119ki formule wzbogaconej o fermentowany ekstrakt z czarnego ry\u017cu i kwas hialuronowy, tonik skutecznie nawil\u017ca, od\u017cywia i \u0142agodzi podra\u017cnienia. Czarne ry\u017ce s\u0105 bogate w antyoksydanty i sk\u0142adniki od\u017cywcze, kt\u00f3re pomagaj\u0105 w ochronie sk\u00f3ry przed szkodliwymi czynnikami zewn\u0119trznymi oraz przywracaj\u0105 jej ... Read moreHaruHaru Wonder Black Rice Hyaluronic Toner For Sensitive Skin 150ml &#8211; Tonik do cery wra\u017cliwej","og_url":"https:\/\/selleetools.com\/pl\/product\/haruharu-wonder-black-rice-hyaluronic-toner-for-sensitive-skin-150ml-tonik-do-cery-wrazliwej\/","og_site_name":"Selleetools.com","article_modified_time":"2025-12-02T20:14:38+00:00","og_image":[{"width":569,"height":736,"url":"https:\/\/selleetools.com\/wp-content\/uploads\/2025\/10\/5b0d80be5a9fffe380150f1101775d75.jpg","type":"image\/jpeg"}],"twitter_card":"summary_large_image","twitter_misc":{"Est. reading time":"1 minuta"},"schema":{"@context":"https:\/\/schema.org","@graph":[{"@type":"Organization","@id":"https:\/\/selleetools.com\/#organization","name":"Selleetools","url":"https:\/\/selleetools.com\/","sameAs":[],"logo":{"@type":"ImageObject","inLanguage":"pl-PL","@id":"https:\/\/selleetools.com\/#\/schema\/logo\/image\/","url":"https:\/\/selleetools.com\/wp-content\/uploads\/2021\/10\/logo-dark.png","contentUrl":"https:\/\/selleetools.com\/wp-content\/uploads\/2021\/10\/logo-dark.png","width":320,"height":76,"caption":"Selleetools"},"image":{"@id":"https:\/\/selleetools.com\/#\/schema\/logo\/image\/"}},{"@type":"WebSite","@id":"https:\/\/selleetools.com\/#website","url":"https:\/\/selleetools.com\/","name":"Selleetools.com","description":"","publisher":{"@id":"https:\/\/selleetools.com\/#organization"},"potentialAction":[{"@type":"SearchAction","target":{"@type":"EntryPoint","urlTemplate":"https:\/\/selleetools.com\/?s={search_term_string}"},"query-input":"required name=search_term_string"}],"inLanguage":"pl-PL"},{"@type":"WebPage","@id":"https:\/\/selleetools.com\/pl\/product\/haruharu-wonder-black-rice-hyaluronic-toner-for-sensitive-skin-150ml-tonik-do-cery-wrazliwej\/","url":"https:\/\/selleetools.com\/pl\/product\/haruharu-wonder-black-rice-hyaluronic-toner-for-sensitive-skin-150ml-tonik-do-cery-wrazliwej\/","name":"HaruHaru Wonder Black Rice Hyaluronic Toner For Sensitive Skin 150ml - Tonik do cery wra\u017cliwej - Selleetools.com","isPartOf":{"@id":"https:\/\/selleetools.com\/#website"},"datePublished":"2025-10-23T12:21:22+00:00","dateModified":"2025-12-02T20:14:38+00:00","breadcrumb":{"@id":"https:\/\/selleetools.com\/pl\/product\/haruharu-wonder-black-rice-hyaluronic-toner-for-sensitive-skin-150ml-tonik-do-cery-wrazliwej\/#breadcrumb"},"inLanguage":"pl-PL","potentialAction":[{"@type":"ReadAction","target":["https:\/\/selleetools.com\/pl\/product\/haruharu-wonder-black-rice-hyaluronic-toner-for-sensitive-skin-150ml-tonik-do-cery-wrazliwej\/"]}]},{"@type":"BreadcrumbList","@id":"https:\/\/selleetools.com\/pl\/product\/haruharu-wonder-black-rice-hyaluronic-toner-for-sensitive-skin-150ml-tonik-do-cery-wrazliwej\/#breadcrumb","itemListElement":[{"@type":"ListItem","position":1,"name":"Home","item":"https:\/\/selleetools.com\/pl\/"},{"@type":"ListItem","position":2,"name":"Katalog","item":"https:\/\/selleetools.com\/pl\/katalog\/"},{"@type":"ListItem","position":3,"name":"HaruHaru Wonder Black Rice Hyaluronic Toner For Sensitive Skin 150ml &#8211; Tonik do cery wra\u017cliwej"}]}]}},"_links":{"self":[{"href":"https:\/\/selleetools.com\/pl\/wp-json\/wp\/v2\/product\/603318"}],"collection":[{"href":"https:\/\/selleetools.com\/pl\/wp-json\/wp\/v2\/product"}],"about":[{"href":"https:\/\/selleetools.com\/pl\/wp-json\/wp\/v2\/types\/product"}],"replies":[{"embeddable":true,"href":"https:\/\/selleetools.com\/pl\/wp-json\/wp\/v2\/comments?post=603318"}],"wp:featuredmedia":[{"embeddable":true,"href":"https:\/\/selleetools.com\/pl\/wp-json\/wp\/v2\/media\/603316"}],"wp:attachment":[{"href":"https:\/\/selleetools.com\/pl\/wp-json\/wp\/v2\/media?parent=603318"}],"curies":[{"name":"wp","href":"https:\/\/api.w.org\/{rel}","templated":true}]}}