{"id":600675,"date":"2025-10-22T12:15:07","date_gmt":"2025-10-22T10:15:07","guid":{"rendered":"https:\/\/selleetools.com\/?post_type=product&#038;p=600675"},"modified":"2025-12-26T16:59:46","modified_gmt":"2025-12-26T15:59:46","slug":"pyunkang-yul-acne-spot-cream-15-ml-krem-punktowy-na-tradzik","status":"publish","type":"product","link":"https:\/\/selleetools.com\/pl\/product\/pyunkang-yul-acne-spot-cream-15-ml-krem-punktowy-na-tradzik\/","title":{"rendered":"Pyunkang Yul ACNE Spot Cream 15 ml &#8211; Krem punktowy na tr\u0105dzik"},"content":{"rendered":"<p>Pyunkang Yul ACNE Spot Cream to specjalistyczny krem przeznaczony do punktowego leczenia tr\u0105dziku i niedoskona\u0142o\u015bci sk\u00f3ry. Jego unikalna formu\u0142a jest opracowana przez ekspert\u00f3w z Pyunkang Oriental Medicine Clinic, znanych z holistycznego podej\u015bcia do zdrowia sk\u00f3ry. Krem ten pomaga w redukcji wyprysk\u00f3w, \u0142agodzi stany zapalne i przyspiesza proces gojenia, pozostawiaj\u0105c sk\u00f3r\u0119 czyst\u0105 i zdrow\u0105.<\/p>\n<p>Korzy\u015bci dla sk\u00f3ry:<br \/>\nRedukcja wyprysk\u00f3w: Aktywne sk\u0142adniki kremu skutecznie zwalczaj\u0105 bakterie powoduj\u0105ce tr\u0105dzik, redukuj\u0105c ilo\u015b\u0107 wyprysk\u00f3w i zapobiegaj\u0105c powstawaniu nowych.<br \/>\n\u0141agodzenie stan\u00f3w zapalnych: Krem zawiera sk\u0142adniki o dzia\u0142aniu przeciwzapalnym, kt\u00f3re zmniejszaj\u0105 zaczerwienienia i obrz\u0119ki, przynosz\u0105c ulg\u0119 sk\u00f3rze.<br \/>\nPrzyspieszenie gojenia: Formu\u0142a kremu wspomaga proces regeneracji sk\u00f3ry, przyspieszaj\u0105c gojenie si\u0119 niedoskona\u0142o\u015bci i minimalizuj\u0105c ryzyko powstawania blizn.<br \/>\nNie zatyka por\u00f3w: Lekka konsystencja kremu sprawia, \u017ce nie zatyka on por\u00f3w, dzi\u0119ki czemu sk\u00f3ra mo\u017ce oddycha\u0107 i pozosta\u0107 wolna od nowych zanieczyszcze\u0144.<\/p>\n<p>Spos\u00f3b u\u017cycia:<br \/>\nOczy\u015b\u0107 sk\u00f3r\u0119 i osusz j\u0105 delikatnie r\u0119cznikiem.<br \/>\nNa\u0142\u00f3\u017c niewielk\u0105 ilo\u015b\u0107 kremu bezpo\u015brednio na wypryski i inne niedoskona\u0142o\u015bci.<br \/>\nDelikatnie wmasuj krem, a\u017c do ca\u0142kowitego wch\u0142oni\u0119cia.<br \/>\nStosuj 1-2 razy dziennie, najlepiej rano i wieczorem.<\/p>\n<p>Pyunkang Yul ACNE Spot Cream to idealne rozwi\u0105zanie dla os\u00f3b zmagaj\u0105cych si\u0119 z tr\u0105dzikiem, kt\u00f3re poszukuj\u0105 skutecznego i delikatnego produktu do codziennej piel\u0119gnacji sk\u00f3ry.<\/p>\n","protected":false},"excerpt":{"rendered":"<p>Pyunkang Yul ACNE Spot Cream to specjalistyczny krem przeznaczony do punktowego leczenia tr\u0105dziku i niedoskona\u0142o\u015bci sk\u00f3ry. Jego unikalna formu\u0142a jest opracowana przez ekspert\u00f3w z Pyunkang Oriental Medicine Clinic, znanych z holistycznego podej\u015bcia do zdrowia sk\u00f3ry. Krem ten pomaga w redukcji wyprysk\u00f3w, \u0142agodzi stany zapalne i przyspiesza proces gojenia, pozostawiaj\u0105c sk\u00f3r\u0119 czyst\u0105 i zdrow\u0105. Korzy\u015bci dla &#8230; <a title=\"Pyunkang Yul ACNE Spot Cream 15 ml &#8211; Krem punktowy na tr\u0105dzik\" class=\"read-more\" href=\"https:\/\/selleetools.com\/pl\/product\/pyunkang-yul-acne-spot-cream-15-ml-krem-punktowy-na-tradzik\/\">Read more<span class=\"screen-reader-text\">Pyunkang Yul ACNE Spot Cream 15 ml &#8211; Krem punktowy na tr\u0105dzik<\/span><\/a><\/p>\n","protected":false},"featured_media":600669,"comment_status":"open","ping_status":"closed","template":"","meta":{"_links_to":"","_links_to_target":""},"yoast_head":"<!-- This site is optimized with the Yoast SEO plugin v19.4 - https:\/\/yoast.com\/wordpress\/plugins\/seo\/ -->\n<title>Pyunkang Yul ACNE Spot Cream 15 ml - Krem punktowy na tr\u0105dzik - Selleetools.com<\/title>\n<meta name=\"robots\" content=\"index, follow, max-snippet:-1, max-image-preview:large, max-video-preview:-1\" \/>\n<link rel=\"canonical\" href=\"https:\/\/selleetools.com\/pl\/product\/pyunkang-yul-acne-spot-cream-15-ml-krem-punktowy-na-tradzik\/\" \/>\n<meta property=\"og:locale\" content=\"pl_PL\" \/>\n<meta property=\"og:type\" content=\"article\" \/>\n<meta property=\"og:title\" content=\"Pyunkang Yul ACNE Spot Cream 15 ml - Krem punktowy na tr\u0105dzik - Selleetools.com\" \/>\n<meta property=\"og:description\" content=\"Pyunkang Yul ACNE Spot Cream to specjalistyczny krem przeznaczony do punktowego leczenia tr\u0105dziku i niedoskona\u0142o\u015bci sk\u00f3ry. Jego unikalna formu\u0142a jest opracowana przez ekspert\u00f3w z Pyunkang Oriental Medicine Clinic, znanych z holistycznego podej\u015bcia do zdrowia sk\u00f3ry. Krem ten pomaga w redukcji wyprysk\u00f3w, \u0142agodzi stany zapalne i przyspiesza proces gojenia, pozostawiaj\u0105c sk\u00f3r\u0119 czyst\u0105 i zdrow\u0105. Korzy\u015bci dla ... Read morePyunkang Yul ACNE Spot Cream 15 ml &#8211; Krem punktowy na tr\u0105dzik\" \/>\n<meta property=\"og:url\" content=\"https:\/\/selleetools.com\/pl\/product\/pyunkang-yul-acne-spot-cream-15-ml-krem-punktowy-na-tradzik\/\" \/>\n<meta property=\"og:site_name\" content=\"Selleetools.com\" \/>\n<meta property=\"article:modified_time\" content=\"2025-12-26T15:59:46+00:00\" \/>\n<meta property=\"og:image\" content=\"https:\/\/selleetools.com\/wp-content\/uploads\/2025\/10\/3b7a65513cfc3085d8205a4cf342ba55.jpg\" \/>\n\t<meta property=\"og:image:width\" content=\"800\" \/>\n\t<meta property=\"og:image:height\" content=\"800\" \/>\n\t<meta property=\"og:image:type\" content=\"image\/jpeg\" \/>\n<meta name=\"twitter:card\" content=\"summary_large_image\" \/>\n<meta name=\"twitter:label1\" content=\"Est. reading time\" \/>\n\t<meta name=\"twitter:data1\" content=\"1 minuta\" \/>\n<!-- \/ Yoast SEO plugin. -->","yoast_head_json":{"title":"Pyunkang Yul ACNE Spot Cream 15 ml - Krem punktowy na tr\u0105dzik - Selleetools.com","robots":{"index":"index","follow":"follow","max-snippet":"max-snippet:-1","max-image-preview":"max-image-preview:large","max-video-preview":"max-video-preview:-1"},"canonical":"https:\/\/selleetools.com\/pl\/product\/pyunkang-yul-acne-spot-cream-15-ml-krem-punktowy-na-tradzik\/","og_locale":"pl_PL","og_type":"article","og_title":"Pyunkang Yul ACNE Spot Cream 15 ml - Krem punktowy na tr\u0105dzik - Selleetools.com","og_description":"Pyunkang Yul ACNE Spot Cream to specjalistyczny krem przeznaczony do punktowego leczenia tr\u0105dziku i niedoskona\u0142o\u015bci sk\u00f3ry. Jego unikalna formu\u0142a jest opracowana przez ekspert\u00f3w z Pyunkang Oriental Medicine Clinic, znanych z holistycznego podej\u015bcia do zdrowia sk\u00f3ry. Krem ten pomaga w redukcji wyprysk\u00f3w, \u0142agodzi stany zapalne i przyspiesza proces gojenia, pozostawiaj\u0105c sk\u00f3r\u0119 czyst\u0105 i zdrow\u0105. Korzy\u015bci dla ... Read morePyunkang Yul ACNE Spot Cream 15 ml &#8211; Krem punktowy na tr\u0105dzik","og_url":"https:\/\/selleetools.com\/pl\/product\/pyunkang-yul-acne-spot-cream-15-ml-krem-punktowy-na-tradzik\/","og_site_name":"Selleetools.com","article_modified_time":"2025-12-26T15:59:46+00:00","og_image":[{"width":800,"height":800,"url":"https:\/\/selleetools.com\/wp-content\/uploads\/2025\/10\/3b7a65513cfc3085d8205a4cf342ba55.jpg","type":"image\/jpeg"}],"twitter_card":"summary_large_image","twitter_misc":{"Est. reading time":"1 minuta"},"schema":{"@context":"https:\/\/schema.org","@graph":[{"@type":"Organization","@id":"https:\/\/selleetools.com\/#organization","name":"Selleetools","url":"https:\/\/selleetools.com\/","sameAs":[],"logo":{"@type":"ImageObject","inLanguage":"pl-PL","@id":"https:\/\/selleetools.com\/#\/schema\/logo\/image\/","url":"https:\/\/selleetools.com\/wp-content\/uploads\/2021\/10\/logo-dark.png","contentUrl":"https:\/\/selleetools.com\/wp-content\/uploads\/2021\/10\/logo-dark.png","width":320,"height":76,"caption":"Selleetools"},"image":{"@id":"https:\/\/selleetools.com\/#\/schema\/logo\/image\/"}},{"@type":"WebSite","@id":"https:\/\/selleetools.com\/#website","url":"https:\/\/selleetools.com\/","name":"Selleetools.com","description":"","publisher":{"@id":"https:\/\/selleetools.com\/#organization"},"potentialAction":[{"@type":"SearchAction","target":{"@type":"EntryPoint","urlTemplate":"https:\/\/selleetools.com\/?s={search_term_string}"},"query-input":"required name=search_term_string"}],"inLanguage":"pl-PL"},{"@type":"WebPage","@id":"https:\/\/selleetools.com\/pl\/product\/pyunkang-yul-acne-spot-cream-15-ml-krem-punktowy-na-tradzik\/","url":"https:\/\/selleetools.com\/pl\/product\/pyunkang-yul-acne-spot-cream-15-ml-krem-punktowy-na-tradzik\/","name":"Pyunkang Yul ACNE Spot Cream 15 ml - Krem punktowy na tr\u0105dzik - Selleetools.com","isPartOf":{"@id":"https:\/\/selleetools.com\/#website"},"datePublished":"2025-10-22T10:15:07+00:00","dateModified":"2025-12-26T15:59:46+00:00","breadcrumb":{"@id":"https:\/\/selleetools.com\/pl\/product\/pyunkang-yul-acne-spot-cream-15-ml-krem-punktowy-na-tradzik\/#breadcrumb"},"inLanguage":"pl-PL","potentialAction":[{"@type":"ReadAction","target":["https:\/\/selleetools.com\/pl\/product\/pyunkang-yul-acne-spot-cream-15-ml-krem-punktowy-na-tradzik\/"]}]},{"@type":"BreadcrumbList","@id":"https:\/\/selleetools.com\/pl\/product\/pyunkang-yul-acne-spot-cream-15-ml-krem-punktowy-na-tradzik\/#breadcrumb","itemListElement":[{"@type":"ListItem","position":1,"name":"Home","item":"https:\/\/selleetools.com\/pl\/"},{"@type":"ListItem","position":2,"name":"Katalog","item":"https:\/\/selleetools.com\/pl\/katalog\/"},{"@type":"ListItem","position":3,"name":"Pyunkang Yul ACNE Spot Cream 15 ml &#8211; Krem punktowy na tr\u0105dzik"}]}]}},"_links":{"self":[{"href":"https:\/\/selleetools.com\/pl\/wp-json\/wp\/v2\/product\/600675"}],"collection":[{"href":"https:\/\/selleetools.com\/pl\/wp-json\/wp\/v2\/product"}],"about":[{"href":"https:\/\/selleetools.com\/pl\/wp-json\/wp\/v2\/types\/product"}],"replies":[{"embeddable":true,"href":"https:\/\/selleetools.com\/pl\/wp-json\/wp\/v2\/comments?post=600675"}],"wp:featuredmedia":[{"embeddable":true,"href":"https:\/\/selleetools.com\/pl\/wp-json\/wp\/v2\/media\/600669"}],"wp:attachment":[{"href":"https:\/\/selleetools.com\/pl\/wp-json\/wp\/v2\/media?parent=600675"}],"curies":[{"name":"wp","href":"https:\/\/api.w.org\/{rel}","templated":true}]}}