{"id":600665,"date":"2025-10-22T12:14:59","date_gmt":"2025-10-22T10:14:59","guid":{"rendered":"https:\/\/selleetools.com\/?post_type=product&#038;p=600665"},"modified":"2025-12-26T16:59:39","modified_gmt":"2025-12-26T15:59:39","slug":"pyunkang-yul-balancing-gel-100-ml-zel-balansujacy","status":"publish","type":"product","link":"https:\/\/selleetools.com\/pl\/product\/pyunkang-yul-balancing-gel-100-ml-zel-balansujacy\/","title":{"rendered":"Pyunkang Yul Balancing Gel 100 ml &#8211; \u017bel Balansuj\u0105cy"},"content":{"rendered":"<p>Pyunkang Yul Balancing Gel to korea\u0144ski kosmetyk do piel\u0119gnacji sk\u00f3ry, kt\u00f3ry zosta\u0142 opracowany przez renomowan\u0105 klinik\u0119 medycyny orientalnej Pyunkang Oriental Medicine Clinic. Ten unikalny \u017cel jest stworzony, aby przywr\u00f3ci\u0107 naturaln\u0105 r\u00f3wnowag\u0119 sk\u00f3ry i zapewni\u0107 jej intensywne nawil\u017cenie oraz od\u017cywienie. Produkt jest przeznaczony do wszystkich typ\u00f3w sk\u00f3ry, w tym wra\u017cliwej i sk\u0142onnej do podra\u017cnie\u0144.<\/p>\n<p>Korzy\u015bci dla sk\u00f3ry:<br \/>\nIntensywne nawil\u017cenie: \u017bel g\u0142\u0119boko nawil\u017ca sk\u00f3r\u0119, zapobiegaj\u0105c jej wysuszeniu i utracie wilgoci.<br \/>\nOd\u017cywienie: Zawiera sk\u0142adniki od\u017cywcze, kt\u00f3re pomagaj\u0105 w regeneracji i wzmocnieniu bariery ochronnej sk\u00f3ry.<br \/>\nR\u00f3wnowaga: Pomaga przywr\u00f3ci\u0107 naturaln\u0105 r\u00f3wnowag\u0119 sk\u00f3ry, sprawiaj\u0105c, \u017ce staje si\u0119 bardziej elastyczna i promienna.<br \/>\n\u0141agodzenie podra\u017cnie\u0144: Idealny dla sk\u00f3ry wra\u017cliwej, pomaga uspokoi\u0107 podra\u017cnienia i zaczerwienienia.<\/p>\n<p>Spos\u00f3b u\u017cycia:<br \/>\nPo oczyszczeniu i stonizowaniu sk\u00f3ry, na\u0142\u00f3\u017c niewielk\u0105 ilo\u015b\u0107 \u017celu na twarz.<br \/>\nDelikatnie wklep produkt w sk\u00f3r\u0119, aby zapewni\u0107 jego r\u00f3wnomierne rozprowadzenie i lepsze wch\u0142anianie.<br \/>\nMo\u017cna stosowa\u0107 zar\u00f3wno rano, jak i wieczorem, jako cz\u0119\u015b\u0107 codziennej rutyny piel\u0119gnacyjnej.<\/p>\n<p>\u017bel Balansuj\u0105cy Pyunkang Yul to doskona\u0142y wyb\u00f3r dla os\u00f3b poszukuj\u0105cych produktu, kt\u00f3ry \u0142\u0105czy w sobie w\u0142a\u015bciwo\u015bci nawil\u017caj\u0105ce, od\u017cywcze i koj\u0105ce.<\/p>\n","protected":false},"excerpt":{"rendered":"<p>Pyunkang Yul Balancing Gel to korea\u0144ski kosmetyk do piel\u0119gnacji sk\u00f3ry, kt\u00f3ry zosta\u0142 opracowany przez renomowan\u0105 klinik\u0119 medycyny orientalnej Pyunkang Oriental Medicine Clinic. Ten unikalny \u017cel jest stworzony, aby przywr\u00f3ci\u0107 naturaln\u0105 r\u00f3wnowag\u0119 sk\u00f3ry i zapewni\u0107 jej intensywne nawil\u017cenie oraz od\u017cywienie. Produkt jest przeznaczony do wszystkich typ\u00f3w sk\u00f3ry, w tym wra\u017cliwej i sk\u0142onnej do podra\u017cnie\u0144. Korzy\u015bci dla &#8230; <a title=\"Pyunkang Yul Balancing Gel 100 ml &#8211; \u017bel Balansuj\u0105cy\" class=\"read-more\" href=\"https:\/\/selleetools.com\/pl\/product\/pyunkang-yul-balancing-gel-100-ml-zel-balansujacy\/\">Read more<span class=\"screen-reader-text\">Pyunkang Yul Balancing Gel 100 ml &#8211; \u017bel Balansuj\u0105cy<\/span><\/a><\/p>\n","protected":false},"featured_media":600659,"comment_status":"open","ping_status":"closed","template":"","meta":{"_links_to":"","_links_to_target":""},"yoast_head":"<!-- This site is optimized with the Yoast SEO plugin v19.4 - https:\/\/yoast.com\/wordpress\/plugins\/seo\/ -->\n<title>Pyunkang Yul Balancing Gel 100 ml - \u017bel Balansuj\u0105cy - Selleetools.com<\/title>\n<meta name=\"robots\" content=\"index, follow, max-snippet:-1, max-image-preview:large, max-video-preview:-1\" \/>\n<link rel=\"canonical\" href=\"https:\/\/selleetools.com\/pl\/product\/pyunkang-yul-balancing-gel-100-ml-zel-balansujacy\/\" \/>\n<meta property=\"og:locale\" content=\"pl_PL\" \/>\n<meta property=\"og:type\" content=\"article\" \/>\n<meta property=\"og:title\" content=\"Pyunkang Yul Balancing Gel 100 ml - \u017bel Balansuj\u0105cy - Selleetools.com\" \/>\n<meta property=\"og:description\" content=\"Pyunkang Yul Balancing Gel to korea\u0144ski kosmetyk do piel\u0119gnacji sk\u00f3ry, kt\u00f3ry zosta\u0142 opracowany przez renomowan\u0105 klinik\u0119 medycyny orientalnej Pyunkang Oriental Medicine Clinic. Ten unikalny \u017cel jest stworzony, aby przywr\u00f3ci\u0107 naturaln\u0105 r\u00f3wnowag\u0119 sk\u00f3ry i zapewni\u0107 jej intensywne nawil\u017cenie oraz od\u017cywienie. Produkt jest przeznaczony do wszystkich typ\u00f3w sk\u00f3ry, w tym wra\u017cliwej i sk\u0142onnej do podra\u017cnie\u0144. Korzy\u015bci dla ... Read morePyunkang Yul Balancing Gel 100 ml &#8211; \u017bel Balansuj\u0105cy\" \/>\n<meta property=\"og:url\" content=\"https:\/\/selleetools.com\/pl\/product\/pyunkang-yul-balancing-gel-100-ml-zel-balansujacy\/\" \/>\n<meta property=\"og:site_name\" content=\"Selleetools.com\" \/>\n<meta property=\"article:modified_time\" content=\"2025-12-26T15:59:39+00:00\" \/>\n<meta property=\"og:image\" content=\"https:\/\/selleetools.com\/wp-content\/uploads\/2025\/10\/97c3c30029bc22d8acc5df8237ce07c3.jpg\" \/>\n\t<meta property=\"og:image:width\" content=\"800\" \/>\n\t<meta property=\"og:image:height\" content=\"800\" \/>\n\t<meta property=\"og:image:type\" content=\"image\/jpeg\" \/>\n<meta name=\"twitter:card\" content=\"summary_large_image\" \/>\n<meta name=\"twitter:label1\" content=\"Est. reading time\" \/>\n\t<meta name=\"twitter:data1\" content=\"1 minuta\" \/>\n<!-- \/ Yoast SEO plugin. -->","yoast_head_json":{"title":"Pyunkang Yul Balancing Gel 100 ml - \u017bel Balansuj\u0105cy - Selleetools.com","robots":{"index":"index","follow":"follow","max-snippet":"max-snippet:-1","max-image-preview":"max-image-preview:large","max-video-preview":"max-video-preview:-1"},"canonical":"https:\/\/selleetools.com\/pl\/product\/pyunkang-yul-balancing-gel-100-ml-zel-balansujacy\/","og_locale":"pl_PL","og_type":"article","og_title":"Pyunkang Yul Balancing Gel 100 ml - \u017bel Balansuj\u0105cy - Selleetools.com","og_description":"Pyunkang Yul Balancing Gel to korea\u0144ski kosmetyk do piel\u0119gnacji sk\u00f3ry, kt\u00f3ry zosta\u0142 opracowany przez renomowan\u0105 klinik\u0119 medycyny orientalnej Pyunkang Oriental Medicine Clinic. Ten unikalny \u017cel jest stworzony, aby przywr\u00f3ci\u0107 naturaln\u0105 r\u00f3wnowag\u0119 sk\u00f3ry i zapewni\u0107 jej intensywne nawil\u017cenie oraz od\u017cywienie. Produkt jest przeznaczony do wszystkich typ\u00f3w sk\u00f3ry, w tym wra\u017cliwej i sk\u0142onnej do podra\u017cnie\u0144. Korzy\u015bci dla ... Read morePyunkang Yul Balancing Gel 100 ml &#8211; \u017bel Balansuj\u0105cy","og_url":"https:\/\/selleetools.com\/pl\/product\/pyunkang-yul-balancing-gel-100-ml-zel-balansujacy\/","og_site_name":"Selleetools.com","article_modified_time":"2025-12-26T15:59:39+00:00","og_image":[{"width":800,"height":800,"url":"https:\/\/selleetools.com\/wp-content\/uploads\/2025\/10\/97c3c30029bc22d8acc5df8237ce07c3.jpg","type":"image\/jpeg"}],"twitter_card":"summary_large_image","twitter_misc":{"Est. reading time":"1 minuta"},"schema":{"@context":"https:\/\/schema.org","@graph":[{"@type":"Organization","@id":"https:\/\/selleetools.com\/#organization","name":"Selleetools","url":"https:\/\/selleetools.com\/","sameAs":[],"logo":{"@type":"ImageObject","inLanguage":"pl-PL","@id":"https:\/\/selleetools.com\/#\/schema\/logo\/image\/","url":"https:\/\/selleetools.com\/wp-content\/uploads\/2021\/10\/logo-dark.png","contentUrl":"https:\/\/selleetools.com\/wp-content\/uploads\/2021\/10\/logo-dark.png","width":320,"height":76,"caption":"Selleetools"},"image":{"@id":"https:\/\/selleetools.com\/#\/schema\/logo\/image\/"}},{"@type":"WebSite","@id":"https:\/\/selleetools.com\/#website","url":"https:\/\/selleetools.com\/","name":"Selleetools.com","description":"","publisher":{"@id":"https:\/\/selleetools.com\/#organization"},"potentialAction":[{"@type":"SearchAction","target":{"@type":"EntryPoint","urlTemplate":"https:\/\/selleetools.com\/?s={search_term_string}"},"query-input":"required name=search_term_string"}],"inLanguage":"pl-PL"},{"@type":"WebPage","@id":"https:\/\/selleetools.com\/pl\/product\/pyunkang-yul-balancing-gel-100-ml-zel-balansujacy\/","url":"https:\/\/selleetools.com\/pl\/product\/pyunkang-yul-balancing-gel-100-ml-zel-balansujacy\/","name":"Pyunkang Yul Balancing Gel 100 ml - \u017bel Balansuj\u0105cy - Selleetools.com","isPartOf":{"@id":"https:\/\/selleetools.com\/#website"},"datePublished":"2025-10-22T10:14:59+00:00","dateModified":"2025-12-26T15:59:39+00:00","breadcrumb":{"@id":"https:\/\/selleetools.com\/pl\/product\/pyunkang-yul-balancing-gel-100-ml-zel-balansujacy\/#breadcrumb"},"inLanguage":"pl-PL","potentialAction":[{"@type":"ReadAction","target":["https:\/\/selleetools.com\/pl\/product\/pyunkang-yul-balancing-gel-100-ml-zel-balansujacy\/"]}]},{"@type":"BreadcrumbList","@id":"https:\/\/selleetools.com\/pl\/product\/pyunkang-yul-balancing-gel-100-ml-zel-balansujacy\/#breadcrumb","itemListElement":[{"@type":"ListItem","position":1,"name":"Home","item":"https:\/\/selleetools.com\/pl\/"},{"@type":"ListItem","position":2,"name":"Katalog","item":"https:\/\/selleetools.com\/pl\/katalog\/"},{"@type":"ListItem","position":3,"name":"Pyunkang Yul Balancing Gel 100 ml &#8211; \u017bel Balansuj\u0105cy"}]}]}},"_links":{"self":[{"href":"https:\/\/selleetools.com\/pl\/wp-json\/wp\/v2\/product\/600665"}],"collection":[{"href":"https:\/\/selleetools.com\/pl\/wp-json\/wp\/v2\/product"}],"about":[{"href":"https:\/\/selleetools.com\/pl\/wp-json\/wp\/v2\/types\/product"}],"replies":[{"embeddable":true,"href":"https:\/\/selleetools.com\/pl\/wp-json\/wp\/v2\/comments?post=600665"}],"wp:featuredmedia":[{"embeddable":true,"href":"https:\/\/selleetools.com\/pl\/wp-json\/wp\/v2\/media\/600659"}],"wp:attachment":[{"href":"https:\/\/selleetools.com\/pl\/wp-json\/wp\/v2\/media?parent=600665"}],"curies":[{"name":"wp","href":"https:\/\/api.w.org\/{rel}","templated":true}]}}