{"id":600658,"date":"2025-10-22T12:14:54","date_gmt":"2025-10-22T10:14:54","guid":{"rendered":"https:\/\/selleetools.com\/?post_type=product&#038;p=600658"},"modified":"2025-10-27T15:22:17","modified_gmt":"2025-10-27T14:22:17","slug":"pyunkang-yul-ato-lotion-290-ml-balsam-dla-wrazliwej-skory","status":"publish","type":"product","link":"https:\/\/selleetools.com\/pl\/product\/pyunkang-yul-ato-lotion-290-ml-balsam-dla-wrazliwej-skory\/","title":{"rendered":"Pyunkang Yul Ato Lotion 290 ml &#8211; Balsam dla wra\u017cliwej sk\u00f3ry"},"content":{"rendered":"<p>Pyunkang Yul Ato Lotion to wyj\u0105tkowy kosmetyk korea\u0144ski stworzony z my\u015bl\u0105 o sk\u00f3rze wra\u017cliwej, suchej i sk\u0142onnej do podra\u017cnie\u0144. Produkt ten zosta\u0142 opracowany przez renomowany Pyunkang Oriental Medicine Clinic, znan\u0105 ze swoich holistycznych podej\u015b\u0107 do piel\u0119gnacji sk\u00f3ry. Lotion zawiera minimaln\u0105 ilo\u015b\u0107 sk\u0142adnik\u00f3w, co zmniejsza ryzyko podra\u017cnie\u0144 i reakcji alergicznych. Jest wolny od paraben\u00f3w, sztucznych barwnik\u00f3w i zapach\u00f3w.<\/p>\n<p>Korzy\u015bci dla sk\u00f3ry:<br \/>\nNawil\u017cenie: G\u0142\u0119boko nawil\u017ca sk\u00f3r\u0119, przywracaj\u0105c jej naturaln\u0105 r\u00f3wnowag\u0119 i elastyczno\u015b\u0107.<br \/>\n\u0141agodzenie: Sk\u0142adniki takie jak wyci\u0105g z korzenia astragalusa pomagaj\u0105 \u0142agodzi\u0107 podra\u017cnienia i zaczerwienienia.<br \/>\nOchrona: Wzmacnia barier\u0119 ochronn\u0105 sk\u00f3ry, zabezpieczaj\u0105c j\u0105 przed szkodliwymi czynnikami zewn\u0119trznymi.<br \/>\nLekka formu\u0142a: Szybko si\u0119 wch\u0142ania, nie pozostawiaj\u0105c t\u0142ustego filmu na sk\u00f3rze, co sprawia, \u017ce jest idealny do codziennego u\u017cytku.<\/p>\n<p>Spos\u00f3b u\u017cycia:<br \/>\nPo oczyszczeniu i stonizowaniu sk\u00f3ry, na\u0142\u00f3\u017c odpowiedni\u0105 ilo\u015b\u0107 lotionu na twarz i cia\u0142o.<br \/>\nDelikatnie wmasuj w sk\u00f3r\u0119, a\u017c do ca\u0142kowitego wch\u0142oni\u0119cia.<br \/>\nStosuj rano i wieczorem lub w zale\u017cno\u015bci od potrzeb sk\u00f3ry.<\/p>\n<p>Pyunkang Yul Ato Lotion to idealne rozwi\u0105zanie dla os\u00f3b poszukuj\u0105cych skutecznej i delikatnej piel\u0119gnacji, kt\u00f3ra zadba o zdrowie i pi\u0119kno ich sk\u00f3ry ka\u017cdego dnia.<\/p>\n","protected":false},"excerpt":{"rendered":"<p>Pyunkang Yul Ato Lotion to wyj\u0105tkowy kosmetyk korea\u0144ski stworzony z my\u015bl\u0105 o sk\u00f3rze wra\u017cliwej, suchej i sk\u0142onnej do podra\u017cnie\u0144. Produkt ten zosta\u0142 opracowany przez renomowany Pyunkang Oriental Medicine Clinic, znan\u0105 ze swoich holistycznych podej\u015b\u0107 do piel\u0119gnacji sk\u00f3ry. Lotion zawiera minimaln\u0105 ilo\u015b\u0107 sk\u0142adnik\u00f3w, co zmniejsza ryzyko podra\u017cnie\u0144 i reakcji alergicznych. Jest wolny od paraben\u00f3w, sztucznych barwnik\u00f3w &#8230; <a title=\"Pyunkang Yul Ato Lotion 290 ml &#8211; Balsam dla wra\u017cliwej sk\u00f3ry\" class=\"read-more\" href=\"https:\/\/selleetools.com\/pl\/product\/pyunkang-yul-ato-lotion-290-ml-balsam-dla-wrazliwej-skory\/\">Read more<span class=\"screen-reader-text\">Pyunkang Yul Ato Lotion 290 ml &#8211; Balsam dla wra\u017cliwej sk\u00f3ry<\/span><\/a><\/p>\n","protected":false},"featured_media":600656,"comment_status":"open","ping_status":"closed","template":"","meta":{"_links_to":"","_links_to_target":""},"yoast_head":"<!-- This site is optimized with the Yoast SEO plugin v19.4 - https:\/\/yoast.com\/wordpress\/plugins\/seo\/ -->\n<title>Pyunkang Yul Ato Lotion 290 ml - Balsam dla wra\u017cliwej sk\u00f3ry - Selleetools.com<\/title>\n<meta name=\"robots\" content=\"index, follow, max-snippet:-1, max-image-preview:large, max-video-preview:-1\" \/>\n<link rel=\"canonical\" href=\"https:\/\/selleetools.com\/pl\/product\/pyunkang-yul-ato-lotion-290-ml-balsam-dla-wrazliwej-skory\/\" \/>\n<meta property=\"og:locale\" content=\"pl_PL\" \/>\n<meta property=\"og:type\" content=\"article\" \/>\n<meta property=\"og:title\" content=\"Pyunkang Yul Ato Lotion 290 ml - Balsam dla wra\u017cliwej sk\u00f3ry - Selleetools.com\" \/>\n<meta property=\"og:description\" content=\"Pyunkang Yul Ato Lotion to wyj\u0105tkowy kosmetyk korea\u0144ski stworzony z my\u015bl\u0105 o sk\u00f3rze wra\u017cliwej, suchej i sk\u0142onnej do podra\u017cnie\u0144. Produkt ten zosta\u0142 opracowany przez renomowany Pyunkang Oriental Medicine Clinic, znan\u0105 ze swoich holistycznych podej\u015b\u0107 do piel\u0119gnacji sk\u00f3ry. Lotion zawiera minimaln\u0105 ilo\u015b\u0107 sk\u0142adnik\u00f3w, co zmniejsza ryzyko podra\u017cnie\u0144 i reakcji alergicznych. Jest wolny od paraben\u00f3w, sztucznych barwnik\u00f3w ... Read morePyunkang Yul Ato Lotion 290 ml &#8211; Balsam dla wra\u017cliwej sk\u00f3ry\" \/>\n<meta property=\"og:url\" content=\"https:\/\/selleetools.com\/pl\/product\/pyunkang-yul-ato-lotion-290-ml-balsam-dla-wrazliwej-skory\/\" \/>\n<meta property=\"og:site_name\" content=\"Selleetools.com\" \/>\n<meta property=\"article:modified_time\" content=\"2025-10-27T14:22:17+00:00\" \/>\n<meta property=\"og:image\" content=\"https:\/\/selleetools.com\/wp-content\/uploads\/2025\/10\/d2563ac021d13079e733890fd5f47208.jpg\" \/>\n\t<meta property=\"og:image:width\" content=\"800\" \/>\n\t<meta property=\"og:image:height\" content=\"800\" \/>\n\t<meta property=\"og:image:type\" content=\"image\/jpeg\" \/>\n<meta name=\"twitter:card\" content=\"summary_large_image\" \/>\n<meta name=\"twitter:label1\" content=\"Est. reading time\" \/>\n\t<meta name=\"twitter:data1\" content=\"1 minuta\" \/>\n<!-- \/ Yoast SEO plugin. -->","yoast_head_json":{"title":"Pyunkang Yul Ato Lotion 290 ml - Balsam dla wra\u017cliwej sk\u00f3ry - Selleetools.com","robots":{"index":"index","follow":"follow","max-snippet":"max-snippet:-1","max-image-preview":"max-image-preview:large","max-video-preview":"max-video-preview:-1"},"canonical":"https:\/\/selleetools.com\/pl\/product\/pyunkang-yul-ato-lotion-290-ml-balsam-dla-wrazliwej-skory\/","og_locale":"pl_PL","og_type":"article","og_title":"Pyunkang Yul Ato Lotion 290 ml - Balsam dla wra\u017cliwej sk\u00f3ry - Selleetools.com","og_description":"Pyunkang Yul Ato Lotion to wyj\u0105tkowy kosmetyk korea\u0144ski stworzony z my\u015bl\u0105 o sk\u00f3rze wra\u017cliwej, suchej i sk\u0142onnej do podra\u017cnie\u0144. Produkt ten zosta\u0142 opracowany przez renomowany Pyunkang Oriental Medicine Clinic, znan\u0105 ze swoich holistycznych podej\u015b\u0107 do piel\u0119gnacji sk\u00f3ry. Lotion zawiera minimaln\u0105 ilo\u015b\u0107 sk\u0142adnik\u00f3w, co zmniejsza ryzyko podra\u017cnie\u0144 i reakcji alergicznych. Jest wolny od paraben\u00f3w, sztucznych barwnik\u00f3w ... Read morePyunkang Yul Ato Lotion 290 ml &#8211; Balsam dla wra\u017cliwej sk\u00f3ry","og_url":"https:\/\/selleetools.com\/pl\/product\/pyunkang-yul-ato-lotion-290-ml-balsam-dla-wrazliwej-skory\/","og_site_name":"Selleetools.com","article_modified_time":"2025-10-27T14:22:17+00:00","og_image":[{"width":800,"height":800,"url":"https:\/\/selleetools.com\/wp-content\/uploads\/2025\/10\/d2563ac021d13079e733890fd5f47208.jpg","type":"image\/jpeg"}],"twitter_card":"summary_large_image","twitter_misc":{"Est. reading time":"1 minuta"},"schema":{"@context":"https:\/\/schema.org","@graph":[{"@type":"Organization","@id":"https:\/\/selleetools.com\/#organization","name":"Selleetools","url":"https:\/\/selleetools.com\/","sameAs":[],"logo":{"@type":"ImageObject","inLanguage":"pl-PL","@id":"https:\/\/selleetools.com\/#\/schema\/logo\/image\/","url":"https:\/\/selleetools.com\/wp-content\/uploads\/2021\/10\/logo-dark.png","contentUrl":"https:\/\/selleetools.com\/wp-content\/uploads\/2021\/10\/logo-dark.png","width":320,"height":76,"caption":"Selleetools"},"image":{"@id":"https:\/\/selleetools.com\/#\/schema\/logo\/image\/"}},{"@type":"WebSite","@id":"https:\/\/selleetools.com\/#website","url":"https:\/\/selleetools.com\/","name":"Selleetools.com","description":"","publisher":{"@id":"https:\/\/selleetools.com\/#organization"},"potentialAction":[{"@type":"SearchAction","target":{"@type":"EntryPoint","urlTemplate":"https:\/\/selleetools.com\/?s={search_term_string}"},"query-input":"required name=search_term_string"}],"inLanguage":"pl-PL"},{"@type":"WebPage","@id":"https:\/\/selleetools.com\/pl\/product\/pyunkang-yul-ato-lotion-290-ml-balsam-dla-wrazliwej-skory\/","url":"https:\/\/selleetools.com\/pl\/product\/pyunkang-yul-ato-lotion-290-ml-balsam-dla-wrazliwej-skory\/","name":"Pyunkang Yul Ato Lotion 290 ml - Balsam dla wra\u017cliwej sk\u00f3ry - Selleetools.com","isPartOf":{"@id":"https:\/\/selleetools.com\/#website"},"datePublished":"2025-10-22T10:14:54+00:00","dateModified":"2025-10-27T14:22:17+00:00","breadcrumb":{"@id":"https:\/\/selleetools.com\/pl\/product\/pyunkang-yul-ato-lotion-290-ml-balsam-dla-wrazliwej-skory\/#breadcrumb"},"inLanguage":"pl-PL","potentialAction":[{"@type":"ReadAction","target":["https:\/\/selleetools.com\/pl\/product\/pyunkang-yul-ato-lotion-290-ml-balsam-dla-wrazliwej-skory\/"]}]},{"@type":"BreadcrumbList","@id":"https:\/\/selleetools.com\/pl\/product\/pyunkang-yul-ato-lotion-290-ml-balsam-dla-wrazliwej-skory\/#breadcrumb","itemListElement":[{"@type":"ListItem","position":1,"name":"Home","item":"https:\/\/selleetools.com\/pl\/"},{"@type":"ListItem","position":2,"name":"Katalog","item":"https:\/\/selleetools.com\/pl\/katalog\/"},{"@type":"ListItem","position":3,"name":"Pyunkang Yul Ato Lotion 290 ml &#8211; Balsam dla wra\u017cliwej sk\u00f3ry"}]}]}},"_links":{"self":[{"href":"https:\/\/selleetools.com\/pl\/wp-json\/wp\/v2\/product\/600658"}],"collection":[{"href":"https:\/\/selleetools.com\/pl\/wp-json\/wp\/v2\/product"}],"about":[{"href":"https:\/\/selleetools.com\/pl\/wp-json\/wp\/v2\/types\/product"}],"replies":[{"embeddable":true,"href":"https:\/\/selleetools.com\/pl\/wp-json\/wp\/v2\/comments?post=600658"}],"wp:featuredmedia":[{"embeddable":true,"href":"https:\/\/selleetools.com\/pl\/wp-json\/wp\/v2\/media\/600656"}],"wp:attachment":[{"href":"https:\/\/selleetools.com\/pl\/wp-json\/wp\/v2\/media?parent=600658"}],"curies":[{"name":"wp","href":"https:\/\/api.w.org\/{rel}","templated":true}]}}