{"id":600652,"date":"2025-10-22T12:14:47","date_gmt":"2025-10-22T10:14:47","guid":{"rendered":"https:\/\/selleetools.com\/?post_type=product&#038;p=600652"},"modified":"2025-12-26T16:59:34","modified_gmt":"2025-12-26T15:59:34","slug":"pyunkang-yul-balancing-gel-60-ml-zel-nawilzajacy","status":"publish","type":"product","link":"https:\/\/selleetools.com\/pl\/product\/pyunkang-yul-balancing-gel-60-ml-zel-nawilzajacy\/","title":{"rendered":"Pyunkang Yul Balancing Gel 60 ml &#8211; \u017bel nawil\u017caj\u0105cy"},"content":{"rendered":"<p>Pyunkang Yul Balancing Gel to wyj\u0105tkowy kosmetyk o \u017celowej konsystencji, stworzony przez renomowan\u0105 korea\u0144sk\u0105 mark\u0119 Pyunkang Yul. Produkt ten jest wynikiem starannie dobranej formu\u0142y opartej na tradycyjnych metodach medycyny orientalnej. \u017bel zosta\u0142 zaprojektowany, aby przywraca\u0107 sk\u00f3rze r\u00f3wnowag\u0119 i wspiera\u0107 jej naturalne procesy regeneracyjne. Zawiera sk\u0142adniki o intensywnym dzia\u0142aniu nawil\u017caj\u0105cym, od\u017cywczym i \u0142agodz\u0105cym, dzi\u0119ki czemu jest idealnym rozwi\u0105zaniem dla sk\u00f3ry suchej, podra\u017cnionej oraz sk\u0142onnej do zaczerwienie\u0144.<\/p>\n<p>Korzy\u015bci dla sk\u00f3ry:<br \/>\nG\u0142\u0119bokie nawil\u017cenie: Produkt doskonale nawil\u017ca sk\u00f3r\u0119, przywracaj\u0105c jej elastyczno\u015b\u0107 i mi\u0119kko\u015b\u0107. \u017belowa konsystencja sprawia, \u017ce substancje aktywne s\u0105 szybko wch\u0142aniane, nie pozostawiaj\u0105c uczucia lepko\u015bci.<br \/>\nOchrona bariery sk\u00f3rnej: Balancing Gel wzmacnia naturaln\u0105 barier\u0119 ochronn\u0105 sk\u00f3ry, co pomaga chroni\u0107 j\u0105 przed negatywnymi czynnikami zewn\u0119trznymi i utrat\u0105 wilgoci.<br \/>\nRedukcja podra\u017cnie\u0144: Dzi\u0119ki w\u0142a\u015bciwo\u015bciom \u0142agodz\u0105cym, produkt pomaga zmniejszy\u0107 zaczerwienienia i podra\u017cnienia, co jest szczeg\u00f3lnie korzystne dla sk\u00f3ry wra\u017cliwej.<br \/>\nWsparcie regeneracji: Sk\u0142adniki aktywne wspieraj\u0105 naturalne procesy regeneracyjne sk\u00f3ry, przyspieszaj\u0105c gojenie si\u0119 drobnych uszkodze\u0144 i poprawiaj\u0105c og\u00f3lny wygl\u0105d cery.<br \/>\nZwi\u0119kszenie elastyczno\u015bci: Regularne stosowanie \u017celu przyczynia si\u0119 do poprawy j\u0119drno\u015bci i elastyczno\u015bci sk\u00f3ry, co sprawia, \u017ce wygl\u0105da ona m\u0142odziej i zdrowiej.<\/p>\n<p>Spos\u00f3b u\u017cycia:<br \/>\nNa twarz: Na\u0142\u00f3\u017c odpowiedni\u0105 ilo\u015b\u0107 \u017celu na oczyszczon\u0105 i osuszon\u0105 sk\u00f3r\u0119 twarzy. Delikatnie wmasuj poprzez wklepywanie, aby produkt si\u0119 wch\u0142on\u0105\u0142. \u017bel mo\u017ce by\u0107 stosowany zar\u00f3wno rano, jak i wieczorem.<br \/>\nNa cia\u0142o: W przypadku suchych lub podra\u017cnionych partii cia\u0142a, na\u0142\u00f3\u017c niewielk\u0105 ilo\u015b\u0107 \u017celu i delikatnie wmasuj, aby uzyska\u0107 efekt natychmiastowego nawil\u017cenia i ukojenia.<br \/>\nPod makija\u017c: Ze wzgl\u0119du na lekk\u0105 konsystencj\u0119, \u017cel doskonale sprawdza si\u0119 jako baza pod makija\u017c, zapewniaj\u0105c sk\u00f3rze odpowiedni poziom nawil\u017cenia przez ca\u0142y dzie\u0144.<\/p>\n","protected":false},"excerpt":{"rendered":"<p>Pyunkang Yul Balancing Gel to wyj\u0105tkowy kosmetyk o \u017celowej konsystencji, stworzony przez renomowan\u0105 korea\u0144sk\u0105 mark\u0119 Pyunkang Yul. Produkt ten jest wynikiem starannie dobranej formu\u0142y opartej na tradycyjnych metodach medycyny orientalnej. \u017bel zosta\u0142 zaprojektowany, aby przywraca\u0107 sk\u00f3rze r\u00f3wnowag\u0119 i wspiera\u0107 jej naturalne procesy regeneracyjne. Zawiera sk\u0142adniki o intensywnym dzia\u0142aniu nawil\u017caj\u0105cym, od\u017cywczym i \u0142agodz\u0105cym, dzi\u0119ki czemu jest &#8230; <a title=\"Pyunkang Yul Balancing Gel 60 ml &#8211; \u017bel nawil\u017caj\u0105cy\" class=\"read-more\" href=\"https:\/\/selleetools.com\/pl\/product\/pyunkang-yul-balancing-gel-60-ml-zel-nawilzajacy\/\">Read more<span class=\"screen-reader-text\">Pyunkang Yul Balancing Gel 60 ml &#8211; \u017bel nawil\u017caj\u0105cy<\/span><\/a><\/p>\n","protected":false},"featured_media":600648,"comment_status":"open","ping_status":"closed","template":"","meta":{"_links_to":"","_links_to_target":""},"yoast_head":"<!-- This site is optimized with the Yoast SEO plugin v19.4 - https:\/\/yoast.com\/wordpress\/plugins\/seo\/ -->\n<title>Pyunkang Yul Balancing Gel 60 ml - \u017bel nawil\u017caj\u0105cy - Selleetools.com<\/title>\n<meta name=\"robots\" content=\"index, follow, max-snippet:-1, max-image-preview:large, max-video-preview:-1\" \/>\n<link rel=\"canonical\" href=\"https:\/\/selleetools.com\/pl\/product\/pyunkang-yul-balancing-gel-60-ml-zel-nawilzajacy\/\" \/>\n<meta property=\"og:locale\" content=\"pl_PL\" \/>\n<meta property=\"og:type\" content=\"article\" \/>\n<meta property=\"og:title\" content=\"Pyunkang Yul Balancing Gel 60 ml - \u017bel nawil\u017caj\u0105cy - Selleetools.com\" \/>\n<meta property=\"og:description\" content=\"Pyunkang Yul Balancing Gel to wyj\u0105tkowy kosmetyk o \u017celowej konsystencji, stworzony przez renomowan\u0105 korea\u0144sk\u0105 mark\u0119 Pyunkang Yul. Produkt ten jest wynikiem starannie dobranej formu\u0142y opartej na tradycyjnych metodach medycyny orientalnej. \u017bel zosta\u0142 zaprojektowany, aby przywraca\u0107 sk\u00f3rze r\u00f3wnowag\u0119 i wspiera\u0107 jej naturalne procesy regeneracyjne. Zawiera sk\u0142adniki o intensywnym dzia\u0142aniu nawil\u017caj\u0105cym, od\u017cywczym i \u0142agodz\u0105cym, dzi\u0119ki czemu jest ... Read morePyunkang Yul Balancing Gel 60 ml &#8211; \u017bel nawil\u017caj\u0105cy\" \/>\n<meta property=\"og:url\" content=\"https:\/\/selleetools.com\/pl\/product\/pyunkang-yul-balancing-gel-60-ml-zel-nawilzajacy\/\" \/>\n<meta property=\"og:site_name\" content=\"Selleetools.com\" \/>\n<meta property=\"article:modified_time\" content=\"2025-12-26T15:59:34+00:00\" \/>\n<meta property=\"og:image\" content=\"https:\/\/selleetools.com\/wp-content\/uploads\/2025\/10\/1cd2955211e757879838036068d1ec69.jpg\" \/>\n\t<meta property=\"og:image:width\" content=\"800\" \/>\n\t<meta property=\"og:image:height\" content=\"800\" \/>\n\t<meta property=\"og:image:type\" content=\"image\/jpeg\" \/>\n<meta name=\"twitter:card\" content=\"summary_large_image\" \/>\n<meta name=\"twitter:label1\" content=\"Est. reading time\" \/>\n\t<meta name=\"twitter:data1\" content=\"2 minuty\" \/>\n<!-- \/ Yoast SEO plugin. -->","yoast_head_json":{"title":"Pyunkang Yul Balancing Gel 60 ml - \u017bel nawil\u017caj\u0105cy - Selleetools.com","robots":{"index":"index","follow":"follow","max-snippet":"max-snippet:-1","max-image-preview":"max-image-preview:large","max-video-preview":"max-video-preview:-1"},"canonical":"https:\/\/selleetools.com\/pl\/product\/pyunkang-yul-balancing-gel-60-ml-zel-nawilzajacy\/","og_locale":"pl_PL","og_type":"article","og_title":"Pyunkang Yul Balancing Gel 60 ml - \u017bel nawil\u017caj\u0105cy - Selleetools.com","og_description":"Pyunkang Yul Balancing Gel to wyj\u0105tkowy kosmetyk o \u017celowej konsystencji, stworzony przez renomowan\u0105 korea\u0144sk\u0105 mark\u0119 Pyunkang Yul. Produkt ten jest wynikiem starannie dobranej formu\u0142y opartej na tradycyjnych metodach medycyny orientalnej. \u017bel zosta\u0142 zaprojektowany, aby przywraca\u0107 sk\u00f3rze r\u00f3wnowag\u0119 i wspiera\u0107 jej naturalne procesy regeneracyjne. Zawiera sk\u0142adniki o intensywnym dzia\u0142aniu nawil\u017caj\u0105cym, od\u017cywczym i \u0142agodz\u0105cym, dzi\u0119ki czemu jest ... Read morePyunkang Yul Balancing Gel 60 ml &#8211; \u017bel nawil\u017caj\u0105cy","og_url":"https:\/\/selleetools.com\/pl\/product\/pyunkang-yul-balancing-gel-60-ml-zel-nawilzajacy\/","og_site_name":"Selleetools.com","article_modified_time":"2025-12-26T15:59:34+00:00","og_image":[{"width":800,"height":800,"url":"https:\/\/selleetools.com\/wp-content\/uploads\/2025\/10\/1cd2955211e757879838036068d1ec69.jpg","type":"image\/jpeg"}],"twitter_card":"summary_large_image","twitter_misc":{"Est. reading time":"2 minuty"},"schema":{"@context":"https:\/\/schema.org","@graph":[{"@type":"Organization","@id":"https:\/\/selleetools.com\/#organization","name":"Selleetools","url":"https:\/\/selleetools.com\/","sameAs":[],"logo":{"@type":"ImageObject","inLanguage":"pl-PL","@id":"https:\/\/selleetools.com\/#\/schema\/logo\/image\/","url":"https:\/\/selleetools.com\/wp-content\/uploads\/2021\/10\/logo-dark.png","contentUrl":"https:\/\/selleetools.com\/wp-content\/uploads\/2021\/10\/logo-dark.png","width":320,"height":76,"caption":"Selleetools"},"image":{"@id":"https:\/\/selleetools.com\/#\/schema\/logo\/image\/"}},{"@type":"WebSite","@id":"https:\/\/selleetools.com\/#website","url":"https:\/\/selleetools.com\/","name":"Selleetools.com","description":"","publisher":{"@id":"https:\/\/selleetools.com\/#organization"},"potentialAction":[{"@type":"SearchAction","target":{"@type":"EntryPoint","urlTemplate":"https:\/\/selleetools.com\/?s={search_term_string}"},"query-input":"required name=search_term_string"}],"inLanguage":"pl-PL"},{"@type":"WebPage","@id":"https:\/\/selleetools.com\/pl\/product\/pyunkang-yul-balancing-gel-60-ml-zel-nawilzajacy\/","url":"https:\/\/selleetools.com\/pl\/product\/pyunkang-yul-balancing-gel-60-ml-zel-nawilzajacy\/","name":"Pyunkang Yul Balancing Gel 60 ml - \u017bel nawil\u017caj\u0105cy - Selleetools.com","isPartOf":{"@id":"https:\/\/selleetools.com\/#website"},"datePublished":"2025-10-22T10:14:47+00:00","dateModified":"2025-12-26T15:59:34+00:00","breadcrumb":{"@id":"https:\/\/selleetools.com\/pl\/product\/pyunkang-yul-balancing-gel-60-ml-zel-nawilzajacy\/#breadcrumb"},"inLanguage":"pl-PL","potentialAction":[{"@type":"ReadAction","target":["https:\/\/selleetools.com\/pl\/product\/pyunkang-yul-balancing-gel-60-ml-zel-nawilzajacy\/"]}]},{"@type":"BreadcrumbList","@id":"https:\/\/selleetools.com\/pl\/product\/pyunkang-yul-balancing-gel-60-ml-zel-nawilzajacy\/#breadcrumb","itemListElement":[{"@type":"ListItem","position":1,"name":"Home","item":"https:\/\/selleetools.com\/pl\/"},{"@type":"ListItem","position":2,"name":"Katalog","item":"https:\/\/selleetools.com\/pl\/katalog\/"},{"@type":"ListItem","position":3,"name":"Pyunkang Yul Balancing Gel 60 ml &#8211; \u017bel nawil\u017caj\u0105cy"}]}]}},"_links":{"self":[{"href":"https:\/\/selleetools.com\/pl\/wp-json\/wp\/v2\/product\/600652"}],"collection":[{"href":"https:\/\/selleetools.com\/pl\/wp-json\/wp\/v2\/product"}],"about":[{"href":"https:\/\/selleetools.com\/pl\/wp-json\/wp\/v2\/types\/product"}],"replies":[{"embeddable":true,"href":"https:\/\/selleetools.com\/pl\/wp-json\/wp\/v2\/comments?post=600652"}],"wp:featuredmedia":[{"embeddable":true,"href":"https:\/\/selleetools.com\/pl\/wp-json\/wp\/v2\/media\/600648"}],"wp:attachment":[{"href":"https:\/\/selleetools.com\/pl\/wp-json\/wp\/v2\/media?parent=600652"}],"curies":[{"name":"wp","href":"https:\/\/api.w.org\/{rel}","templated":true}]}}