{"id":600277,"date":"2025-10-22T09:21:54","date_gmt":"2025-10-22T07:21:54","guid":{"rendered":"https:\/\/selleetools.com\/?post_type=product&#038;p=600277"},"modified":"2025-10-23T19:55:37","modified_gmt":"2025-10-23T17:55:37","slug":"anua-heartleaf-77-soothing-mask-25-ml-kojaca-maseczka-w-plachcie","status":"publish","type":"product","link":"https:\/\/selleetools.com\/pl\/product\/anua-heartleaf-77-soothing-mask-25-ml-kojaca-maseczka-w-plachcie\/","title":{"rendered":"ANUA HEARTLEAF 77 SOOTHING MASK 25 ml Koj\u0105ca maseczka w p\u0142achcie"},"content":{"rendered":"<p>Jednorazowa maska w p\u0142acie stworzona z my\u015bl\u0105 o sk\u00f3rze suchej, wra\u017cliwej i zm\u0119czonej. Zawiera a\u017c 77% ekstraktu z li\u015bcia houttuynia cordata, kt\u00f3ry dzia\u0142a koj\u0105co, \u0142agodzi podra\u017cnienia i wspiera naturaln\u0105 barier\u0119 ochronn\u0105 sk\u00f3ry.<\/p>\n<p>Dzi\u0119ki lekkiej, mikrow\u0142\u00f3knistej tkaninie idealnie przylega do twarzy, pozwalaj\u0105c sk\u0142adnikom aktywnym wnika\u0107 w g\u0142\u0105b nask\u00f3rka. Ju\u017c po jednym u\u017cyciu wyra\u017anie poprawia poziom nawil\u017cenia, przywracaj\u0105c cerze \u015bwie\u017cy i zdrowy wygl\u0105d.<\/p>\n<p>Korzy\u015bci dla sk\u00f3ry:<br \/>\nNawil\u017cenie utrzymuj\u0105ce si\u0119 do 24 godzin<br \/>\nUkojenie i z\u0142agodzenie podra\u017cnie\u0144<br \/>\nWzmocnienie bariery ochronnej sk\u00f3ry<br \/>\nOd\u015bwie\u017cenie i przywr\u00f3cenie zdrowego blasku<br \/>\nDelikatny materia\u0142 odpowiedni dla sk\u00f3ry wra\u017cliwej<\/p>\n<p>Spos\u00f3b u\u017cycia:<br \/>\nNa oczyszczon\u0105 i stonizowan\u0105 sk\u00f3r\u0119 na\u0142\u00f3\u017c mask\u0119, dok\u0142adnie dopasowuj\u0105c do kszta\u0142tu twarzy. Pozostaw na 10\u201320 minut, nast\u0119pnie zdejmij, a pozosta\u0142\u0105 esencj\u0119 wklep w sk\u00f3r\u0119.<\/p>\n","protected":false},"excerpt":{"rendered":"<p>Jednorazowa maska w p\u0142acie stworzona z my\u015bl\u0105 o sk\u00f3rze suchej, wra\u017cliwej i zm\u0119czonej. Zawiera a\u017c 77% ekstraktu z li\u015bcia houttuynia cordata, kt\u00f3ry dzia\u0142a koj\u0105co, \u0142agodzi podra\u017cnienia i wspiera naturaln\u0105 barier\u0119 ochronn\u0105 sk\u00f3ry. Dzi\u0119ki lekkiej, mikrow\u0142\u00f3knistej tkaninie idealnie przylega do twarzy, pozwalaj\u0105c sk\u0142adnikom aktywnym wnika\u0107 w g\u0142\u0105b nask\u00f3rka. Ju\u017c po jednym u\u017cyciu wyra\u017anie poprawia poziom nawil\u017cenia, &#8230; <a title=\"ANUA HEARTLEAF 77 SOOTHING MASK 25 ml Koj\u0105ca maseczka w p\u0142achcie\" class=\"read-more\" href=\"https:\/\/selleetools.com\/pl\/product\/anua-heartleaf-77-soothing-mask-25-ml-kojaca-maseczka-w-plachcie\/\">Read more<span class=\"screen-reader-text\">ANUA HEARTLEAF 77 SOOTHING MASK 25 ml Koj\u0105ca maseczka w p\u0142achcie<\/span><\/a><\/p>\n","protected":false},"featured_media":600275,"comment_status":"open","ping_status":"closed","template":"","meta":{"_links_to":"","_links_to_target":""},"yoast_head":"<!-- This site is optimized with the Yoast SEO plugin v19.4 - https:\/\/yoast.com\/wordpress\/plugins\/seo\/ -->\n<title>ANUA HEARTLEAF 77 SOOTHING MASK 25 ml Koj\u0105ca maseczka w p\u0142achcie - Selleetools.com<\/title>\n<meta name=\"robots\" content=\"index, follow, max-snippet:-1, max-image-preview:large, max-video-preview:-1\" \/>\n<link rel=\"canonical\" href=\"https:\/\/selleetools.com\/pl\/product\/anua-heartleaf-77-soothing-mask-25-ml-kojaca-maseczka-w-plachcie\/\" \/>\n<meta property=\"og:locale\" content=\"pl_PL\" \/>\n<meta property=\"og:type\" content=\"article\" \/>\n<meta property=\"og:title\" content=\"ANUA HEARTLEAF 77 SOOTHING MASK 25 ml Koj\u0105ca maseczka w p\u0142achcie - Selleetools.com\" \/>\n<meta property=\"og:description\" content=\"Jednorazowa maska w p\u0142acie stworzona z my\u015bl\u0105 o sk\u00f3rze suchej, wra\u017cliwej i zm\u0119czonej. Zawiera a\u017c 77% ekstraktu z li\u015bcia houttuynia cordata, kt\u00f3ry dzia\u0142a koj\u0105co, \u0142agodzi podra\u017cnienia i wspiera naturaln\u0105 barier\u0119 ochronn\u0105 sk\u00f3ry. Dzi\u0119ki lekkiej, mikrow\u0142\u00f3knistej tkaninie idealnie przylega do twarzy, pozwalaj\u0105c sk\u0142adnikom aktywnym wnika\u0107 w g\u0142\u0105b nask\u00f3rka. Ju\u017c po jednym u\u017cyciu wyra\u017anie poprawia poziom nawil\u017cenia, ... Read moreANUA HEARTLEAF 77 SOOTHING MASK 25 ml Koj\u0105ca maseczka w p\u0142achcie\" \/>\n<meta property=\"og:url\" content=\"https:\/\/selleetools.com\/pl\/product\/anua-heartleaf-77-soothing-mask-25-ml-kojaca-maseczka-w-plachcie\/\" \/>\n<meta property=\"og:site_name\" content=\"Selleetools.com\" \/>\n<meta property=\"article:modified_time\" content=\"2025-10-23T17:55:37+00:00\" \/>\n<meta property=\"og:image\" content=\"https:\/\/selleetools.com\/wp-content\/uploads\/2025\/10\/78b1e514811850f6785e85caf02e738c.png\" \/>\n\t<meta property=\"og:image:width\" content=\"1200\" \/>\n\t<meta property=\"og:image:height\" content=\"1200\" \/>\n\t<meta property=\"og:image:type\" content=\"image\/png\" \/>\n<meta name=\"twitter:card\" content=\"summary_large_image\" \/>\n<meta name=\"twitter:label1\" content=\"Est. reading time\" \/>\n\t<meta name=\"twitter:data1\" content=\"1 minuta\" \/>\n<!-- \/ Yoast SEO plugin. -->","yoast_head_json":{"title":"ANUA HEARTLEAF 77 SOOTHING MASK 25 ml Koj\u0105ca maseczka w p\u0142achcie - Selleetools.com","robots":{"index":"index","follow":"follow","max-snippet":"max-snippet:-1","max-image-preview":"max-image-preview:large","max-video-preview":"max-video-preview:-1"},"canonical":"https:\/\/selleetools.com\/pl\/product\/anua-heartleaf-77-soothing-mask-25-ml-kojaca-maseczka-w-plachcie\/","og_locale":"pl_PL","og_type":"article","og_title":"ANUA HEARTLEAF 77 SOOTHING MASK 25 ml Koj\u0105ca maseczka w p\u0142achcie - Selleetools.com","og_description":"Jednorazowa maska w p\u0142acie stworzona z my\u015bl\u0105 o sk\u00f3rze suchej, wra\u017cliwej i zm\u0119czonej. Zawiera a\u017c 77% ekstraktu z li\u015bcia houttuynia cordata, kt\u00f3ry dzia\u0142a koj\u0105co, \u0142agodzi podra\u017cnienia i wspiera naturaln\u0105 barier\u0119 ochronn\u0105 sk\u00f3ry. Dzi\u0119ki lekkiej, mikrow\u0142\u00f3knistej tkaninie idealnie przylega do twarzy, pozwalaj\u0105c sk\u0142adnikom aktywnym wnika\u0107 w g\u0142\u0105b nask\u00f3rka. Ju\u017c po jednym u\u017cyciu wyra\u017anie poprawia poziom nawil\u017cenia, ... Read moreANUA HEARTLEAF 77 SOOTHING MASK 25 ml Koj\u0105ca maseczka w p\u0142achcie","og_url":"https:\/\/selleetools.com\/pl\/product\/anua-heartleaf-77-soothing-mask-25-ml-kojaca-maseczka-w-plachcie\/","og_site_name":"Selleetools.com","article_modified_time":"2025-10-23T17:55:37+00:00","og_image":[{"width":1200,"height":1200,"url":"https:\/\/selleetools.com\/wp-content\/uploads\/2025\/10\/78b1e514811850f6785e85caf02e738c.png","type":"image\/png"}],"twitter_card":"summary_large_image","twitter_misc":{"Est. reading time":"1 minuta"},"schema":{"@context":"https:\/\/schema.org","@graph":[{"@type":"Organization","@id":"https:\/\/selleetools.com\/#organization","name":"Selleetools","url":"https:\/\/selleetools.com\/","sameAs":[],"logo":{"@type":"ImageObject","inLanguage":"pl-PL","@id":"https:\/\/selleetools.com\/#\/schema\/logo\/image\/","url":"https:\/\/selleetools.com\/wp-content\/uploads\/2021\/10\/logo-dark.png","contentUrl":"https:\/\/selleetools.com\/wp-content\/uploads\/2021\/10\/logo-dark.png","width":320,"height":76,"caption":"Selleetools"},"image":{"@id":"https:\/\/selleetools.com\/#\/schema\/logo\/image\/"}},{"@type":"WebSite","@id":"https:\/\/selleetools.com\/#website","url":"https:\/\/selleetools.com\/","name":"Selleetools.com","description":"","publisher":{"@id":"https:\/\/selleetools.com\/#organization"},"potentialAction":[{"@type":"SearchAction","target":{"@type":"EntryPoint","urlTemplate":"https:\/\/selleetools.com\/?s={search_term_string}"},"query-input":"required name=search_term_string"}],"inLanguage":"pl-PL"},{"@type":"WebPage","@id":"https:\/\/selleetools.com\/pl\/product\/anua-heartleaf-77-soothing-mask-25-ml-kojaca-maseczka-w-plachcie\/","url":"https:\/\/selleetools.com\/pl\/product\/anua-heartleaf-77-soothing-mask-25-ml-kojaca-maseczka-w-plachcie\/","name":"ANUA HEARTLEAF 77 SOOTHING MASK 25 ml Koj\u0105ca maseczka w p\u0142achcie - Selleetools.com","isPartOf":{"@id":"https:\/\/selleetools.com\/#website"},"datePublished":"2025-10-22T07:21:54+00:00","dateModified":"2025-10-23T17:55:37+00:00","breadcrumb":{"@id":"https:\/\/selleetools.com\/pl\/product\/anua-heartleaf-77-soothing-mask-25-ml-kojaca-maseczka-w-plachcie\/#breadcrumb"},"inLanguage":"pl-PL","potentialAction":[{"@type":"ReadAction","target":["https:\/\/selleetools.com\/pl\/product\/anua-heartleaf-77-soothing-mask-25-ml-kojaca-maseczka-w-plachcie\/"]}]},{"@type":"BreadcrumbList","@id":"https:\/\/selleetools.com\/pl\/product\/anua-heartleaf-77-soothing-mask-25-ml-kojaca-maseczka-w-plachcie\/#breadcrumb","itemListElement":[{"@type":"ListItem","position":1,"name":"Home","item":"https:\/\/selleetools.com\/pl\/"},{"@type":"ListItem","position":2,"name":"Katalog","item":"https:\/\/selleetools.com\/pl\/katalog\/"},{"@type":"ListItem","position":3,"name":"ANUA HEARTLEAF 77 SOOTHING MASK 25 ml Koj\u0105ca maseczka w p\u0142achcie"}]}]}},"_links":{"self":[{"href":"https:\/\/selleetools.com\/pl\/wp-json\/wp\/v2\/product\/600277"}],"collection":[{"href":"https:\/\/selleetools.com\/pl\/wp-json\/wp\/v2\/product"}],"about":[{"href":"https:\/\/selleetools.com\/pl\/wp-json\/wp\/v2\/types\/product"}],"replies":[{"embeddable":true,"href":"https:\/\/selleetools.com\/pl\/wp-json\/wp\/v2\/comments?post=600277"}],"wp:featuredmedia":[{"embeddable":true,"href":"https:\/\/selleetools.com\/pl\/wp-json\/wp\/v2\/media\/600275"}],"wp:attachment":[{"href":"https:\/\/selleetools.com\/pl\/wp-json\/wp\/v2\/media?parent=600277"}],"curies":[{"name":"wp","href":"https:\/\/api.w.org\/{rel}","templated":true}]}}