{"id":600166,"date":"2025-10-22T09:20:03","date_gmt":"2025-10-22T07:20:03","guid":{"rendered":"https:\/\/selleetools.com\/?post_type=product&#038;p=600166"},"modified":"2025-11-04T20:08:14","modified_gmt":"2025-11-04T19:08:14","slug":"heimish-artless-glow-tinted-sunscreen-shine-beige-spf50-pa-40-ml-krem-bb-z-filtrem","status":"publish","type":"product","link":"https:\/\/selleetools.com\/pl\/product\/heimish-artless-glow-tinted-sunscreen-shine-beige-spf50-pa-40-ml-krem-bb-z-filtrem\/","title":{"rendered":"Heimish Artless Glow Tinted Sunscreen Shine Beige SPF50+ PA++++ 40 ml &#8211; Krem BB z filtrem"},"content":{"rendered":"<p>Heimish Artless Glow Tinted Sunscreen Shine Beige SPF50+ PA++++ to wszechstronny produkt kosmetyczny, kt\u00f3ry \u0142\u0105czy w sobie w\u0142a\u015bciwo\u015bci kremu przeciws\u0142onecznego, kremu BB oraz produktu piel\u0119gnacyjnego. Idealnie nadaje si\u0119 do codziennego stosowania, oferuj\u0105c zar\u00f3wno ochron\u0119 przed szkodliwym promieniowaniem UV, jak i delikatne krycie, kt\u00f3re wyr\u00f3wnuje koloryt sk\u00f3ry.<\/p>\n<p>Korzy\u015bci dla sk\u00f3ry:<br \/>\nWysoka ochrona przeciws\u0142oneczna: SPF50+ PA++++ chroni sk\u00f3r\u0119 przed szkodliwym promieniowaniem UVA i UVB, zapobiegaj\u0105c przedwczesnemu starzeniu si\u0119 sk\u00f3ry i uszkodzeniom wywo\u0142anym s\u0142o\u0144cem.<br \/>\nNaturalny blask: Lekka formu\u0142a z subtelnym pigmentem zapewnia naturalny, zdrowy blask, jednocze\u015bnie wyr\u00f3wnuj\u0105c koloryt sk\u00f3ry.<br \/>\nNawil\u017cenie i piel\u0119gnacja: Zawiera sk\u0142adniki nawil\u017caj\u0105ce i od\u017cywcze, kt\u00f3re pomagaj\u0105 utrzyma\u0107 sk\u00f3r\u0119 nawil\u017con\u0105 i mi\u0119kk\u0105 przez ca\u0142y dzie\u0144.<br \/>\nWielozadaniowo\u015b\u0107: Dzia\u0142a jako baza pod makija\u017c, krem BB oraz produkt piel\u0119gnacyjny, upraszczaj\u0105c rutyn\u0119 piel\u0119gnacyjn\u0105 i kosmetyczn\u0105.<\/p>\n<p>Spos\u00f3b u\u017cycia:<br \/>\nNa\u0142\u00f3\u017c odpowiedni\u0105 ilo\u015b\u0107 produktu na twarz jako ostatni krok w porannej piel\u0119gnacji sk\u00f3ry.<br \/>\nDelikatnie wmasuj produkt w sk\u00f3r\u0119, a\u017c do uzyskania r\u00f3wnomiernego krycia.<br \/>\nMo\u017cna stosowa\u0107 samodzielnie lub jako baz\u0119 pod makija\u017c.<\/p>\n","protected":false},"excerpt":{"rendered":"<p>Heimish Artless Glow Tinted Sunscreen Shine Beige SPF50+ PA++++ to wszechstronny produkt kosmetyczny, kt\u00f3ry \u0142\u0105czy w sobie w\u0142a\u015bciwo\u015bci kremu przeciws\u0142onecznego, kremu BB oraz produktu piel\u0119gnacyjnego. Idealnie nadaje si\u0119 do codziennego stosowania, oferuj\u0105c zar\u00f3wno ochron\u0119 przed szkodliwym promieniowaniem UV, jak i delikatne krycie, kt\u00f3re wyr\u00f3wnuje koloryt sk\u00f3ry. Korzy\u015bci dla sk\u00f3ry: Wysoka ochrona przeciws\u0142oneczna: SPF50+ PA++++ chroni &#8230; <a title=\"Heimish Artless Glow Tinted Sunscreen Shine Beige SPF50+ PA++++ 40 ml &#8211; Krem BB z filtrem\" class=\"read-more\" href=\"https:\/\/selleetools.com\/pl\/product\/heimish-artless-glow-tinted-sunscreen-shine-beige-spf50-pa-40-ml-krem-bb-z-filtrem\/\">Read more<span class=\"screen-reader-text\">Heimish Artless Glow Tinted Sunscreen Shine Beige SPF50+ PA++++ 40 ml &#8211; Krem BB z filtrem<\/span><\/a><\/p>\n","protected":false},"featured_media":600162,"comment_status":"open","ping_status":"closed","template":"","meta":{"_links_to":"","_links_to_target":""},"yoast_head":"<!-- This site is optimized with the Yoast SEO plugin v19.4 - https:\/\/yoast.com\/wordpress\/plugins\/seo\/ -->\n<title>Heimish Artless Glow Tinted Sunscreen Shine Beige SPF50+ PA++++ 40 ml - Krem BB z filtrem - Selleetools.com<\/title>\n<meta name=\"robots\" content=\"index, follow, max-snippet:-1, max-image-preview:large, max-video-preview:-1\" \/>\n<link rel=\"canonical\" href=\"https:\/\/admincentral.selleetools.com\/pl\/product\/heimish-artless-glow-tinted-sunscreen-shine-beige-spf50-pa-40-ml-krem-bb-z-filtrem\/\" \/>\n<meta property=\"og:locale\" content=\"pl_PL\" \/>\n<meta property=\"og:type\" content=\"article\" \/>\n<meta property=\"og:title\" content=\"Heimish Artless Glow Tinted Sunscreen Shine Beige SPF50+ PA++++ 40 ml - Krem BB z filtrem - Selleetools.com\" \/>\n<meta property=\"og:description\" content=\"Heimish Artless Glow Tinted Sunscreen Shine Beige SPF50+ PA++++ to wszechstronny produkt kosmetyczny, kt\u00f3ry \u0142\u0105czy w sobie w\u0142a\u015bciwo\u015bci kremu przeciws\u0142onecznego, kremu BB oraz produktu piel\u0119gnacyjnego. Idealnie nadaje si\u0119 do codziennego stosowania, oferuj\u0105c zar\u00f3wno ochron\u0119 przed szkodliwym promieniowaniem UV, jak i delikatne krycie, kt\u00f3re wyr\u00f3wnuje koloryt sk\u00f3ry. Korzy\u015bci dla sk\u00f3ry: Wysoka ochrona przeciws\u0142oneczna: SPF50+ PA++++ chroni ... Read moreHeimish Artless Glow Tinted Sunscreen Shine Beige SPF50+ PA++++ 40 ml &#8211; Krem BB z filtrem\" \/>\n<meta property=\"og:url\" content=\"https:\/\/admincentral.selleetools.com\/pl\/product\/heimish-artless-glow-tinted-sunscreen-shine-beige-spf50-pa-40-ml-krem-bb-z-filtrem\/\" \/>\n<meta property=\"og:site_name\" content=\"Selleetools.com\" \/>\n<meta property=\"article:modified_time\" content=\"2025-11-04T19:08:14+00:00\" \/>\n<meta property=\"og:image\" content=\"https:\/\/selleetools.com\/wp-content\/uploads\/2025\/10\/009d7a978827832e80773faf76b9f981.jpg\" \/>\n\t<meta property=\"og:image:width\" content=\"425\" \/>\n\t<meta property=\"og:image:height\" content=\"425\" \/>\n\t<meta property=\"og:image:type\" content=\"image\/jpeg\" \/>\n<meta name=\"twitter:card\" content=\"summary_large_image\" \/>\n<meta name=\"twitter:label1\" content=\"Est. reading time\" \/>\n\t<meta name=\"twitter:data1\" content=\"1 minuta\" \/>\n<!-- \/ Yoast SEO plugin. -->","yoast_head_json":{"title":"Heimish Artless Glow Tinted Sunscreen Shine Beige SPF50+ PA++++ 40 ml - Krem BB z filtrem - Selleetools.com","robots":{"index":"index","follow":"follow","max-snippet":"max-snippet:-1","max-image-preview":"max-image-preview:large","max-video-preview":"max-video-preview:-1"},"canonical":"https:\/\/admincentral.selleetools.com\/pl\/product\/heimish-artless-glow-tinted-sunscreen-shine-beige-spf50-pa-40-ml-krem-bb-z-filtrem\/","og_locale":"pl_PL","og_type":"article","og_title":"Heimish Artless Glow Tinted Sunscreen Shine Beige SPF50+ PA++++ 40 ml - Krem BB z filtrem - Selleetools.com","og_description":"Heimish Artless Glow Tinted Sunscreen Shine Beige SPF50+ PA++++ to wszechstronny produkt kosmetyczny, kt\u00f3ry \u0142\u0105czy w sobie w\u0142a\u015bciwo\u015bci kremu przeciws\u0142onecznego, kremu BB oraz produktu piel\u0119gnacyjnego. Idealnie nadaje si\u0119 do codziennego stosowania, oferuj\u0105c zar\u00f3wno ochron\u0119 przed szkodliwym promieniowaniem UV, jak i delikatne krycie, kt\u00f3re wyr\u00f3wnuje koloryt sk\u00f3ry. Korzy\u015bci dla sk\u00f3ry: Wysoka ochrona przeciws\u0142oneczna: SPF50+ PA++++ chroni ... Read moreHeimish Artless Glow Tinted Sunscreen Shine Beige SPF50+ PA++++ 40 ml &#8211; Krem BB z filtrem","og_url":"https:\/\/admincentral.selleetools.com\/pl\/product\/heimish-artless-glow-tinted-sunscreen-shine-beige-spf50-pa-40-ml-krem-bb-z-filtrem\/","og_site_name":"Selleetools.com","article_modified_time":"2025-11-04T19:08:14+00:00","og_image":[{"width":425,"height":425,"url":"https:\/\/selleetools.com\/wp-content\/uploads\/2025\/10\/009d7a978827832e80773faf76b9f981.jpg","type":"image\/jpeg"}],"twitter_card":"summary_large_image","twitter_misc":{"Est. reading time":"1 minuta"},"schema":{"@context":"https:\/\/schema.org","@graph":[{"@type":"Organization","@id":"https:\/\/selleetools.com\/#organization","name":"Selleetools","url":"https:\/\/selleetools.com\/","sameAs":[],"logo":{"@type":"ImageObject","inLanguage":"pl-PL","@id":"https:\/\/selleetools.com\/#\/schema\/logo\/image\/","url":"https:\/\/selleetools.com\/wp-content\/uploads\/2021\/10\/logo-dark.png","contentUrl":"https:\/\/selleetools.com\/wp-content\/uploads\/2021\/10\/logo-dark.png","width":320,"height":76,"caption":"Selleetools"},"image":{"@id":"https:\/\/selleetools.com\/#\/schema\/logo\/image\/"}},{"@type":"WebSite","@id":"https:\/\/selleetools.com\/#website","url":"https:\/\/selleetools.com\/","name":"Selleetools.com","description":"","publisher":{"@id":"https:\/\/selleetools.com\/#organization"},"potentialAction":[{"@type":"SearchAction","target":{"@type":"EntryPoint","urlTemplate":"https:\/\/selleetools.com\/?s={search_term_string}"},"query-input":"required name=search_term_string"}],"inLanguage":"pl-PL"},{"@type":"WebPage","@id":"https:\/\/admincentral.selleetools.com\/pl\/product\/heimish-artless-glow-tinted-sunscreen-shine-beige-spf50-pa-40-ml-krem-bb-z-filtrem\/","url":"https:\/\/admincentral.selleetools.com\/pl\/product\/heimish-artless-glow-tinted-sunscreen-shine-beige-spf50-pa-40-ml-krem-bb-z-filtrem\/","name":"Heimish Artless Glow Tinted Sunscreen Shine Beige SPF50+ PA++++ 40 ml - Krem BB z filtrem - Selleetools.com","isPartOf":{"@id":"https:\/\/selleetools.com\/#website"},"datePublished":"2025-10-22T07:20:03+00:00","dateModified":"2025-11-04T19:08:14+00:00","breadcrumb":{"@id":"https:\/\/admincentral.selleetools.com\/pl\/product\/heimish-artless-glow-tinted-sunscreen-shine-beige-spf50-pa-40-ml-krem-bb-z-filtrem\/#breadcrumb"},"inLanguage":"pl-PL","potentialAction":[{"@type":"ReadAction","target":["https:\/\/admincentral.selleetools.com\/pl\/product\/heimish-artless-glow-tinted-sunscreen-shine-beige-spf50-pa-40-ml-krem-bb-z-filtrem\/"]}]},{"@type":"BreadcrumbList","@id":"https:\/\/admincentral.selleetools.com\/pl\/product\/heimish-artless-glow-tinted-sunscreen-shine-beige-spf50-pa-40-ml-krem-bb-z-filtrem\/#breadcrumb","itemListElement":[{"@type":"ListItem","position":1,"name":"Home","item":"https:\/\/selleetools.com\/pl\/"},{"@type":"ListItem","position":2,"name":"Katalog","item":"https:\/\/selleetools.com\/pl\/katalog\/"},{"@type":"ListItem","position":3,"name":"Heimish Artless Glow Tinted Sunscreen Shine Beige SPF50+ PA++++ 40 ml &#8211; Krem BB z filtrem"}]}]}},"_links":{"self":[{"href":"https:\/\/selleetools.com\/pl\/wp-json\/wp\/v2\/product\/600166"}],"collection":[{"href":"https:\/\/selleetools.com\/pl\/wp-json\/wp\/v2\/product"}],"about":[{"href":"https:\/\/selleetools.com\/pl\/wp-json\/wp\/v2\/types\/product"}],"replies":[{"embeddable":true,"href":"https:\/\/selleetools.com\/pl\/wp-json\/wp\/v2\/comments?post=600166"}],"wp:featuredmedia":[{"embeddable":true,"href":"https:\/\/selleetools.com\/pl\/wp-json\/wp\/v2\/media\/600162"}],"wp:attachment":[{"href":"https:\/\/selleetools.com\/pl\/wp-json\/wp\/v2\/media?parent=600166"}],"curies":[{"name":"wp","href":"https:\/\/api.w.org\/{rel}","templated":true}]}}