{"id":600119,"date":"2025-10-22T09:19:18","date_gmt":"2025-10-22T07:19:18","guid":{"rendered":"https:\/\/selleetools.com\/?post_type=product&#038;p=600119"},"modified":"2025-10-23T19:54:29","modified_gmt":"2025-10-23T17:54:29","slug":"some-by-mi-v10-hyal-antioxidant-sunscreen-spf50-pa-40-ml-krem-z-filtrem","status":"publish","type":"product","link":"https:\/\/selleetools.com\/pl\/product\/some-by-mi-v10-hyal-antioxidant-sunscreen-spf50-pa-40-ml-krem-z-filtrem\/","title":{"rendered":"SOME BY MI V10 hyal antioxidant sunscreen SPF50+ PA++++ 40 ml &#8211; Krem z filtrem"},"content":{"rendered":"<p>SOMEBYMI V10 Hyal Antioxidant Sunscreen, 40ml<br \/>\nInnowacyjny krem przeciws\u0142oneczny, kt\u00f3ry \u0142\u0105czy w sobie ochron\u0119 przed promieniowaniem UV z w\u0142a\u015bciwo\u015bciami antyoksydacyjnymi. Formu\u0142a wzbogacona o kwas hialuronowy i kompleks antyoksydant\u00f3w zapewnia nie tylko ochron\u0119 przed s\u0142o\u0144cem, ale tak\u017ce wspomaga neutralizacj\u0119 wolnych rodnik\u00f3w, kt\u00f3re przyspieszaj\u0105 starzenie si\u0119 sk\u00f3ry. Skutecznie blokuje szkodliwe promieniowanie UVB i UVA, minimalizuj\u0105c ryzyko oparze\u0144 s\u0142onecznych i uszkodze\u0144 sk\u00f3ry.  Kompleks antyoksydant\u00f3w neutralizuje wolne rodniki, kt\u00f3re mog\u0105 powodowa\u0107 przedwczesne starzenie si\u0119 sk\u00f3ry. Kwas hialuronowy nawil\u017ca sk\u00f3r\u0119, pomagaj\u0105c utrzyma\u0107 jej optymalny poziom wilgoci.<\/p>\n<p>Korzy\u015bci dla sk\u00f3ry:<br \/>\nKompleksowa ochrona: Chroni sk\u00f3r\u0119 przed szkodliwymi skutkami promieni UV oraz stresem oksydacyjnym.<br \/>\nNawil\u017cona sk\u00f3ra: Sk\u00f3ra pozostaje nawil\u017cona i g\u0142adka, co zapobiega jej przesuszeniu i uczuciu \u015bci\u0105gni\u0119cia.<br \/>\nM\u0142odszy wygl\u0105d: Redukuje widoczno\u015b\u0107 oznak starzenia si\u0119 sk\u00f3ry, takich jak zmarszczki i przebarwienia, dzi\u0119ki dzia\u0142aniu antyoksydacyjnemu.<\/p>\n<p>Spos\u00f3b u\u017cycia: Umyj twarz i osusz j\u0105 delikatnie przed na\u0142o\u017ceniem kremu przeciws\u0142onecznego. Na\u0142\u00f3\u017c r\u00f3wnomiernie odpowiedni\u0105 ilo\u015b\u0107 kremu na twarz, szyj\u0119 i inne eksponowane miejsca na sk\u00f3rze. Delikatnie wmasuj produkt w sk\u00f3r\u0119, a\u017c do ca\u0142kowitego wch\u0142oni\u0119cia. Aby zapewni\u0107 pe\u0142n\u0105 ochron\u0119, stosuj produkt co 2-3 godziny, zw\u0142aszcza po p\u0142ywaniu, poceniu si\u0119 lub wycieraniu.<\/p>\n","protected":false},"excerpt":{"rendered":"<p>SOMEBYMI V10 Hyal Antioxidant Sunscreen, 40ml Innowacyjny krem przeciws\u0142oneczny, kt\u00f3ry \u0142\u0105czy w sobie ochron\u0119 przed promieniowaniem UV z w\u0142a\u015bciwo\u015bciami antyoksydacyjnymi. Formu\u0142a wzbogacona o kwas hialuronowy i kompleks antyoksydant\u00f3w zapewnia nie tylko ochron\u0119 przed s\u0142o\u0144cem, ale tak\u017ce wspomaga neutralizacj\u0119 wolnych rodnik\u00f3w, kt\u00f3re przyspieszaj\u0105 starzenie si\u0119 sk\u00f3ry. Skutecznie blokuje szkodliwe promieniowanie UVB i UVA, minimalizuj\u0105c ryzyko oparze\u0144 &#8230; <a title=\"SOME BY MI V10 hyal antioxidant sunscreen SPF50+ PA++++ 40 ml &#8211; Krem z filtrem\" class=\"read-more\" href=\"https:\/\/selleetools.com\/pl\/product\/some-by-mi-v10-hyal-antioxidant-sunscreen-spf50-pa-40-ml-krem-z-filtrem\/\">Read more<span class=\"screen-reader-text\">SOME BY MI V10 hyal antioxidant sunscreen SPF50+ PA++++ 40 ml &#8211; Krem z filtrem<\/span><\/a><\/p>\n","protected":false},"featured_media":600117,"comment_status":"open","ping_status":"closed","template":"","meta":{"_links_to":"","_links_to_target":""},"yoast_head":"<!-- This site is optimized with the Yoast SEO plugin v19.4 - https:\/\/yoast.com\/wordpress\/plugins\/seo\/ -->\n<title>SOME BY MI V10 hyal antioxidant sunscreen SPF50+ PA++++ 40 ml - Krem z filtrem - Selleetools.com<\/title>\n<meta name=\"robots\" content=\"index, follow, max-snippet:-1, max-image-preview:large, max-video-preview:-1\" \/>\n<link rel=\"canonical\" href=\"https:\/\/selleetools.com\/pl\/product\/some-by-mi-v10-hyal-antioxidant-sunscreen-spf50-pa-40-ml-krem-z-filtrem\/\" \/>\n<meta property=\"og:locale\" content=\"pl_PL\" \/>\n<meta property=\"og:type\" content=\"article\" \/>\n<meta property=\"og:title\" content=\"SOME BY MI V10 hyal antioxidant sunscreen SPF50+ PA++++ 40 ml - Krem z filtrem - Selleetools.com\" \/>\n<meta property=\"og:description\" content=\"SOMEBYMI V10 Hyal Antioxidant Sunscreen, 40ml Innowacyjny krem przeciws\u0142oneczny, kt\u00f3ry \u0142\u0105czy w sobie ochron\u0119 przed promieniowaniem UV z w\u0142a\u015bciwo\u015bciami antyoksydacyjnymi. Formu\u0142a wzbogacona o kwas hialuronowy i kompleks antyoksydant\u00f3w zapewnia nie tylko ochron\u0119 przed s\u0142o\u0144cem, ale tak\u017ce wspomaga neutralizacj\u0119 wolnych rodnik\u00f3w, kt\u00f3re przyspieszaj\u0105 starzenie si\u0119 sk\u00f3ry. Skutecznie blokuje szkodliwe promieniowanie UVB i UVA, minimalizuj\u0105c ryzyko oparze\u0144 ... Read moreSOME BY MI V10 hyal antioxidant sunscreen SPF50+ PA++++ 40 ml &#8211; Krem z filtrem\" \/>\n<meta property=\"og:url\" content=\"https:\/\/selleetools.com\/pl\/product\/some-by-mi-v10-hyal-antioxidant-sunscreen-spf50-pa-40-ml-krem-z-filtrem\/\" \/>\n<meta property=\"og:site_name\" content=\"Selleetools.com\" \/>\n<meta property=\"article:modified_time\" content=\"2025-10-23T17:54:29+00:00\" \/>\n<meta property=\"og:image\" content=\"https:\/\/selleetools.com\/wp-content\/uploads\/2025\/10\/f026a68c5421d1c164c809e09c2c054f.jpg\" \/>\n\t<meta property=\"og:image:width\" content=\"1200\" \/>\n\t<meta property=\"og:image:height\" content=\"1200\" \/>\n\t<meta property=\"og:image:type\" content=\"image\/jpeg\" \/>\n<meta name=\"twitter:card\" content=\"summary_large_image\" \/>\n<meta name=\"twitter:label1\" content=\"Est. reading time\" \/>\n\t<meta name=\"twitter:data1\" content=\"1 minuta\" \/>\n<!-- \/ Yoast SEO plugin. -->","yoast_head_json":{"title":"SOME BY MI V10 hyal antioxidant sunscreen SPF50+ PA++++ 40 ml - Krem z filtrem - Selleetools.com","robots":{"index":"index","follow":"follow","max-snippet":"max-snippet:-1","max-image-preview":"max-image-preview:large","max-video-preview":"max-video-preview:-1"},"canonical":"https:\/\/selleetools.com\/pl\/product\/some-by-mi-v10-hyal-antioxidant-sunscreen-spf50-pa-40-ml-krem-z-filtrem\/","og_locale":"pl_PL","og_type":"article","og_title":"SOME BY MI V10 hyal antioxidant sunscreen SPF50+ PA++++ 40 ml - Krem z filtrem - Selleetools.com","og_description":"SOMEBYMI V10 Hyal Antioxidant Sunscreen, 40ml Innowacyjny krem przeciws\u0142oneczny, kt\u00f3ry \u0142\u0105czy w sobie ochron\u0119 przed promieniowaniem UV z w\u0142a\u015bciwo\u015bciami antyoksydacyjnymi. Formu\u0142a wzbogacona o kwas hialuronowy i kompleks antyoksydant\u00f3w zapewnia nie tylko ochron\u0119 przed s\u0142o\u0144cem, ale tak\u017ce wspomaga neutralizacj\u0119 wolnych rodnik\u00f3w, kt\u00f3re przyspieszaj\u0105 starzenie si\u0119 sk\u00f3ry. Skutecznie blokuje szkodliwe promieniowanie UVB i UVA, minimalizuj\u0105c ryzyko oparze\u0144 ... Read moreSOME BY MI V10 hyal antioxidant sunscreen SPF50+ PA++++ 40 ml &#8211; Krem z filtrem","og_url":"https:\/\/selleetools.com\/pl\/product\/some-by-mi-v10-hyal-antioxidant-sunscreen-spf50-pa-40-ml-krem-z-filtrem\/","og_site_name":"Selleetools.com","article_modified_time":"2025-10-23T17:54:29+00:00","og_image":[{"width":1200,"height":1200,"url":"https:\/\/selleetools.com\/wp-content\/uploads\/2025\/10\/f026a68c5421d1c164c809e09c2c054f.jpg","type":"image\/jpeg"}],"twitter_card":"summary_large_image","twitter_misc":{"Est. reading time":"1 minuta"},"schema":{"@context":"https:\/\/schema.org","@graph":[{"@type":"Organization","@id":"https:\/\/selleetools.com\/#organization","name":"Selleetools","url":"https:\/\/selleetools.com\/","sameAs":[],"logo":{"@type":"ImageObject","inLanguage":"pl-PL","@id":"https:\/\/selleetools.com\/#\/schema\/logo\/image\/","url":"https:\/\/selleetools.com\/wp-content\/uploads\/2021\/10\/logo-dark.png","contentUrl":"https:\/\/selleetools.com\/wp-content\/uploads\/2021\/10\/logo-dark.png","width":320,"height":76,"caption":"Selleetools"},"image":{"@id":"https:\/\/selleetools.com\/#\/schema\/logo\/image\/"}},{"@type":"WebSite","@id":"https:\/\/selleetools.com\/#website","url":"https:\/\/selleetools.com\/","name":"Selleetools.com","description":"","publisher":{"@id":"https:\/\/selleetools.com\/#organization"},"potentialAction":[{"@type":"SearchAction","target":{"@type":"EntryPoint","urlTemplate":"https:\/\/selleetools.com\/?s={search_term_string}"},"query-input":"required name=search_term_string"}],"inLanguage":"pl-PL"},{"@type":"WebPage","@id":"https:\/\/selleetools.com\/pl\/product\/some-by-mi-v10-hyal-antioxidant-sunscreen-spf50-pa-40-ml-krem-z-filtrem\/","url":"https:\/\/selleetools.com\/pl\/product\/some-by-mi-v10-hyal-antioxidant-sunscreen-spf50-pa-40-ml-krem-z-filtrem\/","name":"SOME BY MI V10 hyal antioxidant sunscreen SPF50+ PA++++ 40 ml - Krem z filtrem - Selleetools.com","isPartOf":{"@id":"https:\/\/selleetools.com\/#website"},"datePublished":"2025-10-22T07:19:18+00:00","dateModified":"2025-10-23T17:54:29+00:00","breadcrumb":{"@id":"https:\/\/selleetools.com\/pl\/product\/some-by-mi-v10-hyal-antioxidant-sunscreen-spf50-pa-40-ml-krem-z-filtrem\/#breadcrumb"},"inLanguage":"pl-PL","potentialAction":[{"@type":"ReadAction","target":["https:\/\/selleetools.com\/pl\/product\/some-by-mi-v10-hyal-antioxidant-sunscreen-spf50-pa-40-ml-krem-z-filtrem\/"]}]},{"@type":"BreadcrumbList","@id":"https:\/\/selleetools.com\/pl\/product\/some-by-mi-v10-hyal-antioxidant-sunscreen-spf50-pa-40-ml-krem-z-filtrem\/#breadcrumb","itemListElement":[{"@type":"ListItem","position":1,"name":"Home","item":"https:\/\/selleetools.com\/pl\/"},{"@type":"ListItem","position":2,"name":"Katalog","item":"https:\/\/selleetools.com\/pl\/katalog\/"},{"@type":"ListItem","position":3,"name":"SOME BY MI V10 hyal antioxidant sunscreen SPF50+ PA++++ 40 ml &#8211; Krem z filtrem"}]}]}},"_links":{"self":[{"href":"https:\/\/selleetools.com\/pl\/wp-json\/wp\/v2\/product\/600119"}],"collection":[{"href":"https:\/\/selleetools.com\/pl\/wp-json\/wp\/v2\/product"}],"about":[{"href":"https:\/\/selleetools.com\/pl\/wp-json\/wp\/v2\/types\/product"}],"replies":[{"embeddable":true,"href":"https:\/\/selleetools.com\/pl\/wp-json\/wp\/v2\/comments?post=600119"}],"wp:featuredmedia":[{"embeddable":true,"href":"https:\/\/selleetools.com\/pl\/wp-json\/wp\/v2\/media\/600117"}],"wp:attachment":[{"href":"https:\/\/selleetools.com\/pl\/wp-json\/wp\/v2\/media?parent=600119"}],"curies":[{"name":"wp","href":"https:\/\/api.w.org\/{rel}","templated":true}]}}