{"id":600049,"date":"2025-10-22T09:17:57","date_gmt":"2025-10-22T07:17:57","guid":{"rendered":"https:\/\/selleetools.com\/?post_type=product&#038;p=600049"},"modified":"2025-12-26T16:59:21","modified_gmt":"2025-12-26T15:59:21","slug":"marymay-vegan-peptide-bakuchiol-sun-stick-spf50-pa-18-g-weganski-krem-ochronny-w-formie-sztyftu","status":"publish","type":"product","link":"https:\/\/selleetools.com\/pl\/product\/marymay-vegan-peptide-bakuchiol-sun-stick-spf50-pa-18-g-weganski-krem-ochronny-w-formie-sztyftu\/","title":{"rendered":"Mary&#038;May Vegan Peptide Bakuchiol Sun Stick SPF50+ PA++++ 18 g &#8211; Wega\u0144ski krem ochronny w formie sztyftu"},"content":{"rendered":"<section class=\"section\">\n<div class=\"item item-6\">\n<section class=\"image-item\">\n<p style=\"caret-color: rgb(0, 0, 0); color: rgb(0, 0, 0);\"><font style=\"font-size: 12px;\">Mary&#038;May Vegan Peptide Bakuchiol Sun Stick SPF50+ PA++++ to innowacyjny, wega\u0144ski filtr przeciws\u0142oneczny w formie wygodnego sztyftu. Produkt zapewnia wysok\u0105 ochron\u0119 przed promieniowaniem UV, a jego formu\u0142a wzbogacona jest o peptydy i bakuchiol, kt\u00f3re dzia\u0142aj\u0105 przeciwstarzeniowo i regeneruj\u0105co na sk\u00f3r\u0119.<\/font><\/p>\n<h3 style=\"caret-color: rgb(0, 0, 0); color: rgb(0, 0, 0);\"><font style=\"font-size: 12px;\">Korzy\u015bci dla sk\u00f3ry<\/font><\/h3>\n<ul style=\"caret-color: rgb(0, 0, 0); color: rgb(0, 0, 0);\">\n<li><font style=\"font-size: 12px;\"><strong>Wysoka ochrona przeciws\u0142oneczna<\/strong>: Zapobiega uszkodzeniom sk\u00f3ry spowodowanym promieniowaniem UV, chroni\u0105c przed przedwczesnym starzeniem si\u0119 sk\u00f3ry.<\/font><\/li>\n<li><font style=\"font-size: 12px;\"><strong>Dzia\u0142anie przeciwstarzeniowe<\/strong>: Peptydy i bakuchiol wspomagaj\u0105 regeneracj\u0119 sk\u00f3ry, poprawiaj\u0105 jej elastyczno\u015b\u0107 i zmniejszaj\u0105 widoczno\u015b\u0107 zmarszczek.<\/font><\/li>\n<li><font style=\"font-size: 12px;\"><strong>Wygodna aplikacja<\/strong>: Forma sztyftu umo\u017cliwia \u0142atwe i szybkie nak\u0142adanie kosmetyku, idealny do u\u017cycia w ci\u0105gu dnia.<\/font><\/li>\n<\/ul>\n<h3 style=\"caret-color: rgb(0, 0, 0); color: rgb(0, 0, 0);\"><font style=\"font-size: 12px;\">Spos\u00f3b u\u017cycia<\/font><\/h3>\n<ol style=\"caret-color: rgb(0, 0, 0); color: rgb(0, 0, 0);\">\n<li><font style=\"font-size: 12px;\"><strong>Aplikacja<\/strong>: Na\u0142\u00f3\u017c sztyft r\u00f3wnomiernie na sk\u00f3r\u0119 twarzy i szyi, omijaj\u0105c okolice oczu.<\/font><\/li>\n<li><font style=\"font-size: 12px;\"><strong>Cz\u0119stotliwo\u015b\u0107<\/strong>: Stosuj co najmniej 15 minut przed ekspozycj\u0105 na s\u0142o\u0144ce. Powtarzaj aplikacj\u0119 co 2-3 godziny, szczeg\u00f3lnie po k\u0105pieli, spoceniu si\u0119 lub wytarciu r\u0119cznikiem.<\/font><\/li>\n<li><font style=\"font-size: 12px;\"><strong>Codzienna piel\u0119gnacja<\/strong>: U\u017cywaj codziennie jako ostatni krok w porannej rutynie piel\u0119gnacyjnej, przed na\u0142o\u017ceniem makija\u017cu.<\/font><\/li>\n<\/ol>\n<\/section>\n<\/div>\n<\/section>\n<section class=\"section\">\n<div class=\"item item-12\">\n<section class=\"text-item\">\n        <\/section>\n<\/p><\/div>\n<\/section>\n","protected":false},"excerpt":{"rendered":"<p>Mary&#038;May Vegan Peptide Bakuchiol Sun Stick SPF50+ PA++++ to innowacyjny, wega\u0144ski filtr przeciws\u0142oneczny w formie wygodnego sztyftu. Produkt zapewnia wysok\u0105 ochron\u0119 przed promieniowaniem UV, a jego formu\u0142a wzbogacona jest o peptydy i bakuchiol, kt\u00f3re dzia\u0142aj\u0105 przeciwstarzeniowo i regeneruj\u0105co na sk\u00f3r\u0119. Korzy\u015bci dla sk\u00f3ry Wysoka ochrona przeciws\u0142oneczna: Zapobiega uszkodzeniom sk\u00f3ry spowodowanym promieniowaniem UV, chroni\u0105c przed przedwczesnym &#8230; <a title=\"Mary&#038;May Vegan Peptide Bakuchiol Sun Stick SPF50+ PA++++ 18 g &#8211; Wega\u0144ski krem ochronny w formie sztyftu\" class=\"read-more\" href=\"https:\/\/selleetools.com\/pl\/product\/marymay-vegan-peptide-bakuchiol-sun-stick-spf50-pa-18-g-weganski-krem-ochronny-w-formie-sztyftu\/\">Read more<span class=\"screen-reader-text\">Mary&#038;May Vegan Peptide Bakuchiol Sun Stick SPF50+ PA++++ 18 g &#8211; Wega\u0144ski krem ochronny w formie sztyftu<\/span><\/a><\/p>\n","protected":false},"featured_media":600047,"comment_status":"open","ping_status":"closed","template":"","meta":{"_links_to":"","_links_to_target":""},"yoast_head":"<!-- This site is optimized with the Yoast SEO plugin v19.4 - https:\/\/yoast.com\/wordpress\/plugins\/seo\/ -->\n<title>Mary&amp;May Vegan Peptide Bakuchiol Sun Stick SPF50+ PA++++ 18 g - Wega\u0144ski krem ochronny w formie sztyftu - Selleetools.com<\/title>\n<meta name=\"robots\" content=\"index, follow, max-snippet:-1, max-image-preview:large, max-video-preview:-1\" \/>\n<link rel=\"canonical\" href=\"https:\/\/selleetools.com\/pl\/product\/marymay-vegan-peptide-bakuchiol-sun-stick-spf50-pa-18-g-weganski-krem-ochronny-w-formie-sztyftu\/\" \/>\n<meta property=\"og:locale\" content=\"pl_PL\" \/>\n<meta property=\"og:type\" content=\"article\" \/>\n<meta property=\"og:title\" content=\"Mary&amp;May Vegan Peptide Bakuchiol Sun Stick SPF50+ PA++++ 18 g - Wega\u0144ski krem ochronny w formie sztyftu - Selleetools.com\" \/>\n<meta property=\"og:description\" content=\"Mary&#038;May Vegan Peptide Bakuchiol Sun Stick SPF50+ PA++++ to innowacyjny, wega\u0144ski filtr przeciws\u0142oneczny w formie wygodnego sztyftu. Produkt zapewnia wysok\u0105 ochron\u0119 przed promieniowaniem UV, a jego formu\u0142a wzbogacona jest o peptydy i bakuchiol, kt\u00f3re dzia\u0142aj\u0105 przeciwstarzeniowo i regeneruj\u0105co na sk\u00f3r\u0119. Korzy\u015bci dla sk\u00f3ry Wysoka ochrona przeciws\u0142oneczna: Zapobiega uszkodzeniom sk\u00f3ry spowodowanym promieniowaniem UV, chroni\u0105c przed przedwczesnym ... Read moreMary&#038;May Vegan Peptide Bakuchiol Sun Stick SPF50+ PA++++ 18 g &#8211; Wega\u0144ski krem ochronny w formie sztyftu\" \/>\n<meta property=\"og:url\" content=\"https:\/\/selleetools.com\/pl\/product\/marymay-vegan-peptide-bakuchiol-sun-stick-spf50-pa-18-g-weganski-krem-ochronny-w-formie-sztyftu\/\" \/>\n<meta property=\"og:site_name\" content=\"Selleetools.com\" \/>\n<meta property=\"article:modified_time\" content=\"2025-12-26T15:59:21+00:00\" \/>\n<meta property=\"og:image\" content=\"https:\/\/selleetools.com\/wp-content\/uploads\/2025\/10\/45f07ee1c09efdc1ad95402464c958ca.jpg\" \/>\n\t<meta property=\"og:image:width\" content=\"1500\" \/>\n\t<meta property=\"og:image:height\" content=\"1500\" \/>\n\t<meta property=\"og:image:type\" content=\"image\/jpeg\" \/>\n<meta name=\"twitter:card\" content=\"summary_large_image\" \/>\n<meta name=\"twitter:label1\" content=\"Est. reading time\" \/>\n\t<meta name=\"twitter:data1\" content=\"1 minuta\" \/>\n<!-- \/ Yoast SEO plugin. -->","yoast_head_json":{"title":"Mary&May Vegan Peptide Bakuchiol Sun Stick SPF50+ PA++++ 18 g - Wega\u0144ski krem ochronny w formie sztyftu - Selleetools.com","robots":{"index":"index","follow":"follow","max-snippet":"max-snippet:-1","max-image-preview":"max-image-preview:large","max-video-preview":"max-video-preview:-1"},"canonical":"https:\/\/selleetools.com\/pl\/product\/marymay-vegan-peptide-bakuchiol-sun-stick-spf50-pa-18-g-weganski-krem-ochronny-w-formie-sztyftu\/","og_locale":"pl_PL","og_type":"article","og_title":"Mary&May Vegan Peptide Bakuchiol Sun Stick SPF50+ PA++++ 18 g - Wega\u0144ski krem ochronny w formie sztyftu - Selleetools.com","og_description":"Mary&#038;May Vegan Peptide Bakuchiol Sun Stick SPF50+ PA++++ to innowacyjny, wega\u0144ski filtr przeciws\u0142oneczny w formie wygodnego sztyftu. Produkt zapewnia wysok\u0105 ochron\u0119 przed promieniowaniem UV, a jego formu\u0142a wzbogacona jest o peptydy i bakuchiol, kt\u00f3re dzia\u0142aj\u0105 przeciwstarzeniowo i regeneruj\u0105co na sk\u00f3r\u0119. Korzy\u015bci dla sk\u00f3ry Wysoka ochrona przeciws\u0142oneczna: Zapobiega uszkodzeniom sk\u00f3ry spowodowanym promieniowaniem UV, chroni\u0105c przed przedwczesnym ... Read moreMary&#038;May Vegan Peptide Bakuchiol Sun Stick SPF50+ PA++++ 18 g &#8211; Wega\u0144ski krem ochronny w formie sztyftu","og_url":"https:\/\/selleetools.com\/pl\/product\/marymay-vegan-peptide-bakuchiol-sun-stick-spf50-pa-18-g-weganski-krem-ochronny-w-formie-sztyftu\/","og_site_name":"Selleetools.com","article_modified_time":"2025-12-26T15:59:21+00:00","og_image":[{"width":1500,"height":1500,"url":"https:\/\/selleetools.com\/wp-content\/uploads\/2025\/10\/45f07ee1c09efdc1ad95402464c958ca.jpg","type":"image\/jpeg"}],"twitter_card":"summary_large_image","twitter_misc":{"Est. reading time":"1 minuta"},"schema":{"@context":"https:\/\/schema.org","@graph":[{"@type":"Organization","@id":"https:\/\/selleetools.com\/#organization","name":"Selleetools","url":"https:\/\/selleetools.com\/","sameAs":[],"logo":{"@type":"ImageObject","inLanguage":"pl-PL","@id":"https:\/\/selleetools.com\/#\/schema\/logo\/image\/","url":"https:\/\/selleetools.com\/wp-content\/uploads\/2021\/10\/logo-dark.png","contentUrl":"https:\/\/selleetools.com\/wp-content\/uploads\/2021\/10\/logo-dark.png","width":320,"height":76,"caption":"Selleetools"},"image":{"@id":"https:\/\/selleetools.com\/#\/schema\/logo\/image\/"}},{"@type":"WebSite","@id":"https:\/\/selleetools.com\/#website","url":"https:\/\/selleetools.com\/","name":"Selleetools.com","description":"","publisher":{"@id":"https:\/\/selleetools.com\/#organization"},"potentialAction":[{"@type":"SearchAction","target":{"@type":"EntryPoint","urlTemplate":"https:\/\/selleetools.com\/?s={search_term_string}"},"query-input":"required name=search_term_string"}],"inLanguage":"pl-PL"},{"@type":"WebPage","@id":"https:\/\/selleetools.com\/pl\/product\/marymay-vegan-peptide-bakuchiol-sun-stick-spf50-pa-18-g-weganski-krem-ochronny-w-formie-sztyftu\/","url":"https:\/\/selleetools.com\/pl\/product\/marymay-vegan-peptide-bakuchiol-sun-stick-spf50-pa-18-g-weganski-krem-ochronny-w-formie-sztyftu\/","name":"Mary&May Vegan Peptide Bakuchiol Sun Stick SPF50+ PA++++ 18 g - Wega\u0144ski krem ochronny w formie sztyftu - Selleetools.com","isPartOf":{"@id":"https:\/\/selleetools.com\/#website"},"datePublished":"2025-10-22T07:17:57+00:00","dateModified":"2025-12-26T15:59:21+00:00","breadcrumb":{"@id":"https:\/\/selleetools.com\/pl\/product\/marymay-vegan-peptide-bakuchiol-sun-stick-spf50-pa-18-g-weganski-krem-ochronny-w-formie-sztyftu\/#breadcrumb"},"inLanguage":"pl-PL","potentialAction":[{"@type":"ReadAction","target":["https:\/\/selleetools.com\/pl\/product\/marymay-vegan-peptide-bakuchiol-sun-stick-spf50-pa-18-g-weganski-krem-ochronny-w-formie-sztyftu\/"]}]},{"@type":"BreadcrumbList","@id":"https:\/\/selleetools.com\/pl\/product\/marymay-vegan-peptide-bakuchiol-sun-stick-spf50-pa-18-g-weganski-krem-ochronny-w-formie-sztyftu\/#breadcrumb","itemListElement":[{"@type":"ListItem","position":1,"name":"Home","item":"https:\/\/selleetools.com\/pl\/"},{"@type":"ListItem","position":2,"name":"Katalog","item":"https:\/\/selleetools.com\/pl\/katalog\/"},{"@type":"ListItem","position":3,"name":"Mary&#038;May Vegan Peptide Bakuchiol Sun Stick SPF50+ PA++++ 18 g &#8211; Wega\u0144ski krem ochronny w formie sztyftu"}]}]}},"_links":{"self":[{"href":"https:\/\/selleetools.com\/pl\/wp-json\/wp\/v2\/product\/600049"}],"collection":[{"href":"https:\/\/selleetools.com\/pl\/wp-json\/wp\/v2\/product"}],"about":[{"href":"https:\/\/selleetools.com\/pl\/wp-json\/wp\/v2\/types\/product"}],"replies":[{"embeddable":true,"href":"https:\/\/selleetools.com\/pl\/wp-json\/wp\/v2\/comments?post=600049"}],"wp:featuredmedia":[{"embeddable":true,"href":"https:\/\/selleetools.com\/pl\/wp-json\/wp\/v2\/media\/600047"}],"wp:attachment":[{"href":"https:\/\/selleetools.com\/pl\/wp-json\/wp\/v2\/media?parent=600049"}],"curies":[{"name":"wp","href":"https:\/\/api.w.org\/{rel}","templated":true}]}}